{"id":324533,"date":"2024-03-31T20:32:55","date_gmt":"2024-03-31T19:34:01","guid":{"rendered":"https:\/\/www.moskito.cz\/produkt\/vystrelovaci-noz-pro-tech-knives-sinkevich-oligarch-blade-show-texas-2024\/"},"modified":"2025-05-07T11:08:02","modified_gmt":"2025-05-07T10:08:02","slug":"vystrelovaci-noz-pro-tech-knives-sinkevich-oligarch-blade-show-texas-2024","status":"publish","type":"product","link":"https:\/\/www.moskito.cz\/sk\/produkt\/vystrelovaci-noz-pro-tech-knives-sinkevich-oligarch-blade-show-texas-2024\/","title":{"rendered":"Vystre\u013eovac\u00ed N\u00f4\u017e PRO-TECH KNIVES SINKEVICH OLIGARCH BLADE SHOW TEXAS 2024"},"content":{"rendered":"<p>Vystre\u013eovac\u00ed N\u00f4\u017e <strong>PRO-TECH KNIVES<\/strong> SINKEVICH OLIGARCH BLADE SHOW TEXAS 2024<\/p>\n<p><strong>Dmitrij Sinkevi\u010d<\/strong> je zn\u00e1my svojimi pozoruhodn\u00fdmi n\u00e1vrhmi, ktor\u00e9 s\u00fa v\u00fdrazne rozpoznate\u013en\u00e9 v\u010faka pou\u017eitiu excentrick\u00fdch geometrick\u00fdch l\u00edni\u00ed a pozornosti k detailu. To v\u0161etko sa d\u00e1 \u013eahko vidie\u0165 na tomto najnov\u0161om automobile. Tieto rafinovan\u00e9 detaily zah\u0155\u0148aj\u00fa modro eloxovan\u00fd tit\u00e1nov\u00fd hardv\u00e9r, ktor\u00fd kompenzuje monochromatick\u00fd rukov\u00e4te z tvrdenej nerezovej ocele, starostlivo vyfr\u00e9zovan\u00fd jemn\u00fd oto\u010dn\u00fd golier, perle\u0165ovo vykladan\u00fd gomb\u00edk v \u010diernej pere, atrakt\u00edvny fr\u00e9zovan\u00fd vzor ryhovania, ktor\u00fd sa r\u00fdhuje. va kontrola odhal\u00ed, \u017ee tieto ryhovan\u00e9 \u010diary zasahuj\u00fa tie\u017e do z\u00e1klad\u0148a \u010depele; v\u010faka \u010domu s\u00fa diskr\u00e9tne vidite\u013en\u00e9 pri zatvoren\u00ed a prezeran\u00ed medzi rukov\u00e4\u0165ami. Samotn\u00e9 rukov\u00e4te sa vyzna\u010duj\u00fa v\u00fdnimo\u010dn\u00fdm dizajnom s kr\u00e1snymi ve\u013ek\u00fdmi skosen\u00fdmi hranami a vzorovan\u00fdm fr\u00e9zovan\u00edm. V\u0161etky maj\u00fa 2-t\u00f3nov\u00fd tryskan\u00fd a ru\u010dne sat\u00e9nov\u00fd povrch na zd\u00f4raznenie ka\u017ed\u00e9ho L\u00edcna strana obsahuje toto prec\u00edzne fr\u00e9zovanie s koso\u0161tvorcovou prist\u00e1vacou podlo\u017ekou pre modro eloxovan\u00fd tit\u00e1nov\u00fd mini klip pre hlbok\u00e9 nosenie. Nov\u00fd tvar rukov\u00e4t\u00ed sa plynule pren\u00e1\u0161a na ru\u010dne br\u00fasen\u00fa \u010depe\u013e, ktor\u00e1 sa vyzna\u010duje ohromuj\u00facim br\u00fasen\u00fdm a zrkadlovo le\u0161ten\u00fdm povrchom od Mike Irie. Chrb\u00e1t \u010depele je ozna\u010den\u00fd &#8222;Prototype&#8220;.  <strong>Ve\u013emi obmedzen\u00e1 a \u0165a\u017eko dostupn\u00e1 produk\u010dn\u00e1 verzia bola na predaj iba na Blade Show 2024.<\/strong><\/p>\n<p>Krajina p\u00f4vodu: USA<br \/>\nD\u00e1tum p\u00f4vodu: 2024<br \/>\nStav: \u00daplne nov\u00fd<br \/>\nMateri\u00e1l rukov\u00e4te: Nerezov\u00e1 oce\u013e<br \/>\nMateri\u00e1l \u010depele: 154-CM<br \/>\n\u0160t\u00fdl \u010depele: Sheepfoot<br \/>\nPovrchov\u00e1 \u00faprava \u010depele: Zrkadlov\u00fd lesk<br \/>\nTyp okraja: \u0160tandard<br \/>\nModel\/Vzor: oligarcha<br \/>\nTyp no\u017ea: Automat<br \/>\nD\u013a\u017eka \u010depele: 8.12 cm<br \/>\nCelkov\u00e1 d\u013a\u017eka: 18.62 cm<\/p>\n","protected":false},"excerpt":{"rendered":"<p><strong>Ve\u013emi obmedzen\u00e1 a \u0165a\u017eko dostupn\u00e1 produk\u010dn\u00e1 verzia bola na predaj iba na Blade Show 2024.<\/strong><\/p>\n<p>Doprava zadarmo.<\/p>\n","protected":false},"featured_media":324508,"comment_status":"open","ping_status":"closed","template":"","meta":[],"pwb-brand":[3820],"product_brand":[],"product_cat":[3197,3186],"product_tag":[3668],"class_list":{"0":"post-324533","1":"product","2":"type-product","3":"status-publish","4":"has-post-thumbnail","6":"pwb-brand-pre-tech","7":"product_cat-vystrelovacie-noze-sk","8":"product_cat-noze-sk","9":"product_tag-b2b-sk","11":"first","12":"instock","13":"taxable","14":"shipping-taxable","15":"purchasable","16":"product-type-simple"},"brands":[{"id":3820,"name":"Pre Tech","slug":"pre-tech"}],"_links":{"self":[{"href":"https:\/\/www.moskito.cz\/sk\/wp-json\/wp\/v2\/product\/324533","targetHints":{"allow":["GET"]}}],"collection":[{"href":"https:\/\/www.moskito.cz\/sk\/wp-json\/wp\/v2\/product"}],"about":[{"href":"https:\/\/www.moskito.cz\/sk\/wp-json\/wp\/v2\/types\/product"}],"replies":[{"embeddable":true,"href":"https:\/\/www.moskito.cz\/sk\/wp-json\/wp\/v2\/comments?post=324533"}],"wp:featuredmedia":[{"embeddable":true,"href":"https:\/\/www.moskito.cz\/sk\/wp-json\/wp\/v2\/media\/324508"}],"wp:attachment":[{"href":"https:\/\/www.moskito.cz\/sk\/wp-json\/wp\/v2\/media?parent=324533"}],"wp:term":[{"taxonomy":"pwb-brand","embeddable":true,"href":"https:\/\/www.moskito.cz\/sk\/wp-json\/wp\/v2\/pwb-brand?post=324533"},{"taxonomy":"product_brand","embeddable":true,"href":"https:\/\/www.moskito.cz\/sk\/wp-json\/wp\/v2\/product_brand?post=324533"},{"taxonomy":"product_cat","embeddable":true,"href":"https:\/\/www.moskito.cz\/sk\/wp-json\/wp\/v2\/product_cat?post=324533"},{"taxonomy":"product_tag","embeddable":true,"href":"https:\/\/www.moskito.cz\/sk\/wp-json\/wp\/v2\/product_tag?post=324533"}],"curies":[{"name":"wp","href":"https:\/\/api.w.org\/{rel}","templated":true}]}}