{"id":324609,"date":"2024-04-02T18:49:30","date_gmt":"2024-04-02T17:52:38","guid":{"rendered":"https:\/\/www.moskito.cz\/produkt\/zatvaraci-noz-spartan-blades-special-edition-dragon-stonewashed-sf5dragon\/"},"modified":"2025-05-07T11:08:03","modified_gmt":"2025-05-07T10:08:03","slug":"zatvaraci-noz-spartan-blades-special-edition-dragon-stonewashed-sf5dragon","status":"publish","type":"product","link":"https:\/\/www.moskito.cz\/sk\/produkt\/zatvaraci-noz-spartan-blades-special-edition-dragon-stonewashed-sf5dragon\/","title":{"rendered":"Zatv\u00e1rac\u00ed N\u00f4\u017e Spartan Blades Special Edition Dragon Stonewashed SF5DRAGON"},"content":{"rendered":"<p>Zatv\u00e1rac\u00ed N\u00f4\u017e <strong>Spartan Blades<\/strong> Special Edition Dragon Stonewashed SF5DRAGON.<\/p>\n<p><strong>Spartan SHF<\/strong> je v\u00fdsledkom spolupr\u00e1ce medzi <strong>Spartan Knives<\/strong> a svetozn\u00e1mym n\u00e1vrh\u00e1rom no\u017eov Billom Harseym. Je vyroben\u00e1 na ka\u017edodenn\u00e9 nosenie, taktiku alebo na pou\u017eitie v ter\u00e9ne. Vyzna\u010duj\u00fa sa \u010depe\u013eou z nerezovej ocele CPM-S45VN a okrem \u010depele, \u010dapu hlavne a dorazov\u00e9ho kol\u00edka s\u00fa v\u0161etky \u010dasti no\u017ea tit\u00e1nov\u00e9. Ergonomick\u00e1 rukov\u00e4\u0165 m\u00e1 dr\u00e1\u017eky pre prsty a dr\u00e1\u017eky, ktor\u00e9 zafixuj\u00fa design do ruky pri tvrdom pohybe. pou\u017eitie. V rukov\u00e4ti je zabudovan\u00fd vn\u00fatorn\u00fd mechanizmus zabra\u0148uj\u00faci prejdeniu a tit\u00e1nov\u00e1 spona na vrecko je obojstrann\u00e1 pre obojstrann\u00e9 nosenie so \u0161pi\u010dkou. Dvojit\u00e9 kol\u00edky pre palec s\u00fa extr\u00e9mne \u013eahko pr\u00edstupn\u00e9, preto\u017ee Spartan vyfr\u00e9zoval dokonal\u00fa rampu pre v\u00e1\u0161 palec. Ide o dobre premyslen\u00fd dizajn a je vyroben\u00fd v spar\u0165anskej kvalite, tak\u017ee viete, \u017ee dost\u00e1vate n\u00f4\u017e, ktor\u00fd v\u00e1m m\u00f4\u017ee a bude dobre sl\u00fa\u017ei\u0165 v akomko\u013evek prostred\u00ed pou\u017eitia.<\/p>\n<p>\u0160pecifik\u00e1cia:<br \/>\nD\u013a\u017eka \u010depele: 10 cm<br \/>\nCelkov\u00e1 d\u013a\u017eka: 22 cm<br \/>\nMateri\u00e1l \u010depele: CPM-S45VN Nerezov\u00e1 oce\u013e<br \/>\nTvrdos\u0165 \u010depele: 58-60HRC<br \/>\n\u0160t\u00fdl \u010depele: Drop Point<br \/>\nBr\u00fasenie \u010depele: Dut\u00e9<br \/>\nPovrchov\u00e1 \u00faprava \u010depele: Stonewash<br \/>\nMateri\u00e1l rukov\u00e4te: Tit\u00e1n vyryt\u00fd drakom<br \/>\nUzamykac\u00ed mechanizmus: Frame Lock<br \/>\nZostava \u010dapu: Bronzov\u00e9 podlo\u017eky<br \/>\nVreckov\u00fd klip: Titan (skl\u00e1pacie, prav\u00e9\/\u013eav\u00e9 nosenie)<br \/>\nHmotnos\u0165: 5,8 oz.<br \/>\nDizajn\u00e9r: William Harsey<br \/>\nVyroben\u00e9 v USA<\/p>\n<p><iframe title=\"Spartan Blades Company Knife Company Story with Co-Founders Mark Carey and Curtis Iovito.\" width=\"800\" height=\"450\" src=\"https:\/\/www.youtube.com\/embed\/S-EVJgZR57Y?feature=oembed\" frameborder=\"0\" allow=\"accelerometer; autoplay; clipboard-write; encrypted-media; gyroscope; picture-in-picture; web-share\" referrerpolicy=\"strict-origin-when-cross-origin\" allowfullscreen><\/iframe><\/p>\n<p>&nbsp;<\/p>\n","protected":false},"excerpt":{"rendered":"<p><strong>Na tomto konkr\u00e9tnom no\u017ei je vyryt\u00fd viacfarebn\u00fd drak, ktor\u00fd m\u00e1 predstavova\u0165 \u0161\u0165astie, silu a zdravie vo v\u0161etkom, \u010do rob\u00edte. Je eloxovan\u00fd v modrej farbe s nieko\u013ek\u00fdmi laserov\u00fdmi eloxovan\u00fdmi farbami, aby mal n\u00f4\u017e pocit pohybu pri odr\u00e1\u017ean\u00ed svetla po\u010das pohybu<\/strong>.<\/p>\n<p>Doprava zadarmo.<\/p>\n","protected":false},"featured_media":324567,"comment_status":"open","ping_status":"closed","template":"","meta":[],"pwb-brand":[3835],"product_brand":[],"product_cat":[3186,3233],"product_tag":[3668],"class_list":{"0":"post-324609","1":"product","2":"type-product","3":"status-publish","4":"has-post-thumbnail","6":"pwb-brand-spartan-blades-sk","7":"product_cat-noze-sk","8":"product_cat-zatvaracie-noze","9":"product_tag-b2b-sk","11":"first","12":"instock","13":"taxable","14":"shipping-taxable","15":"purchasable","16":"product-type-simple"},"brands":[{"id":3835,"name":"Spartan Blades","slug":"spartan-blades-sk"}],"_links":{"self":[{"href":"https:\/\/www.moskito.cz\/sk\/wp-json\/wp\/v2\/product\/324609","targetHints":{"allow":["GET"]}}],"collection":[{"href":"https:\/\/www.moskito.cz\/sk\/wp-json\/wp\/v2\/product"}],"about":[{"href":"https:\/\/www.moskito.cz\/sk\/wp-json\/wp\/v2\/types\/product"}],"replies":[{"embeddable":true,"href":"https:\/\/www.moskito.cz\/sk\/wp-json\/wp\/v2\/comments?post=324609"}],"wp:featuredmedia":[{"embeddable":true,"href":"https:\/\/www.moskito.cz\/sk\/wp-json\/wp\/v2\/media\/324567"}],"wp:attachment":[{"href":"https:\/\/www.moskito.cz\/sk\/wp-json\/wp\/v2\/media?parent=324609"}],"wp:term":[{"taxonomy":"pwb-brand","embeddable":true,"href":"https:\/\/www.moskito.cz\/sk\/wp-json\/wp\/v2\/pwb-brand?post=324609"},{"taxonomy":"product_brand","embeddable":true,"href":"https:\/\/www.moskito.cz\/sk\/wp-json\/wp\/v2\/product_brand?post=324609"},{"taxonomy":"product_cat","embeddable":true,"href":"https:\/\/www.moskito.cz\/sk\/wp-json\/wp\/v2\/product_cat?post=324609"},{"taxonomy":"product_tag","embeddable":true,"href":"https:\/\/www.moskito.cz\/sk\/wp-json\/wp\/v2\/product_tag?post=324609"}],"curies":[{"name":"wp","href":"https:\/\/api.w.org\/{rel}","templated":true}]}}