{"id":324663,"date":"2024-04-02T19:21:18","date_gmt":"2024-04-02T18:23:32","guid":{"rendered":"https:\/\/www.moskito.cz\/produkt\/vystrelovaci-noz-spartan-blades-zelos-sf9bkbk\/"},"modified":"2025-08-04T00:00:37","modified_gmt":"2025-08-03T23:00:37","slug":"vystrelovaci-noz-spartan-blades-zelos-sf9bkbk","status":"publish","type":"product","link":"https:\/\/www.moskito.cz\/sk\/produkt\/vystrelovaci-noz-spartan-blades-zelos-sf9bkbk\/","title":{"rendered":"Vystre\u013eovac\u00ed N\u00f4\u017e Spartan Blades Zelos SF9BKBK"},"content":{"rendered":"<p>Vystre\u013eovac\u00ed N\u00f4\u017e <strong>Spartan Blades<\/strong> Zelos SF9BKBK.<\/p>\n<p>Dokonalos\u0165 \u010depele: Zelos je vybaven\u00fd oce\u013eovou \u010depe\u013eou CPM S45VN, ktor\u00e1 je zn\u00e1ma svojou v\u00fdnimo\u010dnou ostros\u0165ou, odolnos\u0165ou proti kor\u00f3zii a zachovan\u00edm ostria. Hr\u00fabka \u010depele 0,153&#8243; zais\u0165uje odolnos\u0165 a v\u0161estrannos\u0165 pri r\u00f4znych rezn\u00fdch \u00faloh\u00e1ch.<\/p>\n<p>Robustn\u00e1 kon\u0161trukcia: Zelos m\u00f4\u017ee pochv\u00e1li\u0165 prec\u00edzne opracovan\u00fdm r\u00e1mom, ktor\u00fd zais\u0165uje aret\u00e1ciu v otvorenej polohe, ktor\u00e1 sa u automatick\u00fdch otv\u00e1ra\u010dov len zriedka vyskytuje. Tento design kladie d\u00f4raz na spo\u013eahlivos\u0165 a istotu pri ka\u017edom pou\u017eit\u00ed.<\/p>\n<p>Elegantn\u00e1 estetika: \u0160t\u00fdl \u010depele typu drop-point, potiahnut\u00fd \u010diernou PVD (Physical Vapor Deposition), nielen zvy\u0161uje odolnos\u0165 proti kor\u00f3zii, ale taktie\u017e prispieva k elegantn\u00e9mu a taktick\u00e9mu vzh\u013eadu no\u017ea.<\/p>\n<p>Inov\u00e1cia rukov\u00e4te: Rozhodnite sa pre hlin\u00edkov\u00e9 rukov\u00e4te Black Mil Elox 6061, ktor\u00e9 poskytuj\u00fa dokonal\u00fa rovnov\u00e1hu medzi \u013eahk\u00fdm dizajnom a robustnou kon\u0161trukciou. Ergonomick\u00fd dizajn rukov\u00e4te zais\u0165uje pohodln\u00e9 uchopenie, v\u010faka \u010domu je Zelos spo\u013eahliv\u00fdm spolo\u010dn\u00edkom pre dlh\u0161ie pou\u017e\u00edvanie.<\/p>\n<p>V\u0161estrann\u00e9 mo\u017enosti nosenia: Zelos pon\u00faka mo\u017enosti nosenia sklopen\u00edm hore\/dole, \u010d\u00edm poskytuje flexibilitu, aby vyhovovala individu\u00e1lnym preferenci\u00e1m. Vreckov\u00fd klip z uhl\u00edkov\u00fdch vl\u00e1kien alebo tit\u00e1nu dod\u00e1va n\u00e1dych high-tech \u0161mrncu a z\u00e1rove\u0148 zais\u0165uje bezpe\u010dn\u00e9 a diskr\u00e9tne nosenie.<\/p>\n<p>Elitn\u00e9 remeslo: Spartan Blades sa p\u00fd\u0161i v\u00fdrobou elitn\u00fdch n\u00e1strojov a Zelos nie je v\u00fdnimkou. Dvojit\u00e9 hlbok\u00e9 kryo tepeln\u00e9 spracovanie zvy\u0161uje h\u00fa\u017eevnatos\u0165 a ostros\u0165 \u010depele a odli\u0161uje ju od pr\u00e9miov\u00e9ho zatv\u00e1racieho no\u017ea.<\/p>\n<p>Obmedzen\u00e1 dostupnos\u0165: Nie je k dispoz\u00edcii online, Zelos je ur\u010den\u00fd v\u00fdhradne pre autorizovan\u00fdch predajcov Spartan Blades alebo iba pre predaj v obchodoch. Arm\u00e1da, org\u00e1ny \u010dinn\u00e9 v trestnom konan\u00ed, EMS, hasi\u010di a \u010fal\u0161ie opr\u00e1vnenia kupuj\u00faci sa vyz\u00fdvaj\u00fa, aby po\u017eiadali o personalizovan\u00fa ponuku.<\/p>\n<p>Prijmite ducha Zelos \u2013 spojenie designu, technol\u00f3gie a funkcie. \u010ci u\u017e h\u013ead\u00e1te spo\u013eahliv\u00e9 ka\u017edodenn\u00e9 nosenie alebo spo\u013eahliv\u00fd n\u00e1stroj pre va\u0161e profesion\u00e1lne potreby, Spartan Blades Zelos je pripraven\u00fd \u010deli\u0165 v\u00fdzve s neporovnate\u013enou horlivos\u0165ou. Pozdvihnite svoju zbierku vybavenia no\u017eom, ktor\u00fd steles\u0148uje esenciu oddanosti a rivality v ka\u017edom presnom reze.<\/p>\n<p>\u0160pecifik\u00e1cia:<br \/>\nD\u013a\u017eka \u010depele: 8 cm<br \/>\nD\u013a\u017eka v zatvorenom stave: 12 cm<br \/>\nCelkov\u00e1 d\u013a\u017eka: 20 cm<br \/>\nMateri\u00e1l \u010depele: CPM-S45VN Nerezov\u00e1 oce\u013e<br \/>\nTvrdos\u0165 \u010depele: 58-59HRC<br \/>\n\u0160t\u00fdl \u010depele: Drop Point<br \/>\nBr\u00fasenie \u010depele: Ploch\u00e9<br \/>\nPovrchov\u00e1 \u00faprava \u010depele: \u010dierna PVD<br \/>\nMateri\u00e1l rukov\u00e4te: \u010cierny eloxovan\u00fd hlin\u00edk 6061<br \/>\nUzamykac\u00ed mechanizmus: Tla\u010didlo<br \/>\nVreckov\u00e1 spona: Karb\u00f3nov\u00e9 vl\u00e1kno (Tip-Up\/Down, Right Carry)<br \/>\nHmotnos\u0165: 4,58 oz.<br \/>\nDizajn\u00e9r: Curtis Iovito<br \/>\nVyroben\u00e9 v USA<\/p>\n<p><iframe title=\"Spartan Blades Company Knife Company Story with Co-Founders Mark Carey and Curtis Iovito.\" width=\"800\" height=\"450\" src=\"https:\/\/www.youtube.com\/embed\/S-EVJgZR57Y?feature=oembed\" frameborder=\"0\" allow=\"accelerometer; autoplay; clipboard-write; encrypted-media; gyroscope; picture-in-picture; web-share\" referrerpolicy=\"strict-origin-when-cross-origin\" allowfullscreen><\/iframe><\/p>\n<p>&nbsp;<\/p>\n","protected":false},"excerpt":{"rendered":"<p><strong>Predstavujeme Spartan Blades Zelos, zatv\u00e1rac\u00ed n\u00f4\u017e, ktor\u00fd hladko sp\u00e1ja prec\u00edzne in\u017einierstvo so \u0161pi\u010dkov\u00fdmi materi\u00e1lmi a steles\u0148uje ducha oddanosti a horlivosti svojho menovca z gr\u00e9ckej mytol\u00f3gie. Zelos, vytvoren\u00fd so starostlivou pozornos\u0165ou k detailu dizajn\u00e9rom Iovito, vynik\u00e1 ako d\u00f4kaz dokonalosti vo forme aj funkcii.<\/strong><\/p>\n<p>Doprava zadarmo.<\/p>\n","protected":false},"featured_media":324618,"comment_status":"open","ping_status":"closed","template":"","meta":[],"pwb-brand":[3835],"product_brand":[],"product_cat":[3197,3186],"product_tag":[3668],"class_list":{"0":"post-324663","1":"product","2":"type-product","3":"status-publish","4":"has-post-thumbnail","6":"pwb-brand-spartan-blades-sk","7":"product_cat-vystrelovacie-noze-sk","8":"product_cat-noze-sk","9":"product_tag-b2b-sk","11":"first","12":"instock","13":"taxable","14":"shipping-taxable","15":"purchasable","16":"product-type-simple"},"brands":[{"id":3835,"name":"Spartan Blades","slug":"spartan-blades-sk"}],"_links":{"self":[{"href":"https:\/\/www.moskito.cz\/sk\/wp-json\/wp\/v2\/product\/324663","targetHints":{"allow":["GET"]}}],"collection":[{"href":"https:\/\/www.moskito.cz\/sk\/wp-json\/wp\/v2\/product"}],"about":[{"href":"https:\/\/www.moskito.cz\/sk\/wp-json\/wp\/v2\/types\/product"}],"replies":[{"embeddable":true,"href":"https:\/\/www.moskito.cz\/sk\/wp-json\/wp\/v2\/comments?post=324663"}],"wp:featuredmedia":[{"embeddable":true,"href":"https:\/\/www.moskito.cz\/sk\/wp-json\/wp\/v2\/media\/324618"}],"wp:attachment":[{"href":"https:\/\/www.moskito.cz\/sk\/wp-json\/wp\/v2\/media?parent=324663"}],"wp:term":[{"taxonomy":"pwb-brand","embeddable":true,"href":"https:\/\/www.moskito.cz\/sk\/wp-json\/wp\/v2\/pwb-brand?post=324663"},{"taxonomy":"product_brand","embeddable":true,"href":"https:\/\/www.moskito.cz\/sk\/wp-json\/wp\/v2\/product_brand?post=324663"},{"taxonomy":"product_cat","embeddable":true,"href":"https:\/\/www.moskito.cz\/sk\/wp-json\/wp\/v2\/product_cat?post=324663"},{"taxonomy":"product_tag","embeddable":true,"href":"https:\/\/www.moskito.cz\/sk\/wp-json\/wp\/v2\/product_tag?post=324663"}],"curies":[{"name":"wp","href":"https:\/\/api.w.org\/{rel}","templated":true}]}}