{"id":324703,"date":"2024-04-02T19:36:40","date_gmt":"2024-04-02T18:39:36","guid":{"rendered":"https:\/\/www.moskito.cz\/produkt\/zatvaraci-noz-spartan-blades-special-edition-koi-fish-stonewashed-sf5koifish\/"},"modified":"2025-05-07T11:08:05","modified_gmt":"2025-05-07T10:08:05","slug":"zatvaraci-noz-spartan-blades-special-edition-koi-fish-stonewashed-sf5koifish","status":"publish","type":"product","link":"https:\/\/www.moskito.cz\/sk\/produkt\/zatvaraci-noz-spartan-blades-special-edition-koi-fish-stonewashed-sf5koifish\/","title":{"rendered":"Zatv\u00e1rac\u00ed N\u00f4\u017e Spartan Blades Special Edition Koi Fish Stonewashed SF5KOIFISH"},"content":{"rendered":"<p>Zatv\u00e1rac\u00ed N\u00f4\u017e <strong>Spartan Blades<\/strong> Special Edition Koi Fish Stonewashed SF5KOIFISH.<\/p>\n<p><strong>Spartan Blades<\/strong> ka\u017ed\u00fd rok vyrob\u00ed \u0161tyri \u0161peci\u00e1lne ed\u00edcie Spartan Harsey Folders. \u0160peci\u00e1lnou ed\u00edciou pre rok 2022 je ed\u00edcia Koi Fish 2022. Mark aj Curtis, zakladatelia Spartan Blades, str\u00e1vili nieko\u013eko rokov pr\u00e1cou v \u00c1zii a \u017eili v Japonsku. Tento n\u00f4\u017e mal predstavova\u0165 neuverite\u013en\u00fa japonsk\u00fa kult\u00faru. Jedna z vec\u00ed, ktor\u00fa sme na Japonsku milovali, je sp\u00f4sob, ak\u00fdm sp\u00e1jaj\u00fa star\u00e9 a modern\u00e9 sp\u00f4soby, ako vytv\u00e1ra\u0165 efektivitu a poriadok pre \u013eud\u00ed a ich ka\u017edodenn\u00fd \u017eivot. D\u00fafame, \u017ee sme to dosiahli spojen\u00edm modern\u00fdch materi\u00e1lov s umeleck\u00fdmi dielami, ktor\u00e9 s\u00fa klasick\u00e9 japonsk\u00e9.<\/p>\n<p>SHF, navrhnut\u00fd plodn\u00fdm v\u00fdrobcom no\u017eov Williamom W. Harsey Jr., Spartan Harsey Folder (SHF), je spo\u013eahliv\u00fd r\u00e1mov\u00fd n\u00f4\u017e, ktor\u00fd je okrem \u010depele a dorazov\u00e9ho kol\u00edka \u00faplne vyroben\u00fd z 6AL-4V tit\u00e1nu. T\u00e1to kvalitn\u00e1 zlo\u017eka m\u00e1 obojstrann\u00fa vreckov\u00fa sponu a dva palcov\u00e9 cvo\u010dky, ktor\u00e9 umo\u017e\u0148uj\u00fa ubytovanie na\u0161im \u013eavoruk\u00fdm priate\u013eom. Je to ide\u00e1lny n\u00e1stroj pre ka\u017ed\u00e9ho, kto ocenia kvalitu!<\/p>\n<p>&nbsp;<\/p>\n","protected":false},"excerpt":{"rendered":"<p><strong>Spartan Blades ka\u017ed\u00fd rok vyrob\u00ed \u0161tyri \u0161peci\u00e1lne ed\u00edcie Spartan Harsey Folders. \u0160peci\u00e1lnou ed\u00edciou pre rok 2022 je ed\u00edcia Koi Fish 2022.<\/strong><\/p>\n<p>Doprava zadarmo.<\/p>\n","protected":false},"featured_media":324675,"comment_status":"open","ping_status":"closed","template":"","meta":[],"pwb-brand":[3835],"product_brand":[],"product_cat":[3186,3233],"product_tag":[3668],"class_list":{"0":"post-324703","1":"product","2":"type-product","3":"status-publish","4":"has-post-thumbnail","6":"pwb-brand-spartan-blades-sk","7":"product_cat-noze-sk","8":"product_cat-zatvaracie-noze","9":"product_tag-b2b-sk","11":"first","12":"instock","13":"taxable","14":"shipping-taxable","15":"purchasable","16":"product-type-simple"},"brands":[{"id":3835,"name":"Spartan Blades","slug":"spartan-blades-sk"}],"_links":{"self":[{"href":"https:\/\/www.moskito.cz\/sk\/wp-json\/wp\/v2\/product\/324703","targetHints":{"allow":["GET"]}}],"collection":[{"href":"https:\/\/www.moskito.cz\/sk\/wp-json\/wp\/v2\/product"}],"about":[{"href":"https:\/\/www.moskito.cz\/sk\/wp-json\/wp\/v2\/types\/product"}],"replies":[{"embeddable":true,"href":"https:\/\/www.moskito.cz\/sk\/wp-json\/wp\/v2\/comments?post=324703"}],"wp:featuredmedia":[{"embeddable":true,"href":"https:\/\/www.moskito.cz\/sk\/wp-json\/wp\/v2\/media\/324675"}],"wp:attachment":[{"href":"https:\/\/www.moskito.cz\/sk\/wp-json\/wp\/v2\/media?parent=324703"}],"wp:term":[{"taxonomy":"pwb-brand","embeddable":true,"href":"https:\/\/www.moskito.cz\/sk\/wp-json\/wp\/v2\/pwb-brand?post=324703"},{"taxonomy":"product_brand","embeddable":true,"href":"https:\/\/www.moskito.cz\/sk\/wp-json\/wp\/v2\/product_brand?post=324703"},{"taxonomy":"product_cat","embeddable":true,"href":"https:\/\/www.moskito.cz\/sk\/wp-json\/wp\/v2\/product_cat?post=324703"},{"taxonomy":"product_tag","embeddable":true,"href":"https:\/\/www.moskito.cz\/sk\/wp-json\/wp\/v2\/product_tag?post=324703"}],"curies":[{"name":"wp","href":"https:\/\/api.w.org\/{rel}","templated":true}]}}