{"id":324883,"date":"2024-04-02T20:59:22","date_gmt":"2024-04-02T20:02:08","guid":{"rendered":"https:\/\/www.moskito.cz\/produkt\/zatvaraci-noz-spartan-blades-harsey-stonewashed-sf10swbz\/"},"modified":"2025-05-07T11:08:07","modified_gmt":"2025-05-07T10:08:07","slug":"zatvaraci-noz-spartan-blades-harsey-stonewashed-sf10swbz","status":"publish","type":"product","link":"https:\/\/www.moskito.cz\/sk\/produkt\/zatvaraci-noz-spartan-blades-harsey-stonewashed-sf10swbz\/","title":{"rendered":"Zatv\u00e1rac\u00ed N\u00f4\u017e Spartan Blades Harsey Stonewashed SF10SWBZ"},"content":{"rendered":"<p>Zatv\u00e1rac\u00ed N\u00f4\u017e <strong>Spartan Blades<\/strong> Harsey Stonewashed SF10SWBZ.<\/p>\n<p>Objavte Spartan Harsey Folder 3.25, najnov\u0161iu spolupr\u00e1cu od <strong>Spartan Blades<\/strong> a legend\u00e1rneho v\u00fdrobcu no\u017eov Williama \u201eBill\u201c Harsey Jr. Tento 6AL4V tit\u00e1nov\u00fd n\u00f4\u017e s r\u00e1mov\u00fdm z\u00e1mkom sa m\u00f4\u017ee pochv\u00e1li\u0165 \u010depe\u013eou CPM S45VN, ktor\u00e1 zais\u0165uje v\u00fdnimo\u010dn\u00fd v\u00fdkon pre nad\u0161encov no\u017eov.<\/p>\n<p>K\u013e\u00fa\u010dov\u00e9 vlastnosti:<\/p>\n<p>Titanium Elegance: Vyroben\u00e9 v\u00fdhradne z tit\u00e1nu 6AL-4V, SHF 3.25 predstavuje vrchol odolnosti a \u0161t\u00fdlu vo svete no\u017eov.<\/p>\n<p>Pr\u00e9miov\u00e1 \u010depe\u013e: \u010cepe\u013e z nerezovej ocele CPM S45VN s priemerom 3,25 palca poskytuje vynikaj\u00face zachovanie ostria a odolnos\u0165 proti kor\u00f3zii, v\u010faka \u010domu je ide\u00e1lny pre r\u00f4zne rezn\u00e9 \u00falohy.<\/p>\n<p>Bezpe\u010dn\u00fd mechanizmus z\u00e1mku r\u00e1mu: U\u017eite si istotu spo\u013eahliv\u00e9ho mechanizmu z\u00e1mku r\u00e1mu, ktor\u00fd zais\u0165uje bezpe\u010dn\u00e9 a stabiln\u00e9 nasadenie \u010depele pre v\u0161etky va\u0161e potreby rezania.<\/p>\n<p>Pohodln\u00e9 nosenie: SHF 3.25, navrhnut\u00fd na jednoduch\u00e9 pou\u017eitie, sa nielen \u013eahko pren\u00e1\u0161a, ale tie\u017e sa s n\u00edm pohodlne manipuluje, \u010do z neho rob\u00ed perfektn\u00e9 p\u00e1nske (alebo d\u00e1mske) zlo\u017eky.<\/p>\n<p>V\u0161estrann\u00e1 vreckov\u00e1 spona: V\u010faka obojstrannej vreckovej spone a dvojit\u00fdm kol\u00edkom na palec pon\u00faka tento n\u00f4\u017e pohodln\u00e9 mo\u017enosti nosenia v\u013eavo aj vpravo, aby vyhovoval va\u0161im preferenci\u00e1m.<\/p>\n<p>V\u00fdrazn\u00e1 povrchov\u00e1 \u00faprava: Sat\u00e9nov\u00e1 povrchov\u00e1 \u00faprava na tit\u00e1novom r\u00e1me 6AL4V doplnen\u00e1 bronzov\u00fdm eloxovan\u00fdm hardv\u00e9rom dod\u00e1va tejto v\u00fdnimo\u010dnej zlo\u017eke na sofistikovanosti.<\/p>\n<p>\u0160pecifik\u00e1cia:<\/p>\n<p>V\u00fdrobca: Spartan Blades<br \/>\nDizajn\u00e9r: William W. Harsey<br \/>\nD\u013a\u017eka \u010depele: 8.12 cm<br \/>\nCelkov\u00e1 d\u013a\u017eka: 18 cm<br \/>\nMateri\u00e1l \u010depele: CPM S45VN Nerezov\u00e1 oce\u013e<br \/>\nTvrdos\u0165 \u010depele: 59-61<br \/>\n\u0160t\u00fdl \u010depele: Drop Point \u2013 Flat Ground \u2013 Stone Washed<br \/>\nMateri\u00e1l r\u00e1mu: 6AL4V Titanium &#8211; Satin &#8211; Blast Finish<br \/>\nKovanie: 6AL4V Titanium &#8211; Bronzov\u00fd eloxovan\u00fd hardv\u00e9r<br \/>\nHmotnos\u0165: 2,9 oz. \/ 0,184 libier<\/p>\n<p><iframe title=\"Spartan Blades Company Knife Company Story with Co-Founders Mark Carey and Curtis Iovito.\" width=\"800\" height=\"450\" src=\"https:\/\/www.youtube.com\/embed\/S-EVJgZR57Y?feature=oembed\" frameborder=\"0\" allow=\"accelerometer; autoplay; clipboard-write; encrypted-media; gyroscope; picture-in-picture; web-share\" referrerpolicy=\"strict-origin-when-cross-origin\" allowfullscreen><\/iframe><\/p>\n<p>&nbsp;<\/p>\n","protected":false},"excerpt":{"rendered":"<p><strong>Objavte Spartan Harsey Folder 3.25, najnov\u0161iu spolupr\u00e1cu od Spartan Blades a legend\u00e1rneho v\u00fdrobcu no\u017eov Williama \u201eBill\u201c Harsey Jr. Tento 6AL4V tit\u00e1nov\u00fd n\u00f4\u017e s r\u00e1mov\u00fdm z\u00e1mkom sa m\u00f4\u017ee pochv\u00e1li\u0165 \u010depe\u013eou CPM S45VN, ktor\u00e1 zais\u0165uje v\u00fdnimo\u010dn\u00fd v\u00fdkon pre nad\u0161encov no\u017eov.<\/strong><\/p>\n<p>Doprava zadarmo.<\/p>\n","protected":false},"featured_media":324844,"comment_status":"open","ping_status":"closed","template":"","meta":[],"pwb-brand":[3835],"product_brand":[],"product_cat":[3233,3186],"product_tag":[3668],"class_list":{"0":"post-324883","1":"product","2":"type-product","3":"status-publish","4":"has-post-thumbnail","6":"pwb-brand-spartan-blades-sk","7":"product_cat-zatvaracie-noze","8":"product_cat-noze-sk","9":"product_tag-b2b-sk","11":"first","12":"instock","13":"taxable","14":"shipping-taxable","15":"purchasable","16":"product-type-simple"},"brands":[{"id":3835,"name":"Spartan Blades","slug":"spartan-blades-sk"}],"_links":{"self":[{"href":"https:\/\/www.moskito.cz\/sk\/wp-json\/wp\/v2\/product\/324883","targetHints":{"allow":["GET"]}}],"collection":[{"href":"https:\/\/www.moskito.cz\/sk\/wp-json\/wp\/v2\/product"}],"about":[{"href":"https:\/\/www.moskito.cz\/sk\/wp-json\/wp\/v2\/types\/product"}],"replies":[{"embeddable":true,"href":"https:\/\/www.moskito.cz\/sk\/wp-json\/wp\/v2\/comments?post=324883"}],"wp:featuredmedia":[{"embeddable":true,"href":"https:\/\/www.moskito.cz\/sk\/wp-json\/wp\/v2\/media\/324844"}],"wp:attachment":[{"href":"https:\/\/www.moskito.cz\/sk\/wp-json\/wp\/v2\/media?parent=324883"}],"wp:term":[{"taxonomy":"pwb-brand","embeddable":true,"href":"https:\/\/www.moskito.cz\/sk\/wp-json\/wp\/v2\/pwb-brand?post=324883"},{"taxonomy":"product_brand","embeddable":true,"href":"https:\/\/www.moskito.cz\/sk\/wp-json\/wp\/v2\/product_brand?post=324883"},{"taxonomy":"product_cat","embeddable":true,"href":"https:\/\/www.moskito.cz\/sk\/wp-json\/wp\/v2\/product_cat?post=324883"},{"taxonomy":"product_tag","embeddable":true,"href":"https:\/\/www.moskito.cz\/sk\/wp-json\/wp\/v2\/product_tag?post=324883"}],"curies":[{"name":"wp","href":"https:\/\/api.w.org\/{rel}","templated":true}]}}