{"id":325284,"date":"2024-04-03T19:29:41","date_gmt":"2024-04-03T18:36:54","guid":{"rendered":"https:\/\/www.moskito.cz\/produkt\/zatvaraci-noz-spartan-blades-harsey-stonewashed-sf10sw\/"},"modified":"2025-05-07T11:08:12","modified_gmt":"2025-05-07T10:08:12","slug":"zatvaraci-noz-spartan-blades-harsey-stonewashed-sf10sw","status":"publish","type":"product","link":"https:\/\/www.moskito.cz\/sk\/produkt\/zatvaraci-noz-spartan-blades-harsey-stonewashed-sf10sw\/","title":{"rendered":"Zatv\u00e1rac\u00ed N\u00f4\u017e Spartan Blades Harsey Stonewashed SF10SW"},"content":{"rendered":"<p>Zatv\u00e1rac\u00ed N\u00f4\u017e <strong>Spartan Blades<\/strong> Harsey Stonewashed SF10SW.<\/p>\n<p>Predstavujeme Spartan Harsey Folder \u2013 najnov\u0161\u00ed vrchol dokonalosti od Spartan Blades v spolupr\u00e1ci s legend\u00e1rnym v\u00fdrobcom no\u017eov Williamom \u201eBill\u201c Harsey Jr. Tento n\u00f4\u017e kombinuje umenie designu s funk\u010dnos\u0165ou, ktor\u00fa n\u00f4\u017e vy\u017eaduje. nad\u0161enci. Vyroben\u00fd s presnos\u0165ou a d\u00f4razom na detail, SHF 3.25 je spo\u013eahliv\u00fd 6AL4V tit\u00e1nov\u00fd r\u00e1mov\u00fd n\u00f4\u017e s 3,25\u201d CPM S45VN \u010depe\u013eou z nerezovej ocele.<\/p>\n<p>K\u013e\u00fa\u010dov\u00e9 vlastnosti:<\/p>\n<p>Pr\u00e9miov\u00e9 materi\u00e1ly: SHF 3.25 je starostlivo skon\u0161truovan\u00fd s tit\u00e1nov\u00fdm r\u00e1mov\u00fdm z\u00e1mkom 6AL4V, ktor\u00fd zais\u0165uje odolnos\u0165 a pocit \u013eahkej hmotnosti. \u010cepe\u013e vyroben\u00e1 z nerezovej ocele CPM S45VN je d\u00f4kazom \u0161pi\u010dkovej metalurgie a v\u00fdkonu.<\/p>\n<p>Ocenen\u00fd dizajn: Po vzore svojho oce\u0148ovan\u00e9ho predchodcu SHF si t\u00e1to stredne ve\u013ek\u00e1 zlo\u017eka zachov\u00e1va rovnak\u00fa \u00farove\u0148 dokonalosti. Dizajn vzniknut\u00fd v spolupr\u00e1ci s Williamom W. Harseyom a je prisp\u00f4soben\u00fd pre t\u00fdch, ktor\u00ed h\u013eadaj\u00fa skuto\u010dne v\u00fdnimo\u010dn\u00e9 p\u00e1nske (alebo d\u00e1mske) zlo\u017eky.<\/p>\n<p>Obojstrann\u00e1 vreckov\u00e1 spona: S obojstrannou vreckovou sponou a dvoma palcov\u00fdmi cvo\u010dkami vyhovuje SHF 3.25 preferenciu pre nosenie v \u013eavej aj pravej ruke a pon\u00faka v\u0161estrannos\u0165 bez kompromisov v \u0161t\u00fdle.<\/p>\n<p>Elitn\u00e9 remeseln\u00e9 spracovanie: N\u00f4\u017e s r\u00e1mov\u00fdm z\u00e1mkom je vyroben\u00fd v\u00fdhradne z tit\u00e1nu 6AL-4V a je opatren\u00fd sat\u00e9nov\u00fdm otryskan\u00edm, \u010do poskytuje rafinovan\u00fa estetiku a trval\u00fa povrchov\u00fa \u00fapravu. Kovanie, taktie\u017e vyroben\u00e9 z tit\u00e1nu 6AL4V, dotv\u00e1ra pr\u00e9miov\u00fa kon\u0161trukciu no\u017ea.<\/p>\n<p>\u010cepe\u013e z nerezovej ocele CPM S45VN: 3,25\u201d \u010depe\u013e s padac\u00edm hrotom, naplocho br\u00fasen\u00e1 a umyt\u00e1 kame\u0148om, je vyroben\u00e1 z nerezovej ocele CPM S45VN, ktor\u00e1 je zn\u00e1ma pre svoju v\u00fdnimo\u010dn\u00fa tvrdos\u0165 (59-61 HRC) a zachovanie ostria. Dvojit\u00e9 hlbok\u00e9 kryo tepeln\u00e9 spracovanie zais\u0165uje optim\u00e1lny v\u00fdkon.<\/p>\n<p>\u0160pecifik\u00e1cia:<\/p>\n<p>V\u00fdrobca: Spartan Blades<br \/>\nDizajn\u00e9r: William W. Harsey<br \/>\nD\u013a\u017eka \u010depele: 8.12 cm<br \/>\nCelkov\u00e1 d\u013a\u017eka: 18 cm<br \/>\n\u010cepe\u013e: CPM S45VN Nerezov\u00e1 oce\u013e<br \/>\nTvrdos\u0165 \u010depele: 59-61<br \/>\n\u0160t\u00fdl \u010depele: Drop Point \u2013 Flat Ground \u2013 Stone Washed<br \/>\nR\u00e1m: 6AL4V Titanium &#8211; Satin &#8211; Blast Finish<br \/>\nKovanie: 6AL4V Titanium<br \/>\nHmotnos\u0165: 2,9 oz. \/ 0,184 libier<br \/>\nPozdvihnite svoj ka\u017edodenn\u00fd z\u00e1\u017eitok z nosenia s Spartan Harsey Folder 3.25 \u2013 spojenie umenia, funk\u010dnosti a \u0161pi\u010dkov\u00e9ho remeseln\u00e9ho spracovania. Od renomovan\u00fdch v\u00fdrobcov v Spartan Blades je t\u00e1to zlo\u017eka viac ne\u017e len n\u00e1stroj; je to vyhl\u00e1senie o dokonalosti vo svete vysoko v\u00fdkonn\u00fdch no\u017eov<\/p>\n<p><iframe title=\"Spartan Blades Company Knife Company Story with Co-Founders Mark Carey and Curtis Iovito.\" width=\"800\" height=\"450\" src=\"https:\/\/www.youtube.com\/embed\/S-EVJgZR57Y?feature=oembed\" frameborder=\"0\" allow=\"accelerometer; autoplay; clipboard-write; encrypted-media; gyroscope; picture-in-picture; web-share\" referrerpolicy=\"strict-origin-when-cross-origin\" allowfullscreen><\/iframe><\/p>\n<p>&nbsp;<\/p>\n","protected":false},"excerpt":{"rendered":"<p><strong>Predstavujeme Spartan Harsey Folder \u2013 najnov\u0161\u00ed vrchol dokonalosti od Spartan Blades v spolupr\u00e1ci s legend\u00e1rnym v\u00fdrobcom no\u017eov Williamom \u201eBill\u201c Harsey Jr.<\/strong><\/p>\n<p>Doprava zadarmo.<\/p>\n","protected":false},"featured_media":325234,"comment_status":"open","ping_status":"closed","template":"","meta":[],"pwb-brand":[3835],"product_brand":[],"product_cat":[3233,3186],"product_tag":[3668],"class_list":{"0":"post-325284","1":"product","2":"type-product","3":"status-publish","4":"has-post-thumbnail","6":"pwb-brand-spartan-blades-sk","7":"product_cat-zatvaracie-noze","8":"product_cat-noze-sk","9":"product_tag-b2b-sk","11":"first","12":"instock","13":"taxable","14":"shipping-taxable","15":"purchasable","16":"product-type-simple"},"brands":[{"id":3835,"name":"Spartan Blades","slug":"spartan-blades-sk"}],"_links":{"self":[{"href":"https:\/\/www.moskito.cz\/sk\/wp-json\/wp\/v2\/product\/325284","targetHints":{"allow":["GET"]}}],"collection":[{"href":"https:\/\/www.moskito.cz\/sk\/wp-json\/wp\/v2\/product"}],"about":[{"href":"https:\/\/www.moskito.cz\/sk\/wp-json\/wp\/v2\/types\/product"}],"replies":[{"embeddable":true,"href":"https:\/\/www.moskito.cz\/sk\/wp-json\/wp\/v2\/comments?post=325284"}],"wp:featuredmedia":[{"embeddable":true,"href":"https:\/\/www.moskito.cz\/sk\/wp-json\/wp\/v2\/media\/325234"}],"wp:attachment":[{"href":"https:\/\/www.moskito.cz\/sk\/wp-json\/wp\/v2\/media?parent=325284"}],"wp:term":[{"taxonomy":"pwb-brand","embeddable":true,"href":"https:\/\/www.moskito.cz\/sk\/wp-json\/wp\/v2\/pwb-brand?post=325284"},{"taxonomy":"product_brand","embeddable":true,"href":"https:\/\/www.moskito.cz\/sk\/wp-json\/wp\/v2\/product_brand?post=325284"},{"taxonomy":"product_cat","embeddable":true,"href":"https:\/\/www.moskito.cz\/sk\/wp-json\/wp\/v2\/product_cat?post=325284"},{"taxonomy":"product_tag","embeddable":true,"href":"https:\/\/www.moskito.cz\/sk\/wp-json\/wp\/v2\/product_tag?post=325284"}],"curies":[{"name":"wp","href":"https:\/\/api.w.org\/{rel}","templated":true}]}}