{"id":325346,"date":"2021-07-22T08:32:18","date_gmt":"2021-07-22T07:32:18","guid":{"rendered":"https:\/\/www.moskito.cz\/produkt\/pevny-noz-cold-steel-kobun\/"},"modified":"2025-05-07T11:08:13","modified_gmt":"2025-05-07T10:08:13","slug":"pevny-noz-cold-steel-kobun","status":"publish","type":"product","link":"https:\/\/www.moskito.cz\/sk\/produkt\/pevny-noz-cold-steel-kobun\/","title":{"rendered":"Pevn\u00fd N\u00f4\u017e Cold Steel KOBUN"},"content":{"rendered":"<p>Pevn\u00fd N\u00f4\u017e <strong>Cold Stee<\/strong> l KOBUN.<\/p>\n<p>Cold Steel Kobun je \u013eahk\u00fd n\u00f4\u017e, ktor\u00fd si vzal meno od japonsk\u00e9ho podsvetia, kde sa slovo \u201eKobun\u201c niekedy pou\u017e\u00edva ako indik\u00e1tor hodnosti, ktor\u00e1 nazna\u010duje slovo \u201evojak\u201c, alebo ten, kto prij\u00edma rozkazy od svojho \u201eOyabuna\u201c \u0161\u00e9fa. Je to vhodn\u00fd n\u00e1zov pre n\u00f4\u017e, ako je Kobun, ktor\u00fd bol skuto\u010dne navrhnut\u00fd tak, aby v \u0148om bol \u201edobr\u00fd vojak\u201c. Je dok\u00e1zan\u00e9, \u017ee je neuverite\u013ene popul\u00e1rny u arm\u00e1dy, kde je cenen\u00fd pre svoju n\u00edzku hmotnos\u0165 a diskr\u00e9tny profil, rovnako ako jeho odolnos\u0165 a rezn\u00fd potenci\u00e1l. Kobun je vybaven\u00fd ikonou Cold Steels vystu\u017eenou \u0161pi\u010dkou \u201eAmerican Tanto\u201c, v\u010faka ktorej je vysoko odoln\u00fd vo\u010di ohybu alebo zlomeniu, preto\u017ee je vystu\u017een\u00fd celou hr\u00fabkou chrbtice \u010depele (ktor\u00e1 sa tiahne takmer po samotn\u00fd koniec \u010depele). Napriek svojmu tenk\u00e9mu profilu je hlboko kockovan\u00e1 rukov\u00e4\u0165 Kray-Ex od spolo\u010dnosti Kobun navrhnut\u00e1 tak, aby poskytovala maxim\u00e1lnu pri\u013enavos\u0165 a je tvarovan\u00e1 tak, aby odol\u00e1vala ot\u00e1\u010daniu alebo posunu v ruke.<\/p>\n<p>Celkov\u00e1 d\u013a\u017eka: 252 mm<br \/>\n\u010cepele je vyroben\u00e1 z ocele AUS 8A SS<br \/>\nD\u013a\u017eka \u010depele: 137 mm<br \/>\nStrenka z materi\u00e1lu Kraton (Kray-Ex)<br \/>\nPo\u0161va z odoln\u00e9ho polym\u00e9ru Secure-Ex s oce\u013eov\u00fdm klipom z nerezovej ocele<\/p>\n<p><strong>Cold Steel<\/strong> je spolo\u010dnos\u0165 zaoberaj\u00faca sa v\u00fdrobou najsilnej\u0161\u00edch a najostrej\u0161\u00edch no\u017eov na svete. Za posledn\u00e9 tri desa\u0165ro\u010dia bola spolo\u010dnos\u0165 Cold Steel na \u010dele mnoh\u00fdch inov\u00e1ci\u00ed, ktor\u00e9 pomohli definova\u0165 no\u017eiarsky priemysel. Postupn\u00e9 \u00faspechy, vr\u00e1tane zavedenia skontrolovan\u00fdch rukov\u00e4t\u00ed Kraton\u00ae, a \u0161t\u00fdly \u010depel\u00ed tant point, sa od zvedavo zauj\u00edmav\u00fdch funkci\u00ed dostali k priemyseln\u00fdm znakom kvality a prepracovanosti. Nov\u00fd smer bol tie\u017e zlomen\u00fd zaveden\u00edm jedine\u010dn\u00fdch nov\u00fdch oce\u013eov\u00fdch \u010depel\u00ed, ako je San Mai III a Tri-Ad \u2122 Lock &amp; zais\u0165ovac\u00ed mechanizmus pre skladacie no\u017ee. Napr\u00edklad Tri-Ad\u2122 Lock sa nikdy nevyrovnal \u017eiadnemu z konkurentov Cold Steel a nebolo preuk\u00e1zan\u00e9, \u017ee by ni\u010d z toho, \u010do doteraz vyrobili, prekonalo. Cold Steel sa samozrejme v\u017edy bude pozera\u0165 do bud\u00facnosti a bude sa neust\u00e1le sna\u017ei\u0165 vyr\u00e1ba\u0165 najsilnej\u0161ie a najostrej\u0161ie no\u017ee na svete. Tento cie\u013e, rovnako nepolapite\u013en\u00fd a \u0165a\u017eko dosiahnute\u013en\u00fd, je za posledn\u00fdch \u0161tyridsa\u0165 rokov rovnak\u00fd. Cold Steel Inc. je spolo\u010dnos\u0165 zameran\u00e1 na v\u00fdrobu najsilnej\u0161\u00edch a najostrej\u0161\u00edch no\u017eov, me\u010dov, tomahawkov, ma\u010det, pr\u00edborov a n\u00e1strojov pre ka\u017edodenn\u00e9 nosenie: EDC. Spolo\u010dnos\u0165 Cold Steel, ktor\u00e1 bola r\u00fdchlo prijat\u00e1 vojakmi, \u0161peci\u00e1lnymi jednotkami pre vym\u00e1hanie pr\u00e1va, pracovn\u00edkmi pohotovostn\u00fdch slu\u017eieb, odborn\u00edkmi na sebaobranu i \u010dlenmi komunity bojov\u00fdch umen\u00ed, sa r\u00fdchlo presl\u00e1vila kvalitou, silou, spo\u013eahlivos\u0165ou a spo\u013eahlivos\u0165ou pri ka\u017edodennom nosen\u00ed (EDC). Na\u0161a r\u00f4znorod\u00e1 a rozmanit\u00e1 zostava sa r\u00fdchlo rozr\u00e1stla a zah\u0155\u0148ala nielen mas\u00edvny v\u00fdber skladac\u00edch no\u017eov (od men\u0161\u00edch \u010depel\u00ed \u201eEDC\u201c a\u017e po na\u0161e ikonick\u00e9 obrie \u201emega-zlo\u017eky\u201c), ale aj pevn\u00e9 \u010depele, me\u010de, \u0161able, pali\u010dky a halapartne, rovnako ako loveck\u00e9 potreby, kopije, pu\u0161ky, sekery, ma\u010dety, tomahawky a n\u00e1stroje! V priebehu desa\u0165ro\u010d\u00ed spolo\u010dnos\u0165 Cold Steel predstavila priekopn\u00edcke nov\u00e9 materi\u00e1ly a designy, ktor\u00e9 pomohli utv\u00e1ra\u0165 svet modern\u00fdch no\u017eov, ostr\u00fdch zbran\u00ed a n\u00e1strojov. Od zavedenia kockovan\u00fdch rukov\u00e4t\u00ed Kraton\u00ae a \u201eamerikanizovanej\u201c \u010depele Tanto a\u017e po zaradenie nov\u00fdch inovat\u00edvnych ocel\u00ed \u010depele ako San Mai III\u00ae a uzamykac\u00edch mechanizmov meniacich hru (ako je n\u00e1\u0161 Tri-Ad\u2122 Lock). Ke\u010f sa pozer\u00e1me do bud\u00facnosti, spolo\u010dnos\u0165 Cold Steel na\u010falej prin\u00e1\u0161a na trh nov\u00e9 \u00farovne sily, bezpe\u010dnosti a v\u00fdkonu a poskytuje osved\u010den\u00e9 produkty, na ktor\u00e9 sa m\u00f4\u017eete spo\u013eahn\u00fa\u0165 \u2013 kedyko\u013evek a kdeko\u013evek!<\/p>\n<p>&nbsp;<\/p>\n","protected":false},"excerpt":{"rendered":"<p><strong>Kobun od firmy Cold Steel je pravou ikonou! Ide o pevn\u00fd n\u00f4\u017e s \u010depe\u013eou Tanto. V\u010faka svojej ve\u013ekosti a v\u00e1he je Kobun ve\u013emi dobre ovl\u00e1date\u013en\u00fd.<\/strong><\/p>\n","protected":false},"featured_media":201003,"comment_status":"open","ping_status":"closed","template":"","meta":[],"pwb-brand":[3598],"product_brand":[],"product_cat":[3187,3186],"product_tag":[3668],"class_list":{"0":"post-325346","1":"product","2":"type-product","3":"status-publish","4":"has-post-thumbnail","6":"pwb-brand-cold-steel-sk","7":"product_cat-pevne-noze-sk","8":"product_cat-noze-sk","9":"product_tag-b2b-sk","11":"first","12":"instock","13":"taxable","14":"shipping-taxable","15":"purchasable","16":"product-type-simple"},"brands":[{"id":3598,"name":"Cold Steel","slug":"cold-steel-sk"}],"_links":{"self":[{"href":"https:\/\/www.moskito.cz\/sk\/wp-json\/wp\/v2\/product\/325346","targetHints":{"allow":["GET"]}}],"collection":[{"href":"https:\/\/www.moskito.cz\/sk\/wp-json\/wp\/v2\/product"}],"about":[{"href":"https:\/\/www.moskito.cz\/sk\/wp-json\/wp\/v2\/types\/product"}],"replies":[{"embeddable":true,"href":"https:\/\/www.moskito.cz\/sk\/wp-json\/wp\/v2\/comments?post=325346"}],"wp:featuredmedia":[{"embeddable":true,"href":"https:\/\/www.moskito.cz\/sk\/wp-json\/wp\/v2\/media\/201003"}],"wp:attachment":[{"href":"https:\/\/www.moskito.cz\/sk\/wp-json\/wp\/v2\/media?parent=325346"}],"wp:term":[{"taxonomy":"pwb-brand","embeddable":true,"href":"https:\/\/www.moskito.cz\/sk\/wp-json\/wp\/v2\/pwb-brand?post=325346"},{"taxonomy":"product_brand","embeddable":true,"href":"https:\/\/www.moskito.cz\/sk\/wp-json\/wp\/v2\/product_brand?post=325346"},{"taxonomy":"product_cat","embeddable":true,"href":"https:\/\/www.moskito.cz\/sk\/wp-json\/wp\/v2\/product_cat?post=325346"},{"taxonomy":"product_tag","embeddable":true,"href":"https:\/\/www.moskito.cz\/sk\/wp-json\/wp\/v2\/product_tag?post=325346"}],"curies":[{"name":"wp","href":"https:\/\/api.w.org\/{rel}","templated":true}]}}