{"id":325388,"date":"2021-05-18T21:14:52","date_gmt":"2021-05-18T20:14:52","guid":{"rendered":"https:\/\/www.moskito.cz\/produkt\/vystrelovaci-noz-beltrame-imit-ivory-bay\/"},"modified":"2025-05-07T11:08:17","modified_gmt":"2025-05-07T10:08:17","slug":"vystrelovaci-noz-beltrame-imit-ivory-bay","status":"publish","type":"product","link":"https:\/\/www.moskito.cz\/sk\/produkt\/vystrelovaci-noz-beltrame-imit-ivory-bay\/","title":{"rendered":"Vystre\u013eovac\u00ed n\u00f4\u017e Beltrame Imit Ivory Bay"},"content":{"rendered":"<p>Vystre\u013eovac\u00ed n\u00f4\u017e <strong>Beltrame<\/strong> Imit Ivory Bay.<\/p>\n<p>Zatv\u00e1rac\u00ed n\u00f4\u017e Stiletto Ivory (Ivory) &#8211; najzn\u00e1mej\u0161ie automatick\u00e9 stiletto!<\/p>\n<p>Zatv\u00e1rac\u00ed n\u00f4\u017e od Franka Beltrama je klasick\u00fd stylet mimoriadnej kr\u00e1sy a p\u00f4vabu. Dlh\u00fd, \u013eahk\u00fd a ve\u013emi ostr\u00fd.<\/p>\n<p>D\u013a\u017eka no\u017ea (mm \/ palce) 222 mm \/ 9 &#8220;<br \/>\nD\u013a\u017eka zlo\u017een\u00e9ho no\u017ea (mm) 125<br \/>\nD\u013a\u017eka \u010depele (mm) 100<br \/>\nHr\u00fabka \u010depele (mm) 3 mm \/ 0,12&#8243;<br \/>\nBajonet typu \u010depele<br \/>\nMateri\u00e1l \u010depele AISI 420 nerezov\u00e1 oce\u013e<br \/>\nPovrchov\u00e1 \u00faprava z nerezovej ocele<br \/>\nOto\u010dn\u00fd z\u00e1mok podlo\u017eky<br \/>\nMateri\u00e1l rukov\u00e4te plast, imit\u00e1cia slonoviny<br \/>\nHmotnos\u0165 (g) 110<br \/>\nVymenovate\u013en\u00fd zatv\u00e1rac\u00ed n\u00f4\u017e m\u00e1 ihlov\u00e9 ostrie<br \/>\nKrajina Taliansko<\/p>\n","protected":false},"excerpt":{"rendered":"<p>No\u017ee <strong>Beltrame<\/strong> sa vyr\u00e1baj\u00fa v Taliansku od roku 1953. Firmu zalo\u017eil Frank Beltram. Tajomstvo v\u00fdroby t\u00fdchto Stiletto no\u017eov, je s\u00fa\u010das\u0165ou hist\u00f3rie Maniago, ktor\u00e9 bolo odovzd\u00e1van\u00e9 z otca na syna.<br \/>\n<strong>Made in Italy.<\/strong><\/p>\n","protected":false},"featured_media":198771,"comment_status":"open","ping_status":"closed","template":"","meta":[],"pwb-brand":[3536],"product_brand":[],"product_cat":[3197,3186],"product_tag":[],"class_list":{"0":"post-325388","1":"product","2":"type-product","3":"status-publish","4":"has-post-thumbnail","6":"pwb-brand-beltrame-sk","7":"product_cat-vystrelovacie-noze-sk","8":"product_cat-noze-sk","10":"first","11":"instock","12":"taxable","13":"shipping-taxable","14":"purchasable","15":"product-type-simple"},"brands":[{"id":3536,"name":"Beltrame","slug":"beltrame-sk"}],"_links":{"self":[{"href":"https:\/\/www.moskito.cz\/sk\/wp-json\/wp\/v2\/product\/325388","targetHints":{"allow":["GET"]}}],"collection":[{"href":"https:\/\/www.moskito.cz\/sk\/wp-json\/wp\/v2\/product"}],"about":[{"href":"https:\/\/www.moskito.cz\/sk\/wp-json\/wp\/v2\/types\/product"}],"replies":[{"embeddable":true,"href":"https:\/\/www.moskito.cz\/sk\/wp-json\/wp\/v2\/comments?post=325388"}],"wp:featuredmedia":[{"embeddable":true,"href":"https:\/\/www.moskito.cz\/sk\/wp-json\/wp\/v2\/media\/198771"}],"wp:attachment":[{"href":"https:\/\/www.moskito.cz\/sk\/wp-json\/wp\/v2\/media?parent=325388"}],"wp:term":[{"taxonomy":"pwb-brand","embeddable":true,"href":"https:\/\/www.moskito.cz\/sk\/wp-json\/wp\/v2\/pwb-brand?post=325388"},{"taxonomy":"product_brand","embeddable":true,"href":"https:\/\/www.moskito.cz\/sk\/wp-json\/wp\/v2\/product_brand?post=325388"},{"taxonomy":"product_cat","embeddable":true,"href":"https:\/\/www.moskito.cz\/sk\/wp-json\/wp\/v2\/product_cat?post=325388"},{"taxonomy":"product_tag","embeddable":true,"href":"https:\/\/www.moskito.cz\/sk\/wp-json\/wp\/v2\/product_tag?post=325388"}],"curies":[{"name":"wp","href":"https:\/\/api.w.org\/{rel}","templated":true}]}}