{"id":325402,"date":"2021-05-18T20:38:21","date_gmt":"2021-05-18T19:38:21","guid":{"rendered":"https:\/\/www.moskito.cz\/produkt\/vystrelovaci-noz-beltrame-bayonet-23-37b\/"},"modified":"2025-05-07T11:08:18","modified_gmt":"2025-05-07T10:08:18","slug":"vystrelovaci-noz-beltrame-bayonet-23-37b","status":"publish","type":"product","link":"https:\/\/www.moskito.cz\/sk\/produkt\/vystrelovaci-noz-beltrame-bayonet-23-37b\/","title":{"rendered":"Vystre\u013eovac\u00ed n\u00f4\u017e Beltrame Bayonet 23\/37B"},"content":{"rendered":"<p>Vystre\u013eovac\u00ed n\u00f4\u017e <strong>Beltrame<\/strong> Bayonet 23\/37B<\/p>\n<p>Klasick\u00fd taliansky ihlov\u00fd \u010dierny bajonet 23 cm, tradi\u010dn\u00fd taliansky jarn\u00fd n\u00f4\u017e. No\u017ee Frank Beltrame Stiletto, vyroben\u00e9 \u00faplne ru\u010dne pod\u013ea princ\u00edpov talianskeho remeseln\u00e9ho spracovania, sa v\u010faka svojej extr\u00e9mnej \u013eahkosti a odolnosti presl\u00e1vili po celom svete. V\u010faka svojim vlastnostiam je talianska d\u00fdka vhodn\u00e1 na pou\u017eitie v akomko\u013evek prostred\u00ed, od lovu a\u017e po kempovanie. Pevn\u00e1, odoln\u00e1 kon\u0161trukcia, siln\u00e1 pru\u017eina otv\u00e1raj\u00faca \u010depe\u013e je charakteristick\u00fdm znakom klasick\u00fdch talianskych pru\u017einov\u00fdch opaskov Frank Beltrame.<\/p>\n<p>Rukov\u00e4\u0165 &#8211; pokryt\u00e1 \u010diernym tvrd\u00fdm polym\u00e9rov\u00fdm obkladom, zakon\u010den\u00e1 le\u0161ten\u00fdmi niklov\u00fdmi podhlavn\u00edkmi, poskytuje pohodln\u00e9 a bezpe\u010dn\u00e9 uchopenie. Bezpe\u010dnos\u0165 pou\u017e\u00edvania zvy\u0161uje ergonomick\u00fd tvar rukov\u00e4te, ktor\u00fd zabra\u0148uje k\u013azaniu ruky po\u010das pr\u00e1ce. Nity z mosadze.<\/p>\n<p>Z\u00e1mok &#8211; zabra\u0148uje n\u00e1hodn\u00e9mu zlo\u017eeniu alebo otvoreniu \u010depele. Otvorenie automatick\u00e9ho no\u017ea sa vykon\u00e1va pomocou pevn\u00e9ho tla\u010didla umiestnen\u00e9ho na rukov\u00e4ti.<\/p>\n<p>Pru\u017eina &#8211; zvl\u00e1\u0161tna pozornos\u0165 je venovan\u00e1 prevedeniu pru\u017einy (nerezov\u00e1 oce\u013e): \u010depe\u013e mus\u00ed by\u0165 otvoren\u00e1 v priebehu nieko\u013ek\u00fdch stot\u00edn sekundy (vlastnos\u0165 no\u017eov Stiletto). Zlo\u017eka Beltrame pri otv\u00e1ran\u00ed \u010depele poskytuje charakteristick\u00fd zvuk (kliknutie), ktor\u00fd ju odli\u0161uje od ostatn\u00fdch pru\u017einov\u00fdch no\u017eov.<\/p>\n<p>\u010cepe\u013e &#8211; extr\u00e9mne ostr\u00e1 s profilom Spear Point, hr\u00fabka 3,5 mm s kr\u00e1tkou falo\u0161nou \u010depe\u013eou zvy\u0161uj\u00facou prepichovacie vlastnosti. Vyroben\u00e9 z \u013eahko naostrenej nerezovej ocele AISI 420 MA5M, ktor\u00e1 sa vyzna\u010duje vysokou odolnos\u0165ou proti kor\u00f3zii. Kalen\u00e1 oce\u013e 56 HRC. Ploch\u00fd typ \u010depele, odvoden\u00fd od ploch\u00e9ho br\u00fasenia, poskytuj\u00faci dobr\u00e9 rezn\u00e9 a penetra\u010dn\u00e9 vlastnosti. Oce\u013eov\u00fd chr\u00e1ni\u010d chr\u00e1ni ruku pred n\u00e1hodn\u00fdm sk\u013aznut\u00edm a stla\u010den\u00edm umo\u017e\u0148uje sklopenie \u010depele.<\/p>\n<p>Technick\u00e9 \u00fadaje:<br \/>\n\u010c\u00edslo v\u00fdrobku: FB 23 \/ 37B<br \/>\nN\u00e1zov: Classic Italian Stiletto Black Bayonet 23<br \/>\nTyp ocele: AISI 420 MA5M<br \/>\nTvrdos\u0165 \u010depele Rockwell: 56 HRC<br \/>\nD\u013a\u017eka \u010depele: 98 mm \/ 3.86 &#8220;<br \/>\nHr\u00fabka \u010depele: 35 mm \/ 1.13&#8243;<br \/>\nCelkov\u00e1 d\u013a\u017eka: 230 mm<br \/>\n: Hmotnos\u0165: 108 g<br \/>\n\u010cepe\u013e: Hladk\u00e1<br \/>\nTyp \u010depele: Spear Point<br \/>\nZ\u00e1mok no\u017ea: \u00c1no<br \/>\nTyp rukov\u00e4te: Plast<br \/>\nV\u00fdrobca: F.LLI Beltrame, Taliansko<\/p>\n","protected":false},"excerpt":{"rendered":"<p>No\u017ee <strong>Beltrame<\/strong> sa vyr\u00e1baj\u00fa v Taliansku od roku 1953. Firmu zalo\u017eil Frank Beltram. Tajomstvo v\u00fdroby t\u00fdchto Stiletto no\u017eov, je s\u00fa\u010das\u0165ou hist\u00f3rie Maniago, ktor\u00e9 bolo odovzd\u00e1van\u00e9 z otca na syna.<br \/>\n<strong>Made in Italy.<\/strong><\/p>\n","protected":false},"featured_media":198765,"comment_status":"open","ping_status":"closed","template":"","meta":[],"pwb-brand":[3536],"product_brand":[],"product_cat":[3197,3186],"product_tag":[],"class_list":{"0":"post-325402","1":"product","2":"type-product","3":"status-publish","4":"has-post-thumbnail","6":"pwb-brand-beltrame-sk","7":"product_cat-vystrelovacie-noze-sk","8":"product_cat-noze-sk","10":"first","11":"instock","12":"taxable","13":"shipping-taxable","14":"purchasable","15":"product-type-simple"},"brands":[{"id":3536,"name":"Beltrame","slug":"beltrame-sk"}],"_links":{"self":[{"href":"https:\/\/www.moskito.cz\/sk\/wp-json\/wp\/v2\/product\/325402","targetHints":{"allow":["GET"]}}],"collection":[{"href":"https:\/\/www.moskito.cz\/sk\/wp-json\/wp\/v2\/product"}],"about":[{"href":"https:\/\/www.moskito.cz\/sk\/wp-json\/wp\/v2\/types\/product"}],"replies":[{"embeddable":true,"href":"https:\/\/www.moskito.cz\/sk\/wp-json\/wp\/v2\/comments?post=325402"}],"wp:featuredmedia":[{"embeddable":true,"href":"https:\/\/www.moskito.cz\/sk\/wp-json\/wp\/v2\/media\/198765"}],"wp:attachment":[{"href":"https:\/\/www.moskito.cz\/sk\/wp-json\/wp\/v2\/media?parent=325402"}],"wp:term":[{"taxonomy":"pwb-brand","embeddable":true,"href":"https:\/\/www.moskito.cz\/sk\/wp-json\/wp\/v2\/pwb-brand?post=325402"},{"taxonomy":"product_brand","embeddable":true,"href":"https:\/\/www.moskito.cz\/sk\/wp-json\/wp\/v2\/product_brand?post=325402"},{"taxonomy":"product_cat","embeddable":true,"href":"https:\/\/www.moskito.cz\/sk\/wp-json\/wp\/v2\/product_cat?post=325402"},{"taxonomy":"product_tag","embeddable":true,"href":"https:\/\/www.moskito.cz\/sk\/wp-json\/wp\/v2\/product_tag?post=325402"}],"curies":[{"name":"wp","href":"https:\/\/api.w.org\/{rel}","templated":true}]}}