{"id":325424,"date":"2020-10-09T17:12:13","date_gmt":"2020-10-09T16:12:13","guid":{"rendered":"https:\/\/www.moskito.cz\/produkt\/vystrelovaci-noz-beltrame-stiletto-pearl-bayonet\/"},"modified":"2025-07-11T07:52:46","modified_gmt":"2025-07-11T06:52:46","slug":"vystrelovaci-noz-beltrame-stiletto-pearl-bayonet","status":"publish","type":"product","link":"https:\/\/www.moskito.cz\/sk\/produkt\/vystrelovaci-noz-beltrame-stiletto-pearl-bayonet\/","title":{"rendered":"Vystre\u013eovac\u00ed n\u00f4\u017e Beltrame Stiletto Pearl Bayonet"},"content":{"rendered":"<p>Vystre\u013eovac\u00ed n\u00f4\u017e <strong>Beltrame<\/strong> Stiletto Pearl Bayonet.<br \/>\nDo strany vystre\u013eovac\u00ed n\u00f4\u017e s poistkou na strence. Strenka je z bielej perlete, \u010depe\u013e z ocele 420 (tvrdos\u0165 54 a\u017e 56 HRC). D\u013a\u017eka v otvorenom stave 23cm.D\u013a\u017eka \u010depele je 9.8 cm.<\/p>\n<p>No\u017ee <strong>Beltrame<\/strong> sa vyr\u00e1baj\u00fa v Taliansku od roku 1953. Firmu zalo\u017eil Frank Beltram. Tajomstvo v\u00fdroby t\u00fdchto Stiletto no\u017eov, je s\u00fa\u010das\u0165ou hist\u00f3rie Maniago, ktor\u00e9 bolo odovzd\u00e1van\u00e9 z otca na syna. Frank u\u017e ako mal\u00fd chlapec pom\u00e1hal v tov\u00e1rni svojho otca, kde nesk\u00f4r za\u010dal pracova\u0165 ako otcov u\u010de\u0148. Okrem toho nav\u0161tevoval \u0161kolu tradi\u010dn\u00e9ho no\u017eiarstva, kde sa u\u010dil v\u0161etko o r\u00f4znych materi\u00e1loch, o najnov\u0161\u00edch technol\u00f3gi\u00e1ch spracovania ao r\u00f4znych \u0161t\u00fdloch dizajnu. V roku 1958 Frank a jeho rodina za\u010dali vyr\u00e1ba\u0165 automatick\u00e9 no\u017ee. Rok po tom, \u010do pri pr\u00e1ci v tov\u00e1rni zomrel Frankov otec na infarkt, si Frank zalo\u017eil firmu <strong>Beltrame<\/strong> . V nasleduj\u00facich rokoch pokra\u010doval v \u0161t\u00fadiu a v\u00fdskume o no\u017eoch, vhodn\u00fdch materi\u00e1loch a dizajne. Po kr\u00e1tkom \u010dase sa objavili na trhu lacn\u00e9 napodobeniny z Taiwanu, tradi\u010dn\u00fdch talianskych no\u017eov Stiletto. Tak\u017ee Frank musel \u010deli\u0165 nov\u00e9mu probl\u00e9mu. Na\u0161\u0165astie kvalita t\u00fdchto lacn\u00fdch no\u017eov hovor\u00ed sama za seba, ka\u017ed\u00fd zberate\u013e vie, \u017ee nie je mo\u017en\u00e9 ich porovna\u0165 so skuto\u010dnou Beltrame d\u00fdkou. No\u017ee Beltrame z\u00edskali uznanie najn\u00e1ro\u010dnej\u0161\u00edch z\u00e1kazn\u00edkov vo svete v\u010faka Frankovej v\u00e1\u0161ni pre tieto no\u017ee. Pri v\u00fdrobe no\u017eov vyu\u017e\u00edva svoje dlhoro\u010dn\u00e9 sk\u00fasenosti, ktor\u00e9 nadobudol u\u017e v ranom veku. V roku 2005 no\u017ee Beltrame z\u00edskali certifik\u00e1t kvality Maniago, ktor\u00fdm prekro\u010dili eur\u00f3pske normy kvality. To znamen\u00e1, \u017ee tieto no\u017ee s\u00fa ka\u017ed\u00fd rok testovan\u00e9 na kvalitu materi\u00e1lu.<\/p>\n<p>Swivel bolster vyroben\u00fd z bezfarebnej steel alebo nikel strieborn\u00e1 sa pou\u017e\u00edva na zablokovanie blade, tie\u017e vyroben\u00fd z bezfarebnej ocele AISI 420 bezfarebn\u00fd MA5M HRC 56. Otvorenie je vytvoren\u00e9 tla\u010didlom umiestnen\u00fdm v strede handle.<\/p>\n<p>Description<br \/>\nSwivel bolster vyroben\u00fd z bezfarebnej steel alebo nikel strieborn\u00e1 sa pou\u017e\u00edva na zablokovanie blade, tie\u017e vyroben\u00fd z bezfarebnej ocele AISI 420 bezfarebn\u00fd MA5M HRC 56. Otvorenie je vytvoren\u00e9 tla\u010didlom umiestnen\u00fdm v strede handle.<br \/>\nRuky m\u00f4\u017eu by\u0165 farebn\u00e9 plastov\u00e9 biele, \u010dierne \u010derven\u00e9, modr\u00e9 a zelen\u00e9, dark horn, blond horn a braz\u00edlsky horn, palisandr, cocobolo, olivov\u00e9 drevo, snakewood, stag, bone, abalone a matka perla.<br \/>\nLiners s\u00fa vyroben\u00e9 z mosadze a na jar s\u00fa vyroben\u00e9 z pevnej ocele assemblovan\u00e9 a zlo\u017een\u00e9 manu\u00e1lne <strong>Frank Beltrame<\/strong> , never by a machine .<br \/>\nRivety na ruk\u00e1ch s\u00fa vyroben\u00e9 z brass<br \/>\nTento klasick\u00fd model je navrhnut\u00fd hand-assembled s presnos\u0165ou a accuracy a m\u00e1 handcrafted finis.<\/p>\n","protected":false},"excerpt":{"rendered":"<p>No\u017ee <strong>Beltrame<\/strong> sa vyr\u00e1baj\u00fa v Taliansku od roku 1953. Firmu zalo\u017eil Frank Beltram. Tajomstvo v\u00fdroby t\u00fdchto Stiletto no\u017eov, je s\u00fa\u010das\u0165ou hist\u00f3rie Maniago, ktor\u00e9 bolo odovzd\u00e1van\u00e9 z otca na syna.<br \/>\n<strong>Made in Italy.<\/strong><\/p>\n","protected":false},"featured_media":176132,"comment_status":"open","ping_status":"closed","template":"","meta":[],"pwb-brand":[3536],"product_brand":[],"product_cat":[3197,3186],"product_tag":[],"class_list":{"0":"post-325424","1":"product","2":"type-product","3":"status-publish","4":"has-post-thumbnail","6":"pwb-brand-beltrame-sk","7":"product_cat-vystrelovacie-noze-sk","8":"product_cat-noze-sk","10":"first","11":"instock","12":"taxable","13":"shipping-taxable","14":"purchasable","15":"product-type-simple"},"brands":[{"id":3536,"name":"Beltrame","slug":"beltrame-sk"}],"_links":{"self":[{"href":"https:\/\/www.moskito.cz\/sk\/wp-json\/wp\/v2\/product\/325424","targetHints":{"allow":["GET"]}}],"collection":[{"href":"https:\/\/www.moskito.cz\/sk\/wp-json\/wp\/v2\/product"}],"about":[{"href":"https:\/\/www.moskito.cz\/sk\/wp-json\/wp\/v2\/types\/product"}],"replies":[{"embeddable":true,"href":"https:\/\/www.moskito.cz\/sk\/wp-json\/wp\/v2\/comments?post=325424"}],"wp:featuredmedia":[{"embeddable":true,"href":"https:\/\/www.moskito.cz\/sk\/wp-json\/wp\/v2\/media\/176132"}],"wp:attachment":[{"href":"https:\/\/www.moskito.cz\/sk\/wp-json\/wp\/v2\/media?parent=325424"}],"wp:term":[{"taxonomy":"pwb-brand","embeddable":true,"href":"https:\/\/www.moskito.cz\/sk\/wp-json\/wp\/v2\/pwb-brand?post=325424"},{"taxonomy":"product_brand","embeddable":true,"href":"https:\/\/www.moskito.cz\/sk\/wp-json\/wp\/v2\/product_brand?post=325424"},{"taxonomy":"product_cat","embeddable":true,"href":"https:\/\/www.moskito.cz\/sk\/wp-json\/wp\/v2\/product_cat?post=325424"},{"taxonomy":"product_tag","embeddable":true,"href":"https:\/\/www.moskito.cz\/sk\/wp-json\/wp\/v2\/product_tag?post=325424"}],"curies":[{"name":"wp","href":"https:\/\/api.w.org\/{rel}","templated":true}]}}