{"id":325434,"date":"2020-10-21T15:18:43","date_gmt":"2020-10-21T14:18:43","guid":{"rendered":"https:\/\/www.moskito.cz\/produkt\/vystrelovaci-noz-beltrame-classic-bone-bayonet\/"},"modified":"2025-12-22T16:01:54","modified_gmt":"2025-12-22T15:01:54","slug":"vystrelovaci-noz-beltrame-classic-bone-bayonet","status":"publish","type":"product","link":"https:\/\/www.moskito.cz\/sk\/produkt\/vystrelovaci-noz-beltrame-classic-bone-bayonet\/","title":{"rendered":"Bajonet Beltrame Classic Bone 23 cm"},"content":{"rendered":"<div class=\"flex-1 overflow-hidden @container\/thread\">\n<div class=\"h-full\">\n<div class=\"react-scroll-to-bottom--css-quzxw-79elbk h-full\">\n<div class=\"react-scroll-to-bottom--css-quzxw-1n7m0yu\">\n<div class=\"flex flex-col text-sm\">\n<article class=\"w-full scroll-mb-[var(--thread-trailing-height,150px)] text-token-text-primary focus-visible:outline-2 focus-visible:outline-offset-[-4px]\" dir=\"auto\" data-testid=\"conversation-turn-61\" data-scroll-anchor=\"true\">\n<div class=\"m-auto text-base py-[18px] px-3 md:px-4 w-full md:px-5 lg:px-4 xl:px-5\">\n<div class=\"mx-auto flex flex-1 gap-4 text-base md:gap-5 lg:gap-6 md:max-w-3xl\">\n<div class=\"group\/conversation-turn relative flex w-full min-w-0 flex-col agent-turn\">\n<div class=\"flex-col gap-1 md:gap-3\">\n<div class=\"flex max-w-full flex-col flex-grow\">\n<div class=\"min-h-8 text-message flex w-full flex-col items-end gap-2 whitespace-normal break-words text-start [.text-message+&amp;]:mt-5\" dir=\"auto\" data-message-author-role=\"assistant\" data-message-id=\"f710b637-5037-4e50-84e6-4ac6fb6e6e91\" data-message-model-slug=\"gpt-4o-mini\">\n<div class=\"flex w-full flex-col gap-1 empty:hidden first:pt-[3px]\">\n<div class=\"markdown prose w-full break-words dark:prose-invert light\">\n<h1 data-pm-slice=\"1 1 []\">\ud83d\udde1\ufe0f <strong>Vyhadzovac\u00ed n\u00f4\u017e Beltrame Classic Bone Bayonet 23 cm &#8211; tradi\u010dn\u00e1 elegancia s luxusn\u00fdm vzh\u013eadom<\/strong><\/h1>\n<p><strong>Beltrame Classic Bone Bayonet 23 cm<\/strong> je <strong>klasick\u00fd taliansky vystre\u013eovac\u00ed n\u00f4\u017e<\/strong>, ktor\u00fd vynik\u00e1 <strong>elegantn\u00fdm dizajnom a kvalitn\u00fdm spracovan\u00edm<\/strong>. Rukov\u00e4\u0165 z pravej kosti dod\u00e1va no\u017eu <strong>luxusn\u00fd vzh\u013ead<\/strong>, zatia\u013e \u010do <strong>prec\u00edzna bajonetov\u00e1 \u010depe\u013e z nehrdzavej\u00facej ocele<\/strong> zaru\u010duje spo\u013eahliv\u00fd v\u00fdkon. <\/p>\n<h2>\u2728 <strong>K\u013e\u00fa\u010dov\u00e9 funkcie<\/strong><\/h2>\n<p>\ud83d\udd2a  <strong>\u010cepe\u013e:<\/strong><br \/>\n<strong>D\u013a\u017eka \u010depele:<\/strong> <strong>10 cm<\/strong> &#8211; <strong>praktick\u00e1 a univerz\u00e1lna ve\u013ekos\u0165<\/strong><br \/>\n\ud83d\udcd0 <strong>Celkov\u00e1 d\u013a\u017eka:<\/strong> <strong>23 cm<\/strong> &#8211; <strong>kompaktn\u00e1, ale st\u00e1le \u013eahko ovl\u00e1date\u013en\u00e1<\/strong><br \/>\n\u2696\ufe0f <strong>Hmotnos\u0165:<\/strong> cca <strong>140 g<\/strong> &#8211;          <strong>\u013eahk\u00fd a vyv\u00e1\u017een\u00fd pre pohodln\u00e9 pou\u017e\u00edvanie<\/strong><br \/>\n\ud83d\udd04 <strong>Mechanizmus:<\/strong> bo\u010dn\u00e9 tla\u010didlo &#8211; <strong>r\u00fdchle a spo\u013eahliv\u00e9 otv\u00e1ranie<\/strong><br \/>\n\ud83d\udd17 <strong>Bezpe\u010dnos\u0165:<\/strong> zadn\u00fd z\u00e1mok &#8211; <strong>zaru\u010duje bezpe\u010dn\u00e9 pren\u00e1\u0161anie a manipul\u00e1ciu<\/strong><br \/>\n\ud83c\udfa8 <strong>Rukov\u00e4\u0165:<\/strong> prav\u00e1 kos\u0165 &#8211;       <strong>luxusn\u00e9, pevn\u00e9 a odoln\u00e9<\/strong><\/p>\n<h2>\ud83d\udccc <strong>Pou\u017eitie<\/strong><\/h2>\n<p>\u2705  <strong>Klasick\u00fd zberate\u013esk\u00fd k\u00fasok<\/strong> &#8211; vhodn\u00fd pre milovn\u00edkov tradi\u010dn\u00fdch talianskych no\u017eov<br \/>\n\u2705  <strong>Praktick\u00fd a elegantn\u00fd doplnok<\/strong> &#8211; ide\u00e1lny na ka\u017edodenn\u00e9 nosenie<br \/>\n\u2705  <strong>Spo\u013eahliv\u00fd vys\u00favac\u00ed mechanizmus<\/strong> &#8211; r\u00fdchle a pohodln\u00e9 pou\u017e\u00edvanie<\/p>\n<h2>\ud83d\udd27 <strong>\u00dadr\u017eba a Br\u00fasenie<\/strong><\/h2>\n<p>\ud83e\uddfc <strong>\u010cistenie<\/strong>: po pou\u017eit\u00ed utrite \u010depe\u013e <strong>suchou handri\u010dkou<\/strong> a pravidelne premaz\u00e1vajte mechanizmus<br \/>\n\ud83e\ude92 <strong>Br\u00fasenie<\/strong>: Odpor\u00fa\u010dame pou\u017e\u00edva\u0165 <strong>keramick\u00e9 alebo diamantov\u00e9 br\u00fasky na<\/strong> udr\u017eanie ostrosti<br \/>\n\ud83c\udf21\ufe0f <strong>Skladovanie:<\/strong> skladujte v <strong>suchom prostred\u00ed,<\/strong> aby sa zachovala kvalita materi\u00e1lov  <\/p>\n<h2>\u2705 <strong>V\u00fdhody<\/strong><\/h2>\n<p>\u2714\ufe0f <strong>Luxusn\u00fd vzh\u013ead<\/strong> &#8211; prav\u00e1 kos\u0165 dod\u00e1va no\u017eu <strong>eleganciu a jedine\u010dnos\u0165<\/strong><br \/>\n\u2714\ufe0f <strong>Odoln\u00e1 \u010depe\u013e z nehrdzavej\u00facej ocele<\/strong> &#8211; jednoduch\u00e1 \u00fadr\u017eba a dlh\u00e1 \u017eivotnos\u0165<br \/>\n\u2714\ufe0f <strong>R\u00fdchly a spo\u013eahliv\u00fd mechanizmus<\/strong> &#8211; okam\u017eit\u00e9 otvorenie stla\u010den\u00edm tla\u010didla<br \/>\n\u2714\ufe0f <strong>\u013dahk\u00fd a kompaktn\u00fd dizajn<\/strong> &#8211; ide\u00e1lny na pren\u00e1\u0161anie a vystavovanie v zbierke <\/p>\n<h2>\u274c <strong>Nev\u00fdhody<\/strong><\/h2>\n<p>\u2757 <strong>Prav\u00e1 kosten\u00e1 rukov\u00e4\u0165<\/strong> &#8211; m\u00f4\u017ee by\u0165 citlivej\u0161ia na vlhkos\u0165 a n\u00e1razy<br \/>\n\u2757 <strong>Nie je ur\u010den\u00fd na n\u00e1ro\u010dn\u00e9 pou\u017e\u00edvanie<\/strong> &#8211; hod\u00ed sa sk\u00f4r ako \u0161t\u00fdlov\u00fd n\u00f4\u017e ne\u017e ako pracovn\u00fd n\u00e1stroj<br \/>\n\u2757 <strong>Vy\u017eaduje pravideln\u00fa \u00fadr\u017ebu<\/strong> &#8211; mazanie a \u010distenie mechanizmu pre dlhodob\u00fa funk\u010dnos\u0165 <\/p>\n<h2>\ud83d\udd1a <strong>Z\u00e1ver<\/strong><\/h2>\n<p><strong>Bajonet Beltrame Classic Bone 23 cm<\/strong> je <strong>v\u00fdnimo\u010dn\u00fd vystre\u013eovac\u00ed n\u00f4\u017e<\/strong>, ktor\u00fd <strong>sp\u00e1ja tradi\u010dn\u00fa taliansku kvalitu s luxusn\u00fdmi materi\u00e1lmi<\/strong>. Je ide\u00e1lny pre zberate\u013eov, nad\u0161encov no\u017eov a t\u00fdch, ktor\u00ed chc\u00fa <strong>elegantn\u00fd a \u0161t\u00fdlov\u00fd n\u00f4\u017e s historick\u00fdm n\u00e1dychom<\/strong>. <\/p>\n<p>\ud83d\udce2 <strong>Objednajte si teraz a dopl\u0148te svoju zbierku o k\u00fasok pravej talianskej trad\u00edcie!<\/strong> \ud83d\uded2<\/p>\n<\/div>\n<\/div>\n<\/div>\n<\/div>\n<\/div>\n<\/div>\n<\/div>\n<\/div>\n<\/article>\n<\/div>\n<\/div>\n<\/div>\n<\/div>\n<\/div>\n","protected":false},"excerpt":{"rendered":"<p><strong>Bajonet Beltrame Classic Bone 23 cm je v\u00fdnimo\u010dn\u00fd vystre\u013eovac\u00ed n\u00f4\u017e, ktor\u00fd sp\u00e1ja tradi\u010dn\u00fa taliansku kvalitu s luxusn\u00fdmi materi\u00e1lmi. Je ide\u00e1lny pre zberate\u013eov, nad\u0161encov no\u017eov a t\u00fdch, ktor\u00ed chc\u00fa elegantn\u00fd a \u0161t\u00fdlov\u00fd n\u00f4\u017e s historick\u00fdm n\u00e1dychom. <\/strong><\/p>\n","protected":false},"featured_media":176147,"comment_status":"open","ping_status":"closed","template":"","meta":[],"pwb-brand":[3536],"product_brand":[],"product_cat":[3197,3186],"product_tag":[],"class_list":{"0":"post-325434","1":"product","2":"type-product","3":"status-publish","4":"has-post-thumbnail","6":"pwb-brand-beltrame-sk","7":"product_cat-vystrelovacie-noze-sk","8":"product_cat-noze-sk","10":"first","11":"instock","12":"taxable","13":"shipping-taxable","14":"purchasable","15":"product-type-simple"},"brands":[{"id":3536,"name":"Beltrame","slug":"beltrame-sk"}],"_links":{"self":[{"href":"https:\/\/www.moskito.cz\/sk\/wp-json\/wp\/v2\/product\/325434","targetHints":{"allow":["GET"]}}],"collection":[{"href":"https:\/\/www.moskito.cz\/sk\/wp-json\/wp\/v2\/product"}],"about":[{"href":"https:\/\/www.moskito.cz\/sk\/wp-json\/wp\/v2\/types\/product"}],"replies":[{"embeddable":true,"href":"https:\/\/www.moskito.cz\/sk\/wp-json\/wp\/v2\/comments?post=325434"}],"wp:featuredmedia":[{"embeddable":true,"href":"https:\/\/www.moskito.cz\/sk\/wp-json\/wp\/v2\/media\/176147"}],"wp:attachment":[{"href":"https:\/\/www.moskito.cz\/sk\/wp-json\/wp\/v2\/media?parent=325434"}],"wp:term":[{"taxonomy":"pwb-brand","embeddable":true,"href":"https:\/\/www.moskito.cz\/sk\/wp-json\/wp\/v2\/pwb-brand?post=325434"},{"taxonomy":"product_brand","embeddable":true,"href":"https:\/\/www.moskito.cz\/sk\/wp-json\/wp\/v2\/product_brand?post=325434"},{"taxonomy":"product_cat","embeddable":true,"href":"https:\/\/www.moskito.cz\/sk\/wp-json\/wp\/v2\/product_cat?post=325434"},{"taxonomy":"product_tag","embeddable":true,"href":"https:\/\/www.moskito.cz\/sk\/wp-json\/wp\/v2\/product_tag?post=325434"}],"curies":[{"name":"wp","href":"https:\/\/api.w.org\/{rel}","templated":true}]}}