{"id":325454,"date":"2022-08-19T22:03:22","date_gmt":"2024-04-05T09:12:35","guid":{"rendered":"https:\/\/www.moskito.cz\/produkt\/zatvaraci-noz-crkt-m16-02db\/"},"modified":"2025-05-07T11:08:22","modified_gmt":"2025-05-07T10:08:22","slug":"zatvaraci-noz-crkt-m16-02db","status":"publish","type":"product","link":"https:\/\/www.moskito.cz\/sk\/produkt\/zatvaraci-noz-crkt-m16-02db\/","title":{"rendered":"Zatv\u00e1rac\u00ed N\u00f4\u017e CRKT M16-02DB"},"content":{"rendered":"<p>Zatv\u00e1rac\u00ed N\u00f4\u017e <strong>CRKT<\/strong> M16-02DB.<\/p>\n<p>Znovuzroden\u00e1 klasika.<\/p>\n<p>Ako vezmete u\u017e aj tak v\u0161eobecne uzn\u00e1van\u00fd n\u00f4\u017e a urob\u00edte ho trikr\u00e1t tak\u00fd dobr\u00fd? Prevzat\u00edm legend\u00e1rneho dizajnu M16\u00ae, ktor\u00fd si predstavil jeden z najpozoruhodnej\u0161\u00edch no\u017eiarov v hist\u00f3rii, a pridan\u00edm troch prevratn\u00fdch inov\u00e1ci\u00ed: Deadbolt\u00ae, Assisted Opening a IKBS\u2122 syst\u00e9m \u010dapu s guli\u010dkov\u00fdmi lo\u017eiskami. M16\u00ae-02DB, ktor\u00fd sa vracia s kompaktnou \u010depe\u013eou tanto, nie je len zamknut\u00fd a nalo\u017een\u00fd, ale jeho nasadenie je teraz r\u00fdchlej\u0161ie ako kedyko\u013evek predt\u00fdm. N\u00e1vrh\u00e1r no\u017eov Kit Carson n\u00e1m pred rokmi dal nad\u010dasov\u00fa klasiku. Teraz je sp\u00e4\u0165 s \u00faplne nov\u00fdm dedi\u010dstvom, ktor\u00e9 treba naplni\u0165.<br \/>\nSiln\u00fd a jednoduch\u00fd: Z\u00e1mok Deadbolt\u00ae poskytuje neuverite\u013en\u00fa pevnos\u0165 a \u013eahko sa pou\u017e\u00edva<br \/>\nAsistovan\u00e9 otv\u00e1ranie: Flipper r\u00fdchlo rozvinie \u010depe\u013e<br \/>\nHladk\u00e9 otv\u00e1ranie: \u010cap guli\u010dkov\u00e9ho lo\u017eiska IKBS\u2122 plynulo rozmiestni \u010depe\u013e<br \/>\nVynikaj\u00faci v\u00fdkon: Oce\u013e \u010depele D2 pre vynikaj\u00face dr\u017eanie ostria<br \/>\nPevn\u00e1 a \u013eahk\u00e1: hlin\u00edkov\u00e1 rukov\u00e4\u0165 kombinuje pevnos\u0165 s minim\u00e1lnou hmotnos\u0165ou<br \/>\nN\u00edzky profil: vreckov\u00e1 spona zais\u0165uje bezpe\u010dn\u00e9 nosenie<\/p>\n<p>\u0160PECIFIK\u00c1CIA<br \/>\nD\u013a\u017eka \u010depele 3,12&#8243; (79,15 mm)<br \/>\nOstrie \u010depele Prost\u00fd<br \/>\n\u010cepe\u013e oce\u013e D2<br \/>\nPovrchov\u00e1 \u00faprava \u010depele Stonewash<br \/>\nHr\u00fabka \u010depele 0,12&#8243; (2,95 mm)<br \/>\nCelkov\u00e1 d\u013a\u017eka 7,38&#8243; (187,33 mm)<br \/>\nUzavret\u00e1 d\u013a\u017eka 4,28&#8243; (108,59 mm)<br \/>\nHmotnos\u0165 4,00 oz (113,40 g)<br \/>\nRukov\u00e4\u0165 Hlin\u00edk<br \/>\n\u0160t\u00fdl Skladac\u00ed n\u00f4\u017e so z\u00e1mkom Deadbolt\u00ae<\/p>\n","protected":false},"excerpt":{"rendered":"<p><strong>Navrhol Kit Carson vo Vine Grove, Kentucky.<\/strong><\/p>\n<p><strong>Doprava zadarmo.<\/strong><\/p>\n","protected":false},"featured_media":221503,"comment_status":"open","ping_status":"closed","template":"","meta":[],"pwb-brand":[3249],"product_brand":[],"product_cat":[3233,3186],"product_tag":[3668],"class_list":{"0":"post-325454","1":"product","2":"type-product","3":"status-publish","4":"has-post-thumbnail","6":"pwb-brand-zatvaraci-noz-crkt-delilahs-p-e-c-k-5520","7":"product_cat-zatvaracie-noze","8":"product_cat-noze-sk","9":"product_tag-b2b-sk","11":"first","12":"instock","13":"sale","14":"taxable","15":"shipping-taxable","16":"purchasable","17":"product-type-simple"},"brands":[{"id":3249,"name":"Zatv\u00e1rac\u00ed N\u00f4\u017e CRKT DELILAH'S P.E.C.K. 5520","slug":"zatvaraci-noz-crkt-delilahs-p-e-c-k-5520"}],"_links":{"self":[{"href":"https:\/\/www.moskito.cz\/sk\/wp-json\/wp\/v2\/product\/325454","targetHints":{"allow":["GET"]}}],"collection":[{"href":"https:\/\/www.moskito.cz\/sk\/wp-json\/wp\/v2\/product"}],"about":[{"href":"https:\/\/www.moskito.cz\/sk\/wp-json\/wp\/v2\/types\/product"}],"replies":[{"embeddable":true,"href":"https:\/\/www.moskito.cz\/sk\/wp-json\/wp\/v2\/comments?post=325454"}],"wp:featuredmedia":[{"embeddable":true,"href":"https:\/\/www.moskito.cz\/sk\/wp-json\/wp\/v2\/media\/221503"}],"wp:attachment":[{"href":"https:\/\/www.moskito.cz\/sk\/wp-json\/wp\/v2\/media?parent=325454"}],"wp:term":[{"taxonomy":"pwb-brand","embeddable":true,"href":"https:\/\/www.moskito.cz\/sk\/wp-json\/wp\/v2\/pwb-brand?post=325454"},{"taxonomy":"product_brand","embeddable":true,"href":"https:\/\/www.moskito.cz\/sk\/wp-json\/wp\/v2\/product_brand?post=325454"},{"taxonomy":"product_cat","embeddable":true,"href":"https:\/\/www.moskito.cz\/sk\/wp-json\/wp\/v2\/product_cat?post=325454"},{"taxonomy":"product_tag","embeddable":true,"href":"https:\/\/www.moskito.cz\/sk\/wp-json\/wp\/v2\/product_tag?post=325454"}],"curies":[{"name":"wp","href":"https:\/\/api.w.org\/{rel}","templated":true}]}}