{"id":325656,"date":"2022-09-08T21:22:49","date_gmt":"2024-04-05T09:42:48","guid":{"rendered":"https:\/\/www.moskito.cz\/produkt\/zatvaraci-noz-crkt-tuna-2520\/"},"modified":"2025-05-07T11:08:28","modified_gmt":"2025-05-07T10:08:28","slug":"zatvaraci-noz-crkt-tuna-2520","status":"publish","type":"product","link":"https:\/\/www.moskito.cz\/sk\/produkt\/zatvaraci-noz-crkt-tuna-2520\/","title":{"rendered":"Zatv\u00e1rac\u00ed N\u00f4\u017e CRKT TUNA 2520"},"content":{"rendered":"<div class=\"flex-1 overflow-hidden @container\/thread\">\n<div class=\"h-full\">\n<div class=\"react-scroll-to-bottom--css-vxybp-79elbk h-full\">\n<div class=\"react-scroll-to-bottom--css-vxybp-1n7m0yu\">\n<div class=\"flex flex-col text-sm\">\n<article class=\"w-full scroll-mb-[var(--thread-trailing-height,150px)] text-token-text-primary focus-visible:outline-2 focus-visible:outline-offset-[-4px]\" dir=\"auto\" data-testid=\"conversation-turn-161\" data-scroll-anchor=\"true\">\n<div class=\"m-auto text-base py-[18px] px-3 md:px-4 w-full md:px-5 lg:px-4 xl:px-5\">\n<div class=\"mx-auto flex flex-1 gap-4 text-base md:gap-5 lg:gap-6 md:max-w-3xl\">\n<div class=\"group\/conversation-turn relative flex w-full min-w-0 flex-col agent-turn\">\n<div class=\"flex-col gap-1 md:gap-3\">\n<div class=\"flex max-w-full flex-col flex-grow\">\n<div class=\"min-h-8 text-message flex w-full flex-col items-end gap-2 whitespace-normal break-words text-start [.text-message+&amp;]:mt-5\" dir=\"auto\" data-message-author-role=\"assistant\" data-message-id=\"e43aa1d9-bf93-4e77-bebd-c49e91292557\" data-message-model-slug=\"gpt-4o-mini\">\n<div class=\"flex w-full flex-col gap-1 empty:hidden first:pt-[3px]\">\n<div class=\"markdown prose w-full break-words dark:prose-invert light\">\n<p><strong>Zatv\u00e1rac\u00ed N\u00f4\u017e CRKT TUNA 2520<\/strong> je navrhnut\u00fd tak, aby kombinoval <strong>v\u00fdnimo\u010dn\u00fd v\u00fdkon<\/strong> , <strong>pevnos\u0165<\/strong> a <strong>\u0161t\u00fdlov\u00fd dizajn<\/strong> . S jeho <strong>silnou \u010depe\u013eou<\/strong> , <strong>ergonomickou rukov\u00e4\u0165ou<\/strong> a <strong>\u013eahk\u00fdm otv\u00e1ran\u00edm<\/strong> , je tento n\u00f4\u017e ide\u00e1lny pre ka\u017edodenn\u00e9 pou\u017eitie (EDC) aj pre n\u00e1ro\u010dnej\u0161ie \u00falohy. <\/p>\n<h3>K\u013e\u00fa\u010dov\u00e9 vlastnosti a v\u00fdhody:<\/h3>\n<ol>\n<li><strong>V\u00fdkonn\u00e1 \u010depe\u013e<\/strong> :\n<ul>\n<li><strong>D\u013a\u017eka \u010depele<\/strong> : 81,81 mm (3,22&#8243;) &#8211; Optim\u00e1lna ve\u013ekos\u0165 pre ka\u017edodenn\u00e9 \u00falohy, ako je rezanie obalov, kart\u00f3nov alebo povrazov.<\/li>\n<li><strong>Oce\u013e<\/strong> : <strong>8Cr14MoV<\/strong> &#8211; Tento materi\u00e1l je zn\u00e1my svojou <strong>odolnos\u0165ou proti opotrebeniu<\/strong> a <strong>dobrou udr\u017eate\u013enos\u0165ou ostrosti<\/strong> . Zais\u0165uje tie\u017e <strong>odpor vo\u010di kor\u00f3zii<\/strong> , \u010do je ide\u00e1lne pre ka\u017edodenn\u00e9 pou\u017e\u00edvanie. <\/li>\n<li><strong>Povrchov\u00e1 \u00faprava<\/strong> : <strong>Stonewash<\/strong> \u2013 Matn\u00fd vzh\u013ead s ve\u013emi n\u00edzkou vidite\u013enos\u0165ou na \u0161krabance a jednoduchou \u00fadr\u017ebou.<\/li>\n<\/ul>\n<\/li>\n<li><strong>R\u00fdchle otv\u00e1ranie<\/strong> :\n<ul>\n<li><strong>\u010cap pre palec<\/strong> umo\u017e\u0148uje <strong>r\u00fdchle a jednoduch\u00e9 otvorenie<\/strong> jednou rukou. V\u010faka tejto funkcii m\u00f4\u017eete n\u00f4\u017e otvori\u0165 v jedinom pohybe, \u010do zvy\u0161uje efektivitu pri pr\u00e1ci, ke\u010f m\u00e1te vo\u013en\u00fa iba jednu ruku. <\/li>\n<\/ul>\n<\/li>\n<li><strong>Robustn\u00fd z\u00e1mok r\u00e1mu<\/strong> :\n<ul>\n<li><strong>Z\u00e1mok r\u00e1mu<\/strong> s <strong>silnou z\u00e1vorou<\/strong> \u200b\u200bzais\u0165uje <strong>neuverite\u013en\u00fa stabilitu<\/strong> \u010depele pri pou\u017e\u00edvan\u00ed. Tento z\u00e1mok je ve\u013emi spo\u013eahliv\u00fd a bezpe\u010dn\u00fd, \u010do je ide\u00e1lne pre <strong>n\u00e1ro\u010dn\u00e9 \u00falohy<\/strong> . <\/li>\n<\/ul>\n<\/li>\n<li><strong>Ergonomick\u00e1 rukov\u00e4\u0165<\/strong> :\n<ul>\n<li><strong>Rukov\u00e4\u0165<\/strong> je vyroben\u00e1 z <strong>G10<\/strong> a <strong>nerezovej ocele<\/strong> , \u010do zais\u0165uje <strong>vysok\u00fa pri\u013enavos\u0165<\/strong> aj za n\u00e1ro\u010dn\u00fdch podmienok (mokr\u00e9 alebo klzk\u00e9 prostredie).<\/li>\n<li><strong>G10<\/strong> poskytuje pohodln\u00fd a bezpe\u010dn\u00fd \u00fachop, ktor\u00fd zost\u00e1va stabiln\u00fd aj pri intenz\u00edvnom pou\u017eit\u00ed.<\/li>\n<\/ul>\n<\/li>\n<li><strong>Kompaktn\u00fd a praktick\u00fd dizajn<\/strong> :\n<ul>\n<li><strong>Celkov\u00e1 d\u013a\u017eka<\/strong> : 195,28 mm (7,69&#8243;) \u2013 Kompaktn\u00e1 ve\u013ekos\u0165, ktor\u00e1 je dostato\u010dne ve\u013ek\u00e1 pre v\u00e4\u010d\u0161inu \u00faloh, ale pritom sa \u013eahko zmest\u00ed do vrecka.<\/li>\n<li><strong>Uzavret\u00e1 d\u013a\u017eka<\/strong> : 113,92 mm (4,49&#8243;) \u2013 Skvel\u00e9 na ka\u017edodenn\u00e9 nosenie, n\u00f4\u017e je dostato\u010dne mal\u00fd na to, aby nebr\u00e1nil pri nosen\u00ed, ale st\u00e1le poskytuje dostatok sily a v\u00fdkonu.<\/li>\n<li><strong>Hmotnos\u0165<\/strong> : 104,89 g (3,70 oz) \u2013 S touto hmotnos\u0165ou je n\u00f4\u017e <strong>dostato\u010dne pevn\u00fd<\/strong> pre pr\u00e1cu, ale z\u00e1rove\u0148 dos\u0165 \u013eahk\u00fd na pohodln\u00e9 nosenie cel\u00fd de\u0148.<\/li>\n<\/ul>\n<\/li>\n<\/ol>\n<h3>\u0160pecifik\u00e1cia:<\/h3>\n<ul>\n<li><strong>D\u013a\u017eka \u010depele<\/strong> : 81,81 mm (3,22&#8243;)<\/li>\n<li><strong>Ostrie \u010depele<\/strong> : Jednoduch\u00e9<\/li>\n<li><strong>Materi\u00e1l \u010depele<\/strong> : Oce\u013e 8Cr14MoV<\/li>\n<li><strong>Povrchov\u00e1 \u00faprava \u010depele<\/strong> : Stonewash<\/li>\n<li><strong>Hr\u00fabka \u010depele<\/strong> : 3,68 mm (0,15&#8243;)<\/li>\n<li><strong>Celkov\u00e1 d\u013a\u017eka<\/strong> : 195,28 mm (7,69&#8243;)<\/li>\n<li><strong>Uzavret\u00e1 d\u013a\u017eka<\/strong> : 113,92 mm (4,49&#8243;)<\/li>\n<li><strong>Hmotnos\u0165<\/strong> : 104,89 g (3,70 oz)<\/li>\n<li><strong>Rukov\u00e4\u0165<\/strong> : G10 | Nerezov\u00e1 oce\u013e<\/li>\n<li><strong>mechanizmus<\/strong> : Skladac\u00ed n\u00f4\u017e so z\u00e1mkom r\u00e1mu<\/li>\n<\/ul>\n<h3>Vhodn\u00e9 pou\u017eitie:<\/h3>\n<ul>\n<li><strong>Ka\u017edodenn\u00e9 nosenie (EDC)<\/strong> : V\u010faka <strong>r\u00fdchlemu otv\u00e1raniu<\/strong> a <strong>odolnosti<\/strong> je ide\u00e1lny pre be\u017en\u00e9 \u00falohy, ako je rezanie, otv\u00e1ranie bal\u00ed\u010dkov, alebo rozrez\u00e1vanie povrazov.<\/li>\n<li><strong>Outdoor a dobrodru\u017estvo<\/strong> : <strong>G10 rukov\u00e4\u0165<\/strong> poskytuje <strong>vysok\u00fa pri\u013enavos\u0165<\/strong> v n\u00e1ro\u010dn\u00fdch podmienkach a v\u010faka <strong>odolnej \u010depeli<\/strong> zvl\u00e1dne aj \u0165a\u017e\u0161ie \u00falohy, ako je spracovanie dreva alebo pr\u00edprava jedla.<\/li>\n<li><strong>Taktick\u00e9 pou\u017eitie<\/strong> : <strong>R\u00e1mov\u00fd z\u00e1mok<\/strong> a <strong>robustn\u00e1 \u010depe\u013e<\/strong> robia tento n\u00f4\u017e vhodn\u00fd pre taktick\u00e9 alebo sebaobrann\u00e9 scen\u00e1re.<\/li>\n<\/ul>\n<h3>Zhrnutie:<\/h3>\n<p><strong>CRKT Tuna 2520<\/strong> je vysoko funk\u010dn\u00fd a <strong>\u0161t\u00fdlov\u00fd zatv\u00e1rac\u00ed n\u00f4\u017e<\/strong> , ktor\u00fd sp\u00e1ja <strong>skvel\u00e9 vlastnosti<\/strong> pre ka\u017edodenn\u00e9 nosenie s <strong>vysok\u00fdm v\u00fdkonom<\/strong> a <strong>odolnos\u0165ou<\/strong> . V\u010faka <strong>rukov\u00e4ti z G10<\/strong> , <strong>r\u00e1m\u010dekov\u00e9mu z\u00e1mku<\/strong> , <strong>\u013eahk\u00e9mu otv\u00e1raniu<\/strong> a <strong>robustnej \u010depeli<\/strong> je ide\u00e1lnym n\u00e1strojom pre ka\u017ed\u00e9ho, kto h\u013ead\u00e1 <strong>spo\u013eahliv\u00fd<\/strong> a <strong>v\u0161estrann\u00fd n\u00f4\u017e<\/strong> pre ka\u017edodenn\u00e9 \u00falohy alebo outdoorov\u00e9 aktivity. <\/p>\n<\/div>\n<\/div>\n<\/div>\n<\/div>\n<div class=\"mb-2 flex gap-3 empty:hidden -ml-2\">\n<div class=\"items-center justify-start rounded-xl p-1 flex\">\n<div class=\"flex items-center\"><\/div>\n<\/div>\n<\/div>\n<\/div>\n<\/div>\n<\/div>\n<\/div>\n<\/article>\n<\/div>\n<\/div>\n<\/div>\n<\/div>\n<\/div>\n<div class=\"md:pt-0 dark:border-white\/20 md:border-transparent md:dark:border-transparent w-full\">\n<div>\n<div class=\"m-auto text-base px-3 md:px-4 w-full md:px-5 lg:px-4 xl:px-5\">\n<div class=\"mx-auto flex flex-1 gap-4 text-base md:gap-5 lg:gap-6 md:max-w-3xl\">\n<div class=\"flex justify-center\"><\/div>\n<\/div>\n<\/div>\n<\/div>\n<\/div>\n","protected":false},"excerpt":{"rendered":"<div class=\"flex-1 overflow-hidden @container\/thread\">\n<div class=\"h-full\">\n<div class=\"react-scroll-to-bottom--css-vxybp-79elbk h-full\">\n<div class=\"react-scroll-to-bottom--css-vxybp-1n7m0yu\">\n<div class=\"flex flex-col text-sm\">\n<article class=\"w-full scroll-mb-[var(--thread-trailing-height,150px)] text-token-text-primary focus-visible:outline-2 focus-visible:outline-offset-[-4px]\" dir=\"auto\" data-testid=\"conversation-turn-161\" data-scroll-anchor=\"true\">\n<div class=\"m-auto text-base py-[18px] px-3 md:px-4 w-full md:px-5 lg:px-4 xl:px-5\">\n<div class=\"mx-auto flex flex-1 gap-4 text-base md:gap-5 lg:gap-6 md:max-w-3xl\">\n<div class=\"group\/conversation-turn relative flex w-full min-w-0 flex-col agent-turn\">\n<div class=\"flex-col gap-1 md:gap-3\">\n<div class=\"flex max-w-full flex-col flex-grow\">\n<div class=\"min-h-8 text-message flex w-full flex-col items-end gap-2 whitespace-normal break-words text-start [.text-message+&amp;]:mt-5\" dir=\"auto\" data-message-author-role=\"assistant\" data-message-id=\"e43aa1d9-bf93-4e77-bebd-c49e91292557\" data-message-model-slug=\"gpt-4o-mini\">\n<div class=\"flex w-full flex-col gap-1 empty:hidden first:pt-[3px]\">\n<div class=\"markdown prose w-full break-words dark:prose-invert light\">\n<p><strong>CRKT Tuna 2520 je vysoko funk\u010dn\u00fd a \u0161t\u00fdlov\u00fd zatv\u00e1rac\u00ed n\u00f4\u017e, ktor\u00fd sp\u00e1ja skvel\u00e9 vlastnosti pre ka\u017edodenn\u00e9 nosenie s vysok\u00fdm v\u00fdkonom a odolnos\u0165ou. V\u010faka rukov\u00e4ti z G10, r\u00e1m\u010dekov\u00e9mu z\u00e1mku, \u013eahk\u00e9mu otv\u00e1raniu a robustnej \u010depeli je ide\u00e1lnym n\u00e1strojom pre ka\u017ed\u00e9ho, kto h\u013ead\u00e1 spo\u013eahliv\u00fd a v\u0161estrann\u00fd n\u00f4\u017e na ka\u017edodenn\u00e9 \u00falohy alebo outdoorov\u00e9 aktivity. <\/strong><\/p>\n<\/div>\n<\/div>\n<\/div>\n<\/div>\n<div class=\"mb-2 flex gap-3 empty:hidden -ml-2\">\n<div class=\"items-center justify-start rounded-xl p-1 flex\">\n<div class=\"flex items-center\"><\/div>\n<\/div>\n<\/div>\n<\/div>\n<\/div>\n<\/div>\n<\/div>\n<\/article>\n<\/div>\n<\/div>\n<\/div>\n<\/div>\n<\/div>\n<div class=\"md:pt-0 dark:border-white\/20 md:border-transparent md:dark:border-transparent w-full\">\n<div>\n<div class=\"m-auto text-base px-3 md:px-4 w-full md:px-5 lg:px-4 xl:px-5\">\n<div class=\"mx-auto flex flex-1 gap-4 text-base md:gap-5 lg:gap-6 md:max-w-3xl\">\n<div class=\"flex justify-center\"><\/div>\n<\/div>\n<\/div>\n<\/div>\n<\/div>\n","protected":false},"featured_media":224116,"comment_status":"open","ping_status":"closed","template":"","meta":[],"pwb-brand":[3249],"product_brand":[],"product_cat":[3233,3186],"product_tag":[3668],"class_list":{"0":"post-325656","1":"product","2":"type-product","3":"status-publish","4":"has-post-thumbnail","6":"pwb-brand-zatvaraci-noz-crkt-delilahs-p-e-c-k-5520","7":"product_cat-zatvaracie-noze","8":"product_cat-noze-sk","9":"product_tag-b2b-sk","11":"first","12":"instock","13":"sale","14":"taxable","15":"shipping-taxable","16":"purchasable","17":"product-type-simple"},"brands":[{"id":3249,"name":"Zatv\u00e1rac\u00ed N\u00f4\u017e CRKT DELILAH'S P.E.C.K. 5520","slug":"zatvaraci-noz-crkt-delilahs-p-e-c-k-5520"}],"_links":{"self":[{"href":"https:\/\/www.moskito.cz\/sk\/wp-json\/wp\/v2\/product\/325656","targetHints":{"allow":["GET"]}}],"collection":[{"href":"https:\/\/www.moskito.cz\/sk\/wp-json\/wp\/v2\/product"}],"about":[{"href":"https:\/\/www.moskito.cz\/sk\/wp-json\/wp\/v2\/types\/product"}],"replies":[{"embeddable":true,"href":"https:\/\/www.moskito.cz\/sk\/wp-json\/wp\/v2\/comments?post=325656"}],"wp:featuredmedia":[{"embeddable":true,"href":"https:\/\/www.moskito.cz\/sk\/wp-json\/wp\/v2\/media\/224116"}],"wp:attachment":[{"href":"https:\/\/www.moskito.cz\/sk\/wp-json\/wp\/v2\/media?parent=325656"}],"wp:term":[{"taxonomy":"pwb-brand","embeddable":true,"href":"https:\/\/www.moskito.cz\/sk\/wp-json\/wp\/v2\/pwb-brand?post=325656"},{"taxonomy":"product_brand","embeddable":true,"href":"https:\/\/www.moskito.cz\/sk\/wp-json\/wp\/v2\/product_brand?post=325656"},{"taxonomy":"product_cat","embeddable":true,"href":"https:\/\/www.moskito.cz\/sk\/wp-json\/wp\/v2\/product_cat?post=325656"},{"taxonomy":"product_tag","embeddable":true,"href":"https:\/\/www.moskito.cz\/sk\/wp-json\/wp\/v2\/product_tag?post=325656"}],"curies":[{"name":"wp","href":"https:\/\/api.w.org\/{rel}","templated":true}]}}