{"id":325666,"date":"2023-10-03T16:17:41","date_gmt":"2024-04-05T09:42:50","guid":{"rendered":"https:\/\/www.moskito.cz\/produkt\/zatvaraci-noz-crkt-kalbi-7540\/"},"modified":"2025-05-07T11:08:29","modified_gmt":"2025-05-07T10:08:29","slug":"zatvaraci-noz-crkt-kalbi-7540","status":"publish","type":"product","link":"https:\/\/www.moskito.cz\/sk\/produkt\/zatvaraci-noz-crkt-kalbi-7540\/","title":{"rendered":"Zatv\u00e1rac\u00ed N\u00f4\u017e CRKT Kalbi 7540"},"content":{"rendered":"<p>Zatv\u00e1rac\u00ed N\u00f4\u017e <strong>CRKT<\/strong> Kalbi 7540<\/p>\n<p>Ka\u017edodenn\u00e1 evol\u00facia.<\/p>\n<p>Kalbi, \u010dlen rodiny Crossbones, je v\u0161estrann\u00fd n\u00f4\u017e na ka\u017edodenn\u00e9 nosenie, ktor\u00fd bol vylep\u0161en\u00fd o japonsk\u00fa \u010depe\u013e Acuto 440 pre lep\u0161ie udr\u017eanie ostrie. Praktick\u00fd elegantn\u00fd dizajn Crossbones sa vracia, teraz s neprehliadnute\u013enou modrou hlin\u00edkovou rukov\u00e4\u0165ou, ktor\u00e1 tento n\u00f4\u017e odli\u0161uje ako nie\u010do v\u00fdnimo\u010dn\u00e9.<\/p>\n<p>Vylep\u0161en\u00fd v\u00fdkon: Acuto 440 dobre dr\u017e\u00ed hranu<br \/>\nHladk\u00e9 otv\u00e1ranie: \u010cap guli\u010dkov\u00e9ho lo\u017eiska IKBS\u2122 plynulo rozmiestni \u010depe\u013e<br \/>\nPevn\u00e1 a \u013eahk\u00e1: Hlin\u00edkov\u00e1 rukov\u00e4\u0165 kombinuje pevnos\u0165 s minim\u00e1lnou hmotnos\u0165ou<br \/>\nJednoduch\u00e9 zatv\u00e1ranie: Z\u00e1mok vlo\u017eky je mo\u017en\u00e9 \u013eahko zavrie\u0165 jednou rukou<br \/>\nN\u00edzky profil: Vreckov\u00fd klip zais\u0165uje bezpe\u010dn\u00e9 nosenie<br \/>\nMo\u017enosti pr\u00edslu\u0161enstva: Otvor pre \u0161n\u00farku pre k\u013e\u00fa\u010denku alebo pr\u00edvesok<\/p>\n<p>\u010cepe\u013e Steel Acuto 440<br \/>\nBlade Edge Plain<br \/>\nPovrchov\u00e1 \u00faprava \u010depele sat\u00e9n<\/p>\n<p>D\u013a\u017eka \u010depele: 8.33 cm<br \/>\nHr\u00fabka \u010depele: 0.26 cm<br \/>\nCelkov\u00e1 d\u013a\u017eka: 18.57 cm<br \/>\nD\u013a\u017eka v zatvorenom stave: 10.21 cm<br \/>\nHmotnos\u0165 : 56,70 g<\/p>\n<p>Materi\u00e1l rukov\u00e4te hlin\u00edk<br \/>\n\u0160t\u00fdlov\u00fd zatv\u00e1rac\u00ed n\u00f4\u017e s Liner Lock<\/p>\n<p><iframe title=\"CRKT Kalbi | Jeff Park Design\" width=\"800\" height=\"450\" src=\"https:\/\/www.youtube.com\/embed\/rBeyUWLRsMA?feature=oembed\" frameborder=\"0\" allow=\"accelerometer; autoplay; clipboard-write; encrypted-media; gyroscope; picture-in-picture; web-share\" referrerpolicy=\"strict-origin-when-cross-origin\" allowfullscreen><\/iframe><\/p>\n<p>&nbsp;<\/p>\n<p>&nbsp;<\/p>\n<p>&nbsp;<\/p>\n","protected":false},"excerpt":{"rendered":"<p><strong>DesignerJeff ParkMililani, Hawaii<\/strong><\/p>\n<p><strong>Jedn\u00e9ho osudn\u00e9ho d\u0148a v roku 2005 vo\u0161iel do obchodu Kena Oniona v Kaneohe na Havaji a nikdy neodi\u0161iel. No, to nie je tak \u00faplne pravda, ale ur\u010dite zap\u00f4sobil na v\u00fdrobcov no\u017eov svetovej triedy a po\u010das cesty sa nie\u010do alebo dve nau\u010dil. Jeff Park je typ \u010dloveka zameran\u00e9ho na detaily, a t\u00fdm mysl\u00edme, \u017ee je absol\u00fatny perfekcionista, \u010do sa prejavuje na jeho jednoduch\u00fdch, ale bezchybn\u00fdch designoch. Je to umelec v tom najz\u00e1kladnej\u0161om oh\u013eade: forma sleduje funkciu a jeho no\u017ee odr\u00e1\u017eaj\u00fa pozoruhodn\u00e9 porozumenie obojemu.<\/strong><\/p>\n<p>&nbsp;<\/p>\n","protected":false},"featured_media":257215,"comment_status":"open","ping_status":"closed","template":"","meta":[],"pwb-brand":[3249],"product_brand":[],"product_cat":[3233,3186],"product_tag":[3668],"class_list":{"0":"post-325666","1":"product","2":"type-product","3":"status-publish","4":"has-post-thumbnail","6":"pwb-brand-zatvaraci-noz-crkt-delilahs-p-e-c-k-5520","7":"product_cat-zatvaracie-noze","8":"product_cat-noze-sk","9":"product_tag-b2b-sk","11":"first","12":"instock","13":"taxable","14":"shipping-taxable","15":"purchasable","16":"product-type-simple"},"brands":[{"id":3249,"name":"Zatv\u00e1rac\u00ed N\u00f4\u017e CRKT DELILAH'S P.E.C.K. 5520","slug":"zatvaraci-noz-crkt-delilahs-p-e-c-k-5520"}],"_links":{"self":[{"href":"https:\/\/www.moskito.cz\/sk\/wp-json\/wp\/v2\/product\/325666","targetHints":{"allow":["GET"]}}],"collection":[{"href":"https:\/\/www.moskito.cz\/sk\/wp-json\/wp\/v2\/product"}],"about":[{"href":"https:\/\/www.moskito.cz\/sk\/wp-json\/wp\/v2\/types\/product"}],"replies":[{"embeddable":true,"href":"https:\/\/www.moskito.cz\/sk\/wp-json\/wp\/v2\/comments?post=325666"}],"wp:featuredmedia":[{"embeddable":true,"href":"https:\/\/www.moskito.cz\/sk\/wp-json\/wp\/v2\/media\/257215"}],"wp:attachment":[{"href":"https:\/\/www.moskito.cz\/sk\/wp-json\/wp\/v2\/media?parent=325666"}],"wp:term":[{"taxonomy":"pwb-brand","embeddable":true,"href":"https:\/\/www.moskito.cz\/sk\/wp-json\/wp\/v2\/pwb-brand?post=325666"},{"taxonomy":"product_brand","embeddable":true,"href":"https:\/\/www.moskito.cz\/sk\/wp-json\/wp\/v2\/product_brand?post=325666"},{"taxonomy":"product_cat","embeddable":true,"href":"https:\/\/www.moskito.cz\/sk\/wp-json\/wp\/v2\/product_cat?post=325666"},{"taxonomy":"product_tag","embeddable":true,"href":"https:\/\/www.moskito.cz\/sk\/wp-json\/wp\/v2\/product_tag?post=325666"}],"curies":[{"name":"wp","href":"https:\/\/api.w.org\/{rel}","templated":true}]}}