{"id":325728,"date":"2022-09-26T19:44:46","date_gmt":"2024-04-05T09:47:11","guid":{"rendered":"https:\/\/www.moskito.cz\/produkt\/zatvaraci-noz-crkt-fossil-compact-5460\/"},"modified":"2025-05-07T11:08:30","modified_gmt":"2025-05-07T10:08:30","slug":"zatvaraci-noz-crkt-fossil-compact-5460","status":"publish","type":"product","link":"https:\/\/www.moskito.cz\/sk\/produkt\/zatvaraci-noz-crkt-fossil-compact-5460\/","title":{"rendered":"Zatv\u00e1rac\u00ed N\u00f4\u017e CRKT FOSSIL COMPACT 5460"},"content":{"rendered":"<p>Zatv\u00e1rac\u00ed N\u00f4\u017e <strong>CRKT<\/strong> FOSSIL COMPACT 5460.<\/p>\n<p>V\u0161etky va\u0161e ostatn\u00e9 \u0161t\u00fdlov\u00e9 no\u017ee zanikn\u00fa.<\/p>\n<p>Je to n\u00f4\u017e, ktor\u00fd sa vracia do inej \u00e9ry. Ale s tepanou dvojfarebnou rukov\u00e4\u0165ou a syst\u00e9mom \u010dapov s guli\u010dkov\u00fdmi lo\u017eiskami IKBS\u2122 tento nikdy nezostarne \u2013 najm\u00e4 pokia\u013e ide o rezanie.<\/p>\n<p>Fossil\u2122 kombinuje to najlep\u0161ie od dizajn\u00e9ra Flavia Ikomu z Presidente Prudente, Braz\u00edlia. So stylingov\u00fdmi prvkami, ktor\u00e9 na\u0161iel na jeho predch\u00e1dzaj\u00facich modeloch Sampa\u2122 a Carajas\u2122, zvy\u0161uje umeleck\u00fd vkus a vytv\u00e1ra kus, ktor\u00fd je jednozna\u010dne Ikoma, a napriek tomu v\u00fdrazne nov\u00fd druh EDC skladac\u00edch dosiek.<\/p>\n<p>N\u00f4\u017e m\u00e1 jedine\u010dn\u00fd, prehistorick\u00fd vzh\u013ead. Ale prech\u00e1dza pr\u00e1cou ako T-rex na steroidoch z nerezovej ocele v\u010faka 3,410\u201d dutej \u010depeli s padac\u00edm hrotom.<\/p>\n<p>Jedine\u010dne vyzeraj\u00faci vreckov\u00fd n\u00f4\u017e je vybaven\u00fd syst\u00e9mom \u010dapu s guli\u010dkov\u00fdm lo\u017eiskom IKBS\u2122 v kombin\u00e1cii s otv\u00e1rac\u00edm flipperom pre plynul\u00e9 a r\u00fdchle nasadenie \u010depele. V\u00fdrez pre palec v \u010depeli v\u00e1m d\u00e1va druh\u00fa mo\u017enos\u0165 otvorenia no\u017ea. Plutva sa tie\u017e premen\u00ed na poh\u013eadn\u00fd chr\u00e1ni\u010d prstov, ke\u010f je \u010depe\u013e otvoren\u00e1. V oddelen\u00ed funkci\u00ed je to pre\u017eitie najschopnej\u0161\u00edch.<\/p>\n<p>Zatia\u013e \u010do Fossil\u2122 je zvn\u00fatra hardcore, zvonku je n\u00e1dhern\u00fd. Rukov\u00e4te s\u00fa vyroben\u00e9 z nerezovej ocele s unik\u00e1tnym tepan\u00fdm povrchom. V\u010faka tvarovan\u00fdm viacfarebn\u00fdm prekryvom rukov\u00e4te G10 vyzer\u00e1 ako alig\u00e1tor. \u010cepe\u013e ale v otvorenej polohe nespadne a nehryzne v\u00e1s v\u010faka z\u00e1mku r\u00e1mu.<\/p>\n<p>\u0160PECIFIK\u00c1CIA<br \/>\nD\u013a\u017eka \u010depele 3,41&#8243; (86,61 mm)<br \/>\nOstrie \u010depele Prost\u00fd<br \/>\n\u010cepe\u013e oce\u013e 8Cr13MoV<br \/>\nPovrchov\u00e1 \u00faprava \u010depele Sat\u00e9n<br \/>\nHr\u00fabka \u010depele 0,11&#8243; (2,79 mm)<br \/>\nCelkov\u00e1 d\u013a\u017eka 7,69&#8243; (195,33 mm)<br \/>\nUzavret\u00e1 d\u013a\u017eka 4,31&#8243; (109,47 mm)<br \/>\nHmotnos\u0165 4,10 unca (116,23 g)<br \/>\nRukov\u00e4\u0165 Nerezov\u00e1 oce\u013e s prekryt\u00edm G10<br \/>\n\u0160t\u00fdl Skladac\u00ed n\u00f4\u017e so z\u00e1mkom r\u00e1mu<\/p>\n<p><iframe title=\"CRKT Fossil Knife Overview | by Flavio Ikoma\" width=\"800\" height=\"450\" src=\"https:\/\/www.youtube.com\/embed\/jWzo_Ikvh0g?feature=oembed\" frameborder=\"0\" allow=\"accelerometer; autoplay; clipboard-write; encrypted-media; gyroscope; picture-in-picture; web-share\" referrerpolicy=\"strict-origin-when-cross-origin\" allowfullscreen><\/iframe><\/p>\n<p>&nbsp;<\/p>\n<p>&nbsp;<\/p>\n","protected":false},"excerpt":{"rendered":"<p>Navrhol Flavio Ikoma v Presidente Prudente, Braz\u00edlia.<\/p>\n","protected":false},"featured_media":225940,"comment_status":"open","ping_status":"closed","template":"","meta":[],"pwb-brand":[3249],"product_brand":[],"product_cat":[3233,3186],"product_tag":[3668],"class_list":{"0":"post-325728","1":"product","2":"type-product","3":"status-publish","4":"has-post-thumbnail","6":"pwb-brand-zatvaraci-noz-crkt-delilahs-p-e-c-k-5520","7":"product_cat-zatvaracie-noze","8":"product_cat-noze-sk","9":"product_tag-b2b-sk","11":"first","12":"instock","13":"taxable","14":"shipping-taxable","15":"purchasable","16":"product-type-simple"},"brands":[{"id":3249,"name":"Zatv\u00e1rac\u00ed N\u00f4\u017e CRKT DELILAH'S P.E.C.K. 5520","slug":"zatvaraci-noz-crkt-delilahs-p-e-c-k-5520"}],"_links":{"self":[{"href":"https:\/\/www.moskito.cz\/sk\/wp-json\/wp\/v2\/product\/325728","targetHints":{"allow":["GET"]}}],"collection":[{"href":"https:\/\/www.moskito.cz\/sk\/wp-json\/wp\/v2\/product"}],"about":[{"href":"https:\/\/www.moskito.cz\/sk\/wp-json\/wp\/v2\/types\/product"}],"replies":[{"embeddable":true,"href":"https:\/\/www.moskito.cz\/sk\/wp-json\/wp\/v2\/comments?post=325728"}],"wp:featuredmedia":[{"embeddable":true,"href":"https:\/\/www.moskito.cz\/sk\/wp-json\/wp\/v2\/media\/225940"}],"wp:attachment":[{"href":"https:\/\/www.moskito.cz\/sk\/wp-json\/wp\/v2\/media?parent=325728"}],"wp:term":[{"taxonomy":"pwb-brand","embeddable":true,"href":"https:\/\/www.moskito.cz\/sk\/wp-json\/wp\/v2\/pwb-brand?post=325728"},{"taxonomy":"product_brand","embeddable":true,"href":"https:\/\/www.moskito.cz\/sk\/wp-json\/wp\/v2\/product_brand?post=325728"},{"taxonomy":"product_cat","embeddable":true,"href":"https:\/\/www.moskito.cz\/sk\/wp-json\/wp\/v2\/product_cat?post=325728"},{"taxonomy":"product_tag","embeddable":true,"href":"https:\/\/www.moskito.cz\/sk\/wp-json\/wp\/v2\/product_tag?post=325728"}],"curies":[{"name":"wp","href":"https:\/\/api.w.org\/{rel}","templated":true}]}}