{"id":325832,"date":"2022-08-19T21:32:42","date_gmt":"2024-04-05T09:56:21","guid":{"rendered":"https:\/\/www.moskito.cz\/produkt\/zatvaraci-noz-crkt-squid-assisted-2492\/"},"modified":"2025-05-07T11:08:31","modified_gmt":"2025-05-07T10:08:31","slug":"zatvaraci-noz-crkt-squid-assisted-2492","status":"publish","type":"product","link":"https:\/\/www.moskito.cz\/sk\/produkt\/zatvaraci-noz-crkt-squid-assisted-2492\/","title":{"rendered":"Zatv\u00e1rac\u00ed N\u00f4\u017e CRKT SQUID ASSISTED 2492"},"content":{"rendered":"<p>Zatv\u00e1rac\u00ed N\u00f4\u017e <strong>CRKT<\/strong> SQUID ASSISTED 2492.<\/p>\n<p><b>It&#8217;s a pi\u0161to\u013e of a knife: it obliterates tasks.<\/b><\/p>\n<p>Tento n\u00f4\u017e na ka\u017edodenn\u00e9 nosenie navrhnut\u00fd Lucasom Burnleyom je kompaktn\u00e9ho vzrastu, ale v oddelen\u00ed funkci\u00ed zahreje. Dod\u00e1va sa s r\u00e1mov\u00fdm z\u00e1mkom pre bezpe\u010dnos\u0165 a asistovan\u00fdm otv\u00e1ran\u00edm pre super r\u00fdchle nasadenie. D\u00e1vajte pozor, kam to namierite.<br \/>\nAsistovan\u00e9 otv\u00e1ranie: Flipper r\u00fdchlo rozvinie \u010depe\u013e<br \/>\nHladk\u00e9 otv\u00e1ranie: \u010cap guli\u010dkov\u00e9ho lo\u017eiska IKBS\u2122 plynulo rozmiestni \u010depe\u013e<br \/>\nJednoduch\u00e9 ostrenie: \u010cepe\u013e z vysoko uhl\u00edkovej nerezovej ocele dobre zaber\u00e1 ostrie<br \/>\nMaxim\u00e1lna kontrola: Na trec\u00edch dr\u00e1\u017ekach \u010depele pre uchopenie<br \/>\nMaxim\u00e1lna odolnos\u0165: Rukov\u00e4\u0165 z nerezovej ocele vydr\u017e\u00ed n\u00e1ro\u010dn\u00e9 pou\u017e\u00edvanie<br \/>\nN\u00edzky profil: Vreckov\u00fd klip zais\u0165uje bezpe\u010dn\u00e9 nosenie<br \/>\nMo\u017enosti pr\u00edslu\u0161enstva: Otvor pre \u0161n\u00farku pre k\u013e\u00fa\u010denku alebo pr\u00edvesok<\/p>\n<p>\u0160PECIFIK\u00c1CIA<br \/>\nD\u013a\u017eka \u010depele 2,37&#8243; (60,20 mm)<br \/>\nOstrie \u010depele Prost\u00fd<br \/>\n\u010cepe\u013e oce\u013e 8Cr14MoV<br \/>\nPovrchov\u00e1 \u00faprava \u010depele Odstrel kor\u00e1likov<br \/>\nHr\u00fabka \u010depele 0,11&#8243; (2,69 mm)<br \/>\nCelkov\u00e1 d\u013a\u017eka 5,94&#8243; (150,83 mm)<br \/>\nUzavret\u00e1 d\u013a\u017eka 3,59&#8243; (91,14 mm)<br \/>\nHmotnos\u0165 3,70 oz (104,89 g)<br \/>\nRukov\u00e4\u0165 Nerezov\u00e1 oce\u013e<br \/>\n\u0160t\u00fdl Asistovan\u00fd skladac\u00ed n\u00f4\u017e so z\u00e1mkom r\u00e1mu<\/p>\n","protected":false},"excerpt":{"rendered":"<p>Navrhol Lucas Burnley v Bend, Oregon.<\/p>\n","protected":false},"featured_media":221475,"comment_status":"open","ping_status":"closed","template":"","meta":[],"pwb-brand":[3249],"product_brand":[],"product_cat":[3186,3233],"product_tag":[3668],"class_list":{"0":"post-325832","1":"product","2":"type-product","3":"status-publish","4":"has-post-thumbnail","6":"pwb-brand-zatvaraci-noz-crkt-delilahs-p-e-c-k-5520","7":"product_cat-noze-sk","8":"product_cat-zatvaracie-noze","9":"product_tag-b2b-sk","11":"first","12":"outofstock","13":"taxable","14":"shipping-taxable","15":"purchasable","16":"product-type-simple"},"brands":[{"id":3249,"name":"Zatv\u00e1rac\u00ed N\u00f4\u017e CRKT DELILAH'S P.E.C.K. 5520","slug":"zatvaraci-noz-crkt-delilahs-p-e-c-k-5520"}],"_links":{"self":[{"href":"https:\/\/www.moskito.cz\/sk\/wp-json\/wp\/v2\/product\/325832","targetHints":{"allow":["GET"]}}],"collection":[{"href":"https:\/\/www.moskito.cz\/sk\/wp-json\/wp\/v2\/product"}],"about":[{"href":"https:\/\/www.moskito.cz\/sk\/wp-json\/wp\/v2\/types\/product"}],"replies":[{"embeddable":true,"href":"https:\/\/www.moskito.cz\/sk\/wp-json\/wp\/v2\/comments?post=325832"}],"wp:featuredmedia":[{"embeddable":true,"href":"https:\/\/www.moskito.cz\/sk\/wp-json\/wp\/v2\/media\/221475"}],"wp:attachment":[{"href":"https:\/\/www.moskito.cz\/sk\/wp-json\/wp\/v2\/media?parent=325832"}],"wp:term":[{"taxonomy":"pwb-brand","embeddable":true,"href":"https:\/\/www.moskito.cz\/sk\/wp-json\/wp\/v2\/pwb-brand?post=325832"},{"taxonomy":"product_brand","embeddable":true,"href":"https:\/\/www.moskito.cz\/sk\/wp-json\/wp\/v2\/product_brand?post=325832"},{"taxonomy":"product_cat","embeddable":true,"href":"https:\/\/www.moskito.cz\/sk\/wp-json\/wp\/v2\/product_cat?post=325832"},{"taxonomy":"product_tag","embeddable":true,"href":"https:\/\/www.moskito.cz\/sk\/wp-json\/wp\/v2\/product_tag?post=325832"}],"curies":[{"name":"wp","href":"https:\/\/api.w.org\/{rel}","templated":true}]}}