{"id":325905,"date":"2022-08-17T21:12:56","date_gmt":"2024-04-05T11:20:38","guid":{"rendered":"https:\/\/www.moskito.cz\/produkt\/zatvaraci-noz-crkt-m21-12g\/"},"modified":"2025-05-07T11:08:33","modified_gmt":"2025-05-07T10:08:33","slug":"zatvaraci-noz-crkt-m21-12g","status":"publish","type":"product","link":"https:\/\/www.moskito.cz\/sk\/produkt\/zatvaraci-noz-crkt-m21-12g\/","title":{"rendered":"Zatv\u00e1rac\u00ed N\u00f4\u017e CRKT M21-12G"},"content":{"rendered":"<p>Zatv\u00e1rac\u00ed N\u00f4\u017e <strong>CRKT<\/strong> M21-12G.<\/p>\n<p>Za\u010dalo to ako viano\u010dn\u00fd zoznam prian\u00ed.<\/p>\n<p>\u010co keby sme mohli postavi\u0165 rad M21\u2122 od Kit Carson presne tak, ako by to urobil z\u00e1kazkov\u00fd v\u00fdrobca no\u017eov: s G10 a kon\u0161trukciou InterFrame z nerezovej ocele a pr\u00e9miovou \u010depe\u013eou z nerezovej ocele potiahnutou nitridom tit\u00e1nu? \u010co keby sme to mohli prinies\u0165 za ve\u013emi konkurencieschopn\u00fa cenu? Rovnako ako die\u0165a na \u0160tedr\u00fd de\u0148 sme dostali v\u0161etko, \u010do sme chceli. A m\u00f4\u017eete tie\u017e.<br \/>\nAutomatick\u00e1 bezpe\u010dnos\u0165 vlo\u017eky<br \/>\nCarson Flipper Opening<br \/>\nVeff Serrations\u2122<\/p>\n<p>\u0160PECIFIK\u00c1CIA<br \/>\nD\u013a\u017eka \u010depele 3,11&#8243; (79,10 mm)<br \/>\nOstrie \u010depele Veff Serrations\u2122<br \/>\n\u010cepe\u013e oce\u013e 1,4116<br \/>\nPovrchov\u00e1 \u00faprava \u010depele Tefl\u00f3nov\u00fd povlak<br \/>\nHr\u00fabka \u010depele 0,12&#8243; (3,00 mm)<br \/>\nCelkov\u00e1 d\u013a\u017eka 7,38&#8243; (187,33 mm)<br \/>\nUzavret\u00e1 d\u013a\u017eka 4,24&#8243; (107,67 mm)<br \/>\nHmotnos\u0165 3,70 oz (104,89 g)<br \/>\nRukov\u00e4\u0165 G10<br \/>\n\u0160t\u00fdl Skladac\u00ed n\u00f4\u017e so z\u00e1mkom Liner<\/p>\n","protected":false},"excerpt":{"rendered":"<p>Navrhol Kit Carson vo Vine Grove, Kentucky.<\/p>\n","protected":false},"featured_media":221008,"comment_status":"open","ping_status":"closed","template":"","meta":[],"pwb-brand":[3249],"product_brand":[],"product_cat":[3233,3186],"product_tag":[3668],"class_list":{"0":"post-325905","1":"product","2":"type-product","3":"status-publish","4":"has-post-thumbnail","6":"pwb-brand-zatvaraci-noz-crkt-delilahs-p-e-c-k-5520","7":"product_cat-zatvaracie-noze","8":"product_cat-noze-sk","9":"product_tag-b2b-sk","11":"first","12":"outofstock","13":"sale","14":"taxable","15":"shipping-taxable","16":"purchasable","17":"product-type-simple"},"brands":[{"id":3249,"name":"Zatv\u00e1rac\u00ed N\u00f4\u017e CRKT DELILAH'S P.E.C.K. 5520","slug":"zatvaraci-noz-crkt-delilahs-p-e-c-k-5520"}],"_links":{"self":[{"href":"https:\/\/www.moskito.cz\/sk\/wp-json\/wp\/v2\/product\/325905","targetHints":{"allow":["GET"]}}],"collection":[{"href":"https:\/\/www.moskito.cz\/sk\/wp-json\/wp\/v2\/product"}],"about":[{"href":"https:\/\/www.moskito.cz\/sk\/wp-json\/wp\/v2\/types\/product"}],"replies":[{"embeddable":true,"href":"https:\/\/www.moskito.cz\/sk\/wp-json\/wp\/v2\/comments?post=325905"}],"wp:featuredmedia":[{"embeddable":true,"href":"https:\/\/www.moskito.cz\/sk\/wp-json\/wp\/v2\/media\/221008"}],"wp:attachment":[{"href":"https:\/\/www.moskito.cz\/sk\/wp-json\/wp\/v2\/media?parent=325905"}],"wp:term":[{"taxonomy":"pwb-brand","embeddable":true,"href":"https:\/\/www.moskito.cz\/sk\/wp-json\/wp\/v2\/pwb-brand?post=325905"},{"taxonomy":"product_brand","embeddable":true,"href":"https:\/\/www.moskito.cz\/sk\/wp-json\/wp\/v2\/product_brand?post=325905"},{"taxonomy":"product_cat","embeddable":true,"href":"https:\/\/www.moskito.cz\/sk\/wp-json\/wp\/v2\/product_cat?post=325905"},{"taxonomy":"product_tag","embeddable":true,"href":"https:\/\/www.moskito.cz\/sk\/wp-json\/wp\/v2\/product_tag?post=325905"}],"curies":[{"name":"wp","href":"https:\/\/api.w.org\/{rel}","templated":true}]}}