{"id":325973,"date":"2021-07-31T19:49:52","date_gmt":"2021-07-31T18:49:52","guid":{"rendered":"https:\/\/www.moskito.cz\/produkt\/zatvaraci-noz-crkt-pilar\/"},"modified":"2025-05-07T11:08:35","modified_gmt":"2025-05-07T10:08:35","slug":"zatvaraci-noz-crkt-pilar","status":"publish","type":"product","link":"https:\/\/www.moskito.cz\/sk\/produkt\/zatvaraci-noz-crkt-pilar\/","title":{"rendered":"Zatv\u00e1rac\u00ed N\u00f4\u017e CRKT PILAR"},"content":{"rendered":"<p>Zatv\u00e1rac\u00ed N\u00f4\u017e <strong>CRKT<\/strong> PILAR.<\/p>\n<p>Navrhol Jesper Voxnaes v Loegstrup, D\u00e1nsko<br \/>\nKde minim\u00e1lny dizajn sp\u013a\u0148a maxim\u00e1lny \u00fa\u017eitok.<\/p>\n<p>Pilar\u00ae je super kompaktn\u00fd n\u00f4\u017e na ka\u017edodenn\u00e9 nosenie s v\u00fdrazn\u00fdm minimalistick\u00fdm dizajnom a epick\u00fdm pr\u00edbehom za svojim n\u00e1zvom. Je n\u00edzkoprofilov\u00fd a podhodnoten\u00fd, ke\u010f je zastr\u010den\u00fd, a starostlivo navrhnut\u00fd tak, aby pri pou\u017eit\u00ed vyrazil nad jeho hmotnos\u0165.<br \/>\nNasadenie \u010depele na palec<br \/>\nPovrchov\u00e1 \u00faprava sat\u00e9nov\u00e1 \u010depe\u013e<br \/>\nPovrchov\u00e1 \u00faprava rukov\u00e4te<\/p>\n<p>\u0160PECIFIK\u00c1CIA<br \/>\nD\u013a\u017eka \u010depele 2,40&#8243; (61,01 mm)<br \/>\nBlade Edge Oby\u010dajn\u00fd<br \/>\n\u010cepe\u013e oce\u013e 8Cr13MoV<br \/>\nDokon\u010denie \u010depele Sat\u00e9n<br \/>\nHr\u00fabka \u010depele 0,68 palcov (3,68 mm)<br \/>\nCelkov\u00e1 d\u013a\u017eka 5,94 &#8222;(150,83 mm)<br \/>\nZatvoren\u00e1 d\u013a\u017eka 3,53 palca (89,66 mm)<br \/>\nHmotnos\u0165 4,20 oz. (119,07 g)<br \/>\nRukov\u00e4\u0165 Nerezov\u00e1 oce\u013e<br \/>\n\u0160t\u00fdl Skladac\u00ed n\u00f4\u017e s r\u00e1mov\u00fdm z\u00e1mkom<\/p>\n<p><strong>CRKT\u00ae<\/strong> (Columbia River Knife and Tool\u00ae) bol zalo\u017een\u00fd v roku 1994. Od prv\u00e9ho d\u0148a kladie na prv\u00e9 miesto inov\u00e1ciu a integritu. Zaviazal sa vyr\u00e1ba\u0165 no\u017ee a n\u00e1stroje, ktor\u00e9 by in\u0161pirovali a vydr\u017eali. Spolupracuje s najlep\u0161\u00edmi dizajn\u00e9rmi na svete a pracuje na jednoduchom princ\u00edpe: \u017ee najv\u00e4\u010d\u0161ia vec, ktor\u00fa m\u00f4\u017ee z\u00e1kazn\u00edkom da\u0165, je d\u00f4vera v ruk\u00e1ch.<\/p>\n","protected":false},"excerpt":{"rendered":"<p>Zatv\u00e1rac\u00ed n\u00f4\u017e s poistkou a klipom na nosenie.<\/p>\n","protected":false},"featured_media":201497,"comment_status":"open","ping_status":"closed","template":"","meta":[],"pwb-brand":[3249],"product_brand":[],"product_cat":[3233,3186],"product_tag":[3668],"class_list":{"0":"post-325973","1":"product","2":"type-product","3":"status-publish","4":"has-post-thumbnail","6":"pwb-brand-zatvaraci-noz-crkt-delilahs-p-e-c-k-5520","7":"product_cat-zatvaracie-noze","8":"product_cat-noze-sk","9":"product_tag-b2b-sk","11":"first","12":"outofstock","13":"taxable","14":"shipping-taxable","15":"purchasable","16":"product-type-simple"},"brands":[{"id":3249,"name":"Zatv\u00e1rac\u00ed N\u00f4\u017e CRKT DELILAH'S P.E.C.K. 5520","slug":"zatvaraci-noz-crkt-delilahs-p-e-c-k-5520"}],"_links":{"self":[{"href":"https:\/\/www.moskito.cz\/sk\/wp-json\/wp\/v2\/product\/325973","targetHints":{"allow":["GET"]}}],"collection":[{"href":"https:\/\/www.moskito.cz\/sk\/wp-json\/wp\/v2\/product"}],"about":[{"href":"https:\/\/www.moskito.cz\/sk\/wp-json\/wp\/v2\/types\/product"}],"replies":[{"embeddable":true,"href":"https:\/\/www.moskito.cz\/sk\/wp-json\/wp\/v2\/comments?post=325973"}],"wp:featuredmedia":[{"embeddable":true,"href":"https:\/\/www.moskito.cz\/sk\/wp-json\/wp\/v2\/media\/201497"}],"wp:attachment":[{"href":"https:\/\/www.moskito.cz\/sk\/wp-json\/wp\/v2\/media?parent=325973"}],"wp:term":[{"taxonomy":"pwb-brand","embeddable":true,"href":"https:\/\/www.moskito.cz\/sk\/wp-json\/wp\/v2\/pwb-brand?post=325973"},{"taxonomy":"product_brand","embeddable":true,"href":"https:\/\/www.moskito.cz\/sk\/wp-json\/wp\/v2\/product_brand?post=325973"},{"taxonomy":"product_cat","embeddable":true,"href":"https:\/\/www.moskito.cz\/sk\/wp-json\/wp\/v2\/product_cat?post=325973"},{"taxonomy":"product_tag","embeddable":true,"href":"https:\/\/www.moskito.cz\/sk\/wp-json\/wp\/v2\/product_tag?post=325973"}],"curies":[{"name":"wp","href":"https:\/\/api.w.org\/{rel}","templated":true}]}}