{"id":325974,"date":"2022-08-15T20:19:10","date_gmt":"2024-04-05T11:32:05","guid":{"rendered":"https:\/\/www.moskito.cz\/produkt\/zatvaraci-noz-crkt-squid-black-with-d2-blade-steel-2490ks\/"},"modified":"2025-05-07T11:08:35","modified_gmt":"2025-05-07T10:08:35","slug":"zatvaraci-noz-crkt-squid-black-with-d2-blade-steel-2490ks","status":"publish","type":"product","link":"https:\/\/www.moskito.cz\/sk\/produkt\/zatvaraci-noz-crkt-squid-black-with-d2-blade-steel-2490ks\/","title":{"rendered":"Zatv\u00e1rac\u00ed n\u00f4\u017e CRKT SQUID BLACK WITH D2 BLADE STEEL 2490KS"},"content":{"rendered":"<p>Zatv\u00e1rac\u00ed n\u00f4\u017e <strong>CRKT<\/strong> SQUID BLACK WITH D2 BLADE STEEL 2490KS<\/p>\n<p>Tento n\u00f4\u017e na ka\u017edodenn\u00e9 nosenie navrhnut\u00fd spolo\u010dnos\u0165ou Burnley, ktor\u00fd je exkluz\u00edvne dostupn\u00fd pre CRKT.com, je kompaktn\u00e9ho vzrastu, ale v oddelen\u00ed funkci\u00ed zahreje.<\/p>\n<p>Tento n\u00f4\u017e je dod\u00e1van\u00fd so stup\u0148ovitou \u010depe\u013eou z ocele D2, rukov\u00e4\u0165ou v \u010diernom preveden\u00ed Stonewash, z\u00e1mkom r\u00e1mu pre bezpe\u010dnos\u0165 a trec\u00edmi dr\u00e1\u017ekami na \u010depeli drop point na bezpe\u010dn\u00e9 uchopenie. D\u00e1vajte pozor, kam to namierite.<br \/>\nExkluz\u00edvne pre CRKT.com<br \/>\nOce\u013e D2 s povrchovou \u00fapravou Black Stonewash<br \/>\nZ\u00e1mok r\u00e1mu<br \/>\nRukov\u00e4te z nerezovej ocele<br \/>\nN\u00edzkoprofilov\u00fd vreckov\u00fd klip<br \/>\nOtvor pre \u0161n\u00farku pre \u010fal\u0161iu k\u013e\u00fa\u010denku alebo pr\u00edvesok<\/p>\n<p>\u0160PECIFIK\u00c1CIA<br \/>\nD\u013a\u017eka \u010depele 2,16&#8243; (54,76 mm)<br \/>\nOstrie \u010depele Prost\u00fd<br \/>\n\u010cepe\u013e oce\u013e D2<br \/>\nPovrchov\u00e1 \u00faprava \u010depele Stonewash<br \/>\nHr\u00fabka \u010depele 0,11&#8243; (2,79 mm)<br \/>\nCelkov\u00e1 d\u013a\u017eka 5,70&#8243; (144,81 mm)<br \/>\nUzavret\u00e1 d\u013a\u017eka 4,49&#8243; (114,05 mm)<br \/>\nHmotnos\u0165 3,50 oz (99,22 g)<br \/>\nRukov\u00e4\u0165 Nerezov\u00e1 oce\u013e<br \/>\n\u0160t\u00fdl Skladac\u00ed n\u00f4\u017e so z\u00e1mkom r\u00e1mu<\/p>\n<p><iframe title=\"CRKT Squid Knife | by Lucas Burnley\" width=\"800\" height=\"450\" src=\"https:\/\/www.youtube.com\/embed\/sBalyySsT7c?feature=oembed\" frameborder=\"0\" allow=\"accelerometer; autoplay; clipboard-write; encrypted-media; gyroscope; picture-in-picture; web-share\" referrerpolicy=\"strict-origin-when-cross-origin\" allowfullscreen><\/iframe><\/p>\n<p>&nbsp;<\/p>\n<p>&nbsp;<\/p>\n","protected":false},"excerpt":{"rendered":"<p>Navrhol Lucas Burnley v Bend, Oregon<\/p>\n","protected":false},"featured_media":220483,"comment_status":"open","ping_status":"closed","template":"","meta":[],"pwb-brand":[3249],"product_brand":[],"product_cat":[3186,3233],"product_tag":[3668],"class_list":{"0":"post-325974","1":"product","2":"type-product","3":"status-publish","4":"has-post-thumbnail","6":"pwb-brand-zatvaraci-noz-crkt-delilahs-p-e-c-k-5520","7":"product_cat-noze-sk","8":"product_cat-zatvaracie-noze","9":"product_tag-b2b-sk","11":"first","12":"instock","13":"taxable","14":"shipping-taxable","15":"purchasable","16":"product-type-simple"},"brands":[{"id":3249,"name":"Zatv\u00e1rac\u00ed N\u00f4\u017e CRKT DELILAH'S P.E.C.K. 5520","slug":"zatvaraci-noz-crkt-delilahs-p-e-c-k-5520"}],"_links":{"self":[{"href":"https:\/\/www.moskito.cz\/sk\/wp-json\/wp\/v2\/product\/325974","targetHints":{"allow":["GET"]}}],"collection":[{"href":"https:\/\/www.moskito.cz\/sk\/wp-json\/wp\/v2\/product"}],"about":[{"href":"https:\/\/www.moskito.cz\/sk\/wp-json\/wp\/v2\/types\/product"}],"replies":[{"embeddable":true,"href":"https:\/\/www.moskito.cz\/sk\/wp-json\/wp\/v2\/comments?post=325974"}],"wp:featuredmedia":[{"embeddable":true,"href":"https:\/\/www.moskito.cz\/sk\/wp-json\/wp\/v2\/media\/220483"}],"wp:attachment":[{"href":"https:\/\/www.moskito.cz\/sk\/wp-json\/wp\/v2\/media?parent=325974"}],"wp:term":[{"taxonomy":"pwb-brand","embeddable":true,"href":"https:\/\/www.moskito.cz\/sk\/wp-json\/wp\/v2\/pwb-brand?post=325974"},{"taxonomy":"product_brand","embeddable":true,"href":"https:\/\/www.moskito.cz\/sk\/wp-json\/wp\/v2\/product_brand?post=325974"},{"taxonomy":"product_cat","embeddable":true,"href":"https:\/\/www.moskito.cz\/sk\/wp-json\/wp\/v2\/product_cat?post=325974"},{"taxonomy":"product_tag","embeddable":true,"href":"https:\/\/www.moskito.cz\/sk\/wp-json\/wp\/v2\/product_tag?post=325974"}],"curies":[{"name":"wp","href":"https:\/\/api.w.org\/{rel}","templated":true}]}}