{"id":326065,"date":"2022-08-19T20:28:09","date_gmt":"2024-04-05T11:38:23","guid":{"rendered":"https:\/\/www.moskito.cz\/produkt\/zatvaraci-noz-crkt-m16-02ss\/"},"modified":"2025-05-07T11:08:37","modified_gmt":"2025-05-07T10:08:37","slug":"zatvaraci-noz-crkt-m16-02ss","status":"publish","type":"product","link":"https:\/\/www.moskito.cz\/sk\/produkt\/zatvaraci-noz-crkt-m16-02ss\/","title":{"rendered":"Zatv\u00e1rac\u00ed N\u00f4\u017e CRKT M16-02SS"},"content":{"rendered":"<p>Zatv\u00e1rac\u00ed N\u00f4\u017e <strong>CRKT<\/strong> M16-02SS.<\/p>\n<p>Klasick\u00fd n\u00e1vrat. Popul\u00e1rny dizajn M16\u00ae zosnul\u00e9ho Kita Carsona sa vracia so s\u00e9riou z nerezovej ocele. Tieto tri verzie pon\u00fakaj\u00fa e\u0161te v\u00e4\u010d\u0161\u00ed v\u00fdkon a funk\u010dnos\u0165 ako predt\u00fdm a pon\u00fakaj\u00fa mno\u017estvo ve\u013ekost\u00ed a kon\u0161trukcie \u010depele \u2013 tak\u017ee si m\u00f4\u017eete vybra\u0165, ktor\u00e1 v\u00e1m bude najlep\u0161ie vyhovova\u0165. M16\u00ae-02SS zachov\u00e1va v\u0161etky ob\u013e\u00faben\u00e9 funkcie z radu Kitov\u00fdch taktick\u00fdch zlo\u017eiek, ktor\u00e9 boli potom prepracovan\u00e9 na ka\u017edodenn\u00e9 nosenie, a prid\u00e1va do mixu e\u0161te v\u00e4\u010d\u0161iu silu a v\u00fdkon. Vyroben\u00e9 s tanto, vysoko kvalitnou \u010depe\u013eou Sandvik 12C27 \u2122 pre vynikaj\u00face dr\u017eanie ostrie, je zakon\u010den\u00e1 povrchovou \u00fapravou otryskan\u00edm perli\u010dkami, ktor\u00e1 zni\u017euje ne\u017eiaduce odlesky alebo odrazy. Nerezov\u00e1 oce\u013e M16\u00ae-02SS, poch\u00e1dzaj\u00faca zo skuto\u010dnej klasiky, je \u00faplne in\u00fdm kalibrom n\u00e1vratu.<\/p>\n<p>\u0160PECIFIK\u00c1CIA<br \/>\nD\u013a\u017eka \u010depele 3,06&#8243; (77,83 mm)<br \/>\nOstrie \u010depele Prost\u00fd<br \/>\n\u010cepe\u013e oce\u013e 12C27 Sandvik<br \/>\nPovrchov\u00e1 \u00faprava \u010depele Odstrel kor\u00e1likov<br \/>\nHr\u00fabka \u010depele 0,12&#8243; (2,92 mm)<br \/>\nCelkov\u00e1 d\u013a\u017eka 7,38&#8243; (187,33 mm)<br \/>\nUzavret\u00e1 d\u013a\u017eka 4,25&#8243; (108,00 mm)<br \/>\nHmotnos\u0165 3,60 oz (102,06 g)<br \/>\nRukov\u00e4\u0165 Nerezov\u00e1 oce\u013e<br \/>\n\u0160t\u00fdl Skladac\u00ed n\u00f4\u017e so z\u00e1mkom r\u00e1mu<\/p>\n<p><iframe title=\"CRKT M16\u00ae-02SS | Kit Carson Design\" width=\"800\" height=\"450\" src=\"https:\/\/www.youtube.com\/embed\/iekqTraZ52A?feature=oembed\" frameborder=\"0\" allow=\"accelerometer; autoplay; clipboard-write; encrypted-media; gyroscope; picture-in-picture; web-share\" referrerpolicy=\"strict-origin-when-cross-origin\" allowfullscreen><\/iframe><\/p>\n<p>&nbsp;<\/p>\n","protected":false},"excerpt":{"rendered":"<p>Navrhol Kit Carson vo Vine Grove, Kentucky.<\/p>\n","protected":false},"featured_media":221425,"comment_status":"open","ping_status":"closed","template":"","meta":[],"pwb-brand":[3249],"product_brand":[],"product_cat":[3186,3233],"product_tag":[3668],"class_list":{"0":"post-326065","1":"product","2":"type-product","3":"status-publish","4":"has-post-thumbnail","6":"pwb-brand-zatvaraci-noz-crkt-delilahs-p-e-c-k-5520","7":"product_cat-noze-sk","8":"product_cat-zatvaracie-noze","9":"product_tag-b2b-sk","11":"first","12":"outofstock","13":"taxable","14":"shipping-taxable","15":"purchasable","16":"product-type-simple"},"brands":[{"id":3249,"name":"Zatv\u00e1rac\u00ed N\u00f4\u017e CRKT DELILAH'S P.E.C.K. 5520","slug":"zatvaraci-noz-crkt-delilahs-p-e-c-k-5520"}],"_links":{"self":[{"href":"https:\/\/www.moskito.cz\/sk\/wp-json\/wp\/v2\/product\/326065","targetHints":{"allow":["GET"]}}],"collection":[{"href":"https:\/\/www.moskito.cz\/sk\/wp-json\/wp\/v2\/product"}],"about":[{"href":"https:\/\/www.moskito.cz\/sk\/wp-json\/wp\/v2\/types\/product"}],"replies":[{"embeddable":true,"href":"https:\/\/www.moskito.cz\/sk\/wp-json\/wp\/v2\/comments?post=326065"}],"wp:featuredmedia":[{"embeddable":true,"href":"https:\/\/www.moskito.cz\/sk\/wp-json\/wp\/v2\/media\/221425"}],"wp:attachment":[{"href":"https:\/\/www.moskito.cz\/sk\/wp-json\/wp\/v2\/media?parent=326065"}],"wp:term":[{"taxonomy":"pwb-brand","embeddable":true,"href":"https:\/\/www.moskito.cz\/sk\/wp-json\/wp\/v2\/pwb-brand?post=326065"},{"taxonomy":"product_brand","embeddable":true,"href":"https:\/\/www.moskito.cz\/sk\/wp-json\/wp\/v2\/product_brand?post=326065"},{"taxonomy":"product_cat","embeddable":true,"href":"https:\/\/www.moskito.cz\/sk\/wp-json\/wp\/v2\/product_cat?post=326065"},{"taxonomy":"product_tag","embeddable":true,"href":"https:\/\/www.moskito.cz\/sk\/wp-json\/wp\/v2\/product_tag?post=326065"}],"curies":[{"name":"wp","href":"https:\/\/api.w.org\/{rel}","templated":true}]}}