{"id":326131,"date":"2021-07-29T19:49:21","date_gmt":"2021-07-29T18:49:21","guid":{"rendered":"https:\/\/www.moskito.cz\/produkt\/zatvaraci-noz-crkt-m16-02ks\/"},"modified":"2025-05-07T11:08:38","modified_gmt":"2025-05-07T10:08:38","slug":"zatvaraci-noz-crkt-m16-02ks","status":"publish","type":"product","link":"https:\/\/www.moskito.cz\/sk\/produkt\/zatvaraci-noz-crkt-m16-02ks\/","title":{"rendered":"Zatv\u00e1rac\u00ed N\u00f4\u017e CRKT M16-02KS"},"content":{"rendered":"<p>Zatv\u00e1rac\u00ed N\u00f4\u017e <strong>CRKT<\/strong> M16-02KS.<\/p>\n<p>Navrhol Kit Carson vo Vine Grove v Kentucky<br \/>\nPocta: Zaplaten\u00e9. M16\u00ae je najob\u013e\u00fabenej\u0161\u00ed rad, ktor\u00fd CRKT\u00ae kedy videl. S touto novou iter\u00e1ciou r\u00e1mov\u00e9ho z\u00e1mku legend\u00e1rneho takticky in\u0161pirovan\u00e9ho ka\u017edodenn\u00e9ho zatv\u00e1racieho no\u017ea sme pokoren\u00ed pr\u00e1ve v\u010faka uctievanej Kit Carson. Toto je viac ne\u017e len \u010derstv\u00fd poh\u013ead na klasiku. Je to pocta jedn\u00e9mu z velik\u00e1nov.<br \/>\nCarson Flipper otvorenie<br \/>\nR\u00e1mov\u00fd z\u00e1mok<br \/>\nRukov\u00e4te z nerezovej ocele<\/p>\n<p>\u0160PECIFIK\u00c1CIA<br \/>\nD\u013a\u017eka \u010depele 3,06&#8243; (77,65 mm)<br \/>\nBlade Edge Oby\u010dajn\u00fd<br \/>\n\u010cepe\u013e oce\u013e 12C27 Sandvik<br \/>\nDokon\u010denie \u010depele Kysli\u010dn\u00edk<br \/>\nHr\u00fabka \u010depele 0,12&#8243; (2,97 mm)<br \/>\nCelkov\u00e1 d\u013a\u017eka 7,31 &#8222;(185,75 mm)<br \/>\nZatvoren\u00e1 d\u013a\u017eka 4,30&#8220; (109,19 mm)<br \/>\nHmotnos\u0165 3,70 oz. (104,89 g)<br \/>\nRukov\u00e4\u0165 2Cr13<br \/>\n\u0160t\u00fdl Skladac\u00ed n\u00f4\u017e s r\u00e1mov\u00fdm z\u00e1mkom<\/p>\n<p><strong>CRKT\u00ae<\/strong> (Columbia River Knife and Tool\u00ae) bol zalo\u017een\u00fd v roku 1994. Od prv\u00e9ho d\u0148a kladie na prv\u00e9 miesto inov\u00e1ciu a integritu. Zaviazal sa vyr\u00e1ba\u0165 no\u017ee a n\u00e1stroje, ktor\u00e9 by in\u0161pirovali a vydr\u017eali. Spolupracuje s najlep\u0161\u00edmi dizajn\u00e9rmi na svete a pracuje na jednoduchom princ\u00edpe: \u017ee najv\u00e4\u010d\u0161ia vec, ktor\u00fa m\u00f4\u017ee z\u00e1kazn\u00edkom da\u0165, je d\u00f4vera v ruk\u00e1ch.<\/p>\n","protected":false},"excerpt":{"rendered":"<p>Navrhol Kit Carson vo Vine Grove, Kentucky.<\/p>\n","protected":false},"featured_media":201311,"comment_status":"open","ping_status":"closed","template":"","meta":[],"pwb-brand":[3249],"product_brand":[],"product_cat":[3233,3186],"product_tag":[3668],"class_list":{"0":"post-326131","1":"product","2":"type-product","3":"status-publish","4":"has-post-thumbnail","6":"pwb-brand-zatvaraci-noz-crkt-delilahs-p-e-c-k-5520","7":"product_cat-zatvaracie-noze","8":"product_cat-noze-sk","9":"product_tag-b2b-sk","11":"first","12":"instock","13":"taxable","14":"shipping-taxable","15":"purchasable","16":"product-type-simple"},"brands":[{"id":3249,"name":"Zatv\u00e1rac\u00ed N\u00f4\u017e CRKT DELILAH'S P.E.C.K. 5520","slug":"zatvaraci-noz-crkt-delilahs-p-e-c-k-5520"}],"_links":{"self":[{"href":"https:\/\/www.moskito.cz\/sk\/wp-json\/wp\/v2\/product\/326131","targetHints":{"allow":["GET"]}}],"collection":[{"href":"https:\/\/www.moskito.cz\/sk\/wp-json\/wp\/v2\/product"}],"about":[{"href":"https:\/\/www.moskito.cz\/sk\/wp-json\/wp\/v2\/types\/product"}],"replies":[{"embeddable":true,"href":"https:\/\/www.moskito.cz\/sk\/wp-json\/wp\/v2\/comments?post=326131"}],"wp:featuredmedia":[{"embeddable":true,"href":"https:\/\/www.moskito.cz\/sk\/wp-json\/wp\/v2\/media\/201311"}],"wp:attachment":[{"href":"https:\/\/www.moskito.cz\/sk\/wp-json\/wp\/v2\/media?parent=326131"}],"wp:term":[{"taxonomy":"pwb-brand","embeddable":true,"href":"https:\/\/www.moskito.cz\/sk\/wp-json\/wp\/v2\/pwb-brand?post=326131"},{"taxonomy":"product_brand","embeddable":true,"href":"https:\/\/www.moskito.cz\/sk\/wp-json\/wp\/v2\/product_brand?post=326131"},{"taxonomy":"product_cat","embeddable":true,"href":"https:\/\/www.moskito.cz\/sk\/wp-json\/wp\/v2\/product_cat?post=326131"},{"taxonomy":"product_tag","embeddable":true,"href":"https:\/\/www.moskito.cz\/sk\/wp-json\/wp\/v2\/product_tag?post=326131"}],"curies":[{"name":"wp","href":"https:\/\/api.w.org\/{rel}","templated":true}]}}