{"id":326172,"date":"2022-09-03T10:32:32","date_gmt":"2024-04-05T12:18:11","guid":{"rendered":"https:\/\/www.moskito.cz\/produkt\/zatvaraci-noz-crkt-kith-6433\/"},"modified":"2025-05-07T11:08:39","modified_gmt":"2025-05-07T10:08:39","slug":"zatvaraci-noz-crkt-kith-6433","status":"publish","type":"product","link":"https:\/\/www.moskito.cz\/sk\/produkt\/zatvaraci-noz-crkt-kith-6433\/","title":{"rendered":"Zatv\u00e1rac\u00ed n\u00f4\u017e CRKT KITH 6433"},"content":{"rendered":"<p>Zatv\u00e1rac\u00ed n\u00f4\u017e <strong>CRKT<\/strong> KITH 6433.<\/p>\n<p>Zn\u00e1my. Rovnako ako star\u00fd priate\u013e. Kith je navrhnut\u00fd sk\u00fasen\u00fdm no\u017eiarom Kenom Steigerwaltom, ktor\u00fd sa in\u0161piroval tradi\u010dn\u00fdmi stredov\u00fdmi spojmi a zadn\u00fdmi zlo\u017ekami, aby vytvoril \u00faplne nov\u00fd pr\u00edstup s dizajnom predn\u00e9ho z\u00e1mku. Intuit\u00edvne kon\u0161truovan\u00e9, otv\u00e1ranie \u010depele p\u00f4sob\u00ed ako druhorad\u00e9, \u010do d\u00e1va staroanglick\u00e9mu n\u00e1zvu tohto no\u017ea pre \u201epriate\u013e\u201c \u00faplne in\u00fd v\u00fdznam.<\/p>\n<p>Sk\u00fasen\u00fd no\u017eiar Ken Steigerwalt z Orangeville v Pensylv\u00e1nii pretv\u00e1ra tradi\u010dn\u00e9 uzamykacie mechanizmy s funkciou predn\u00e9ho z\u00e1mku Kith, ktor\u00e1 vyu\u017e\u00edva vlo\u017eky no\u017ea ako pru\u017einy, aby vytvorili v\u00e4\u010d\u0161\u00ed priestor pre \u010depe\u013e. Strategicky umiestnen\u00fd palcov\u00fd kol\u00edk a predn\u00fd z\u00e1mok no\u017ea, ktor\u00fd vych\u00e1dza z t\u00fdchto osved\u010den\u00fdch a skuto\u010dn\u00fdch designov z\u00e1mku, umo\u017e\u0148uj\u00fa jednoduch\u00e9 otv\u00e1ranie a zatv\u00e1ranie vami preferovanou rukou \u2013 dosiahnutie \u00faplnej obojstrannej slobody.<\/p>\n<p>S 2,95\u201d \u010depe\u013eou s tenk\u00fdm a robustn\u00fdm hrotom sa Kith prisp\u00f4sob\u00ed pr\u00e1ci s vy\u0161\u0161ou presnos\u0165ou. Rukov\u00e4\u0165 in\u0161pirovan\u00e1 klasick\u00fdm handrov\u00fdm vzh\u013eadom micarta zachov\u00e1va jednoduch\u00fa a \u010dist\u00fa estetiku, ktor\u00e1 taktie\u017e umo\u017e\u0148uje viac mo\u017enost\u00ed uchopenia a pren\u00e1\u0161ania. Tento n\u00edzkoprofilov\u00fd p\u00e1nsky n\u00f4\u017e, ktor\u00fd kontroluje odolnos\u0165 a \u013eahkos\u0165 oboch krab\u00edc, m\u00e1 nylonov\u00fa rukov\u00e4\u0165 vystu\u017een\u00fa sklom, tak\u017ee je skvel\u00fdm ka\u017edodenn\u00fdm nosen\u00edm, ktor\u00e9 neza\u0165a\u017e\u00ed v\u00e1s ani va\u0161e vrecko.<\/p>\n<p>Jednoduch\u00e9 a jednoduch\u00e9: Kith je zn\u00e1my, ka\u017edodenn\u00fd ob\u013e\u00faben\u00fd.<\/p>\n<p>\u0160PECIFIK\u00c1CIA<br \/>\nD\u013a\u017eka \u010depele 2,95&#8243; (74,96 mm)<br \/>\nOstrie \u010depele Prost\u00fd<br \/>\n\u010cepe\u013e oce\u013e 8Cr13MoV<br \/>\nPovrchov\u00e1 \u00faprava \u010depele Sat\u00e9n<br \/>\nHr\u00fabka \u010depele 0,11&#8243; (2,69 mm)<br \/>\nCelkov\u00e1 d\u013a\u017eka 6,75&#8243; (171,45 mm)<br \/>\nUzavret\u00e1 d\u013a\u017eka 3,78&#8243; (95,91 mm)<br \/>\nHmotnos\u0165 2,30 oz (65,20 g)<br \/>\nRukov\u00e4\u0165 Nylon vystu\u017een\u00fd sklom<br \/>\n\u0160t\u00fdl Skladac\u00ed n\u00f4\u017e s predn\u00fdm z\u00e1mkom<\/p>\n<p><iframe title=\"CRKT KITH | Ken Steigerwalt Design\" width=\"800\" height=\"450\" src=\"https:\/\/www.youtube.com\/embed\/739SVHTsvOk?feature=oembed\" frameborder=\"0\" allow=\"accelerometer; autoplay; clipboard-write; encrypted-media; gyroscope; picture-in-picture; web-share\" referrerpolicy=\"strict-origin-when-cross-origin\" allowfullscreen><\/iframe><\/p>\n<p>&nbsp;<\/p>\n","protected":false},"excerpt":{"rendered":"<p>Navrhol Ken Steigerwalt v Orangeville, Pennsylvania.<\/p>\n","protected":false},"featured_media":223074,"comment_status":"open","ping_status":"closed","template":"","meta":[],"pwb-brand":[3249],"product_brand":[],"product_cat":[3233,3186],"product_tag":[3668],"class_list":{"0":"post-326172","1":"product","2":"type-product","3":"status-publish","4":"has-post-thumbnail","6":"pwb-brand-zatvaraci-noz-crkt-delilahs-p-e-c-k-5520","7":"product_cat-zatvaracie-noze","8":"product_cat-noze-sk","9":"product_tag-b2b-sk","11":"first","12":"instock","13":"taxable","14":"shipping-taxable","15":"purchasable","16":"product-type-simple"},"brands":[{"id":3249,"name":"Zatv\u00e1rac\u00ed N\u00f4\u017e CRKT DELILAH'S P.E.C.K. 5520","slug":"zatvaraci-noz-crkt-delilahs-p-e-c-k-5520"}],"_links":{"self":[{"href":"https:\/\/www.moskito.cz\/sk\/wp-json\/wp\/v2\/product\/326172","targetHints":{"allow":["GET"]}}],"collection":[{"href":"https:\/\/www.moskito.cz\/sk\/wp-json\/wp\/v2\/product"}],"about":[{"href":"https:\/\/www.moskito.cz\/sk\/wp-json\/wp\/v2\/types\/product"}],"replies":[{"embeddable":true,"href":"https:\/\/www.moskito.cz\/sk\/wp-json\/wp\/v2\/comments?post=326172"}],"wp:featuredmedia":[{"embeddable":true,"href":"https:\/\/www.moskito.cz\/sk\/wp-json\/wp\/v2\/media\/223074"}],"wp:attachment":[{"href":"https:\/\/www.moskito.cz\/sk\/wp-json\/wp\/v2\/media?parent=326172"}],"wp:term":[{"taxonomy":"pwb-brand","embeddable":true,"href":"https:\/\/www.moskito.cz\/sk\/wp-json\/wp\/v2\/pwb-brand?post=326172"},{"taxonomy":"product_brand","embeddable":true,"href":"https:\/\/www.moskito.cz\/sk\/wp-json\/wp\/v2\/product_brand?post=326172"},{"taxonomy":"product_cat","embeddable":true,"href":"https:\/\/www.moskito.cz\/sk\/wp-json\/wp\/v2\/product_cat?post=326172"},{"taxonomy":"product_tag","embeddable":true,"href":"https:\/\/www.moskito.cz\/sk\/wp-json\/wp\/v2\/product_tag?post=326172"}],"curies":[{"name":"wp","href":"https:\/\/api.w.org\/{rel}","templated":true}]}}