{"id":326249,"date":"2021-08-02T19:26:58","date_gmt":"2024-04-05T13:22:09","guid":{"rendered":"https:\/\/www.moskito.cz\/produkt\/zatvaraci-noz-crkt-compano\/"},"modified":"2025-05-07T11:08:41","modified_gmt":"2025-05-07T10:08:41","slug":"zatvaraci-noz-crkt-compano","status":"publish","type":"product","link":"https:\/\/www.moskito.cz\/sk\/produkt\/zatvaraci-noz-crkt-compano\/","title":{"rendered":"Zatv\u00e1rac\u00ed N\u00f4\u017e CRKT COMPANO"},"content":{"rendered":"<p><strong>Zatv\u00e1rac\u00ed N\u00f4\u017e CRKT Compano<\/strong> je ve\u013emi praktick\u00fd a kompaktn\u00fd n\u00e1stroj navrhnut\u00fd na ka\u017edodenn\u00e9 nosenie, ide\u00e1lny pre t\u00fdch, ktor\u00ed potrebuj\u00fa ma\u0165 mal\u00fd, ale \u00fa\u010dinn\u00fd n\u00f4\u017e v\u017edy po ruke. S dizajnom zameran\u00fdm na prenosnos\u0165 a funk\u010dnos\u0165 je <strong>Compano\u2122<\/strong> skvel\u00fdm spolo\u010dn\u00edkom, ktor\u00fd sa \u013eahko pripevn\u00ed k v\u00e1\u0161mu vrecku, k\u013e\u00fa\u010denke alebo batohu. <\/p>\n<h3>Hlavn\u00e9 vlastnosti <strong>CRKT Compano<\/strong> :<\/h3>\n<ol>\n<li><strong>Kompaktn\u00fd a prenosn\u00fd dizajn<\/strong> :\n<ul>\n<li><strong>D\u013a\u017eka \u010depele:<\/strong> 1,42 palca (36,17 mm) &#8211; ve\u013emi mal\u00e1, \u010do z neho rob\u00ed ide\u00e1lny <strong>miniat\u00farny n\u00e1stroj pre ka\u017edodenn\u00e9 nosenie (EDC)<\/strong> . Tento n\u00f4\u017e je navrhnut\u00fd tak, aby sa \u013eahko zmestil do vrecka alebo pripevnil na k\u013e\u00fa\u010de \u010di batoh. <\/li>\n<li><strong>Celkov\u00e1 d\u013a\u017eka:<\/strong> 4,59 palca (116,56 mm) a <strong>zatvoren\u00e1 d\u013a\u017eka:<\/strong> 3,23 palca (82,04 mm) \u2013 ve\u013emi kompaktn\u00e1 ve\u013ekos\u0165 pre maxim\u00e1lnu prenosnos\u0165.<\/li>\n<\/ul>\n<\/li>\n<li><strong>Odoln\u00e1 \u010depe\u013e<\/strong> :\n<ul>\n<li><strong>Oce\u013e 5Cr15MoV<\/strong> je <strong>nerezov\u00e1 oce\u013e s vysok\u00fdm obsahom uhl\u00edka<\/strong> , \u010do znamen\u00e1, \u017ee \u010depe\u013e dobre dr\u017e\u00ed ostrie a z\u00e1rove\u0148 je odoln\u00e1 vo\u010di kor\u00f3zii. Aj ke\u010f nie je oce\u013e najvy\u0161\u0161ej triedy, pre mal\u00fd EDC n\u00f4\u017e pon\u00faka sol\u00eddny v\u00fdkon. <\/li>\n<li><strong>Povrchov\u00e1 \u00faprava \u010depele<\/strong> : Sat\u00e9nov\u00e1 \u00faprava zais\u0165uje estetick\u00fd vzh\u013ead, ktor\u00fd z\u00e1rove\u0148 u\u013eah\u010duje \u00fadr\u017ebu a ostrenie.<\/li>\n<\/ul>\n<\/li>\n<li><strong>Praktick\u00e9 pou\u017eitie<\/strong> :\n<ul>\n<li><strong>Klzn\u00fd k\u013ab:<\/strong> Klasick\u00fd klzn\u00fd mechanizmus umo\u017e\u0148uje \u013eahk\u00e9 otv\u00e1ranie a zatv\u00e1ranie no\u017ea, \u010do zais\u0165uje jeho bezpe\u010dn\u00e9 uzavretie v zatvorenej polohe. Tento syst\u00e9m zais\u0165uje, \u017ee \u010depe\u013e zostane pevne na svojom mieste, ke\u010f je n\u00f4\u017e zatvoren\u00fd, a z\u00e1rove\u0148 umo\u017e\u0148uje pohodln\u00e9 pou\u017e\u00edvanie pri otvoren\u00ed. <\/li>\n<li><strong>Karab\u00edna pre pripojenie:<\/strong> N\u00f4\u017e je vybaven\u00fd <strong>karab\u00ednou<\/strong> , ktor\u00e1 umo\u017e\u0148uje \u013eahk\u00e9 pripevnenie na k\u013e\u00fa\u010de, opasok alebo batoh, tak\u017ee ho m\u00f4\u017eete ma\u0165 v\u017edy po ruke. Toto je ve\u013emi u\u017eito\u010dn\u00e1 funkcia pre ka\u017edodenn\u00e9 nosenie. <\/li>\n<\/ul>\n<\/li>\n<li><strong>Estetick\u00fd vzh\u013ead<\/strong> :\n<ul>\n<li><strong>Rukov\u00e4\u0165:<\/strong> Rukov\u00e4\u0165 je vyroben\u00e1 z materi\u00e1lu <strong>2Cr13 SS<\/strong> a m\u00e1 <strong>\u010dierny stonewash povrch s bronzov\u00fdmi akcentmi<\/strong> , \u010do dod\u00e1va no\u017eu elegantn\u00fd vzh\u013ead. T\u00e1to rukov\u00e4\u0165 nielen \u017ee vyzer\u00e1 skvele, ale taktie\u017e poskytuje pohodln\u00fd \u00fachop. <\/li>\n<\/ul>\n<\/li>\n<\/ol>\n<h3>\u0160pecifik\u00e1cia:<\/h3>\n<ul>\n<li><strong>D\u013a\u017eka \u010depele:<\/strong> 1,42 palca (36,17 mm)<\/li>\n<li><strong>Ostrie \u010depele:<\/strong> Oby\u010dajn\u00fd<\/li>\n<li><strong>\u010cepe\u013e oce\u013e:<\/strong> 5Cr15MoV<\/li>\n<li><strong>Povrchov\u00e1 \u00faprava \u010depele:<\/strong> Sat\u00e9n<\/li>\n<li><strong>Hr\u00fabka \u010depele:<\/strong> 0,66 palca (3,66 mm)<\/li>\n<li><strong>Celkov\u00e1 d\u013a\u017eka:<\/strong> 4,59 palca (116,56 mm)<\/li>\n<li><strong>Zatvoren\u00e1 d\u013a\u017eka:<\/strong> 3,23 palca (82,04 mm)<\/li>\n<li><strong>Hmotnos\u0165:<\/strong> 2,20 oz (62,37 g)<\/li>\n<li><strong>Rukov\u00e4\u0165:<\/strong> 2Cr13 SS<\/li>\n<li><strong>\u0160t\u00fdl:<\/strong> Skladac\u00ed n\u00f4\u017e s proti\u0161mykov\u00fdm spojom<\/li>\n<\/ul>\n<h3>Z\u00e1ver:<\/h3>\n<p><strong>CRKT Compano<\/strong> <strong>je<\/strong> vynikaj\u00facou vo\u013ebou pre t\u00fdch, ktor\u00ed h\u013eadaj\u00fa <strong>kompaktn\u00fd, funk\u010dn\u00fd a prenosn\u00fd n\u00f4\u017e<\/strong> pre <strong>ka\u017edodenn\u00e9<\/strong> <strong>pou\u017eitie<\/strong> . <strong>kvalitn\u00e9mu spracovaniu<\/strong> je <strong>Compano\u2122<\/strong> ide\u00e1lnou vo\u013ebou pre v\u0161etk\u00fdch, ktor\u00ed h\u013eadaj\u00fa <strong>praktickos\u0165 a \u0161t\u00fdl<\/strong> v jednom.  <\/p>\n<p><iframe title=\"CRKT COMPANO\u2122 | Mike Bond Design\" width=\"800\" height=\"450\" src=\"https:\/\/www.youtube.com\/embed\/aNM14OvTMNE?feature=oembed\" frameborder=\"0\" allow=\"accelerometer; autoplay; clipboard-write; encrypted-media; gyroscope; picture-in-picture; web-share\" referrerpolicy=\"strict-origin-when-cross-origin\" allowfullscreen><\/iframe><\/p>\n<p>&nbsp;<\/p>\n<p>&nbsp;<\/p>\n","protected":false},"excerpt":{"rendered":"<p><strong>CRKT Compano je vynikaj\u00facou vo\u013ebou pre t\u00fdch, ktor\u00ed h\u013eadaj\u00fa kompaktn\u00fd, funk\u010dn\u00fd a prenosn\u00fd n\u00f4\u017e na ka\u017edodenn\u00e9 pou\u017eitie. Hoci \u010depe\u013e nie je extr\u00e9mne ve\u013ek\u00e1, je dostato\u010dne siln\u00e1 pre be\u017en\u00e9 \u00falohy, ako je otv\u00e1ranie obalov, krab\u00edc alebo rezanie povr\u00e1zkov. Karab\u00edna na pripojenie a klzn\u00fd mechanizmus rob\u00ed tento n\u00f4\u017e ve\u013emi \u013eahko prenosn\u00fdm a pohodln\u00fdm pre ka\u017edodenn\u00e9 nosenie. V\u010faka svojej vzh\u013eadovej pr\u00ed\u0165a\u017elivosti a kvalitn\u00e9mu spracovaniu je Compano\u2122 ide\u00e1lnou vo\u013ebou pre v\u0161etk\u00fdch, ktor\u00ed h\u013eadaj\u00fa praktickos\u0165 a \u0161t\u00fdl v jednom.   <\/strong><\/p>\n","protected":false},"featured_media":201723,"comment_status":"open","ping_status":"closed","template":"","meta":[],"pwb-brand":[3249],"product_brand":[],"product_cat":[3186,3233],"product_tag":[3668],"class_list":{"0":"post-326249","1":"product","2":"type-product","3":"status-publish","4":"has-post-thumbnail","6":"pwb-brand-zatvaraci-noz-crkt-delilahs-p-e-c-k-5520","7":"product_cat-noze-sk","8":"product_cat-zatvaracie-noze","9":"product_tag-b2b-sk","11":"first","12":"instock","13":"taxable","14":"shipping-taxable","15":"purchasable","16":"product-type-simple"},"brands":[{"id":3249,"name":"Zatv\u00e1rac\u00ed N\u00f4\u017e CRKT DELILAH'S P.E.C.K. 5520","slug":"zatvaraci-noz-crkt-delilahs-p-e-c-k-5520"}],"_links":{"self":[{"href":"https:\/\/www.moskito.cz\/sk\/wp-json\/wp\/v2\/product\/326249","targetHints":{"allow":["GET"]}}],"collection":[{"href":"https:\/\/www.moskito.cz\/sk\/wp-json\/wp\/v2\/product"}],"about":[{"href":"https:\/\/www.moskito.cz\/sk\/wp-json\/wp\/v2\/types\/product"}],"replies":[{"embeddable":true,"href":"https:\/\/www.moskito.cz\/sk\/wp-json\/wp\/v2\/comments?post=326249"}],"wp:featuredmedia":[{"embeddable":true,"href":"https:\/\/www.moskito.cz\/sk\/wp-json\/wp\/v2\/media\/201723"}],"wp:attachment":[{"href":"https:\/\/www.moskito.cz\/sk\/wp-json\/wp\/v2\/media?parent=326249"}],"wp:term":[{"taxonomy":"pwb-brand","embeddable":true,"href":"https:\/\/www.moskito.cz\/sk\/wp-json\/wp\/v2\/pwb-brand?post=326249"},{"taxonomy":"product_brand","embeddable":true,"href":"https:\/\/www.moskito.cz\/sk\/wp-json\/wp\/v2\/product_brand?post=326249"},{"taxonomy":"product_cat","embeddable":true,"href":"https:\/\/www.moskito.cz\/sk\/wp-json\/wp\/v2\/product_cat?post=326249"},{"taxonomy":"product_tag","embeddable":true,"href":"https:\/\/www.moskito.cz\/sk\/wp-json\/wp\/v2\/product_tag?post=326249"}],"curies":[{"name":"wp","href":"https:\/\/api.w.org\/{rel}","templated":true}]}}