{"id":326365,"date":"2022-08-18T22:02:01","date_gmt":"2024-04-05T13:37:52","guid":{"rendered":"https:\/\/www.moskito.cz\/produkt\/zatvaraci-noz-crkt-squid-assisted-black-2493\/"},"modified":"2025-07-07T17:42:22","modified_gmt":"2025-07-07T16:42:22","slug":"zatvaraci-noz-crkt-squid-assisted-black-2493","status":"publish","type":"product","link":"https:\/\/www.moskito.cz\/sk\/produkt\/zatvaraci-noz-crkt-squid-assisted-black-2493\/","title":{"rendered":"Zatv\u00e1rac\u00ed N\u00f4\u017e CRKT SQUID ASSISTED BLACK 2493"},"content":{"rendered":"<div class=\"flex-1 overflow-hidden @container\/thread\">\n<div class=\"h-full\">\n<div class=\"react-scroll-to-bottom--css-vxybp-79elbk h-full\">\n<div class=\"react-scroll-to-bottom--css-vxybp-1n7m0yu\">\n<div class=\"flex flex-col text-sm md:pb-9\">\n<article class=\"w-full scroll-mb-[var(--thread-trailing-height,150px)] text-token-text-primary focus-visible:outline-2 focus-visible:outline-offset-[-4px]\" dir=\"auto\" data-testid=\"conversation-turn-333\" data-scroll-anchor=\"true\">\n<div class=\"m-auto text-base py-[18px] px-3 md:px-4 w-full md:px-5 lg:px-4 xl:px-5\">\n<div class=\"mx-auto flex flex-1 gap-4 text-base md:gap-5 lg:gap-6 md:max-w-3xl\">\n<div class=\"group\/conversation-turn relative flex w-full min-w-0 flex-col agent-turn\">\n<div class=\"flex-col gap-1 md:gap-3\">\n<div class=\"flex max-w-full flex-col flex-grow\">\n<div class=\"min-h-8 text-message flex w-full flex-col items-end gap-2 whitespace-normal break-words text-start [.text-message+&amp;]:mt-5\" dir=\"auto\" data-message-author-role=\"assistant\" data-message-id=\"ea06138a-2774-443a-a280-2c306eb68c67\" data-message-model-slug=\"gpt-4o-mini\">\n<div class=\"flex w-full flex-col gap-1 empty:hidden first:pt-[3px]\">\n<div class=\"markdown prose w-full break-words dark:prose-invert light\">\n<p><strong>Zatv\u00e1rac\u00ed N\u00f4\u017e CRKT SQUID ASSISTED BLACK 2493<\/strong> je kompaktn\u00fd a v\u00fdkonn\u00fd n\u00e1stroj, ktor\u00fd kombinuje modern\u00fd dizajn s vysoko funk\u010dn\u00fdmi vlastnos\u0165ami. Navrhnut\u00fd Lucasom Burnleyom, tento n\u00f4\u017e sa vyzna\u010duje asistovan\u00fdm otv\u00e1ran\u00edm, kvalitnou oce\u013eou a odolnou kon\u0161trukciou, \u010do ho rob\u00ed ide\u00e1lnym pre ka\u017edodenn\u00e9 nosenie a r\u00f4zne pracovn\u00e9 \u00falohy. Tento model s \u010diernou povrchovou \u00fapravou je nielen atrakt\u00edvny, ale aj maxim\u00e1lne praktick\u00fd.  <\/p>\n<h3><strong>Hlavn\u00e9 vlastnosti:<\/strong><\/h3>\n<ol>\n<li><strong>Asistovan\u00e9 otv\u00e1ranie:<\/strong>\n<ul>\n<li><strong>Flipper<\/strong> na rukov\u00e4ti umo\u017e\u0148uje r\u00fdchle a jednoduch\u00e9 otvorenie no\u017ea jedn\u00fdm pohybom, \u010do je ide\u00e1lne pre r\u00fdchlu reakciu v pr\u00edpade potreby. Otv\u00e1ranie je intuit\u00edvne a plynul\u00e9, \u010do zais\u0165uje maxim\u00e1lnu efektivitu. <\/li>\n<\/ul>\n<\/li>\n<li><strong>Hladk\u00e9 otv\u00e1ranie s IKBS\u2122:<\/strong>\n<ul>\n<li><strong>IKBS\u2122 (Ikoma Korth Bearing System)<\/strong> guli\u010dkov\u00e9 lo\u017eisk\u00e1 zais\u0165uj\u00fa plynul\u00e9, hladk\u00e9 otv\u00e1ranie \u010depele bez ak\u00e9hoko\u013evek odporu. Tento syst\u00e9m prispieva k pohodln\u00e9mu pou\u017e\u00edvaniu no\u017ea a zais\u0165uje r\u00fdchly pr\u00edstup k \u010depeli v kritick\u00fdch okamihoch. <\/li>\n<\/ul>\n<\/li>\n<li><strong>Kvalitn\u00e1 \u010depe\u013e:<\/strong>\n<ul>\n<li><strong>Oce\u013e 8Cr14MoV<\/strong> je vysoko kvalitn\u00e1 nerezov\u00e1 oce\u013e, ktor\u00e1 pon\u00faka skvel\u00e9 vlastnosti v dr\u017ean\u00ed ostrie, \u013eahk\u00e9 ostrenie a vysok\u00fa odolnos\u0165 proti kor\u00f3zii. Je ide\u00e1lny pre ka\u017edodenn\u00e9 \u00falohy, ako je rezanie kart\u00f3nov, otv\u00e1ranie bal\u00ed\u010dkov alebo rezanie \u0161n\u00farok. <\/li>\n<\/ul>\n<\/li>\n<li><strong>Maxim\u00e1lna kontrola:<\/strong>\n<ul>\n<li>Na <strong>\u010depele s\u00fa umiestnen\u00e9 trecie dr\u00e1\u017eky<\/strong> , ktor\u00e9 zlep\u0161uj\u00fa uchopenie, \u010do zais\u0165uje v\u00e4\u010d\u0161iu kontrolu pri pou\u017e\u00edvan\u00ed, aj ke\u010f je n\u00f4\u017e mokr\u00fd alebo klzk\u00fd. V\u010faka tomu je manipul\u00e1cia s no\u017eom pohodln\u00e1 a bezpe\u010dn\u00e1. <\/li>\n<\/ul>\n<\/li>\n<li><strong>Robustn\u00e1 rukov\u00e4\u0165 z nerezovej ocele:<\/strong>\n<ul>\n<li><strong>Rukov\u00e4\u0165 z nerezovej ocele<\/strong> je vysoko odoln\u00e1 vo\u010di n\u00e1razom a opotrebovaniu, \u010do znamen\u00e1, \u017ee n\u00f4\u017e vydr\u017e\u00ed n\u00e1ro\u010dn\u00e9 pou\u017e\u00edvanie bez straty funk\u010dnosti. Tento materi\u00e1l je z\u00e1rove\u0148 dostato\u010dne pevn\u00fd, aby zaistil bezpe\u010dn\u00e9 uchopenie aj pri intenz\u00edvnej pr\u00e1ci. <\/li>\n<\/ul>\n<\/li>\n<li><strong>N\u00edzky profil pre \u013eahk\u00e9 nosenie:<\/strong>\n<ul>\n<li><strong>N\u00edzky profil<\/strong> no\u017ea u\u013eah\u010duje ka\u017edodenn\u00e9 nosenie vo vrecku. K tomu prispieva aj <strong>vreckov\u00fd klip<\/strong> , ktor\u00fd umo\u017e\u0148uje bezpe\u010dn\u00e9 pripevnenie no\u017ea k oble\u010deniu, \u010do zaru\u010duje, \u017ee bude v\u017edy na dosah, kedyko\u013evek ho budete potrebova\u0165. <\/li>\n<\/ul>\n<\/li>\n<li><strong>Mo\u017enos\u0165 pripevnenia \u0161n\u00farky:<\/strong>\n<ul>\n<li>N\u00f4\u017e je vybaven\u00fd <strong>otvorom pre \u0161n\u00farku<\/strong> , ktor\u00fd umo\u017e\u0148uje pripevnenie k\u013e\u00fa\u010denky alebo pr\u00edvesku pre \u013eahk\u00e9 nosenie a lep\u0161iu manipul\u00e1ciu s no\u017eom.<\/li>\n<\/ul>\n<\/li>\n<\/ol>\n<h3><strong>\u0160pecifik\u00e1cia:<\/strong><\/h3>\n<ul>\n<li><strong>D\u013a\u017eka \u010depele:<\/strong> 2,37&#8243; (60,20 mm)<\/li>\n<li><strong>Ostrie \u010depele:<\/strong> Oby\u010dajn\u00fd<\/li>\n<li><strong>Materi\u00e1l \u010depele:<\/strong> Oce\u013e 8Cr14MoV<\/li>\n<li><strong>Povrchov\u00e1 \u00faprava \u010depele:<\/strong> Stonewash<\/li>\n<li><strong>Hr\u00fabka \u010depele:<\/strong> 0,11&#8243; (2,69 mm)<\/li>\n<li><strong>Celkov\u00e1 d\u013a\u017eka:<\/strong> 5,94&#8243; (150,83 mm)<\/li>\n<li><strong>Uzavret\u00e1 d\u013a\u017eka:<\/strong> 3,59&#8243; (91,14 mm)<\/li>\n<li><strong>Hmotnos\u0165:<\/strong> 3,70 oz (104,89 g)<\/li>\n<li><strong>Rukov\u00e4\u0165:<\/strong> Nerezov\u00e1 oce\u013e<\/li>\n<li><strong>\u0160t\u00fdl:<\/strong> Asistovan\u00fd skladac\u00ed n\u00f4\u017e so z\u00e1mkom r\u00e1mu<\/li>\n<\/ul>\n<h3><strong>Pou\u017eitie:<\/strong><\/h3>\n<ul>\n<li><strong>Ka\u017edodenn\u00e9 nosenie (EDC):<\/strong> Tento n\u00f4\u017e je ide\u00e1lny na ka\u017edodenn\u00e9 pou\u017eitie, ako je otv\u00e1ranie bal\u00ed\u010dkov, rezanie \u0161n\u00farky, odstra\u0148ovanie obalov alebo drobn\u00e9 \u00fapravy Je kompaktn\u00fd, \u013eahk\u00fd a \u013eahko prenosn\u00fd. <\/li>\n<li><strong>Pracovn\u00e9 \u00falohy:<\/strong> V\u010faka svojej pevnej \u010depeli a ergonomickej rukov\u00e4ti je vhodn\u00fd pre n\u00e1ro\u010dnej\u0161ie \u00falohy v ter\u00e9ne, v sklade alebo v dielni.<\/li>\n<li><strong>Outdoor a t\u00e1borenie:<\/strong> Aj ke\u010f je n\u00f4\u017e ur\u010den\u00fd na ka\u017edodenn\u00e9 nosenie, jeho kvality sa hod\u00ed aj pre outdoorov\u00e9 aktivity, ako je t\u00e1borenie, lov alebo turistika.<\/li>\n<\/ul>\n<h3><strong>Zhrnutie:<\/strong><\/h3>\n<p><strong>CRKT SQUID ASSISTED BLACK 2493<\/strong> je skvel\u00e9 navrhnut\u00fd a vysoko funk\u010dn\u00fd n\u00f4\u017e na ka\u017edodenn\u00e9 nosenie. V\u010faka asistovan\u00e9mu otv\u00e1raniu, kvalitnej oceli, robustnej rukov\u00e4ti a hladk\u00e9mu otv\u00e1raniu pomocou syst\u00e9mu guli\u010dkov\u00fdch lo\u017e\u00edsk je ide\u00e1lny pre v\u0161etk\u00fdch, ktor\u00ed h\u013eadaj\u00fa spo\u013eahliv\u00fd, \u013eahko ovl\u00e1date\u013en\u00fd n\u00e1stroj pre ka\u017edodenn\u00e9 \u00falohy. \u010ci u\u017e potrebujete n\u00f4\u017e na otvorenie bal\u00ed\u010dka, rezanie \u0161n\u00farky alebo in\u00fa drobn\u00fa \u00falohu, tento n\u00f4\u017e v\u00e1s nikdy nesklame.  <\/p>\n<\/div>\n<\/div>\n<\/div>\n<\/div>\n<div class=\"mb-2 flex gap-3 empty:hidden -ml-2\">\n<div class=\"items-center justify-start rounded-xl p-1 flex\">\n<div class=\"flex items-center\"><\/div>\n<\/div>\n<\/div>\n<div class=\"pr-2 lg:pr-0\"><\/div>\n<\/div>\n<\/div>\n<\/div>\n<\/div>\n<\/article>\n<\/div>\n<\/div>\n<\/div>\n<\/div>\n<\/div>\n<p><iframe title=\"CRKT SQUID\u2122 | Lucas Burnley Design\" width=\"800\" height=\"450\" src=\"https:\/\/www.youtube.com\/embed\/Hi4sEgwb9CU?feature=oembed\" frameborder=\"0\" allow=\"accelerometer; autoplay; clipboard-write; encrypted-media; gyroscope; picture-in-picture; web-share\" referrerpolicy=\"strict-origin-when-cross-origin\" allowfullscreen><\/iframe><\/p>\n<p><iframe title=\"Meet Knifemaker and Designer Lucas Burnley\" width=\"800\" height=\"450\" src=\"https:\/\/www.youtube.com\/embed\/GC8WctypoNo?feature=oembed\" frameborder=\"0\" allow=\"accelerometer; autoplay; clipboard-write; encrypted-media; gyroscope; picture-in-picture; web-share\" referrerpolicy=\"strict-origin-when-cross-origin\" allowfullscreen><\/iframe><\/p>\n<p><iframe title=\"CRKT ASSISTED OPENING | How It Works\" width=\"800\" height=\"450\" src=\"https:\/\/www.youtube.com\/embed\/QUSQFRDMrEI?feature=oembed\" frameborder=\"0\" allow=\"accelerometer; autoplay; clipboard-write; encrypted-media; gyroscope; picture-in-picture; web-share\" referrerpolicy=\"strict-origin-when-cross-origin\" allowfullscreen><\/iframe><\/p>\n<p>&nbsp;<\/p>\n","protected":false},"excerpt":{"rendered":"<div class=\"flex max-w-full flex-col flex-grow\">\n<div class=\"min-h-8 text-message flex w-full flex-col items-end gap-2 whitespace-normal break-words text-start [.text-message+&amp;]:mt-5\" dir=\"auto\" data-message-author-role=\"assistant\" data-message-id=\"ea06138a-2774-443a-a280-2c306eb68c67\" data-message-model-slug=\"gpt-4o-mini\">\n<div class=\"flex w-full flex-col gap-1 empty:hidden first:pt-[3px]\">\n<div class=\"markdown prose w-full break-words dark:prose-invert light\">\n<p><strong>CRKT SQUID ASSISTED BLACK 2493 je skvel\u00e9 navrhnut\u00fd a vysoko funk\u010dn\u00fd n\u00f4\u017e na ka\u017edodenn\u00e9 nosenie. V\u010faka asistovan\u00e9mu otv\u00e1raniu, kvalitnej oceli, robustnej rukov\u00e4ti a hladk\u00e9mu otv\u00e1raniu pomocou syst\u00e9mu guli\u010dkov\u00fdch lo\u017e\u00edsk je ide\u00e1lny pre v\u0161etk\u00fdch, ktor\u00ed h\u013eadaj\u00fa spo\u013eahliv\u00fd, \u013eahko ovl\u00e1date\u013en\u00fd n\u00e1stroj pre ka\u017edodenn\u00e9 \u00falohy. \u010ci u\u017e potrebujete n\u00f4\u017e na otvorenie bal\u00ed\u010dka, rezanie \u0161n\u00farky alebo in\u00fa drobn\u00fa \u00falohu, tento n\u00f4\u017e v\u00e1s nikdy nesklame.  <\/strong><\/p>\n<\/div>\n<\/div>\n<\/div>\n<\/div>\n<div class=\"mb-2 flex gap-3 empty:hidden -ml-2\">\n<div class=\"items-center justify-start rounded-xl p-1 flex\">\n<div class=\"flex items-center\"><\/div>\n<\/div>\n<\/div>\n","protected":false},"featured_media":221240,"comment_status":"open","ping_status":"closed","template":"","meta":[],"pwb-brand":[3249],"product_brand":[],"product_cat":[3233,3186],"product_tag":[3668],"class_list":{"0":"post-326365","1":"product","2":"type-product","3":"status-publish","4":"has-post-thumbnail","6":"pwb-brand-zatvaraci-noz-crkt-delilahs-p-e-c-k-5520","7":"product_cat-zatvaracie-noze","8":"product_cat-noze-sk","9":"product_tag-b2b-sk","11":"first","12":"instock","13":"sale","14":"taxable","15":"shipping-taxable","16":"purchasable","17":"product-type-simple"},"brands":[{"id":3249,"name":"Zatv\u00e1rac\u00ed N\u00f4\u017e CRKT DELILAH'S P.E.C.K. 5520","slug":"zatvaraci-noz-crkt-delilahs-p-e-c-k-5520"}],"_links":{"self":[{"href":"https:\/\/www.moskito.cz\/sk\/wp-json\/wp\/v2\/product\/326365","targetHints":{"allow":["GET"]}}],"collection":[{"href":"https:\/\/www.moskito.cz\/sk\/wp-json\/wp\/v2\/product"}],"about":[{"href":"https:\/\/www.moskito.cz\/sk\/wp-json\/wp\/v2\/types\/product"}],"replies":[{"embeddable":true,"href":"https:\/\/www.moskito.cz\/sk\/wp-json\/wp\/v2\/comments?post=326365"}],"wp:featuredmedia":[{"embeddable":true,"href":"https:\/\/www.moskito.cz\/sk\/wp-json\/wp\/v2\/media\/221240"}],"wp:attachment":[{"href":"https:\/\/www.moskito.cz\/sk\/wp-json\/wp\/v2\/media?parent=326365"}],"wp:term":[{"taxonomy":"pwb-brand","embeddable":true,"href":"https:\/\/www.moskito.cz\/sk\/wp-json\/wp\/v2\/pwb-brand?post=326365"},{"taxonomy":"product_brand","embeddable":true,"href":"https:\/\/www.moskito.cz\/sk\/wp-json\/wp\/v2\/product_brand?post=326365"},{"taxonomy":"product_cat","embeddable":true,"href":"https:\/\/www.moskito.cz\/sk\/wp-json\/wp\/v2\/product_cat?post=326365"},{"taxonomy":"product_tag","embeddable":true,"href":"https:\/\/www.moskito.cz\/sk\/wp-json\/wp\/v2\/product_tag?post=326365"}],"curies":[{"name":"wp","href":"https:\/\/api.w.org\/{rel}","templated":true}]}}