{"id":326394,"date":"2023-09-28T15:47:40","date_gmt":"2024-04-05T13:43:31","guid":{"rendered":"https:\/\/www.moskito.cz\/produkt\/zatvaraci-noz-crkt-tuna-compact-2522\/"},"modified":"2025-05-07T11:08:43","modified_gmt":"2025-05-07T10:08:43","slug":"zatvaraci-noz-crkt-tuna-compact-2522","status":"publish","type":"product","link":"https:\/\/www.moskito.cz\/sk\/produkt\/zatvaraci-noz-crkt-tuna-compact-2522\/","title":{"rendered":"Zatv\u00e1rac\u00ed N\u00f4\u017e CRKT Tuna Compact 2522"},"content":{"rendered":"<p>Zatv\u00e1rac\u00ed N\u00f4\u017e <strong>CRKT<\/strong> Tuna Compact 2522<\/p>\n<p>Rybi\u010dka, ktor\u00e1 vl\u00e1dne ka\u017ed\u00e9mu rybn\u00edku.<\/p>\n<p>Aj ke\u010f je Tuna Compact mal\u00fd, evokuje silu jednej z najv\u00e4\u010d\u0161\u00edch a najr\u00fdchlej\u0161\u00edch r\u00fdb na svete. Preber\u00e1 jemn\u00fa eleganciu origin\u00e1lneho Tuna\u2122 dizajn\u00e9ra Lucasa Burnleyho a scvrk\u00e1va ho do ultra kompaktn\u00e9ho zatv\u00e1racieho no\u017ea. S profilom, ktor\u00fd nazna\u010duje siln\u00fa dopredn\u00fa hybnos\u0165 a tvarom \u010depele, ktor\u00e1 vyzer\u00e1 ako hlbinn\u00fd m\u00e4so\u017eravec, tento ka\u017edodenn\u00fd prenos pl\u00e1tkov cez bal\u00edky a krabice r\u00fdchlej\u0161ie ako modroplutv\u00fd pl\u00e1tok cez vlnu na nap\u00e4tom vlasci.<\/p>\n<p>Jednoduch\u00e9 ostrenie: \u010cepe\u013e z vysoko uhl\u00edkovej nerezovej ocele dobre zaber\u00e1 ostrie<br \/>\nHladk\u00e9 otv\u00e1ranie: \u010cap guli\u010dkov\u00e9ho lo\u017eiska IKBS\u2122 plynulo rozmiestni \u010depe\u013e<br \/>\nJednoduch\u00e9 otv\u00e1ranie: \u010cap pre palec umo\u017e\u0148uje r\u00fdchle otvorenie jednou rukou<br \/>\nV\u00fdnimo\u010dn\u00e1 pri\u013enavos\u0165: Rukov\u00e4\u0165 G10 poskytuje v\u00fdnimo\u010dn\u00fa pri\u013enavos\u0165 za v\u0161etk\u00fdch podmienok<br \/>\nHrub\u00e1 sila: Z\u00e1mok r\u00e1mu vyu\u017e\u00edva siln\u00fa z\u00e1voru na zaistenie \u010depele<br \/>\nN\u00edzky profil: Vreckov\u00fd klip zais\u0165uje bezpe\u010dn\u00e9 nosenie<\/p>\n<p>Podrobnosti o \u010depeli<\/p>\n<p>\u010cepe\u013e z ocele : 8Cr13MoV<br \/>\nBlade Edge Plain<br \/>\nPovrchov\u00e1 \u00faprava \u010depele Stonewash<\/p>\n<p>D\u013a\u017eka \u010depele: 6.92 cm<br \/>\nHr\u00fabka \u010depele 0.36 cm<br \/>\nCelkov\u00e1 d\u013a\u017eka: 16.35 cm<br \/>\nD\u013a\u017eka v zatvorenom stave: 9.67 cm<br \/>\nHmotnos\u0165 : 79,38 g<\/p>\n<p>Materi\u00e1l rukov\u00e4te G10 | Nerezov\u00e1 oce\u013e<br \/>\n\u0160t\u00fdlov\u00fd zatv\u00e1rac\u00ed n\u00f4\u017e s Frame Lock<\/p>\n<p>&nbsp;<\/p>\n","protected":false},"excerpt":{"rendered":"<p><strong>DesignerLucas BurnleyBend, Oregon.<\/strong><\/p>\n<p><strong>Ke\u010f sa Lucasa sp\u00fdtate, \u010do ho ako teenagera priviedlo do sveta no\u017eov, povie v\u00e1m, \u017ee to boli pr\u00edbehy o pre\u017eit\u00ed, dobrodru\u017estvo s otcom mimo cesty a poriadna d\u00e1vka ak\u010dn\u00fdch filmov. V priebehu rokov experimentoval so \u0161irokou \u0161k\u00e1lou \u0161t\u00fdlov, aby umne kombinoval klasick\u00e9 pr\u00edklady s modern\u00fdmi materi\u00e1lmi a technikami, ako je napr\u00edklad n\u00f4\u017e Obake\u2122. Lucas ver\u00ed, \u017ee no\u017ee s\u00fa osobn\u00fdm vyjadren\u00edm nez\u00e1vislosti. Viac sme sa zhodn\u00fa\u0165 nemohli.<\/strong><\/p>\n<p>&nbsp;<\/p>\n","protected":false},"featured_media":257104,"comment_status":"open","ping_status":"closed","template":"","meta":[],"pwb-brand":[3249],"product_brand":[],"product_cat":[3233,3186],"product_tag":[3668],"class_list":{"0":"post-326394","1":"product","2":"type-product","3":"status-publish","4":"has-post-thumbnail","6":"pwb-brand-zatvaraci-noz-crkt-delilahs-p-e-c-k-5520","7":"product_cat-zatvaracie-noze","8":"product_cat-noze-sk","9":"product_tag-b2b-sk","11":"first","12":"instock","13":"taxable","14":"shipping-taxable","15":"purchasable","16":"product-type-simple"},"brands":[{"id":3249,"name":"Zatv\u00e1rac\u00ed N\u00f4\u017e CRKT DELILAH'S P.E.C.K. 5520","slug":"zatvaraci-noz-crkt-delilahs-p-e-c-k-5520"}],"_links":{"self":[{"href":"https:\/\/www.moskito.cz\/sk\/wp-json\/wp\/v2\/product\/326394","targetHints":{"allow":["GET"]}}],"collection":[{"href":"https:\/\/www.moskito.cz\/sk\/wp-json\/wp\/v2\/product"}],"about":[{"href":"https:\/\/www.moskito.cz\/sk\/wp-json\/wp\/v2\/types\/product"}],"replies":[{"embeddable":true,"href":"https:\/\/www.moskito.cz\/sk\/wp-json\/wp\/v2\/comments?post=326394"}],"wp:featuredmedia":[{"embeddable":true,"href":"https:\/\/www.moskito.cz\/sk\/wp-json\/wp\/v2\/media\/257104"}],"wp:attachment":[{"href":"https:\/\/www.moskito.cz\/sk\/wp-json\/wp\/v2\/media?parent=326394"}],"wp:term":[{"taxonomy":"pwb-brand","embeddable":true,"href":"https:\/\/www.moskito.cz\/sk\/wp-json\/wp\/v2\/pwb-brand?post=326394"},{"taxonomy":"product_brand","embeddable":true,"href":"https:\/\/www.moskito.cz\/sk\/wp-json\/wp\/v2\/product_brand?post=326394"},{"taxonomy":"product_cat","embeddable":true,"href":"https:\/\/www.moskito.cz\/sk\/wp-json\/wp\/v2\/product_cat?post=326394"},{"taxonomy":"product_tag","embeddable":true,"href":"https:\/\/www.moskito.cz\/sk\/wp-json\/wp\/v2\/product_tag?post=326394"}],"curies":[{"name":"wp","href":"https:\/\/api.w.org\/{rel}","templated":true}]}}