{"id":326474,"date":"2022-08-18T20:26:30","date_gmt":"2024-04-05T13:53:52","guid":{"rendered":"https:\/\/www.moskito.cz\/produkt\/zatvaraci-noz-crkt-pazoda-2-6470\/"},"modified":"2025-05-07T11:08:46","modified_gmt":"2025-05-07T10:08:46","slug":"zatvaraci-noz-crkt-pazoda-2-6470","status":"publish","type":"product","link":"https:\/\/www.moskito.cz\/sk\/produkt\/zatvaraci-noz-crkt-pazoda-2-6470\/","title":{"rendered":"Zatv\u00e1rac\u00ed N\u00f4\u017e CRKT PAZODA 2 6470"},"content":{"rendered":"<p>Zatv\u00e1rac\u00ed N\u00f4\u017e CRKT PAZODA 2 6470.<\/p>\n<p>\u010co rob\u00ed dobr\u00fd n\u00f4\u017e s logom? Mal by by\u0165 cenovo dostupn\u00fd a mal by ma\u0165 ve\u013ek\u00e9 ploch\u00e9 plochy na \u010depeli alebo r\u00e1me vhodn\u00e9 na odtla\u010dok loga. Tak\u017ee sme ve\u013emi radi, \u017ee v\u00e1m m\u00f4\u017eeme predstavi\u0165 s\u00e9riu Pazoda\u2122. S\u00fa to vysoko kvalitn\u00e9 no\u017ee, ktor\u00fdch cena je dostato\u010dne n\u00edzka na to, aby ich bolo mo\u017en\u00e9 zak\u00fapi\u0165 vo ve\u013ekom mno\u017estve, a v\u0161etky maj\u00fa ploch\u00e9 plochy, ktor\u00e9 s\u00fa ide\u00e1lne pre n\u00e1\u0161 &#8222;Company Billboard&#8220; potla\u010d laserom alebo sie\u0165otla\u010dou. Alebo si m\u00f4\u017eete vzia\u0165 kohoko\u013evek do miestneho domu pre trofeje pre osobn\u00fa rytinu.<br \/>\nTmavosiv\u00e1 povrchov\u00e1 \u00faprava \u010depele z nitridu tit\u00e1nu<br \/>\nRukov\u00e4te z nerezovej ocele<br \/>\nPos\u00favanie palcom na kot\u00fa\u010d pre optim\u00e1lnu kontrolu rezania.<\/p>\n<p>\u0160PECIFIK\u00c1CIA<br \/>\nFarba \u0160ed\u00e1 a strieborn\u00e1<br \/>\nD\u013a\u017eka \u010depele 2,14&#8243; (54,25 mm)<br \/>\nOstrie \u010depele Prost\u00fd<br \/>\n\u010cepe\u013e oce\u013e 8Cr13MoV<br \/>\nPovrchov\u00e1 \u00faprava \u010depele Nitrid tit\u00e1nu<br \/>\nHr\u00fabka \u010depele 0,09&#8243; (2,21 mm)<br \/>\nCelkov\u00e1 d\u013a\u017eka 5,15&#8243; (130,71 mm)<br \/>\nUzavret\u00e1 d\u013a\u017eka 2,98&#8243; (75,64 mm)<br \/>\nHmotnos\u0165 1,80 oz (51,03 g)<br \/>\nRukov\u00e4\u0165 Nerezov\u00e1 oce\u013e<br \/>\n\u0160t\u00fdl Skladac\u00ed n\u00f4\u017e so z\u00e1mkom r\u00e1mu<\/p>\n","protected":false},"excerpt":{"rendered":"<p>\u010co rob\u00ed dobr\u00fd n\u00f4\u017e s logom? Mal by by\u0165 cenovo dostupn\u00fd a mal by ma\u0165 ve\u013ek\u00e9 ploch\u00e9 plochy na \u010depeli alebo r\u00e1me vhodn\u00e9 na odtla\u010dok loga.<\/p>\n","protected":false},"featured_media":221151,"comment_status":"open","ping_status":"closed","template":"","meta":[],"pwb-brand":[3249],"product_brand":[],"product_cat":[3186,3233],"product_tag":[3668],"class_list":{"0":"post-326474","1":"product","2":"type-product","3":"status-publish","4":"has-post-thumbnail","6":"pwb-brand-zatvaraci-noz-crkt-delilahs-p-e-c-k-5520","7":"product_cat-noze-sk","8":"product_cat-zatvaracie-noze","9":"product_tag-b2b-sk","11":"first","12":"outofstock","13":"taxable","14":"shipping-taxable","15":"purchasable","16":"product-type-simple"},"brands":[{"id":3249,"name":"Zatv\u00e1rac\u00ed N\u00f4\u017e CRKT DELILAH'S P.E.C.K. 5520","slug":"zatvaraci-noz-crkt-delilahs-p-e-c-k-5520"}],"_links":{"self":[{"href":"https:\/\/www.moskito.cz\/sk\/wp-json\/wp\/v2\/product\/326474","targetHints":{"allow":["GET"]}}],"collection":[{"href":"https:\/\/www.moskito.cz\/sk\/wp-json\/wp\/v2\/product"}],"about":[{"href":"https:\/\/www.moskito.cz\/sk\/wp-json\/wp\/v2\/types\/product"}],"replies":[{"embeddable":true,"href":"https:\/\/www.moskito.cz\/sk\/wp-json\/wp\/v2\/comments?post=326474"}],"wp:featuredmedia":[{"embeddable":true,"href":"https:\/\/www.moskito.cz\/sk\/wp-json\/wp\/v2\/media\/221151"}],"wp:attachment":[{"href":"https:\/\/www.moskito.cz\/sk\/wp-json\/wp\/v2\/media?parent=326474"}],"wp:term":[{"taxonomy":"pwb-brand","embeddable":true,"href":"https:\/\/www.moskito.cz\/sk\/wp-json\/wp\/v2\/pwb-brand?post=326474"},{"taxonomy":"product_brand","embeddable":true,"href":"https:\/\/www.moskito.cz\/sk\/wp-json\/wp\/v2\/product_brand?post=326474"},{"taxonomy":"product_cat","embeddable":true,"href":"https:\/\/www.moskito.cz\/sk\/wp-json\/wp\/v2\/product_cat?post=326474"},{"taxonomy":"product_tag","embeddable":true,"href":"https:\/\/www.moskito.cz\/sk\/wp-json\/wp\/v2\/product_tag?post=326474"}],"curies":[{"name":"wp","href":"https:\/\/api.w.org\/{rel}","templated":true}]}}