{"id":326501,"date":"2021-07-31T20:12:49","date_gmt":"2024-04-05T13:58:31","guid":{"rendered":"https:\/\/www.moskito.cz\/produkt\/zatvaraci-noz-crkt-pilar-large-g10\/"},"modified":"2025-05-07T11:08:47","modified_gmt":"2025-05-07T10:08:47","slug":"zatvaraci-noz-crkt-pilar-large-g10","status":"publish","type":"product","link":"https:\/\/www.moskito.cz\/sk\/produkt\/zatvaraci-noz-crkt-pilar-large-g10\/","title":{"rendered":"Zatv\u00e1rac\u00ed N\u00f4\u017e CRKT PILAR LARGE G10"},"content":{"rendered":"<p>Zatv\u00e1rac\u00ed N\u00f4\u017e <strong>CRKT<\/strong> PILAR LARGE G10.<\/p>\n<p>Navrhol Jesper Voxnaes v Loegstrup, D\u00e1nsko<br \/>\nKde minim\u00e1lny dizajn sp\u013a\u0148a maxim\u00e1lny \u00fa\u017eitok. Pilar\u00ae je kompaktn\u00fd n\u00f4\u017e na ka\u017edodenn\u00e9 nosenie s v\u00fdrazn\u00fdm minimalistick\u00fdm dizajnom a epick\u00fdm pr\u00edbehom za svojim n\u00e1zvom.<br \/>\nVe\u013ek\u00e1 verzia najpred\u00e1vanej\u0161ieho Pilar\u00ae<br \/>\n\u010cepe\u013e z nerezovej ocele s vysok\u00fdm obsahom uhl\u00edka dobre dr\u017e\u00ed hranu a je ide\u00e1lna na ka\u017edodenn\u00e9 nosenie<br \/>\nOtv\u00e1ranie plutvy pre r\u00fdchle nasadenie \u010depele<br \/>\nRukov\u00e4\u0165 G10 poskytuje v\u00fdnimo\u010dn\u00fa pri\u013enavos\u0165 za ka\u017ed\u00e9ho po\u010dasia<br \/>\nDvojpolohov\u00fd klip pre mo\u017enosti prevr\u00e1tenia nahor alebo nadol<\/p>\n<p>\u0160PECIFIK\u00c1CIA<br \/>\nD\u013a\u017eka \u010depele 2,67 palca (67,79 mm)<br \/>\nBlade Edge Oby\u010dajn\u00fd<br \/>\n\u010cepe\u013e oce\u013e 8Cr14MoV<br \/>\nDokon\u010denie \u010depele Sat\u00e9n<br \/>\nHr\u00fabka \u010depele 0,73 palca (3,73 mm)<br \/>\nCelkov\u00e1 d\u013a\u017eka 6,69 palcov (169,88 mm)<br \/>\nZatvoren\u00e1 d\u013a\u017eka 4,00&#8243; (101,55 mm)<br \/>\nHmotnos\u0165 3,80 oz. (107,73 g)<br \/>\nRukov\u00e4\u0165 G10<br \/>\n\u0160t\u00fdl Skladac\u00ed n\u00f4\u017e s r\u00e1mov\u00fdm z\u00e1mkom<\/p>\n<p><strong>CRKT\u00ae<\/strong> (Columbia River Knife and Tool\u00ae) bol zalo\u017een\u00fd v roku 1994. Od prv\u00e9ho d\u0148a kladie na prv\u00e9 miesto inov\u00e1ciu a integritu. Zaviazal sa vyr\u00e1ba\u0165 no\u017ee a n\u00e1stroje, ktor\u00e9 by in\u0161pirovali a vydr\u017eali. Spolupracuje s najlep\u0161\u00edmi dizajn\u00e9rmi na svete a pracuje na jednoduchom princ\u00edpe: \u017ee najv\u00e4\u010d\u0161ia vec, ktor\u00fa m\u00f4\u017ee z\u00e1kazn\u00edkom da\u0165, je d\u00f4vera v ruk\u00e1ch.<\/p>\n","protected":false},"excerpt":{"rendered":"<p>Zatv\u00e1rac\u00ed n\u00f4\u017e s poistkou a klipom na nosenie.<\/p>\n","protected":false},"featured_media":201522,"comment_status":"open","ping_status":"closed","template":"","meta":[],"pwb-brand":[3249],"product_brand":[],"product_cat":[3233,3186],"product_tag":[3668],"class_list":{"0":"post-326501","1":"product","2":"type-product","3":"status-publish","4":"has-post-thumbnail","6":"pwb-brand-zatvaraci-noz-crkt-delilahs-p-e-c-k-5520","7":"product_cat-zatvaracie-noze","8":"product_cat-noze-sk","9":"product_tag-b2b-sk","11":"first","12":"instock","13":"sale","14":"taxable","15":"shipping-taxable","16":"purchasable","17":"product-type-simple"},"brands":[{"id":3249,"name":"Zatv\u00e1rac\u00ed N\u00f4\u017e CRKT DELILAH'S P.E.C.K. 5520","slug":"zatvaraci-noz-crkt-delilahs-p-e-c-k-5520"}],"_links":{"self":[{"href":"https:\/\/www.moskito.cz\/sk\/wp-json\/wp\/v2\/product\/326501","targetHints":{"allow":["GET"]}}],"collection":[{"href":"https:\/\/www.moskito.cz\/sk\/wp-json\/wp\/v2\/product"}],"about":[{"href":"https:\/\/www.moskito.cz\/sk\/wp-json\/wp\/v2\/types\/product"}],"replies":[{"embeddable":true,"href":"https:\/\/www.moskito.cz\/sk\/wp-json\/wp\/v2\/comments?post=326501"}],"wp:featuredmedia":[{"embeddable":true,"href":"https:\/\/www.moskito.cz\/sk\/wp-json\/wp\/v2\/media\/201522"}],"wp:attachment":[{"href":"https:\/\/www.moskito.cz\/sk\/wp-json\/wp\/v2\/media?parent=326501"}],"wp:term":[{"taxonomy":"pwb-brand","embeddable":true,"href":"https:\/\/www.moskito.cz\/sk\/wp-json\/wp\/v2\/pwb-brand?post=326501"},{"taxonomy":"product_brand","embeddable":true,"href":"https:\/\/www.moskito.cz\/sk\/wp-json\/wp\/v2\/product_brand?post=326501"},{"taxonomy":"product_cat","embeddable":true,"href":"https:\/\/www.moskito.cz\/sk\/wp-json\/wp\/v2\/product_cat?post=326501"},{"taxonomy":"product_tag","embeddable":true,"href":"https:\/\/www.moskito.cz\/sk\/wp-json\/wp\/v2\/product_tag?post=326501"}],"curies":[{"name":"wp","href":"https:\/\/api.w.org\/{rel}","templated":true}]}}