{"id":326544,"date":"2022-08-16T20:10:11","date_gmt":"2024-04-05T14:05:10","guid":{"rendered":"https:\/\/www.moskito.cz\/produkt\/zatvaraci-noz-crkt-lanny-6525\/"},"modified":"2025-05-07T11:08:48","modified_gmt":"2025-05-07T10:08:48","slug":"zatvaraci-noz-crkt-lanny-6525","status":"publish","type":"product","link":"https:\/\/www.moskito.cz\/sk\/produkt\/zatvaraci-noz-crkt-lanny-6525\/","title":{"rendered":"Zatv\u00e1rac\u00ed N\u00f4\u017e CRKT LANNY 6525"},"content":{"rendered":"<p>Zatv\u00e1rac\u00ed N\u00f4\u017e <strong>CRKT<\/strong> LANNY 6525.<\/p>\n<p>Postaven\u00e9 z nostalgie. Zatv\u00e1rac\u00ed n\u00f4\u017e Lanny\u2122 na ka\u017edodenn\u00e9 nosenie, in\u0161pirovan\u00fd legend\u00e1rnym Lanny&#8217;s Clipom od Tonyho Bosa, m\u00e1 klasick\u00fd \u0161t\u00fdl klzn\u00e9ho k\u013abu a prin\u00e1\u0161a ho do bud\u00facnosti s inov\u00e1ciou Assisted Opening pre neuverite\u013ene vysok\u00e9 r\u00fdchlosti otv\u00e1rania. Nazvite to svojim najnostalgickej\u0161\u00edm a z\u00e1rove\u0148 futuristick\u00fdm prenosom.<\/p>\n<p>Liong Mah z Palm Bay na Floride vie, ako na to od zn\u00e1meho ob\u013e\u00fabenca. Ke\u010f sa rozhodol prinies\u0165 klasick\u00fd Lanny&#8217;s Clip do bud\u00facnosti, presne ur\u010dil, \u010do treba zachova\u0165 a presne to, \u010do si vy\u017eaduje osvie\u017eenie. Liong odstr\u00e1nil ve\u013ekos\u0165 a vyrobil len nie\u010do m\u00e1lo cez 3\u201d upraven\u00fa \u010depe\u013e s klipsou z \u013eahko br\u00fasite\u013enej vysoko uhl\u00edkovej nerezovej ocele. V ruke je hlin\u00edkov\u00e1 rukov\u00e4\u0165 dokonale opotrebovan\u00e1 vo vrecku.<\/p>\n<p>Aby Liong definit\u00edvne odl\u00ed\u0161il tento od bal\u00ed\u010dka, vytvoril Lanny\u2122 okolo inov\u00e1cie Assisted Opening. Posunut\u00edm \u010depele \u010diasto\u010dne otvor\u00edte a aktivuje sa asistovan\u00e9 otv\u00e1ranie a otvor\u00ed sa ve\u013emi vysokou r\u00fdchlos\u0165ou. Syst\u00e9m \u010dapov s guli\u010dkov\u00fdmi lo\u017eiskami IKBS\u2122 zais\u0165uje hladk\u00e9 ot\u00e1\u010danie a z\u00e1mok vlo\u017eky ho dr\u017e\u00ed pevne na mieste.<\/p>\n<p>Futuristick\u00e9 leporelo, pri ktorom m\u00e1te pocit, \u017ee ho nos\u00edte roky.<\/p>\n<p>Ako funguje asistovan\u00e9 otv\u00e1ranie<br \/>\nJe dr\u017ean\u00fd bezpe\u010dne zatvoren\u00fd vo vrecku, ale zah\u00e1jte rozmiestnenie a po\u010das ot\u00e1\u010dania sa \u010depe\u013e otvor\u00ed p\u00f4sobivou r\u00fdchlos\u0165ou pre jednoduch\u00e9, v\u00fdkonn\u00e9 otv\u00e1ranie jednou rukou.<\/p>\n<p>\u0160PECIFIK\u00c1CIA<br \/>\nD\u013a\u017eka \u010depele 3,18&#8243; (80,65 mm)<br \/>\nOstrie \u010depele Prost\u00fd<br \/>\n\u010cepe\u013e oce\u013e 8Cr13MoV<br \/>\nPovrchov\u00e1 \u00faprava \u010depele Sat\u00e9n<br \/>\nHr\u00fabka \u010depele 0,15&#8243; (3,68 mm)<br \/>\nCelkov\u00e1 d\u013a\u017eka 7,44&#8243; (188,93 mm)<br \/>\nUzavret\u00e1 d\u013a\u017eka 4,26&#8243; (108,25 mm)<br \/>\nHmotnos\u0165 4,10 unca (116,23 g)<br \/>\nRukov\u00e4\u0165 Hlin\u00edk<br \/>\n\u0160t\u00fdl Asistovan\u00fd skladac\u00ed n\u00f4\u017e s Liner Lock<\/p>\n<p><iframe title=\"CRKT LANNY | Liong Mah Design\" width=\"800\" height=\"450\" src=\"https:\/\/www.youtube.com\/embed\/KIiQuTTB8Qk?feature=oembed\" frameborder=\"0\" allow=\"accelerometer; autoplay; clipboard-write; encrypted-media; gyroscope; picture-in-picture; web-share\" referrerpolicy=\"strict-origin-when-cross-origin\" allowfullscreen><\/iframe><\/p>\n<p>&nbsp;<\/p>\n","protected":false},"excerpt":{"rendered":"<p>Navrhol Liong Mah v Palm Bay na Floride.<\/p>\n","protected":false},"featured_media":220656,"comment_status":"open","ping_status":"closed","template":"","meta":[],"pwb-brand":[3249],"product_brand":[],"product_cat":[3233,3186],"product_tag":[3668],"class_list":{"0":"post-326544","1":"product","2":"type-product","3":"status-publish","4":"has-post-thumbnail","6":"pwb-brand-zatvaraci-noz-crkt-delilahs-p-e-c-k-5520","7":"product_cat-zatvaracie-noze","8":"product_cat-noze-sk","9":"product_tag-b2b-sk","11":"first","12":"instock","13":"taxable","14":"shipping-taxable","15":"purchasable","16":"product-type-simple"},"brands":[{"id":3249,"name":"Zatv\u00e1rac\u00ed N\u00f4\u017e CRKT DELILAH'S P.E.C.K. 5520","slug":"zatvaraci-noz-crkt-delilahs-p-e-c-k-5520"}],"_links":{"self":[{"href":"https:\/\/www.moskito.cz\/sk\/wp-json\/wp\/v2\/product\/326544","targetHints":{"allow":["GET"]}}],"collection":[{"href":"https:\/\/www.moskito.cz\/sk\/wp-json\/wp\/v2\/product"}],"about":[{"href":"https:\/\/www.moskito.cz\/sk\/wp-json\/wp\/v2\/types\/product"}],"replies":[{"embeddable":true,"href":"https:\/\/www.moskito.cz\/sk\/wp-json\/wp\/v2\/comments?post=326544"}],"wp:featuredmedia":[{"embeddable":true,"href":"https:\/\/www.moskito.cz\/sk\/wp-json\/wp\/v2\/media\/220656"}],"wp:attachment":[{"href":"https:\/\/www.moskito.cz\/sk\/wp-json\/wp\/v2\/media?parent=326544"}],"wp:term":[{"taxonomy":"pwb-brand","embeddable":true,"href":"https:\/\/www.moskito.cz\/sk\/wp-json\/wp\/v2\/pwb-brand?post=326544"},{"taxonomy":"product_brand","embeddable":true,"href":"https:\/\/www.moskito.cz\/sk\/wp-json\/wp\/v2\/product_brand?post=326544"},{"taxonomy":"product_cat","embeddable":true,"href":"https:\/\/www.moskito.cz\/sk\/wp-json\/wp\/v2\/product_cat?post=326544"},{"taxonomy":"product_tag","embeddable":true,"href":"https:\/\/www.moskito.cz\/sk\/wp-json\/wp\/v2\/product_tag?post=326544"}],"curies":[{"name":"wp","href":"https:\/\/api.w.org\/{rel}","templated":true}]}}