{"id":326555,"date":"2023-10-03T16:02:44","date_gmt":"2024-04-05T14:07:26","guid":{"rendered":"https:\/\/www.moskito.cz\/produkt\/zatvaraci-noz-crkt-overland-compact-6277\/"},"modified":"2025-05-07T11:08:49","modified_gmt":"2025-05-07T10:08:49","slug":"zatvaraci-noz-crkt-overland-compact-6277","status":"publish","type":"product","link":"https:\/\/www.moskito.cz\/sk\/produkt\/zatvaraci-noz-crkt-overland-compact-6277\/","title":{"rendered":"Zatv\u00e1rac\u00ed N\u00f4\u017e CRKT Overland Compact 6277"},"content":{"rendered":"<p>Zatv\u00e1rac\u00ed N\u00f4\u017e <strong>CRKT<\/strong> Overland Compact 6277<\/p>\n<p>Kompaktn\u00fd zatv\u00e1rac\u00ed n\u00f4\u017e pripraven\u00fd zdol\u00e1va\u0165 ak\u00fdko\u013evek ter\u00e9n.<\/p>\n<p>M\u00f4\u017ee by\u0165 mal\u00fd, ale rovnako ako vylep\u0161en\u00e9 n\u00e1v\u00e4zce 4&#215;4, ktor\u00e9 in\u0161pirovali jeho meno, je Overland Compact prestavan\u00fd a pripraven\u00fd na prev\u00e1dzku v t\u00fdch najdrsnej\u0161\u00edch podmienkach. Preber\u00e1 dizajnov\u00e9 prvky a materi\u00e1ly plnej ve\u013ekosti Overland\u2122 a d\u00e1va ich do ultraprenosn\u00e9ho tvaru, ktor\u00fd prakticky zmizne vo vrecku. Ke\u010f je \u010das zastavi\u0165 konvoj a postavi\u0165 t\u00e1bor, tento n\u00f4\u017e urob\u00ed kr\u00e1tku pr\u00e1cu s pr\u00edpravou \u013eahk\u00e9ho jedla a odre\u017ee perfektn\u00fa ty\u010dinku marshmallow.<\/p>\n<p>Vynikaj\u00faci v\u00fdkon: Oce\u013e \u010depele D2 pre vynikaj\u00face dr\u017eanie ostria<br \/>\nJednoduch\u00e9 otv\u00e1ranie: palec umo\u017e\u0148uje r\u00fdchle otvorenie jednou rukou<br \/>\nPevn\u00fd a odoln\u00fd: G10 s rukov\u00e4\u0165ou z nerezovej ocele kombinuje odolnos\u0165 a pevnos\u0165<br \/>\nHrub\u00e1 sila: Z\u00e1mok r\u00e1mu vyu\u017e\u00edva siln\u00fa z\u00e1voru na zaistenie \u010depele<br \/>\nN\u00edzky profil: Vreckov\u00fd klip zais\u0165uje bezpe\u010dn\u00e9 nosenie<br \/>\nVizu\u00e1lna pr\u00ed\u0165a\u017elivos\u0165: Oran\u017eov\u00fd eloxovan\u00fd oto\u010dn\u00fd kr\u00fa\u017eok a akcenty backspacer<\/p>\n<p>\u010cepe\u013e z ocele D2<br \/>\nBlade Edge Plain<br \/>\nPovrchov\u00e1 \u00faprava \u010depele Stonewash<\/p>\n<p>D\u013a\u017eka \u010depele: 5.67 cm<br \/>\nHr\u00fabka \u010depele: 0.32 cm<br \/>\nCelkov\u00e1 d\u013a\u017eka: 13.74 cm<br \/>\nD\u013a\u017eka v zatvorenom stave: 8.10 cm<br \/>\nHmotnos\u0165 : 87,88 g<\/p>\n<p>jMateri\u00e1l rukov\u00e4te G10 | Nerezov\u00e1 oce\u013e<br \/>\n\u0160t\u00fdlov\u00fd zatv\u00e1rac\u00ed n\u00f4\u017e s Frame Lock<\/p>\n<p>&nbsp;<\/p>\n<p>&nbsp;<\/p>\n","protected":false},"excerpt":{"rendered":"<p><strong>DesignerT.J. SchwarzBoise, Idaho<\/strong><\/p>\n<p><strong>TJ bol predur\u010den\u00fd sta\u0165 sa automobilov\u00fdm kon\u0161trukt\u00e9rom. Na strednej \u0161kole objavil svoju zvl\u00e1\u0161tnu schopnos\u0165 kresli\u0165 aut\u00e1 \u2013 v skuto\u010dnosti v tom bol tak\u00fd dobr\u00fd, \u017ee v \u010dase, ke\u010f bol na vysokej \u0161kole, prij\u00edmal prov\u00edzie od majite\u013eov klasick\u00fdch \u00e1ut. Pr\u00e1ve ke\u010f jeho kari\u00e9ra za\u010d\u00ednala na automobilovej ceste, zasiahol jeho dobr\u00fd priate\u013e Bill Koenig z Koenig Knives a v\u0161etko sa posunulo. Akon\u00e1hle ok\u00fasil design no\u017eov, u\u017e sa neobzrel. Tak\u017ee ke\u010f hovor\u00ed \u201evyroben\u00e9 na v\u00fdkon\u201c, mysl\u00ed to v\u00e1\u017ene.<\/strong><\/p>\n<p>&nbsp;<\/p>\n","protected":false},"featured_media":257199,"comment_status":"open","ping_status":"closed","template":"","meta":[],"pwb-brand":[3249],"product_brand":[],"product_cat":[3233,3186],"product_tag":[3668],"class_list":{"0":"post-326555","1":"product","2":"type-product","3":"status-publish","4":"has-post-thumbnail","6":"pwb-brand-zatvaraci-noz-crkt-delilahs-p-e-c-k-5520","7":"product_cat-zatvaracie-noze","8":"product_cat-noze-sk","9":"product_tag-b2b-sk","11":"first","12":"outofstock","13":"sale","14":"taxable","15":"shipping-taxable","16":"purchasable","17":"product-type-simple"},"brands":[{"id":3249,"name":"Zatv\u00e1rac\u00ed N\u00f4\u017e CRKT DELILAH'S P.E.C.K. 5520","slug":"zatvaraci-noz-crkt-delilahs-p-e-c-k-5520"}],"_links":{"self":[{"href":"https:\/\/www.moskito.cz\/sk\/wp-json\/wp\/v2\/product\/326555","targetHints":{"allow":["GET"]}}],"collection":[{"href":"https:\/\/www.moskito.cz\/sk\/wp-json\/wp\/v2\/product"}],"about":[{"href":"https:\/\/www.moskito.cz\/sk\/wp-json\/wp\/v2\/types\/product"}],"replies":[{"embeddable":true,"href":"https:\/\/www.moskito.cz\/sk\/wp-json\/wp\/v2\/comments?post=326555"}],"wp:featuredmedia":[{"embeddable":true,"href":"https:\/\/www.moskito.cz\/sk\/wp-json\/wp\/v2\/media\/257199"}],"wp:attachment":[{"href":"https:\/\/www.moskito.cz\/sk\/wp-json\/wp\/v2\/media?parent=326555"}],"wp:term":[{"taxonomy":"pwb-brand","embeddable":true,"href":"https:\/\/www.moskito.cz\/sk\/wp-json\/wp\/v2\/pwb-brand?post=326555"},{"taxonomy":"product_brand","embeddable":true,"href":"https:\/\/www.moskito.cz\/sk\/wp-json\/wp\/v2\/product_brand?post=326555"},{"taxonomy":"product_cat","embeddable":true,"href":"https:\/\/www.moskito.cz\/sk\/wp-json\/wp\/v2\/product_cat?post=326555"},{"taxonomy":"product_tag","embeddable":true,"href":"https:\/\/www.moskito.cz\/sk\/wp-json\/wp\/v2\/product_tag?post=326555"}],"curies":[{"name":"wp","href":"https:\/\/api.w.org\/{rel}","templated":true}]}}