{"id":326704,"date":"2022-08-16T20:36:16","date_gmt":"2024-04-05T14:26:43","guid":{"rendered":"https:\/\/www.moskito.cz\/produkt\/zatvaraci-noz-crkt-squid-xm-2495k\/"},"modified":"2025-05-07T11:08:51","modified_gmt":"2025-05-07T10:08:51","slug":"zatvaraci-noz-crkt-squid-xm-2495k","status":"publish","type":"product","link":"https:\/\/www.moskito.cz\/sk\/produkt\/zatvaraci-noz-crkt-squid-xm-2495k\/","title":{"rendered":"Zatv\u00e1rac\u00ed N\u00f4\u017e CRKT SQUID XM 2495K"},"content":{"rendered":"<p>Zatv\u00e1rac\u00ed N\u00f4\u017e <strong>CRKT<\/strong> SQUID XM 2495K.<\/p>\n<p>Je to sp\u00e4\u0165. Ale v\u00e4\u010d\u0161ia. Pred rokmi dizajn\u00e9r Lucas Burnley priviedol k \u017eivotu ikonick\u00fa Squid\u2122. Zatv\u00e1rac\u00ed n\u00f4\u017e, ktor\u00fd raketovo rastie v popularite medzi fan\u00fa\u0161ikmi ob\u013e\u00faben\u00e9ho kompaktn\u00e9ho nosi\u010da, sa stal najlep\u0161ou vo\u013ebou pre t\u00fdch, ktor\u00ed h\u013eadaj\u00fa spr\u00e1vnu rovnov\u00e1hu medzi jednoduchos\u0165ou, v\u00fdkonom a funk\u010dnos\u0165ou. Teraz sa Lucas znova vrhol na prepracovanie tohto osved\u010den\u00e9ho dizajnu a prin\u00e1\u0161a n\u00e1m v\u00e4\u010d\u0161\u00ed SQUID\u2122 XM. St\u00e1le za\u0161krt\u00e1vame, \u017ee ide o v\u0161estrann\u00e9 ka\u017edodenn\u00e9 nosenie, dlh\u0161ia \u010depe\u013e zvl\u00e1da ve\u013ek\u00e9 aj mal\u00e9 \u00falohy &#8211; a je teraz pova\u017eovan\u00e1 za o nie\u010do viac &#8222;extra strednej&#8220;.<\/p>\n<p>Squid\u2122 navrhnut\u00fd Lucasom Burnleym bol koncipovan\u00fd ako v\u00fdkonn\u00fd, ale rovnako prisp\u00f4sobite\u013en\u00fd ka\u017edodenn\u00fdm v\u00fdzvam. \u010ci u\u017e budete pracova\u0165 doma, v gar\u00e1\u017ei alebo v kancel\u00e1rii, Squid\u2122 s vami m\u00f4\u017ee \u00eds\u0165 kamko\u013evek. Po vydan\u00ed p\u00f4vodn\u00e9ho designu Lucas neprestal prij\u00edma\u0165 z\u00e1ujem fan\u00fa\u0161ikov, ktor\u00ed ho \u017eiadali, aby si popul\u00e1rnu \u010depe\u013e znova predstavil ako o nie\u010do v\u00e4\u010d\u0161\u00ed. A v pravom Lucasovom m\u00f3de sa n\u00e1vrh\u00e1r no\u017eov dal do pr\u00e1ce, aby zistil, \u010do je mo\u017en\u00e9. Teraz, ke\u010f Lucas predstavuje SQUID\u2122 XM, prin\u00e1\u0161a v\u00fdtvor, ktor\u00fd je rovnako ikonick\u00fd ako origin\u00e1l, a pritom st\u00e1le vedie svojou funk\u010dnos\u0165ou a u\u017e\u00edvate\u013esky pr\u00edvetivou jednoduchos\u0165ou.<\/p>\n<p>Pri zdokona\u013eovan\u00ed toho, ako bude t\u00e1to najnov\u0161ia verzia \u0161k\u00e1lova\u0165, Lucas nepresko\u010dil \u017eiadne detaily &#8211;<br \/>\nzabezpe\u010di\u0165, aby \u201eextra medium\u201c bolo rovnako bezprobl\u00e9mov\u00e9, pokia\u013e ide o jeho v\u00fdkon. Rovnako ako jeho predchodca je SQUID XM vybaven\u00fd \u010depe\u013eou typu drop-point, ktor\u00e1 dosahuje vynikaj\u00facu rovnov\u00e1hu medzi silou \u0161pi\u010dky a geometriou hrotu pre \u00fa\u017eitkov\u00e9 \u00falohy. Ke\u010f ste pripraven\u00ed za\u010da\u0165 pracova\u0165, Ken Onion&#8217;s Assisted Opening rozvinie \u010depe\u013e po\u010das \u017emurknutia oka, pri\u010dom syst\u00e9m \u010dapov s guli\u010dkov\u00fdmi lo\u017eiskami IKBS\u2122 vytv\u00e1ra super hladk\u00fa rot\u00e1ciu.<\/p>\n<p>Potom, \u010do odoln\u00e1 \u010depe\u013e D2 spln\u00ed svoju povinnos\u0165, m\u00f4\u017eete ju v k\u013eude ulo\u017ei\u0165 do vrecka \u2013 jej vn\u00fatorn\u00fd r\u00e1mov\u00fd z\u00e1mok a spona na hlbok\u00fa kapsu z nej rob\u00ed bezpe\u010dn\u00e9 pren\u00e1\u0161anie na cest\u00e1ch.<\/p>\n<p>Ikonick\u00fd dizajn je sp\u00e4\u0165. A\u017e teraz je to odstup\u0148ovan\u00e9 vo ve\u013ekosti.<\/p>\n<p>Ako funguje asistovan\u00e9 otv\u00e1ranie<br \/>\nJe dr\u017ean\u00fd bezpe\u010dne zatvoren\u00fd vo vrecku, ale zah\u00e1jte rozmiestnenie a po\u010das rot\u00e1cie sa \u010depe\u013e otvor\u00ed p\u00f4sobivou r\u00fdchlos\u0165ou pre jednoduch\u00e9, v\u00fdkonn\u00e9 otv\u00e1ranie jednou rukou.<\/p>\n<p>\u0160PECIFIK\u00c1CIA<br \/>\nD\u013a\u017eka \u010depele 2,95&#8243; (74,83 mm)<br \/>\nOstrie \u010depele Prost\u00fd<br \/>\n\u010cepe\u013e oce\u013e D2<br \/>\nPovrchov\u00e1 \u00faprava \u010depele Stonewash<br \/>\nHr\u00fabka \u010depele 0,10&#8243; (2,62 mm)<br \/>\nCelkov\u00e1 d\u013a\u017eka 7,03&#8243; (178,59 mm)<br \/>\nUzavret\u00e1 d\u013a\u017eka 4,11&#8243; (104,34 mm)<br \/>\nHmotnos\u0165 3,60 oz (102,06 g)<br \/>\nRukov\u00e4\u0165 G10 | Nerezov\u00e1 oce\u013e<br \/>\n\u0160t\u00fdl Asistovan\u00fd skladac\u00ed n\u00f4\u017e so z\u00e1mkom r\u00e1mu<\/p>\n<p><iframe title=\"CRKT SQUID\u2122 XM | Lucas Burnley Design\" width=\"800\" height=\"450\" src=\"https:\/\/www.youtube.com\/embed\/Kq8g1Yr1NxI?feature=oembed\" frameborder=\"0\" allow=\"accelerometer; autoplay; clipboard-write; encrypted-media; gyroscope; picture-in-picture; web-share\" referrerpolicy=\"strict-origin-when-cross-origin\" allowfullscreen><\/iframe><\/p>\n<p>&nbsp;<\/p>\n","protected":false},"excerpt":{"rendered":"<p>Navrhol Lucas Burnley v Bend, Oregon.<\/p>\n","protected":false},"featured_media":220679,"comment_status":"open","ping_status":"closed","template":"","meta":[],"pwb-brand":[3249],"product_brand":[],"product_cat":[3233,3186],"product_tag":[3668],"class_list":{"0":"post-326704","1":"product","2":"type-product","3":"status-publish","4":"has-post-thumbnail","6":"pwb-brand-zatvaraci-noz-crkt-delilahs-p-e-c-k-5520","7":"product_cat-zatvaracie-noze","8":"product_cat-noze-sk","9":"product_tag-b2b-sk","11":"first","12":"instock","13":"sale","14":"taxable","15":"shipping-taxable","16":"purchasable","17":"product-type-simple"},"brands":[{"id":3249,"name":"Zatv\u00e1rac\u00ed N\u00f4\u017e CRKT DELILAH'S P.E.C.K. 5520","slug":"zatvaraci-noz-crkt-delilahs-p-e-c-k-5520"}],"_links":{"self":[{"href":"https:\/\/www.moskito.cz\/sk\/wp-json\/wp\/v2\/product\/326704","targetHints":{"allow":["GET"]}}],"collection":[{"href":"https:\/\/www.moskito.cz\/sk\/wp-json\/wp\/v2\/product"}],"about":[{"href":"https:\/\/www.moskito.cz\/sk\/wp-json\/wp\/v2\/types\/product"}],"replies":[{"embeddable":true,"href":"https:\/\/www.moskito.cz\/sk\/wp-json\/wp\/v2\/comments?post=326704"}],"wp:featuredmedia":[{"embeddable":true,"href":"https:\/\/www.moskito.cz\/sk\/wp-json\/wp\/v2\/media\/220679"}],"wp:attachment":[{"href":"https:\/\/www.moskito.cz\/sk\/wp-json\/wp\/v2\/media?parent=326704"}],"wp:term":[{"taxonomy":"pwb-brand","embeddable":true,"href":"https:\/\/www.moskito.cz\/sk\/wp-json\/wp\/v2\/pwb-brand?post=326704"},{"taxonomy":"product_brand","embeddable":true,"href":"https:\/\/www.moskito.cz\/sk\/wp-json\/wp\/v2\/product_brand?post=326704"},{"taxonomy":"product_cat","embeddable":true,"href":"https:\/\/www.moskito.cz\/sk\/wp-json\/wp\/v2\/product_cat?post=326704"},{"taxonomy":"product_tag","embeddable":true,"href":"https:\/\/www.moskito.cz\/sk\/wp-json\/wp\/v2\/product_tag?post=326704"}],"curies":[{"name":"wp","href":"https:\/\/api.w.org\/{rel}","templated":true}]}}