{"id":326836,"date":"2022-08-23T21:26:05","date_gmt":"2024-04-05T14:49:20","guid":{"rendered":"https:\/\/www.moskito.cz\/produkt\/zatvaraci-noz-crkt-provoke-compact-4045\/"},"modified":"2025-05-07T11:08:55","modified_gmt":"2025-05-07T10:08:55","slug":"zatvaraci-noz-crkt-provoke-compact-4045","status":"publish","type":"product","link":"https:\/\/www.moskito.cz\/sk\/produkt\/zatvaraci-noz-crkt-provoke-compact-4045\/","title":{"rendered":"Zatv\u00e1rac\u00ed N\u00f4\u017e CRKT PROVOKE COMPACT 4045"},"content":{"rendered":"<p>Zatv\u00e1rac\u00ed N\u00f4\u017e <strong>CRKT<\/strong> PROVOKE COMPACT 4045.<\/p>\n<p>Sila vo vrecku.<\/p>\n<p>Provoke\u00ae Compact je klasick\u00fd prepracovan\u00fd, prepracovan\u00fd tak, aby bol ultra prenosn\u00fdm ka\u017edodenn\u00fdm nosen\u00edm. Jeho robustn\u00e1 hlin\u00edkov\u00e1 rukov\u00e4\u0165 s v\u00fdkonom v kompaktnej ve\u013ekosti prispieva k jeho mimoriadne \u013eahk\u00e9mu dizajnu, ktor\u00fd zdvojn\u00e1sob\u00ed svoj \u00fa\u010del ako dokonal\u00e9 sebaobrann\u00e9 pren\u00e1\u0161anie. V\u010faka technol\u00f3gii Kinematic\u00ae zostane pri preprave \u00fah\u013eadne schovan\u00fd a pri volan\u00ed do slu\u017eby o\u017eije.<br \/>\nJedine\u010dn\u00e1 inov\u00e1cia: Kinematic\u00ae rozvinie \u010depe\u013e stla\u010den\u00edm palca<br \/>\nVynikaj\u00faci v\u00fdkon: Oce\u013e \u010depele D2 pre vynikaj\u00face dr\u017eanie ostria<br \/>\nPevn\u00e1 a \u013eahk\u00e1: Hlin\u00edkov\u00e1 rukov\u00e4\u0165 kombinuje pevnos\u0165 s minim\u00e1lnou hmotnos\u0165ou<br \/>\nN\u00edzky profil: Vreckov\u00fd klip zais\u0165uje bezpe\u010dn\u00e9 nosenie<\/p>\n<p>\u0160PECIFIK\u00c1CIA<br \/>\nD\u013a\u017eka \u010depele 2,26&#8243; (57,33 mm)<br \/>\nOstrie \u010depele Prost\u00fd<br \/>\n\u010cepe\u013e oce\u013e D2<br \/>\nPovrchov\u00e1 \u00faprava \u010depele Stonewash<br \/>\nHr\u00fabka \u010depele 0,15&#8243; (3,73 mm)<br \/>\nCelkov\u00e1 d\u013a\u017eka 6,63&#8243; (168,28 mm)<br \/>\nUzavret\u00e1 d\u013a\u017eka 4,54&#8243; (115,42 mm)<br \/>\nHmotnos\u0165 4,40 oz (124,74 g)<br \/>\nRukov\u00e4\u0165 Hlin\u00edk<br \/>\n\u0160t\u00fdl Skladac\u00ed n\u00f4\u017e s Kinematic\u2122<\/p>\n","protected":false},"excerpt":{"rendered":"<p>Navrhol Joe Caswell v Newbury Park v Kalifornii.<\/p>\n","protected":false},"featured_media":222724,"comment_status":"open","ping_status":"closed","template":"","meta":[],"pwb-brand":[3249],"product_brand":[],"product_cat":[3233,3186],"product_tag":[3668],"class_list":{"0":"post-326836","1":"product","2":"type-product","3":"status-publish","4":"has-post-thumbnail","6":"pwb-brand-zatvaraci-noz-crkt-delilahs-p-e-c-k-5520","7":"product_cat-zatvaracie-noze","8":"product_cat-noze-sk","9":"product_tag-b2b-sk","11":"first","12":"outofstock","13":"sale","14":"taxable","15":"shipping-taxable","16":"purchasable","17":"product-type-simple"},"brands":[{"id":3249,"name":"Zatv\u00e1rac\u00ed N\u00f4\u017e CRKT DELILAH'S P.E.C.K. 5520","slug":"zatvaraci-noz-crkt-delilahs-p-e-c-k-5520"}],"_links":{"self":[{"href":"https:\/\/www.moskito.cz\/sk\/wp-json\/wp\/v2\/product\/326836","targetHints":{"allow":["GET"]}}],"collection":[{"href":"https:\/\/www.moskito.cz\/sk\/wp-json\/wp\/v2\/product"}],"about":[{"href":"https:\/\/www.moskito.cz\/sk\/wp-json\/wp\/v2\/types\/product"}],"replies":[{"embeddable":true,"href":"https:\/\/www.moskito.cz\/sk\/wp-json\/wp\/v2\/comments?post=326836"}],"wp:featuredmedia":[{"embeddable":true,"href":"https:\/\/www.moskito.cz\/sk\/wp-json\/wp\/v2\/media\/222724"}],"wp:attachment":[{"href":"https:\/\/www.moskito.cz\/sk\/wp-json\/wp\/v2\/media?parent=326836"}],"wp:term":[{"taxonomy":"pwb-brand","embeddable":true,"href":"https:\/\/www.moskito.cz\/sk\/wp-json\/wp\/v2\/pwb-brand?post=326836"},{"taxonomy":"product_brand","embeddable":true,"href":"https:\/\/www.moskito.cz\/sk\/wp-json\/wp\/v2\/product_brand?post=326836"},{"taxonomy":"product_cat","embeddable":true,"href":"https:\/\/www.moskito.cz\/sk\/wp-json\/wp\/v2\/product_cat?post=326836"},{"taxonomy":"product_tag","embeddable":true,"href":"https:\/\/www.moskito.cz\/sk\/wp-json\/wp\/v2\/product_tag?post=326836"}],"curies":[{"name":"wp","href":"https:\/\/api.w.org\/{rel}","templated":true}]}}