{"id":326838,"date":"2023-10-04T10:04:27","date_gmt":"2024-04-05T14:49:21","guid":{"rendered":"https:\/\/www.moskito.cz\/produkt\/puzdro-crkt-provoke-compact-sheath-d4045\/"},"modified":"2025-05-07T11:08:55","modified_gmt":"2025-05-07T10:08:55","slug":"puzdro-crkt-provoke-compact-sheath-d4045","status":"publish","type":"product","link":"https:\/\/www.moskito.cz\/sk\/produkt\/puzdro-crkt-provoke-compact-sheath-d4045\/","title":{"rendered":"Puzdro CRKT Provoke Compact Sheath D4045"},"content":{"rendered":"<p>Puzdro <strong>CRKT<\/strong> Provoke Compact Sheath D4045<\/p>\n<p>Potrebujete puzdro na n\u00f4\u017e Provoke\u00ae Compact? M\u00e1me ho pre v\u00e1s.<\/p>\n<p>Toto puzdro, vyroben\u00e9 z pevn\u00e9ho a odoln\u00e9ho v\u00e1kuovo tvarovan\u00e9ho termoplastu, udr\u017e\u00ed va\u0161u \u010depe\u013e jastraba bezpe\u010dne ulo\u017een\u00fa v hniezde, k\u00fdm nebude vyprovokovan\u00e1. Po\u0161va je dod\u00e1van\u00e1 so sadou klipov kompatibiln\u00fdch s vybaven\u00edm, ktor\u00e1 rie\u0161i opasok a taktick\u00e9 potreby. Po\u0161va plne chr\u00e1ni \u010depe\u013e no\u017ea a zais\u0165uje pod\u013ea va\u0161ich predst\u00e1v pomocou nieko\u013ek\u00fdch mo\u017enost\u00ed klipu a nosenia. Toto puzdro je vhodn\u00e9 pre n\u00f4\u017e 4045 Provoke\u00ae Compact.<\/p>\n<p>Vhodn\u00e9 pre n\u00f4\u017e 4045 Provoke\u00ae Compact<br \/>\nKompatibiln\u00fd s prevodovkou: Odoln\u00fd termoplastick\u00fd pl\u00e1\u0161\u0165 s mo\u017enos\u0165ou mont\u00e1\u017ee<br \/>\nKompatibiln\u00e9 s vybaven\u00edm: Sada klipov poskytuje viac mo\u017enost\u00ed nosenia<\/p>\n<p>Hmotnos\u0165 1,90 oz. (53,86 g)<\/p>\n<p>\u0160t\u00fdlov\u00e9 p\u00fazdro<br \/>\nMateri\u00e1l pl\u00e1\u0161\u0165a Boltaron\u00ae<\/p>\n<p>&nbsp;<\/p>\n<p>&nbsp;<\/p>\n","protected":false},"excerpt":{"rendered":"<p><strong>Potrebujete puzdro na n\u00f4\u017e Provoke\u00ae Compact? M\u00e1me ho pre v\u00e1s.<\/strong><\/p>\n","protected":false},"featured_media":257242,"comment_status":"open","ping_status":"closed","template":"","meta":[],"pwb-brand":[3249],"product_brand":[],"product_cat":[3186,3233],"product_tag":[3668],"class_list":{"0":"post-326838","1":"product","2":"type-product","3":"status-publish","4":"has-post-thumbnail","6":"pwb-brand-zatvaraci-noz-crkt-delilahs-p-e-c-k-5520","7":"product_cat-noze-sk","8":"product_cat-zatvaracie-noze","9":"product_tag-b2b-sk","11":"first","12":"instock","13":"taxable","14":"shipping-taxable","15":"purchasable","16":"product-type-simple"},"brands":[{"id":3249,"name":"Zatv\u00e1rac\u00ed N\u00f4\u017e CRKT DELILAH'S P.E.C.K. 5520","slug":"zatvaraci-noz-crkt-delilahs-p-e-c-k-5520"}],"_links":{"self":[{"href":"https:\/\/www.moskito.cz\/sk\/wp-json\/wp\/v2\/product\/326838","targetHints":{"allow":["GET"]}}],"collection":[{"href":"https:\/\/www.moskito.cz\/sk\/wp-json\/wp\/v2\/product"}],"about":[{"href":"https:\/\/www.moskito.cz\/sk\/wp-json\/wp\/v2\/types\/product"}],"replies":[{"embeddable":true,"href":"https:\/\/www.moskito.cz\/sk\/wp-json\/wp\/v2\/comments?post=326838"}],"wp:featuredmedia":[{"embeddable":true,"href":"https:\/\/www.moskito.cz\/sk\/wp-json\/wp\/v2\/media\/257242"}],"wp:attachment":[{"href":"https:\/\/www.moskito.cz\/sk\/wp-json\/wp\/v2\/media?parent=326838"}],"wp:term":[{"taxonomy":"pwb-brand","embeddable":true,"href":"https:\/\/www.moskito.cz\/sk\/wp-json\/wp\/v2\/pwb-brand?post=326838"},{"taxonomy":"product_brand","embeddable":true,"href":"https:\/\/www.moskito.cz\/sk\/wp-json\/wp\/v2\/product_brand?post=326838"},{"taxonomy":"product_cat","embeddable":true,"href":"https:\/\/www.moskito.cz\/sk\/wp-json\/wp\/v2\/product_cat?post=326838"},{"taxonomy":"product_tag","embeddable":true,"href":"https:\/\/www.moskito.cz\/sk\/wp-json\/wp\/v2\/product_tag?post=326838"}],"curies":[{"name":"wp","href":"https:\/\/api.w.org\/{rel}","templated":true}]}}