{"id":327009,"date":"2024-04-06T20:04:27","date_gmt":"2024-04-06T19:05:30","guid":{"rendered":"https:\/\/www.moskito.cz\/produkt\/zatvaraci-noz-crkt-padawan-6070\/"},"modified":"2025-05-07T11:08:59","modified_gmt":"2025-05-07T10:08:59","slug":"zatvaraci-noz-crkt-padawan-6070","status":"publish","type":"product","link":"https:\/\/www.moskito.cz\/sk\/produkt\/zatvaraci-noz-crkt-padawan-6070\/","title":{"rendered":"Zatv\u00e1rac\u00ed N\u00f4\u017e CRKT Padawan 6070"},"content":{"rendered":"<p>Zatv\u00e1rac\u00ed N\u00f4\u017e <strong>CRKT<\/strong> Padawan 6070<\/p>\n<p>Pre\u010do tomu hovori\u0165 <strong>Padawan<\/strong> ? Buzettiho ako u\u010den\u00edka renomovan\u00e9ho no\u017eiara Flavia Ikomy \u2013 zn\u00e1meho ako \u201eMajster\u201c \u2013 bola dokonalou in\u0161pir\u00e1ciou pre debut jeho prv\u00e9ho n\u00e1vrhu. Prv\u00fd dizajn no\u017ea Pedra Buzettiho s <strong>CRKT<\/strong> , tento schopn\u00fd zatv\u00e1rac\u00ed n\u00f4\u017e bol vytvoren\u00fd pre formu a funkciu, s \u010depe\u013eou s hrotom vyrobenou z ocele 14C28N a poh\u013eadnou vrstvou micarta na rukov\u00e4ti pre lep\u0161ie uchopenie. Z\u00e1mok r\u00e1mu bol upraven\u00fd tak, aby dr\u017eal \u010depe\u013e v bezpe\u010d\u00ed, a spona umo\u017e\u0148uje, aby n\u00f4\u017e sedel n\u00edzko vo vrecku. Padawan je k dispoz\u00edcii v dvoch verzi\u00e1ch.<\/p>\n<p>\u0160pecifik\u00e1cia:<br \/>\nOce\u013e \u010depele Sandvik 14C28N si zachov\u00e1va ostrie<br \/>\n\u010cap guli\u010dkov\u00e9ho lo\u017eiska IKBS plynule nasadzuje \u010depe\u013e<br \/>\nFlipper r\u00fdchlo vysunie \u010depe\u013e<\/p>\n<p>\u0160pecifik\u00e1cia<br \/>\nD\u013a\u017eka \u010depele: 7.64 cm<br \/>\nD\u013a\u017eka rukov\u00e4te: 10.52 cm<br \/>\nCelkov\u00e1 d\u013a\u017eka: 18.09 cm<br \/>\nMateri\u00e1l \u010depele: Sandvik 14C28N Nerezov\u00e1 oce\u013e<br \/>\n\u0160t\u00fdl \u010depele: Drop Point<br \/>\nPovrchov\u00e1 \u00faprava \u010depele: Kart\u00e1\u010dovan\u00fd sat\u00e9n<br \/>\nMateri\u00e1l rukov\u00e4te: Nerezov\u00e1 oce\u013e s hned\u00fdm prekryt\u00edm Micarta<br \/>\nUzamykac\u00ed mechanizmus: Frame Lock<br \/>\nVreckov\u00fd klip: Vykl\u00e1pacie, prav\u00e9 nosenie<br \/>\nHmotnos\u0165: 3,10 oz. (87,88 g)<br \/>\nDizajn\u00e9r: Pedro Buzetti<\/p>\n<p><iframe title=\"CRKT Padawan Frame Lock | Pedro Buzetti Design\" width=\"800\" height=\"450\" src=\"https:\/\/www.youtube.com\/embed\/6YZEVM4HSiM?feature=oembed\" frameborder=\"0\" allow=\"accelerometer; autoplay; clipboard-write; encrypted-media; gyroscope; picture-in-picture; web-share\" referrerpolicy=\"strict-origin-when-cross-origin\" allowfullscreen><\/iframe><\/p>\n<p>&nbsp;<\/p>\n<p>&nbsp;<\/p>\n","protected":false},"excerpt":{"rendered":"<p><strong>Braz\u00edl\u010dan Pedro Buzetti s form\u00e1lnym vzdelan\u00edm v architekt\u00fare prij\u00edma motto \u201eforma a funkcie, nie jedno nad druh\u00fdm\u201c. T\u00e1to harm\u00f3nia je zrejm\u00e1 v jeho z\u00e1kazkovej pr\u00e1ci a o\u017eiven\u00e1 v skladacom no\u017ei Padawan \u2013 prv\u00fa spolupr\u00e1cu Pedra s CRKT. V r\u00e1mci dlhodobej trad\u00edcie mentorstva medzi no\u017eiarmi \u0161tudoval Pedro u uzn\u00e1van\u00e9ho v\u00fdrobcu Flavia Ikomy \u2013 vyn\u00e1lezcu z\u00e1mku Deadbolt\u00ae a \u010dapu guli\u010dkov\u00e9ho lo\u017eiska IKBS\u2122. Zatia\u013e \u010do pod Flaviov\u00fdm pozorn\u00fdm doh\u013eadom, Pedro zdokonalil svoje technick\u00e9 zru\u010dnosti a zdokonalil svoj dizajnov\u00fd pr\u00edstup, \u010do viedlo k dokonale vyv\u00e1\u017een\u00fdm no\u017eom s jemn\u00fdmi dizajnov\u00fdmi prvkami in\u0161pirovan\u00fdmi charakteristickou estetikou jeho mentora. Perfekcionizmus \u2013 \u010fal\u0161\u00ed rys predchnut\u00fd Flaviom \u2013 je st\u00e1licou v Pedrove pr\u00e1ci, pri\u010dom ka\u017ed\u00fd dokon\u010den\u00fd kus je lep\u0161\u00ed ako ten predch\u00e1dzaj\u00faci, bez oh\u013eadu na to, ak\u00e9 margin\u00e1lne m\u00f4\u017ee by\u0165 zlep\u0161enie<\/strong>.<\/p>\n","protected":false},"featured_media":326961,"comment_status":"open","ping_status":"closed","template":"","meta":[],"pwb-brand":[3249],"product_brand":[],"product_cat":[3233,3186],"product_tag":[3668],"class_list":{"0":"post-327009","1":"product","2":"type-product","3":"status-publish","4":"has-post-thumbnail","6":"pwb-brand-zatvaraci-noz-crkt-delilahs-p-e-c-k-5520","7":"product_cat-zatvaracie-noze","8":"product_cat-noze-sk","9":"product_tag-b2b-sk","11":"first","12":"outofstock","13":"sale","14":"taxable","15":"shipping-taxable","16":"purchasable","17":"product-type-simple"},"brands":[{"id":3249,"name":"Zatv\u00e1rac\u00ed N\u00f4\u017e CRKT DELILAH'S P.E.C.K. 5520","slug":"zatvaraci-noz-crkt-delilahs-p-e-c-k-5520"}],"_links":{"self":[{"href":"https:\/\/www.moskito.cz\/sk\/wp-json\/wp\/v2\/product\/327009","targetHints":{"allow":["GET"]}}],"collection":[{"href":"https:\/\/www.moskito.cz\/sk\/wp-json\/wp\/v2\/product"}],"about":[{"href":"https:\/\/www.moskito.cz\/sk\/wp-json\/wp\/v2\/types\/product"}],"replies":[{"embeddable":true,"href":"https:\/\/www.moskito.cz\/sk\/wp-json\/wp\/v2\/comments?post=327009"}],"wp:featuredmedia":[{"embeddable":true,"href":"https:\/\/www.moskito.cz\/sk\/wp-json\/wp\/v2\/media\/326961"}],"wp:attachment":[{"href":"https:\/\/www.moskito.cz\/sk\/wp-json\/wp\/v2\/media?parent=327009"}],"wp:term":[{"taxonomy":"pwb-brand","embeddable":true,"href":"https:\/\/www.moskito.cz\/sk\/wp-json\/wp\/v2\/pwb-brand?post=327009"},{"taxonomy":"product_brand","embeddable":true,"href":"https:\/\/www.moskito.cz\/sk\/wp-json\/wp\/v2\/product_brand?post=327009"},{"taxonomy":"product_cat","embeddable":true,"href":"https:\/\/www.moskito.cz\/sk\/wp-json\/wp\/v2\/product_cat?post=327009"},{"taxonomy":"product_tag","embeddable":true,"href":"https:\/\/www.moskito.cz\/sk\/wp-json\/wp\/v2\/product_tag?post=327009"}],"curies":[{"name":"wp","href":"https:\/\/api.w.org\/{rel}","templated":true}]}}