{"id":327078,"date":"2022-08-22T20:51:46","date_gmt":"2024-04-08T12:59:13","guid":{"rendered":"https:\/\/www.moskito.cz\/produkt\/zatvaraci-noz-crkt-provoke-orange-4041o\/"},"modified":"2025-05-07T11:09:04","modified_gmt":"2025-05-07T10:09:04","slug":"zatvaraci-noz-crkt-provoke-orange-4041o","status":"publish","type":"product","link":"https:\/\/www.moskito.cz\/sk\/produkt\/zatvaraci-noz-crkt-provoke-orange-4041o\/","title":{"rendered":"Zatv\u00e1rac\u00ed N\u00f4\u017e CRKT PROVOKE ORANGE 4041O"},"content":{"rendered":"<p>Zatv\u00e1rac\u00ed N\u00f4\u017e <strong>CRKT<\/strong> PROVOKE ORANGE 4041O.<\/p>\n<p>Sl\u00fa\u017ei\u0165. Chr\u00e1ni\u0165. Morfovac\u00ed karambitov\u00fd n\u00f4\u017e Provoke\u00ae Orange \u010derp\u00e1 zo starovek\u00e9ho dizajnu, ale skr\u00fdva futuristick\u00e9 tajomstvo. V\u00f4bec prv\u00fd n\u00f4\u017e s technol\u00f3giou Kinematic\u00ae, pri preprave zost\u00e1va \u00fah\u013eadne schovan\u00fd a o\u017e\u00edva, ke\u010f nastan\u00fa probl\u00e9my. Teraz je vyroben\u00e9 z Grivory\u00ae \u2013 pevn\u00e9ho, \u200b\u200b\u013eahk\u00e9ho, skon\u0161truovan\u00e9ho termoplastu \u2013 je \u013eah\u0161ie, obratnej\u0161ie a vyroben\u00e9 tak, aby \u0161lo kamko\u013evek.<\/p>\n<p>Tu si mysl\u00edme o dizajn\u00e9rovi Joe Caswellovi ako o trochu \u0161ialenom vedcovi. Ke\u010f sme si prezreli skice, ktor\u00e9 sa mali sta\u0165 Provokom\u00ae \u2013 navrhnut\u00fdm v Newbury Park v Kalifornii \u2013 vedeli sme, \u017ee je predur\u010den\u00fd sta\u0165 sa jedn\u00fdm z najinovat\u00edvnej\u0161\u00edch n\u00e1vrh\u00e1rov, ak\u00e9 kedy svet no\u017eov videl. \u010cierna \u010depe\u013e v \u0161t\u00fdle jastraba, vytvoren\u00e1 pod\u013ea tradi\u010dn\u00e9ho karambitu, je vyroben\u00e1 z kamennej nerezovej ocele.<\/p>\n<p>Otv\u00e1rac\u00ed mechanizmus \u0165ah\u00e1 zlo\u017eku do bud\u00facnosti, \u010di u\u017e je pripraven\u00e1 alebo nie. Tlak palca na horn\u00fa prie\u010dku uvedie do pohybu re\u0165azov\u00fa reakciu, \u010do sp\u00f4sob\u00ed, \u017ee sa \u010depe\u013e vrhne do akcie, zatia\u013e \u010do vy pevne dr\u017e\u00edte rukov\u00e4\u0165. Je vyroben\u00e9 z oran\u017eov\u00e9ho Grivory\u00ae, super odoln\u00e9ho, \u200b\u200b\u013eahk\u00e9ho termoplastu pre jednoduch\u00fa prepravu a bezprobl\u00e9mov\u00fd prechod na ka\u017edodenn\u00e9 nosenie. V skuto\u010dnom \u0161t\u00fdle Joe je vreckov\u00e1 spona aj svetovou novinkou \u2013 sed\u00ed takmer \u00faplne v jednej rovine s rukov\u00e4\u0165ou a aktivuje sa aj \u013eahk\u00fdm tlakom palca.<\/p>\n<p>Provoke\u00ae<br \/>\nje siln\u00fd, ke\u010f je povolan\u00fd do slu\u017eby.<\/p>\n<p>Ako Kinematic\u00ae funguje<br \/>\nPostr\u010dte palcom do hornej prie\u010dky \u2013 zatia\u013e \u010do ostatn\u00e9 prsty pevne uchopte rukov\u00e4\u0165 \u2013 a \u010depe\u013e sa o\u017eiv\u00ed a zapadne na miesto. Posu\u0148te diskr\u00e9tnu p\u00e1ku na z\u00e1kladni slu\u010dky pre prsty a \u010depe\u013e sa stiahne do svojej zatvorenej polohy.<\/p>\n<p>\u0160PECIFIK\u00c1CIA<br \/>\nD\u013a\u017eka \u010depele 2,47&#8243; (62,69 mm)<br \/>\nOstrie \u010depele Prost\u00fd<br \/>\n\u010cepe\u013e oce\u013e 1,4116<br \/>\nPovrchov\u00e1 \u00faprava \u010depele Stonewash<br \/>\nHr\u00fabka \u010depele 0,21&#8243; (5,38 mm)<br \/>\nCelkov\u00e1 d\u013a\u017eka 7,19&#8243; (182,58 mm)<br \/>\nUzavret\u00e1 d\u013a\u017eka 4,96&#8243; (125,88 mm)<br \/>\nHmotnos\u0165 4,70 oz (133,24 g)<br \/>\nRukov\u00e4\u0165 Grivory\u00ae<br \/>\n\u0160t\u00fdl Skladac\u00ed n\u00f4\u017e s Kinematic\u2122<\/p>\n<p><iframe title=\"CRKT PROVOKE\u2122 ORANGE | Joe Caswell Design\" width=\"800\" height=\"450\" src=\"https:\/\/www.youtube.com\/embed\/QMMSMFwqDe4?feature=oembed\" frameborder=\"0\" allow=\"accelerometer; autoplay; clipboard-write; encrypted-media; gyroscope; picture-in-picture; web-share\" referrerpolicy=\"strict-origin-when-cross-origin\" allowfullscreen><\/iframe><\/p>\n<p>&nbsp;<\/p>\n","protected":false},"excerpt":{"rendered":"<p>Navrhol Joe Caswell v Newbury Park v Kalifornii.<\/p>\n","protected":false},"featured_media":222598,"comment_status":"open","ping_status":"closed","template":"","meta":[],"pwb-brand":[3249],"product_brand":[],"product_cat":[3233,3186],"product_tag":[3668],"class_list":{"0":"post-327078","1":"product","2":"type-product","3":"status-publish","4":"has-post-thumbnail","6":"pwb-brand-zatvaraci-noz-crkt-delilahs-p-e-c-k-5520","7":"product_cat-zatvaracie-noze","8":"product_cat-noze-sk","9":"product_tag-b2b-sk","11":"first","12":"instock","13":"taxable","14":"shipping-taxable","15":"purchasable","16":"product-type-simple"},"brands":[{"id":3249,"name":"Zatv\u00e1rac\u00ed N\u00f4\u017e CRKT DELILAH'S P.E.C.K. 5520","slug":"zatvaraci-noz-crkt-delilahs-p-e-c-k-5520"}],"_links":{"self":[{"href":"https:\/\/www.moskito.cz\/sk\/wp-json\/wp\/v2\/product\/327078","targetHints":{"allow":["GET"]}}],"collection":[{"href":"https:\/\/www.moskito.cz\/sk\/wp-json\/wp\/v2\/product"}],"about":[{"href":"https:\/\/www.moskito.cz\/sk\/wp-json\/wp\/v2\/types\/product"}],"replies":[{"embeddable":true,"href":"https:\/\/www.moskito.cz\/sk\/wp-json\/wp\/v2\/comments?post=327078"}],"wp:featuredmedia":[{"embeddable":true,"href":"https:\/\/www.moskito.cz\/sk\/wp-json\/wp\/v2\/media\/222598"}],"wp:attachment":[{"href":"https:\/\/www.moskito.cz\/sk\/wp-json\/wp\/v2\/media?parent=327078"}],"wp:term":[{"taxonomy":"pwb-brand","embeddable":true,"href":"https:\/\/www.moskito.cz\/sk\/wp-json\/wp\/v2\/pwb-brand?post=327078"},{"taxonomy":"product_brand","embeddable":true,"href":"https:\/\/www.moskito.cz\/sk\/wp-json\/wp\/v2\/product_brand?post=327078"},{"taxonomy":"product_cat","embeddable":true,"href":"https:\/\/www.moskito.cz\/sk\/wp-json\/wp\/v2\/product_cat?post=327078"},{"taxonomy":"product_tag","embeddable":true,"href":"https:\/\/www.moskito.cz\/sk\/wp-json\/wp\/v2\/product_tag?post=327078"}],"curies":[{"name":"wp","href":"https:\/\/api.w.org\/{rel}","templated":true}]}}