{"id":327305,"date":"2022-08-20T20:23:52","date_gmt":"2024-04-08T13:34:33","guid":{"rendered":"https:\/\/www.moskito.cz\/produkt\/zatvaraci-noz-crkt-m16-14sf\/"},"modified":"2025-05-07T11:09:08","modified_gmt":"2025-05-07T10:09:08","slug":"zatvaraci-noz-crkt-m16-14sf","status":"publish","type":"product","link":"https:\/\/www.moskito.cz\/sk\/produkt\/zatvaraci-noz-crkt-m16-14sf\/","title":{"rendered":"Zatv\u00e1rac\u00ed N\u00f4\u017e CRKT M16-14SF"},"content":{"rendered":"<p>Zatv\u00e1rac\u00ed N\u00f4\u017e <strong>CRKT<\/strong> M16-14SF.<\/p>\n<p>Na\u0161e hlin\u00edkov\u00e9 dosky InterFrame build SF zdie\u013eaj\u00fa jedine\u010dn\u00fd dizajn, ktor\u00fd pon\u00faka kombin\u00e1ciu funkci\u00ed radu Carson M16 po\u017eadovan\u00fdch vojensk\u00fdmi \u0161pecialistami na n\u00e1kup. Dvojit\u00e9 br\u00fasen\u00e9 \u010depele Tanto boli \u0161pecifikovan\u00e9, preto\u017ee pon\u00fakaj\u00fa maxim\u00e1lnu pevnos\u0165. Otvoren\u00e1 kon\u0161trukcia umo\u017e\u0148uje zabudovanie dvoch Carson Flippers, \u010do m\u00e1 za n\u00e1sledok skuto\u010dn\u00fa rukov\u00e4\u0165 \u2013 ve\u013emi vz\u00e1cnu pri zatv\u00e1rac\u00edch no\u017eoch.<\/p>\n<p>M16\u00ae-14SF Big Dog Aluminium je na\u0161a robustn\u00e1 \u00fa\u017eitkov\u00e1 verzia s 3,875 &#8222;(98 mm) dvojito br\u00fasenou \u010depe\u013eou Tanto a rukov\u00e4\u0165ou plnej ve\u013ekosti s hlavicou.<\/p>\n<p>\u010cepe\u013e, r\u00e1m a hardv\u00e9r s\u00fa nereflexn\u00e9 taktick\u00e9 \u010dierne. \u010dierny povlak z nitridu tit\u00e1nu pre maxim\u00e1lnu odolnos\u0165 proti kor\u00f3zii Typick\u00e9 dvojit\u00e9 kockovan\u00e9 kol\u00edky na palec s\u00fa \u0161tandardom. Otv\u00e1ranie a zatv\u00e1ranie jednou rukou je r\u00fdchle a hladk\u00e9.<\/p>\n<p>Obsahuje aj na\u0161u automatick\u00fa bezpe\u010dnos\u0165 vlo\u017eky. Automatizovan\u00e1 bezpe\u010dnos\u0165 vlo\u017eky je inov\u00e1cia zabezpe\u010denia uzamykacej vlo\u017eky, ktor\u00e1 bola pos\u00favan\u00e1 na \u010fal\u0161iu \u00farove\u0148. Automatizovan\u00e1 poistka vlo\u017eky nastavuje kol\u00edk medzi zais\u0165ovaciu vlo\u017eku a r\u00e1m. Tento kol\u00edk funguje ako \u010fal\u0161ia bezpe\u010dnostn\u00e1 vrstva, tak\u017ee je menej pravdepodobn\u00e9, \u017ee sa uzamykacia vlo\u017eka po\u010das pou\u017e\u00edvania uvo\u013en\u00ed.<\/p>\n<p>Ak chcete n\u00f4\u017e zavrie\u0165, zatiahnite za bezpe\u010dnostn\u00fa p\u00e1\u010dku s \u010derven\u00fdm gomb\u00edkom sp\u00e4\u0165, presu\u0148te poistn\u00fa vlo\u017eku a sklopte \u010depe\u013e do zatvorenej polohy. Chcete jeden z najbezpe\u010dnej\u0161\u00edch bezpe\u010dnostn\u00fdch syst\u00e9mov na trhu? Vo\u013eba je automatick\u00e1.<\/p>\n<p>N\u00e1\u0161 hlin\u00edkov\u00fd r\u00e1m SF sa vyzna\u010duje tvarovan\u00fdmi stupnicami z tvrd\u00e9ho eloxovan\u00e9ho hlin\u00edka 6061 T6, s obvodov\u00fdm r\u00e1diusom pre pohodln\u00e9 uchopenie v rukaviciach aj bez nich, vlo\u017ekami z nerezovej ocele s trec\u00edmi dr\u00e1\u017ekami a pr\u00e9miovou \u010depe\u013eou z nerezovej ocele AUS 8. Kombinovan\u00e1 ostr\u00e1 britva a vr\u00fabkovan\u00e1 hrana Triple-Point\u2122 je \u0161tandardom.<\/p>\n<p>V\u0161etky no\u017ee tohto radu s\u00fa vybaven\u00e9 klipsami, ktor\u00e9 umo\u017e\u0148uj\u00fa \u0161tvorpolohov\u00e9 nosenie na opasku alebo popruhu. Upozornenie: Tieto no\u017ee nie s\u00fa ur\u010den\u00e9 na vykl\u00e1pacie nosenie vo vrecku. S\u00fa to \u0161peci\u00e1lne no\u017ee, navrhnut\u00e9 arm\u00e1dou na pou\u017eitie v \u0161peci\u00e1lnych sil\u00e1ch.<\/p>\n<p><iframe title=\"CRKT M16-14SF Knife Designed by Kit Carson\" width=\"800\" height=\"450\" src=\"https:\/\/www.youtube.com\/embed\/KwiXKng97LA?feature=oembed\" frameborder=\"0\" allow=\"accelerometer; autoplay; clipboard-write; encrypted-media; gyroscope; picture-in-picture; web-share\" referrerpolicy=\"strict-origin-when-cross-origin\" allowfullscreen><\/iframe><\/p>\n<p>&nbsp;<\/p>\n<p>\u0160PECIFIK\u00c1CIA<br \/>\nD\u013a\u017eka \u010depele 3,99&#8243; (101,35 mm)<br \/>\nOstrie \u010depele Triple Point Serrations\u2122<br \/>\n\u010cepe\u013e oce\u013e AUS 8<br \/>\nPovrchov\u00e1 \u00faprava \u010depele Nitrid tit\u00e1nu<br \/>\nHr\u00fabka \u010depele 0,14&#8243; (3,56 mm)<br \/>\nCelkov\u00e1 d\u013a\u017eka 9,25&#8243; (234,95 mm)<br \/>\nUzavret\u00e1 d\u013a\u017eka 5,38&#8243; (136,53 mm)<br \/>\nHmotnos\u0165 5,70 oz (161,59 g)<br \/>\nRukov\u00e4\u0165 Hlin\u00edk<br \/>\n\u0160t\u00fdl Skladac\u00ed n\u00f4\u017e so z\u00e1mkom Liner<\/p>\n","protected":false},"excerpt":{"rendered":"<p>Navrhol Kit Carson vo Vine Grove, Kentucky.<\/p>\n","protected":false},"featured_media":221851,"comment_status":"open","ping_status":"closed","template":"","meta":[],"pwb-brand":[3249],"product_brand":[],"product_cat":[3186,3233],"product_tag":[3668],"class_list":{"0":"post-327305","1":"product","2":"type-product","3":"status-publish","4":"has-post-thumbnail","6":"pwb-brand-zatvaraci-noz-crkt-delilahs-p-e-c-k-5520","7":"product_cat-noze-sk","8":"product_cat-zatvaracie-noze","9":"product_tag-b2b-sk","11":"first","12":"outofstock","13":"taxable","14":"shipping-taxable","15":"purchasable","16":"product-type-simple"},"brands":[{"id":3249,"name":"Zatv\u00e1rac\u00ed N\u00f4\u017e CRKT DELILAH'S P.E.C.K. 5520","slug":"zatvaraci-noz-crkt-delilahs-p-e-c-k-5520"}],"_links":{"self":[{"href":"https:\/\/www.moskito.cz\/sk\/wp-json\/wp\/v2\/product\/327305","targetHints":{"allow":["GET"]}}],"collection":[{"href":"https:\/\/www.moskito.cz\/sk\/wp-json\/wp\/v2\/product"}],"about":[{"href":"https:\/\/www.moskito.cz\/sk\/wp-json\/wp\/v2\/types\/product"}],"replies":[{"embeddable":true,"href":"https:\/\/www.moskito.cz\/sk\/wp-json\/wp\/v2\/comments?post=327305"}],"wp:featuredmedia":[{"embeddable":true,"href":"https:\/\/www.moskito.cz\/sk\/wp-json\/wp\/v2\/media\/221851"}],"wp:attachment":[{"href":"https:\/\/www.moskito.cz\/sk\/wp-json\/wp\/v2\/media?parent=327305"}],"wp:term":[{"taxonomy":"pwb-brand","embeddable":true,"href":"https:\/\/www.moskito.cz\/sk\/wp-json\/wp\/v2\/pwb-brand?post=327305"},{"taxonomy":"product_brand","embeddable":true,"href":"https:\/\/www.moskito.cz\/sk\/wp-json\/wp\/v2\/product_brand?post=327305"},{"taxonomy":"product_cat","embeddable":true,"href":"https:\/\/www.moskito.cz\/sk\/wp-json\/wp\/v2\/product_cat?post=327305"},{"taxonomy":"product_tag","embeddable":true,"href":"https:\/\/www.moskito.cz\/sk\/wp-json\/wp\/v2\/product_tag?post=327305"}],"curies":[{"name":"wp","href":"https:\/\/api.w.org\/{rel}","templated":true}]}}