{"id":327380,"date":"2022-08-20T23:08:29","date_gmt":"2024-04-08T13:51:02","guid":{"rendered":"https:\/\/www.moskito.cz\/produkt\/zatvaraci-noz-crkt-m21-14dsfg\/"},"modified":"2025-05-07T11:09:09","modified_gmt":"2025-05-07T10:09:09","slug":"zatvaraci-noz-crkt-m21-14dsfg","status":"publish","type":"product","link":"https:\/\/www.moskito.cz\/sk\/produkt\/zatvaraci-noz-crkt-m21-14dsfg\/","title":{"rendered":"Zatv\u00e1rac\u00ed N\u00f4\u017e CRKT M21-14DSFG"},"content":{"rendered":"<p>Zatv\u00e1rac\u00ed N\u00f4\u017e <strong>CRKT<\/strong> M21-14DSFG.<\/p>\n<p>V procese v\u00fdvoja n\u00e1\u0161ho radu modelov Carson \u0161peci\u00e1lnych jednotiek G10 M21\u2122 sa uk\u00e1zalo, \u017ee po t\u00fdchto modeloch existuje dopyt zo strany koali\u010dn\u00fdch s\u00edl sl\u00fa\u017eiacich v p\u00fa\u0161tnom prostred\u00ed. Tieto modely maj\u00fa \u010depe\u013e Desert Tan a \u0161upiny.<br \/>\n6,5 unca (184 g).<\/p>\n<p>Rovnako ako jeho \u010dierny taktick\u00fd n\u00e1protivok, aj tento n\u00f4\u017e zdie\u013ea jedine\u010dn\u00fd dizajn pon\u00fakaj\u00faci kombin\u00e1ciu funkci\u00ed s\u00e9rie Carson SF, ktor\u00fa po\u017eadovali \u0161pecialisti na vojensk\u00e9 z\u00e1kazky. M\u00e1 kombinovan\u00fa Razor-Sharp a patentovan\u00fd (1) Veff\u2122 z\u00fabkovan\u00fd okraj. Otvoren\u00e1 kon\u0161trukcia umo\u017e\u0148uje zabudovanie dvoch Carson Flippers, \u010do m\u00e1 za n\u00e1sledok skuto\u010dn\u00fa rukov\u00e4\u0165 \u2013 doteraz vz\u00e1cnu pri zatv\u00e1rac\u00edch no\u017eoch.<\/p>\n<p>\u010cepe\u013e a \u0161upiny s\u00fa nereflexn\u00e9 Desert Tan. \u0160pi\u010dkov\u00e1 \u010depe\u013e z nerezovej ocele 8Cr14MoV je opatren\u00e1 vrstvou nitridu tit\u00e1nu pre maxim\u00e1lnu odolnos\u0165 proti kor\u00f3zii. \u0160tandardom s\u00fa zna\u010dkov\u00e9 dvojit\u00e9 kockovan\u00e9 kol\u00edky na palec. Otv\u00e1ranie a zatv\u00e1ranie jednou rukou je r\u00fdchle a plynul\u00e9.<\/p>\n<p>Otvoren\u00e1 kon\u0161trukcia InterFrame vyu\u017e\u00edva stupnicu Desert Tan z G10 a vlo\u017eky z nerezovej ocele s trec\u00edmi dr\u00e1\u017ekami. G10 je \u010dasto preferovan\u00fd pre svoju agres\u00edvnu pri\u013enavos\u0165, n\u00edzku hmotnos\u0165 a izola\u010dn\u00e9 vlastnosti, v\u010faka ktor\u00fdm je v teple chladnej\u0161\u00ed av chlade teplej\u0161\u00ed ako kov.<\/p>\n<p>Obsahuje aj na\u0161u automatick\u00fa bezpe\u010dnos\u0165 vlo\u017eky. Automatizovan\u00e1 bezpe\u010dnos\u0165 vlo\u017eky je inov\u00e1cia zabezpe\u010denia uzamykacej vlo\u017eky, ktor\u00e1 bola pos\u00favan\u00e1 na \u010fal\u0161iu \u00farove\u0148. Automatizovan\u00e1 poistka vlo\u017eky nastavuje kol\u00edk medzi zais\u0165ovaciu vlo\u017eku a r\u00e1m. Tento kol\u00edk funguje ako \u010fal\u0161ia bezpe\u010dnostn\u00e1 vrstva, tak\u017ee je menej pravdepodobn\u00e9, \u017ee sa uzamykacia vlo\u017eka po\u010das pou\u017e\u00edvania uvo\u013en\u00ed.<\/p>\n<p>Ak chcete n\u00f4\u017e zavrie\u0165, zatiahnite za bezpe\u010dnostn\u00fa p\u00e1\u010dku s \u010derven\u00fdm gomb\u00edkom sp\u00e4\u0165, presu\u0148te poistn\u00fa vlo\u017eku a sklopte \u010depe\u013e do zatvorenej polohy. Chcete jeden z najbezpe\u010dnej\u0161\u00edch bezpe\u010dnostn\u00fdch syst\u00e9mov na trhu? Vo\u013eba je automatick\u00e1.<\/p>\n<p>V\u0161etky no\u017ee v tejto s\u00e9rii s\u00fa vybaven\u00e9 mo\u017enos\u0165ami klipov, ktor\u00e9 umo\u017e\u0148uj\u00fa \u0161tvorpolohov\u00e9 nosenie na opasku alebo popruhu \u2013 \u0161pi\u010dkou nahor, \u0161pi\u010dkou nadol, v\u013eavo alebo vpravo. (Upozornenie: Tieto no\u017ee nie s\u00fa ur\u010den\u00e9 na nosenie vo vrecku s vykl\u00e1pan\u00edm.)<\/p>\n<p>S\u00fa to \u0161peci\u00e1lne no\u017ee, navrhnut\u00e9 arm\u00e1dou na p\u00fa\u0161tne pou\u017eitie \u0161peci\u00e1lnych jednotiek.<\/p>\n<p>\u0160PECIFIK\u00c1CIA<br \/>\nD\u013a\u017eka \u010depele 3,98&#8243; (101,04 mm)<br \/>\nOstrie \u010depele Veff Serrations\u2122<br \/>\n\u010cepe\u013e oce\u013e 1,4116<br \/>\nPovrchov\u00e1 \u00faprava \u010depele Nitrid tit\u00e1nu<br \/>\nHr\u00fabka \u010depele 0,14&#8243; (3,45 mm)<br \/>\nCelkov\u00e1 d\u013a\u017eka 9,34&#8243; (237,34 mm)<br \/>\nUzavret\u00e1 d\u013a\u017eka 5,34&#8243; (135,64 mm)<br \/>\nHmotnos\u0165 6,60 oz. (187,11 g)<br \/>\nRukov\u00e4\u0165 G10<br \/>\n\u0160t\u00fdl Skladac\u00ed n\u00f4\u017e so z\u00e1mkom Liner<\/p>\n","protected":false},"excerpt":{"rendered":"<p>Navrhol Kit Carson vo Vine Grove, Kentucky.<\/p>\n","protected":false},"featured_media":221999,"comment_status":"open","ping_status":"closed","template":"","meta":[],"pwb-brand":[3249],"product_brand":[],"product_cat":[3233,3186],"product_tag":[3668],"class_list":{"0":"post-327380","1":"product","2":"type-product","3":"status-publish","4":"has-post-thumbnail","6":"pwb-brand-zatvaraci-noz-crkt-delilahs-p-e-c-k-5520","7":"product_cat-zatvaracie-noze","8":"product_cat-noze-sk","9":"product_tag-b2b-sk","11":"first","12":"outofstock","13":"taxable","14":"shipping-taxable","15":"purchasable","16":"product-type-simple"},"brands":[{"id":3249,"name":"Zatv\u00e1rac\u00ed N\u00f4\u017e CRKT DELILAH'S P.E.C.K. 5520","slug":"zatvaraci-noz-crkt-delilahs-p-e-c-k-5520"}],"_links":{"self":[{"href":"https:\/\/www.moskito.cz\/sk\/wp-json\/wp\/v2\/product\/327380","targetHints":{"allow":["GET"]}}],"collection":[{"href":"https:\/\/www.moskito.cz\/sk\/wp-json\/wp\/v2\/product"}],"about":[{"href":"https:\/\/www.moskito.cz\/sk\/wp-json\/wp\/v2\/types\/product"}],"replies":[{"embeddable":true,"href":"https:\/\/www.moskito.cz\/sk\/wp-json\/wp\/v2\/comments?post=327380"}],"wp:featuredmedia":[{"embeddable":true,"href":"https:\/\/www.moskito.cz\/sk\/wp-json\/wp\/v2\/media\/221999"}],"wp:attachment":[{"href":"https:\/\/www.moskito.cz\/sk\/wp-json\/wp\/v2\/media?parent=327380"}],"wp:term":[{"taxonomy":"pwb-brand","embeddable":true,"href":"https:\/\/www.moskito.cz\/sk\/wp-json\/wp\/v2\/pwb-brand?post=327380"},{"taxonomy":"product_brand","embeddable":true,"href":"https:\/\/www.moskito.cz\/sk\/wp-json\/wp\/v2\/product_brand?post=327380"},{"taxonomy":"product_cat","embeddable":true,"href":"https:\/\/www.moskito.cz\/sk\/wp-json\/wp\/v2\/product_cat?post=327380"},{"taxonomy":"product_tag","embeddable":true,"href":"https:\/\/www.moskito.cz\/sk\/wp-json\/wp\/v2\/product_tag?post=327380"}],"curies":[{"name":"wp","href":"https:\/\/api.w.org\/{rel}","templated":true}]}}