{"id":327439,"date":"2022-08-20T18:05:33","date_gmt":"2024-04-08T14:01:39","guid":{"rendered":"https:\/\/www.moskito.cz\/produkt\/zatvaraci-noz-crkt-m16-14sfg\/"},"modified":"2025-05-07T11:09:10","modified_gmt":"2025-05-07T10:09:10","slug":"zatvaraci-noz-crkt-m16-14sfg","status":"publish","type":"product","link":"https:\/\/www.moskito.cz\/sk\/produkt\/zatvaraci-noz-crkt-m16-14sfg\/","title":{"rendered":"Zatv\u00e1rac\u00ed N\u00f4\u017e CRKT M16-14SFG"},"content":{"rendered":"<p>Zatv\u00e1rac\u00ed N\u00f4\u017e <strong>CRKT<\/strong> M16-14SFG.<\/p>\n<p>Modely Special Forces G10 zdie\u013eaj\u00fa jedine\u010dn\u00fd dizajn, ktor\u00fd pon\u00faka kombin\u00e1ciu funkci\u00ed radu Carson M16\u00ae po\u017eadovan\u00fdch vojensk\u00fdmi \u0161pecialistami na n\u00e1kup. Dvojit\u00e9 br\u00fasen\u00e9 \u010depele Tanto boli \u0161pecifikovan\u00e9, preto\u017ee pon\u00fakaj\u00fa maxim\u00e1lnu pevnos\u0165. Otvoren\u00e1 kon\u0161trukcia umo\u017e\u0148uje zabudovanie dvoch Carson Flippers, \u010do m\u00e1 za n\u00e1sledok skuto\u010dn\u00fa rukov\u00e4\u0165 \u2013 ve\u013emi vz\u00e1cnu pri zatv\u00e1rac\u00edch no\u017eoch.<\/p>\n<p>M16\u00ae-14SFG Big Dog G10 je na\u0161a robustn\u00e1 \u00fa\u017eitkov\u00e1 verzia s 3,99&#8243; dvojito br\u00fasenou \u010depe\u013eou Tanto a rukov\u00e4\u0165ou plnej ve\u013ekosti s hlavicou na pa\u017ebe.<\/p>\n<p>\u010cepe\u013e, r\u00e1m a hardv\u00e9r s\u00fa nereflexn\u00e9 taktick\u00e9 \u010dierne. \u010cepe\u013e je opatren\u00e1 \u010diernym nitridom tit\u00e1nu povrchov\u00e1 \u00faprava pre maxim\u00e1lnu odolnos\u0165 proti kor\u00f3zii. \u0160tandardn\u00e9 s\u00fa zna\u010dkov\u00e9 dvojit\u00e9 kockovan\u00e9 palcov\u00e9 gomb\u00edky sady. Otv\u00e1ranie a zatv\u00e1ranie jednou rukou je r\u00fdchle a hladk\u00e9.<\/p>\n<p>Obsahuje aj na\u0161u automatick\u00fa bezpe\u010dnos\u0165 vlo\u017eky. Automatizovan\u00e1 bezpe\u010dnos\u0165 vlo\u017eky je inov\u00e1cia zabezpe\u010denia uzamykacej vlo\u017eky, ktor\u00e1 bola pos\u00favan\u00e1 na \u010fal\u0161iu \u00farove\u0148. Automatizovan\u00e1 poistka vlo\u017eky nastavuje kol\u00edk medzi zais\u0165ovaciu vlo\u017eku a r\u00e1m. Tento kol\u00edk funguje ako \u010fal\u0161ia bezpe\u010dnostn\u00e1 vrstva, tak\u017ee je menej pravdepodobn\u00e9, \u017ee sa uzamykacia vlo\u017eka po\u010das pou\u017e\u00edvania uvo\u013en\u00ed.<\/p>\n<p>Ak chcete n\u00f4\u017e zavrie\u0165, zatiahnite za bezpe\u010dnostn\u00fa p\u00e1\u010dku s \u010derven\u00fdm gomb\u00edkom sp\u00e4\u0165, presu\u0148te poistn\u00fa vlo\u017eku a sklopte \u010depe\u013e do zatvorenej polohy. Chcete jeden z najbezpe\u010dnej\u0161\u00edch bezpe\u010dnostn\u00fdch syst\u00e9mov na trhu? Vo\u013eba je automatick\u00e1.<\/p>\n<p>N\u00e1\u0161 model G10 obsahuje stupnice \u010diernej G10, vlo\u017eky z nerezovej ocele s trec\u00edmi dr\u00e1\u017ekami a pr\u00e9miov\u00fa \u010depe\u013e z nerezovej ocele 8Cr14MoV s na\u0161imi kombinovan\u00fdmi (2) ozubeniami Veff\u2122. G10 je \u010dasto preferovan\u00fd pre svoju agres\u00edvnu pri\u013enavos\u0165, n\u00edzku hmotnos\u0165 a vynikaj\u00face izola\u010dn\u00e9 vlastnosti.<\/p>\n<p>V\u0161etky no\u017ee tohto radu s\u00fa vybaven\u00e9 klipsami, ktor\u00e9 umo\u017e\u0148uj\u00fa \u0161tvorpolohov\u00e9 nosenie na opasku alebo popruhu. Upozornenie: Tieto no\u017ee nie s\u00fa ur\u010den\u00e9 na vykl\u00e1pacie nosenie vo vrecku. S\u00fa to \u0161peci\u00e1lne no\u017ee, navrhnut\u00e9 arm\u00e1dou na pou\u017eitie v \u0161peci\u00e1lnych sil\u00e1ch.<\/p>\n<p>Automatick\u00e1 bezpe\u010dnos\u0165 vlo\u017eky<br \/>\nVeff Serrations\u2122<br \/>\nDvojit\u00fd chr\u00e1ni\u010d \u010depele s rukov\u00e4\u0165ou G10<br \/>\n\u0160PECIFIK\u00c1CIA<br \/>\nD\u013a\u017eka \u010depele 3,95&#8243; (100,41 mm)<br \/>\nOstrie \u010depele Veff Serrations\u2122<br \/>\n\u010cepe\u013e oce\u013e 1,4116<br \/>\nPovrchov\u00e1 \u00faprava \u010depele Tefl\u00f3nov\u00fd povlak<br \/>\nHr\u00fabka \u010depele 0,14&#8243; (3,58 mm)<br \/>\nCelkov\u00e1 d\u013a\u017eka 9,31&#8243; (236,55 mm)<br \/>\nUzavret\u00e1 d\u013a\u017eka 5,34&#8243; (135,61 mm)<br \/>\nHmotnos\u0165 6,50 oz (184,27 g)<br \/>\nRukov\u00e4\u0165 G10<br \/>\n\u0160t\u00fdl Skladac\u00ed n\u00f4\u017e so z\u00e1mkom Liner<\/p>\n<p><iframe title=\"CRKT M16-14SFG Knife Designed by Kit Carson\" width=\"800\" height=\"450\" src=\"https:\/\/www.youtube.com\/embed\/cm_3-L4GhXM?feature=oembed\" frameborder=\"0\" allow=\"accelerometer; autoplay; clipboard-write; encrypted-media; gyroscope; picture-in-picture; web-share\" referrerpolicy=\"strict-origin-when-cross-origin\" allowfullscreen><\/iframe><\/p>\n","protected":false},"excerpt":{"rendered":"<p>Navrhol Kit Carson vo Vine Grove, Kentucky.<\/p>\n","protected":false},"featured_media":221761,"comment_status":"open","ping_status":"closed","template":"","meta":[],"pwb-brand":[3249],"product_brand":[],"product_cat":[3186,3233],"product_tag":[3668],"class_list":{"0":"post-327439","1":"product","2":"type-product","3":"status-publish","4":"has-post-thumbnail","6":"pwb-brand-zatvaraci-noz-crkt-delilahs-p-e-c-k-5520","7":"product_cat-noze-sk","8":"product_cat-zatvaracie-noze","9":"product_tag-b2b-sk","11":"first","12":"outofstock","13":"taxable","14":"shipping-taxable","15":"purchasable","16":"product-type-simple"},"brands":[{"id":3249,"name":"Zatv\u00e1rac\u00ed N\u00f4\u017e CRKT DELILAH'S P.E.C.K. 5520","slug":"zatvaraci-noz-crkt-delilahs-p-e-c-k-5520"}],"_links":{"self":[{"href":"https:\/\/www.moskito.cz\/sk\/wp-json\/wp\/v2\/product\/327439","targetHints":{"allow":["GET"]}}],"collection":[{"href":"https:\/\/www.moskito.cz\/sk\/wp-json\/wp\/v2\/product"}],"about":[{"href":"https:\/\/www.moskito.cz\/sk\/wp-json\/wp\/v2\/types\/product"}],"replies":[{"embeddable":true,"href":"https:\/\/www.moskito.cz\/sk\/wp-json\/wp\/v2\/comments?post=327439"}],"wp:featuredmedia":[{"embeddable":true,"href":"https:\/\/www.moskito.cz\/sk\/wp-json\/wp\/v2\/media\/221761"}],"wp:attachment":[{"href":"https:\/\/www.moskito.cz\/sk\/wp-json\/wp\/v2\/media?parent=327439"}],"wp:term":[{"taxonomy":"pwb-brand","embeddable":true,"href":"https:\/\/www.moskito.cz\/sk\/wp-json\/wp\/v2\/pwb-brand?post=327439"},{"taxonomy":"product_brand","embeddable":true,"href":"https:\/\/www.moskito.cz\/sk\/wp-json\/wp\/v2\/product_brand?post=327439"},{"taxonomy":"product_cat","embeddable":true,"href":"https:\/\/www.moskito.cz\/sk\/wp-json\/wp\/v2\/product_cat?post=327439"},{"taxonomy":"product_tag","embeddable":true,"href":"https:\/\/www.moskito.cz\/sk\/wp-json\/wp\/v2\/product_tag?post=327439"}],"curies":[{"name":"wp","href":"https:\/\/api.w.org\/{rel}","templated":true}]}}