{"id":327618,"date":"2021-07-29T20:29:34","date_gmt":"2024-04-08T14:27:24","guid":{"rendered":"https:\/\/www.moskito.cz\/produkt\/zatvaraci-noz-crkt-m16-10ks\/"},"modified":"2025-05-07T11:09:13","modified_gmt":"2025-05-07T10:09:13","slug":"zatvaraci-noz-crkt-m16-10ks","status":"publish","type":"product","link":"https:\/\/www.moskito.cz\/sk\/produkt\/zatvaraci-noz-crkt-m16-10ks\/","title":{"rendered":"Zatv\u00e1rac\u00ed N\u00f4\u017e CRKT M16-10KS"},"content":{"rendered":"<div class=\"flex-1 overflow-hidden @container\/thread\">\n<div class=\"h-full\">\n<div class=\"react-scroll-to-bottom--css-vxybp-79elbk h-full\">\n<div class=\"react-scroll-to-bottom--css-vxybp-1n7m0yu\">\n<div class=\"flex flex-col text-sm md:pb-9\">\n<article class=\"w-full scroll-mb-[var(--thread-trailing-height,150px)] text-token-text-primary focus-visible:outline-2 focus-visible:outline-offset-[-4px]\" dir=\"auto\" data-testid=\"conversation-turn-473\" data-scroll-anchor=\"true\">\n<div class=\"m-auto text-base py-[18px] px-3 md:px-4 w-full md:px-5 lg:px-4 xl:px-5\">\n<div class=\"mx-auto flex flex-1 gap-4 text-base md:gap-5 lg:gap-6 md:max-w-3xl\">\n<div class=\"group\/conversation-turn relative flex w-full min-w-0 flex-col agent-turn\">\n<div class=\"flex-col gap-1 md:gap-3\">\n<div class=\"flex max-w-full flex-col flex-grow\">\n<div class=\"min-h-8 text-message flex w-full flex-col items-end gap-2 whitespace-normal break-words text-start [.text-message+&amp;]:mt-5\" dir=\"auto\" data-message-author-role=\"assistant\" data-message-id=\"cadfd5c2-c0dc-40af-b706-bda4272b2557\" data-message-model-slug=\"gpt-4o-mini\">\n<div class=\"flex w-full flex-col gap-1 empty:hidden first:pt-[3px]\">\n<div class=\"markdown prose w-full break-words dark:prose-invert light\">\n<h3><strong>Zatv\u00e1rac\u00ed N\u00f4\u017e CRKT M16-10KS<\/strong><\/h3>\n<p><strong>Navrhol:<\/strong> Kit Carson, Vine Grove, Kentucky<br \/>\n<strong>\u0160t\u00fdl:<\/strong> Skladac\u00ed n\u00f4\u017e so z\u00e1mkom r\u00e1mu (Framelock)<\/p>\n<p>S\u00e9ria <strong>M16\u00ae<\/strong> <strong>-SS EDC<\/strong> je <strong>praktick\u00e1 a odoln\u00e1<\/strong> vo\u013eba pre ka\u017edodenn\u00e9 <strong>nosenie<\/strong> , ktor\u00e1 <strong>zachov\u00e1va<\/strong> dizajn a funk\u010dnos\u0165 vojensk\u00fdch no\u017eov, ale v <strong>kompaktnej a pr\u00edstupnej forme<\/strong> <strong>pre<\/strong> civiln\u00fdch u\u017e\u00edvate\u013eov. <\/p>\n<h3><strong>Hlavn\u00e9 vlastnosti a v\u00fdhody:<\/strong><\/h3>\n<h4>1. <strong>Carson Flipper pre r\u00fdchle otvorenie:<\/strong><\/h4>\n<ul>\n<li><strong>Carson Flipper<\/strong> je praktick\u00fd mechanizmus, <strong>ktor\u00fd<\/strong> u\u013eah\u010duje <strong>r\u00fdchle a pohodln\u00e9 otvorenie \u010depele<\/strong> . <\/li>\n<\/ul>\n<h4>2. **\u010cepe\u013e s <strong>Triple Point\u2122 Serrations\u2122:<\/strong><\/h4>\n<ul>\n<li><strong>Triple Point\u2122 Serrations<\/strong> (trojit\u00e9 zuby) poskytuj\u00fa <strong>vynikaj\u00face rezn\u00e9 vlastnosti<\/strong> a s\u00fa ide\u00e1lne na <strong>rezanie materi\u00e1lov<\/strong> ako s\u00fa povrazy, plastov\u00e9 obaly, kart\u00f3ny alebo in\u00e9 \u0165a\u017e\u0161ie materi\u00e1ly. Tento typ zuba je <strong>ob\u013e\u00faben\u00fd v taktick\u00fdch no\u017eoch<\/strong> , preto\u017ee poskytuje <strong>efektivitu pri rezan\u00ed<\/strong> aj v n\u00e1ro\u010dnej\u0161\u00edch podmienkach. <\/li>\n<\/ul>\n<h4>3. <strong>Oce\u013e 8Cr14MoV:<\/strong><\/h4>\n<ul>\n<li><strong>8Cr14MoV<\/strong> je vysoko kvalitn\u00e1 <strong>nerezov\u00e1 oce\u013e<\/strong> , ktor\u00e1 je <strong>odoln\u00e1 vo\u010di opotrebovaniu<\/strong> a ve\u013emi dobre si dr\u017e\u00ed <strong>ostrie<\/strong> . Oce\u013e je jednoduch\u00e1 na <strong>ostrenie<\/strong> av kombin\u00e1cii s <strong>Triple Point\u2122 Serrations<\/strong> zais\u0165uje <strong>vysok\u00fa funk\u010dnos\u0165<\/strong> aj pri n\u00e1ro\u010dn\u00fdch \u00faloh\u00e1ch. <\/li>\n<\/ul>\n<h4>4. <strong>Povrchov\u00e1 \u00faprava \u010depele EDP (Electro Deposition Coating):<\/strong><\/h4>\n<ul>\n<li><strong>EDP \u200b\u200bpovrchov\u00e1 \u00faprava<\/strong> poskytuje <strong>vylep\u0161en\u00fa ochranu proti kor\u00f3zii<\/strong> a <strong>opatlaniu<\/strong> , \u010do zais\u0165uje dlhodob\u00fa trvanlivos\u0165 a odolnos\u0165 aj pri pou\u017eit\u00ed v <strong>n\u00e1ro\u010dnej\u0161\u00edch podmienkach<\/strong> .<\/li>\n<\/ul>\n<h4>5. <strong>Kon\u0161trukcia z nerezovej ocele:<\/strong><\/h4>\n<ul>\n<li><strong>Rukov\u00e4\u0165 z nerezovej ocele<\/strong> zais\u0165uje vysok\u00fa <strong>pevnos\u0165<\/strong> a <strong>odolnos\u0165<\/strong> . Tento materi\u00e1l je navy\u0161e odoln\u00fd proti <strong>po\u0161kriabaniu<\/strong> a <strong>povrchov\u00e1 \u00faprava \u010diernym oxidom<\/strong> prid\u00e1va nielen na estetickosti, ale tie\u017e zvy\u0161uje <strong>odolnos\u0165 vo\u010di opotrebovaniu<\/strong> a <strong>kor\u00f3zii<\/strong> . <\/li>\n<\/ul>\n<h4>6. <strong>Framelock pre bezpe\u010dn\u00e9 uzamknutie \u010depele:<\/strong><\/h4>\n<ul>\n<li><strong>Framelock<\/strong> zais\u0165uje, \u017ee \u010depe\u013e bude <strong>pevne dr\u017ean\u00e1 na mieste<\/strong> , pokia\u013e nebude z\u00e1mok manu\u00e1lne uvo\u013enen\u00fd. Tento z\u00e1mok je vysoko spo\u013eahliv\u00fd a <strong>\u013eahko ovl\u00e1date\u013en\u00fd<\/strong> , \u010do poskytuje <strong>siln\u00e9 a bezpe\u010dn\u00e9 uzamknutie<\/strong> aj pri n\u00e1ro\u010dnej\u0161om pou\u017e\u00edvan\u00ed. <\/li>\n<\/ul>\n<h3><strong>\u0160pecifik\u00e1cia:<\/strong><\/h3>\n<ul>\n<li><strong>D\u013a\u017eka \u010depele:<\/strong> 3,06&#8243; (77,72 mm)<\/li>\n<li><strong>Ostrie \u010depele:<\/strong> Triple Point\u2122 Serrations\u2122<\/li>\n<li><strong>\u010cepe\u013e oce\u013e:<\/strong> 8Cr14MoV<\/li>\n<li><strong>Povrchov\u00e1 \u00faprava \u010depele:<\/strong> EDP (Elektro Depozitn\u00e1 Povrchov\u00e1 \u00daprava)<\/li>\n<li><strong>Hr\u00fabka \u010depele:<\/strong> 0,10&#8243; (2,49 mm)<\/li>\n<li><strong>Celkov\u00e1 d\u013a\u017eka:<\/strong> 7,00&#8243; (177,80 mm)<\/li>\n<li><strong>Zatvoren\u00e1 d\u013a\u017eka:<\/strong> 4,00&#8243; (101,60 mm)<\/li>\n<li><strong>Hmotnos\u0165:<\/strong> 2,60 oz (73,71 g)<\/li>\n<li><strong>Rukov\u00e4\u0165:<\/strong> Nerezov\u00e1 oce\u013e s \u010diernym oxidom<\/li>\n<li><strong>\u0160t\u00fdl:<\/strong> Skladac\u00ed n\u00f4\u017e so z\u00e1mkom r\u00e1mu (Framelock)<\/li>\n<\/ul>\n<h3><strong>Vyu\u017eitie:<\/strong><\/h3>\n<ul>\n<li><strong>Ka\u017edodenn\u00e9 nosenie (EDC):<\/strong> V\u010faka svojej kompaktnej ve\u013ekosti a <strong>n\u00edzkej hmotnosti<\/strong> je tento n\u00f4\u017e ide\u00e1lny na <strong>denn\u00e9 pou\u017eitie<\/strong> \u2013 otv\u00e1ranie bal\u00ed\u010dkov, rezanie povr\u00e1zkov, alebo ak\u00e9ko\u013evek in\u00e9 be\u017en\u00e9 \u00falohy, ktor\u00e9 vy\u017eaduj\u00fa spo\u013eahliv\u00fd n\u00e1stroj.<\/li>\n<li><strong>Taktick\u00e9 a outdoorov\u00e9 pou\u017eitie:<\/strong> <strong>Taktick\u00e9 pou\u017eitie<\/strong> je v\u010faka <strong>Triple Point\u2122 Serrations\u2122<\/strong> a <strong>odolnej kon\u0161trukcii<\/strong> tie\u017e skvel\u00e9, \u010do umo\u017e\u0148uje pou\u017eitie v \u0165a\u017e\u0161\u00edch podmienkach, napr. pre <strong>n\u00fadzov\u00e9 situ\u00e1cie<\/strong> alebo <strong>advent\u00fary<\/strong> v pr\u00edrode. <\/li>\n<\/ul>\n<h3><strong>Z\u00e1ver:<\/strong><\/h3>\n<p><strong>CRKT M16-10KS<\/strong> je <strong>skvel\u00fd n\u00f4\u017e na ka\u017edodenn\u00e9 nosenie<\/strong> , ktor\u00fd pon\u00faka <strong>spo\u013eahliv\u00fd v\u00fdkon<\/strong> , <strong>modern\u00fd dizajn<\/strong> a <strong>robustn\u00fa kon\u0161trukciu<\/strong> . Ak h\u013ead\u00e1te <strong>jednoduch\u00fd<\/strong> , <strong>odoln\u00fd<\/strong> a <strong>cenovo dostupn\u00fd<\/strong> n\u00f4\u017e, ktor\u00fd zvl\u00e1dne n\u00e1ro\u010dn\u00e9 \u00falohy a vynik\u00e1 v <strong>taktick\u00fdch a EDC aplik\u00e1ci\u00e1ch<\/strong> , tento model je skvelou vo\u013ebou. <\/p>\n<\/div>\n<\/div>\n<\/div>\n<\/div>\n<div class=\"mb-2 flex gap-3 empty:hidden -ml-2\">\n<div class=\"items-center justify-start rounded-xl p-1 flex\">\n<div class=\"flex items-center\"><\/div>\n<\/div>\n<\/div>\n<div class=\"pr-2 lg:pr-0\"><\/div>\n<\/div>\n<\/div>\n<\/div>\n<\/div>\n<\/article>\n<\/div>\n<\/div>\n<\/div>\n<\/div>\n<\/div>\n","protected":false},"excerpt":{"rendered":"<p><strong>CRKT M16-10KS je skvel\u00fd n\u00f4\u017e na ka\u017edodenn\u00e9 nosenie, ktor\u00fd pon\u00faka spo\u013eahliv\u00fd v\u00fdkon, modern\u00fd dizajn a robustn\u00fa kon\u0161trukciu. <\/strong><\/p>\n","protected":false},"featured_media":201353,"comment_status":"open","ping_status":"closed","template":"","meta":[],"pwb-brand":[3249],"product_brand":[],"product_cat":[3186,3233],"product_tag":[3668],"class_list":{"0":"post-327618","1":"product","2":"type-product","3":"status-publish","4":"has-post-thumbnail","6":"pwb-brand-zatvaraci-noz-crkt-delilahs-p-e-c-k-5520","7":"product_cat-noze-sk","8":"product_cat-zatvaracie-noze","9":"product_tag-b2b-sk","11":"first","12":"outofstock","13":"taxable","14":"shipping-taxable","15":"purchasable","16":"product-type-simple"},"brands":[{"id":3249,"name":"Zatv\u00e1rac\u00ed N\u00f4\u017e CRKT DELILAH'S P.E.C.K. 5520","slug":"zatvaraci-noz-crkt-delilahs-p-e-c-k-5520"}],"_links":{"self":[{"href":"https:\/\/www.moskito.cz\/sk\/wp-json\/wp\/v2\/product\/327618","targetHints":{"allow":["GET"]}}],"collection":[{"href":"https:\/\/www.moskito.cz\/sk\/wp-json\/wp\/v2\/product"}],"about":[{"href":"https:\/\/www.moskito.cz\/sk\/wp-json\/wp\/v2\/types\/product"}],"replies":[{"embeddable":true,"href":"https:\/\/www.moskito.cz\/sk\/wp-json\/wp\/v2\/comments?post=327618"}],"wp:featuredmedia":[{"embeddable":true,"href":"https:\/\/www.moskito.cz\/sk\/wp-json\/wp\/v2\/media\/201353"}],"wp:attachment":[{"href":"https:\/\/www.moskito.cz\/sk\/wp-json\/wp\/v2\/media?parent=327618"}],"wp:term":[{"taxonomy":"pwb-brand","embeddable":true,"href":"https:\/\/www.moskito.cz\/sk\/wp-json\/wp\/v2\/pwb-brand?post=327618"},{"taxonomy":"product_brand","embeddable":true,"href":"https:\/\/www.moskito.cz\/sk\/wp-json\/wp\/v2\/product_brand?post=327618"},{"taxonomy":"product_cat","embeddable":true,"href":"https:\/\/www.moskito.cz\/sk\/wp-json\/wp\/v2\/product_cat?post=327618"},{"taxonomy":"product_tag","embeddable":true,"href":"https:\/\/www.moskito.cz\/sk\/wp-json\/wp\/v2\/product_tag?post=327618"}],"curies":[{"name":"wp","href":"https:\/\/api.w.org\/{rel}","templated":true}]}}