{"id":327735,"date":"2022-09-04T20:31:42","date_gmt":"2024-04-08T14:32:58","guid":{"rendered":"https:\/\/www.moskito.cz\/produkt\/zatvaraci-noz-crkt-overland-6280\/"},"modified":"2025-05-07T11:09:16","modified_gmt":"2025-05-07T10:09:16","slug":"zatvaraci-noz-crkt-overland-6280","status":"publish","type":"product","link":"https:\/\/www.moskito.cz\/sk\/produkt\/zatvaraci-noz-crkt-overland-6280\/","title":{"rendered":"Zatv\u00e1rac\u00ed N\u00f4\u017e CRKT OVERLAND 6280"},"content":{"rendered":"<p>Zatv\u00e1rac\u00ed N\u00f4\u017e <strong>CRKT<\/strong> OVERLAND 6280.<\/p>\n<p>Verzia no\u017ea 4&#215;4.<\/p>\n<p>Outdoorov\u00fd zatv\u00e1rac\u00ed n\u00f4\u017e Overland\u2122, in\u0161pirovan\u00fd estetikou klasick\u00e9ho lez\u00faceho vozidla, je vyroben\u00fd tak, aby \u0161iel mimo cesty. Nez\u00e1le\u017e\u00ed na tom, \u010di je va\u0161a t\u00e1borov\u00e1 kuchy\u0148a na plochej skale m\u00edle odkia\u013eko\u013evek alebo na piknikovej lavi\u010dke v parku, tento n\u00f4\u017e sa dokonale hod\u00ed na kr\u00e1janie svie\u010dkovej op\u00e1lenej pri t\u00e1bor\u00e1ku.<br \/>\nJednoduch\u00e9 ostrenie: \u010cepe\u013e z vysoko uhl\u00edkovej nerezovej ocele dobre zaber\u00e1 ostrie<br \/>\nPohodln\u00e9: Vyv\u00fd\u0161en\u00e1 rukov\u00e4\u0165 vo vz\u0165ahu k \u010depeli prispieva k rezaniu rovn\u00e9ho povrchu<br \/>\nVizu\u00e1lna pr\u00ed\u0165a\u017elivos\u0165: Oran\u017eov\u00fd eloxovan\u00fd oto\u010dn\u00fd kr\u00fa\u017eok a akcenty backspacer.<\/p>\n<p>\u0160PECIFIK\u00c1CIA<br \/>\nD\u013a\u017eka \u010depele 3,00&#8243; (76,12 mm)<br \/>\nOstrie \u010depele Prost\u00fd<br \/>\n\u010cepe\u013e oce\u013e 8Cr13MoV<br \/>\nPovrchov\u00e1 \u00faprava \u010depele Stonewash<br \/>\nHr\u00fabka \u010depele 0,12&#8243; (3,07 mm)<br \/>\nCelkov\u00e1 d\u013a\u017eka 7,38&#8243; (187,33 mm)<br \/>\nUzavret\u00e1 d\u013a\u017eka 4,36&#8243; (110,67 mm)<br \/>\nHmotnos\u0165 3,60 oz. (102,06 g)<br \/>\nRukov\u00e4\u0165 G10 | Nerezov\u00e1 oce\u013e<br \/>\n\u0160t\u00fdl Skladac\u00ed n\u00f4\u017e so z\u00e1mkom r\u00e1mu<\/p>\n","protected":false},"excerpt":{"rendered":"<p>Navrhol TJ Schwarz v Boise, Idaho.<\/p>\n","protected":false},"featured_media":223388,"comment_status":"open","ping_status":"closed","template":"","meta":[],"pwb-brand":[3249],"product_brand":[],"product_cat":[3233,3186],"product_tag":[3668],"class_list":{"0":"post-327735","1":"product","2":"type-product","3":"status-publish","4":"has-post-thumbnail","6":"pwb-brand-zatvaraci-noz-crkt-delilahs-p-e-c-k-5520","7":"product_cat-zatvaracie-noze","8":"product_cat-noze-sk","9":"product_tag-b2b-sk","11":"first","12":"outofstock","13":"sale","14":"taxable","15":"shipping-taxable","16":"purchasable","17":"product-type-simple"},"brands":[{"id":3249,"name":"Zatv\u00e1rac\u00ed N\u00f4\u017e CRKT DELILAH'S P.E.C.K. 5520","slug":"zatvaraci-noz-crkt-delilahs-p-e-c-k-5520"}],"_links":{"self":[{"href":"https:\/\/www.moskito.cz\/sk\/wp-json\/wp\/v2\/product\/327735","targetHints":{"allow":["GET"]}}],"collection":[{"href":"https:\/\/www.moskito.cz\/sk\/wp-json\/wp\/v2\/product"}],"about":[{"href":"https:\/\/www.moskito.cz\/sk\/wp-json\/wp\/v2\/types\/product"}],"replies":[{"embeddable":true,"href":"https:\/\/www.moskito.cz\/sk\/wp-json\/wp\/v2\/comments?post=327735"}],"wp:featuredmedia":[{"embeddable":true,"href":"https:\/\/www.moskito.cz\/sk\/wp-json\/wp\/v2\/media\/223388"}],"wp:attachment":[{"href":"https:\/\/www.moskito.cz\/sk\/wp-json\/wp\/v2\/media?parent=327735"}],"wp:term":[{"taxonomy":"pwb-brand","embeddable":true,"href":"https:\/\/www.moskito.cz\/sk\/wp-json\/wp\/v2\/pwb-brand?post=327735"},{"taxonomy":"product_brand","embeddable":true,"href":"https:\/\/www.moskito.cz\/sk\/wp-json\/wp\/v2\/product_brand?post=327735"},{"taxonomy":"product_cat","embeddable":true,"href":"https:\/\/www.moskito.cz\/sk\/wp-json\/wp\/v2\/product_cat?post=327735"},{"taxonomy":"product_tag","embeddable":true,"href":"https:\/\/www.moskito.cz\/sk\/wp-json\/wp\/v2\/product_tag?post=327735"}],"curies":[{"name":"wp","href":"https:\/\/api.w.org\/{rel}","templated":true}]}}