{"id":327871,"date":"2021-07-29T20:40:43","date_gmt":"2024-04-08T14:40:07","guid":{"rendered":"https:\/\/www.moskito.cz\/produkt\/zatvaraci-noz-crkt-m21-10ksf\/"},"modified":"2025-05-07T11:09:19","modified_gmt":"2025-05-07T10:09:19","slug":"zatvaraci-noz-crkt-m21-10ksf","status":"publish","type":"product","link":"https:\/\/www.moskito.cz\/sk\/produkt\/zatvaraci-noz-crkt-m21-10ksf\/","title":{"rendered":"Zatv\u00e1rac\u00ed N\u00f4\u017e CRKT M21-10KSF"},"content":{"rendered":"<p>Zatv\u00e1rac\u00ed N\u00f4\u017e <strong>CRKT<\/strong> M21-10KSF.<\/p>\n<p>Navrhol Kit Carson vo Vine Grove v Kentucky<\/p>\n<p>Rad pre ka\u017edodenn\u00e9 nosenie z nerezovej ocele M21\u2122 poch\u00e1dza z dlh\u00e9ho radu vojensk\u00fdch n\u00e1strojov. Teraz m\u00f4\u017eete zvl\u00e1da\u0165 civiln\u00e9 \u00falohy s touto osved\u010denou platformou designu no\u017eov, ktor\u00e1 je jednoduch\u00e1, odoln\u00e1 a cenovo dostupn\u00e1. Ak ste fan\u00fa\u0161ikom taktick\u00fdch skladac\u00edch no\u017eov M16\u2122 od Kit Carson, budete sa chcie\u0165 pozrie\u0165 na t\u00fato vari\u00e1ciu na ka\u017edodenn\u00e9 nosenie.<br \/>\nR\u00e1mov\u00fd z\u00e1mok s du\u00e1lnym dr\u017eadlom<br \/>\nOzubenie Triple Point \u2122<br \/>\nPovrchov\u00e1 \u00faprava \u010depele \u010dierneho oxidu.<\/p>\n<p>\u0160PECIFIK\u00c1CIA<br \/>\nD\u013a\u017eka \u010depele 3,13 palca (79,60 mm)<br \/>\nBlade Edge Triple Point Serrations \u2122<br \/>\n\u010cepe\u013e oce\u013e 8Cr14MoV<br \/>\nDokon\u010denie \u010depele Kysli\u010dn\u00edk<br \/>\nHr\u00fabka \u010depele 0,44&#8243; (2,44 mm)<br \/>\nCelkov\u00e1 d\u013a\u017eka 7,19 &#8222;(182,58 mm)<br \/>\nZatvoren\u00e1 d\u013a\u017eka 4,01&#8220; (101,88 mm)<br \/>\nHmotnos\u0165 2,80 oz. (79,38 g)<br \/>\nRukov\u00e4\u0165 Nerezov\u00e1 oce\u013e<br \/>\n\u0160t\u00fdl Skladac\u00ed n\u00f4\u017e s r\u00e1mov\u00fdm z\u00e1mkom<\/p>\n<p><strong>CRKT\u00ae<\/strong> (Columbia River Knife and Tool\u00ae) bol zalo\u017een\u00fd v roku 1994. Od prv\u00e9ho d\u0148a kladie na prv\u00e9 miesto inov\u00e1ciu a integritu. Zaviazal sa vyr\u00e1ba\u0165 no\u017ee a n\u00e1stroje, ktor\u00e9 by in\u0161pirovali a vydr\u017eali. Spolupracuje s najlep\u0161\u00edmi dizajn\u00e9rmi na svete a pracuje na jednoduchom princ\u00edpe: \u017ee najv\u00e4\u010d\u0161ia vec, ktor\u00fa m\u00f4\u017ee z\u00e1kazn\u00edkom da\u0165, je d\u00f4vera v ruk\u00e1ch.<\/p>\n<p><iframe title=\"CRKT M21-10KSF Knife | A Kit Carson Design\" width=\"800\" height=\"450\" src=\"https:\/\/www.youtube.com\/embed\/dTHU_9PxQCc?feature=oembed\" frameborder=\"0\" allow=\"accelerometer; autoplay; clipboard-write; encrypted-media; gyroscope; picture-in-picture; web-share\" referrerpolicy=\"strict-origin-when-cross-origin\" allowfullscreen><\/iframe><\/p>\n<p>&nbsp;<\/p>\n<p>&nbsp;<\/p>\n","protected":false},"excerpt":{"rendered":"<p>Navrhol Kit Carson vo Vine Grove v Kentucky.<\/p>\n","protected":false},"featured_media":201360,"comment_status":"open","ping_status":"closed","template":"","meta":[],"pwb-brand":[3249],"product_brand":[],"product_cat":[3186,3233],"product_tag":[3668],"class_list":{"0":"post-327871","1":"product","2":"type-product","3":"status-publish","4":"has-post-thumbnail","6":"pwb-brand-zatvaraci-noz-crkt-delilahs-p-e-c-k-5520","7":"product_cat-noze-sk","8":"product_cat-zatvaracie-noze","9":"product_tag-b2b-sk","11":"first","12":"instock","13":"taxable","14":"shipping-taxable","15":"purchasable","16":"product-type-simple"},"brands":[{"id":3249,"name":"Zatv\u00e1rac\u00ed N\u00f4\u017e CRKT DELILAH'S P.E.C.K. 5520","slug":"zatvaraci-noz-crkt-delilahs-p-e-c-k-5520"}],"_links":{"self":[{"href":"https:\/\/www.moskito.cz\/sk\/wp-json\/wp\/v2\/product\/327871","targetHints":{"allow":["GET"]}}],"collection":[{"href":"https:\/\/www.moskito.cz\/sk\/wp-json\/wp\/v2\/product"}],"about":[{"href":"https:\/\/www.moskito.cz\/sk\/wp-json\/wp\/v2\/types\/product"}],"replies":[{"embeddable":true,"href":"https:\/\/www.moskito.cz\/sk\/wp-json\/wp\/v2\/comments?post=327871"}],"wp:featuredmedia":[{"embeddable":true,"href":"https:\/\/www.moskito.cz\/sk\/wp-json\/wp\/v2\/media\/201360"}],"wp:attachment":[{"href":"https:\/\/www.moskito.cz\/sk\/wp-json\/wp\/v2\/media?parent=327871"}],"wp:term":[{"taxonomy":"pwb-brand","embeddable":true,"href":"https:\/\/www.moskito.cz\/sk\/wp-json\/wp\/v2\/pwb-brand?post=327871"},{"taxonomy":"product_brand","embeddable":true,"href":"https:\/\/www.moskito.cz\/sk\/wp-json\/wp\/v2\/product_brand?post=327871"},{"taxonomy":"product_cat","embeddable":true,"href":"https:\/\/www.moskito.cz\/sk\/wp-json\/wp\/v2\/product_cat?post=327871"},{"taxonomy":"product_tag","embeddable":true,"href":"https:\/\/www.moskito.cz\/sk\/wp-json\/wp\/v2\/product_tag?post=327871"}],"curies":[{"name":"wp","href":"https:\/\/api.w.org\/{rel}","templated":true}]}}