{"id":328022,"date":"2022-08-17T19:39:55","date_gmt":"2024-04-08T14:43:23","guid":{"rendered":"https:\/\/www.moskito.cz\/produkt\/zatvaraci-noz-crkt-m16-10kz\/"},"modified":"2025-05-27T10:04:59","modified_gmt":"2025-05-27T09:04:59","slug":"zatvaraci-noz-crkt-m16-10kz","status":"publish","type":"product","link":"https:\/\/www.moskito.cz\/sk\/produkt\/zatvaraci-noz-crkt-m16-10kz\/","title":{"rendered":"Zatv\u00e1rac\u00ed N\u00f4\u017e CRKT M16-10KZ"},"content":{"rendered":"<div class=\"flex-1 overflow-hidden @container\/thread\">\n<div class=\"h-full\">\n<div class=\"react-scroll-to-bottom--css-vxybp-79elbk h-full\">\n<div class=\"react-scroll-to-bottom--css-vxybp-1n7m0yu\">\n<div class=\"flex flex-col text-sm md:pb-9\">\n<article class=\"w-full scroll-mb-[var(--thread-trailing-height,150px)] text-token-text-primary focus-visible:outline-2 focus-visible:outline-offset-[-4px]\" dir=\"auto\" data-testid=\"conversation-turn-357\" data-scroll-anchor=\"true\">\n<div class=\"m-auto text-base py-[18px] px-3 md:px-4 w-full md:px-5 lg:px-4 xl:px-5\">\n<div class=\"mx-auto flex flex-1 gap-4 text-base md:gap-5 lg:gap-6 md:max-w-3xl\">\n<div class=\"group\/conversation-turn relative flex w-full min-w-0 flex-col agent-turn\">\n<div class=\"flex-col gap-1 md:gap-3\">\n<div class=\"flex max-w-full flex-col flex-grow\">\n<div class=\"min-h-8 text-message flex w-full flex-col items-end gap-2 whitespace-normal break-words text-start [.text-message+&amp;]:mt-5\" dir=\"auto\" data-message-author-role=\"assistant\" data-message-id=\"acf6ae39-712b-45dc-9ff5-59252f326045\" data-message-model-slug=\"gpt-4o-mini\">\n<div class=\"flex w-full flex-col gap-1 empty:hidden first:pt-[3px]\">\n<div class=\"markdown prose w-full break-words dark:prose-invert light\">\n<p>Zatv\u00e1rac\u00ed n\u00f4\u017e <strong>CRKT M16-10KZ<\/strong> je s\u00fa\u010das\u0165ou ob\u013e\u00fabenej s\u00e9rie M16\u00ae, navrhnutej legend\u00e1rnym dizajn\u00e9rom Kit Carsonom, a pon\u00faka vynikaj\u00facu kombin\u00e1ciu funk\u010dnosti, kvality a odolnosti. Tento model je ide\u00e1lny pre ka\u017edodenn\u00e9 nosenie (EDC), ale aj pre n\u00e1ro\u010dnej\u0161ie \u00falohy, ktor\u00e9 si \u017eiadaj\u00fa odolnos\u0165 a spo\u013eahlivos\u0165. <\/p>\n<h3><strong>Hlavn\u00e9 vlastnosti:<\/strong><\/h3>\n<ol>\n<li><strong>Kvalitn\u00e9 materi\u00e1ly:<\/strong>\n<ul>\n<li><strong>\u010cepe\u013e z nerezovej ocele 1.4116<\/strong> : T\u00e1to oce\u013e je zn\u00e1ma svojou <strong>odolnos\u0165ou proti kor\u00f3zii<\/strong> a je ide\u00e1lna pre no\u017ee, ktor\u00e9 s\u00fa pravidelne pou\u017e\u00edvan\u00e9. Pon\u00faka dobr\u00e9 <strong>dr\u017eanie ostria<\/strong> a relat\u00edvne jednoduch\u00fa \u00fadr\u017ebu. <\/li>\n<li><strong>Povrchov\u00e1 \u00faprava EDP<\/strong> : Tento \u010dierny povlak chr\u00e1ni \u010depe\u013e proti <strong>kor\u00f3zii a opotrebovaniu<\/strong> , \u010d\u00edm zvy\u0161uje \u017eivotnos\u0165 no\u017ea a zais\u0165uje jeho <strong>estetick\u00fa odolnos\u0165<\/strong> .<\/li>\n<li><strong>Triple Point\u2122 Serrations<\/strong> : Tieto vr\u00fabky na \u010depeli poskytuj\u00fa <strong>vysok\u00fa rezn\u00fa efektivitu<\/strong> , najm\u00e4 pri reze materi\u00e1lov, ako s\u00fa \u0161n\u00fary, ko\u017ea, tkaniny a in\u00e9 tvrd\u0161ie l\u00e1tky. T\u00e1to technol\u00f3gia pon\u00faka <strong>trojn\u00e1sobn\u00fa efektivitu<\/strong> oproti be\u017en\u00fdm vr\u00fabkom. <\/li>\n<\/ul>\n<\/li>\n<li><strong>Ergonomick\u00fd dizajn pre efekt\u00edvne pou\u017eitie:<\/strong>\n<ul>\n<li><strong>Carson Flipper<\/strong> : Tento dizajn otv\u00e1rania umo\u017e\u0148uje <strong>r\u00fdchle a jednoduch\u00e9<\/strong> otvorenie \u010depele jednou rukou, \u010do je ide\u00e1lne pre situ\u00e1cie, kedy potrebujete r\u00fdchly pr\u00edstup k no\u017eu.<\/li>\n<li><strong>Rukov\u00e4\u0165 z nylonu vystu\u017een\u00e9ho sklen\u00fdmi vl\u00e1knami<\/strong> : Tento materi\u00e1l je ve\u013emi <strong>odoln\u00fd<\/strong> a zais\u0165uje pevn\u00e9 a <strong>pohodln\u00e9 uchopenie<\/strong> no\u017ea aj v n\u00e1ro\u010dn\u00fdch podmienkach. Rukov\u00e4\u0165 tie\u017e prispieva k <strong>n\u00edzkej hmotnosti<\/strong> no\u017ea. <\/li>\n<\/ul>\n<\/li>\n<li><strong>Bezpe\u010dnostn\u00e9 prvky:<\/strong>\n<ul>\n<li><strong>Liner Lock<\/strong> : Tento bezpe\u010dnostn\u00fd z\u00e1mok zais\u0165uje, \u017ee \u010depe\u013e bude pevne uzamknut\u00e1 po\u010das pou\u017e\u00edvania, a z\u00e1rove\u0148 umo\u017e\u0148uje <strong>jednoduch\u00e9 uzavretie<\/strong> no\u017ea jednou rukou.<\/li>\n<li><strong>Automatick\u00e1 bezpe\u010dnostn\u00e1 vlo\u017eka<\/strong> : Zaber\u00e1 extra vrstvu ochrany t\u00fdm, \u017ee zabra\u0148uje <strong>ne\u00famyseln\u00e9mu otvoreniu<\/strong> \u010depele, \u010do je d\u00f4le\u017eit\u00e9 pre bezpe\u010dn\u00e9 pou\u017e\u00edvanie v ka\u017edodennom \u017eivote.<\/li>\n<\/ul>\n<\/li>\n<li><strong>Kompaktn\u00fd a \u013eahk\u00fd dizajn:<\/strong>\n<ul>\n<li><strong>Celkov\u00e1 d\u013a\u017eka<\/strong> : 7,13 &#8222;(180,98 mm)<\/li>\n<li><strong>Uzavret\u00e1 d\u013a\u017eka<\/strong> : 4,00&#8243; (101,60 mm)<\/li>\n<li><strong>Hmotnos\u0165<\/strong> : 2,30 oz (65,20 g) &#8211; <strong>\u013eahk\u00e9 prevedenie<\/strong> , ktor\u00e9 je ide\u00e1lne pre ka\u017edodenn\u00e9 nosenie, a pritom pon\u00faka dostato\u010dn\u00fa ve\u013ekos\u0165 pre r\u00f4zne \u00falohy.<\/li>\n<\/ul>\n<\/li>\n<\/ol>\n<h3><strong>\u0160pecifik\u00e1cia:<\/strong><\/h3>\n<ul>\n<li><strong>D\u013a\u017eka \u010depele<\/strong> : 3,00&#8243; (76,20 mm)<\/li>\n<li><strong>Ostrie \u010depele<\/strong> : Triple Point Serrations\u2122<\/li>\n<li><strong>Materi\u00e1l \u010depele<\/strong> : Oce\u013e 1.4116<\/li>\n<li><strong>Povrchov\u00e1 \u00faprava \u010depele<\/strong> : EDP<\/li>\n<li><strong>Hr\u00fabka \u010depele<\/strong> : 0,08&#8243; (2,03 mm)<\/li>\n<li><strong>Celkov\u00e1 d\u013a\u017eka<\/strong> : 7,13 &#8222;(180,98 mm)<\/li>\n<li><strong>Uzavret\u00e1 d\u013a\u017eka<\/strong> : 4,00&#8243; (101,60 mm)<\/li>\n<li><strong>Hmotnos\u0165<\/strong> : 2,30 oz (65,20 g)<\/li>\n<li><strong>Rukov\u00e4\u0165<\/strong> : Nylon vystu\u017een\u00fd sklom<\/li>\n<li><strong>\u0160t\u00fdl<\/strong> : Skladac\u00ed n\u00f4\u017e so z\u00e1mkom <strong>Liner Lock<\/strong><\/li>\n<\/ul>\n<h3><strong>Na \u010do sa hod\u00ed?<\/strong><\/h3>\n<ol>\n<li><strong>Ka\u017edodenn\u00e9 pou\u017eitie (EDC)<\/strong> :<br \/>\n Tento n\u00f4\u017e je navrhnut\u00fd pre ka\u017edodenn\u00e9 \u00falohy, ako je otv\u00e1ranie obalov, bal\u00ed\u010dkov, rezanie \u0161n\u00far, k\u00e1blov a \u010fal\u0161\u00edch materi\u00e1lov. V kombin\u00e1cii s <strong>Triple Point\u2122 serrations<\/strong> je v\u00fdborn\u00fd na <strong>r\u00fdchle a efekt\u00edvne rezanie<\/strong> \u0165a\u017e\u0161\u00edch materi\u00e1lov. <\/li>\n<li><strong>Outdoorov\u00e9 a kempingov\u00e9 aktivity<\/strong> :<br \/>\n Aj ke\u010f sa jedn\u00e1 o kompaktn\u00fd n\u00f4\u017e, jeho odolnos\u0165 a schopnos\u0165 dobre dr\u017ea\u0165 ostrie rob\u00ed tento model ide\u00e1lny pre <strong>kempingov\u00e9 \u00falohy<\/strong> , ako je rezanie dreva na ohe\u0148, pr\u00edprava jedla alebo in\u00e9 be\u017en\u00e9 \u010dinnosti v pr\u00edrode.<\/li>\n<li><strong>Z\u00e1chrann\u00e9 a taktick\u00e9 pou\u017eitie<\/strong> :<br \/>\n V\u010faka <strong>Triple Point\u2122 serrations<\/strong> a <strong>robustnej kon\u0161trukcii<\/strong> sa tento n\u00f4\u017e hod\u00ed na <strong>z\u00e1chrann\u00e9 \u00falohy<\/strong> alebo ako taktick\u00e9 EDC pre vojensk\u00e9 alebo bezpe\u010dnostn\u00e9 zlo\u017eky. Je ide\u00e1lny na rie\u0161enie kr\u00edzov\u00fdch situ\u00e1ci\u00ed, kde je d\u00f4le\u017eit\u00e9 ma\u0165 spo\u013eahliv\u00fd n\u00e1stroj. <\/li>\n<li><strong>Cestovanie a denn\u00e9 aktivity<\/strong> :<br \/>\n N\u00f4\u017e je dostato\u010dne kompaktn\u00fd na to, aby sa \u013eahko nosil vo vrecku alebo na k\u013e\u00fa\u010denke, a je pripraven\u00fd na r\u00f4zne \u00falohy po\u010das d\u0148a, kedy ho budete potrebova\u0165.<\/li>\n<\/ol>\n<h3><strong>V\u00fdhody:<\/strong><\/h3>\n<ul>\n<li><strong>Triple Point\u2122 serrations<\/strong> na efekt\u00edvne rezanie r\u00f4znych materi\u00e1lov.<\/li>\n<li><strong>\u013dahk\u00fd a kompaktn\u00fd dizajn<\/strong> , ide\u00e1lny na ka\u017edodenn\u00e9 nosenie.<\/li>\n<li><strong>R\u00fdchle otv\u00e1ranie<\/strong> v\u010faka Carson Flipperu.<\/li>\n<li><strong>Bezpe\u010dnostn\u00fd z\u00e1mok<\/strong> pre pevn\u00e9 uzamknutie \u010depele po\u010das pou\u017e\u00edvania.<\/li>\n<li><strong>Odoln\u00e9 materi\u00e1ly<\/strong> a <strong>vysok\u00e1 \u017eivotnos\u0165<\/strong> v\u010faka kvalitnej oceli a nylonovej rukov\u00e4ti.<\/li>\n<li><strong>Povrchov\u00e1 \u00faprava EDP<\/strong> , ktor\u00e1 zais\u0165uje <strong>odolnos\u0165 proti kor\u00f3zii<\/strong> a <strong>estetick\u00fd vzh\u013ead<\/strong> .<\/li>\n<\/ul>\n<h3><strong>Zhrnutie:<\/strong><\/h3>\n<p><strong>CRKT M16-10KZ<\/strong> je spo\u013eahliv\u00fd a praktick\u00fd n\u00f4\u017e, ktor\u00fd pon\u00faka <strong>kvalitu<\/strong> , <strong>funk\u010dnos\u0165<\/strong> a <strong>dizajn<\/strong> in\u0161pirovan\u00fd taktick\u00fdmi no\u017emi. S jeho <strong>Triple Point\u2122 serrations<\/strong> , <strong>r\u00fdchlym otv\u00e1ran\u00edm<\/strong> , <strong>bezpe\u010dnostn\u00fdm mechanizmom<\/strong> a odoln\u00fdm povrchom je ide\u00e1lnym n\u00e1strojom pre ka\u017edodenn\u00e9 pou\u017eitie aj n\u00e1ro\u010dnej\u0161ie \u00falohy. \u010ci u\u017e ide o <strong>kemping<\/strong> , <strong>pr\u00e1cu v ter\u00e9ne<\/strong> alebo <strong>ka\u017edodenn\u00e9 nosenie<\/strong> , tento n\u00f4\u017e je pripraven\u00fd na v\u0161etko.  <\/p>\n<\/div>\n<\/div>\n<\/div>\n<\/div>\n<div class=\"mb-2 flex gap-3 empty:hidden -ml-2\">\n<div class=\"items-center justify-start rounded-xl p-1 flex\">\n<div class=\"flex items-center\"><\/div>\n<\/div>\n<\/div>\n<div class=\"pr-2 lg:pr-0\"><\/div>\n<\/div>\n<\/div>\n<\/div>\n<\/div>\n<\/article>\n<\/div>\n<\/div>\n<\/div>\n<\/div>\n<\/div>\n","protected":false},"excerpt":{"rendered":"<p><strong>CRKT M16-10KZ je spo\u013eahliv\u00fd a praktick\u00fd n\u00f4\u017e, ktor\u00fd pon\u00faka kvalitu, funk\u010dnos\u0165 a dizajn in\u0161pirovan\u00fd taktick\u00fdmi no\u017emi. S jeho Triple Point\u2122 serrations, r\u00fdchlym otv\u00e1ran\u00edm, bezpe\u010dnostn\u00fdm mechanizmom a odoln\u00fdm povrchom je ide\u00e1lnym n\u00e1strojom na ka\u017edodenn\u00e9 pou\u017eitie aj n\u00e1ro\u010dnej\u0161ie \u00falohy. \u010ci u\u017e ide o kemping, pr\u00e1cu v ter\u00e9ne alebo ka\u017edodenn\u00e9 nosenie, tento n\u00f4\u017e je pripraven\u00fd na v\u0161etko.  <\/strong><\/p>\n","protected":false},"featured_media":220924,"comment_status":"open","ping_status":"closed","template":"","meta":[],"pwb-brand":[3249],"product_brand":[],"product_cat":[3233,3186],"product_tag":[3668],"class_list":{"0":"post-328022","1":"product","2":"type-product","3":"status-publish","4":"has-post-thumbnail","6":"pwb-brand-zatvaraci-noz-crkt-delilahs-p-e-c-k-5520","7":"product_cat-zatvaracie-noze","8":"product_cat-noze-sk","9":"product_tag-b2b-sk","11":"first","12":"outofstock","13":"taxable","14":"shipping-taxable","15":"purchasable","16":"product-type-simple"},"brands":[{"id":3249,"name":"Zatv\u00e1rac\u00ed N\u00f4\u017e CRKT DELILAH'S P.E.C.K. 5520","slug":"zatvaraci-noz-crkt-delilahs-p-e-c-k-5520"}],"_links":{"self":[{"href":"https:\/\/www.moskito.cz\/sk\/wp-json\/wp\/v2\/product\/328022","targetHints":{"allow":["GET"]}}],"collection":[{"href":"https:\/\/www.moskito.cz\/sk\/wp-json\/wp\/v2\/product"}],"about":[{"href":"https:\/\/www.moskito.cz\/sk\/wp-json\/wp\/v2\/types\/product"}],"replies":[{"embeddable":true,"href":"https:\/\/www.moskito.cz\/sk\/wp-json\/wp\/v2\/comments?post=328022"}],"wp:featuredmedia":[{"embeddable":true,"href":"https:\/\/www.moskito.cz\/sk\/wp-json\/wp\/v2\/media\/220924"}],"wp:attachment":[{"href":"https:\/\/www.moskito.cz\/sk\/wp-json\/wp\/v2\/media?parent=328022"}],"wp:term":[{"taxonomy":"pwb-brand","embeddable":true,"href":"https:\/\/www.moskito.cz\/sk\/wp-json\/wp\/v2\/pwb-brand?post=328022"},{"taxonomy":"product_brand","embeddable":true,"href":"https:\/\/www.moskito.cz\/sk\/wp-json\/wp\/v2\/product_brand?post=328022"},{"taxonomy":"product_cat","embeddable":true,"href":"https:\/\/www.moskito.cz\/sk\/wp-json\/wp\/v2\/product_cat?post=328022"},{"taxonomy":"product_tag","embeddable":true,"href":"https:\/\/www.moskito.cz\/sk\/wp-json\/wp\/v2\/product_tag?post=328022"}],"curies":[{"name":"wp","href":"https:\/\/api.w.org\/{rel}","templated":true}]}}