{"id":328077,"date":"2022-09-06T21:24:40","date_gmt":"2024-04-08T14:48:09","guid":{"rendered":"https:\/\/www.moskito.cz\/produkt\/zatvaraci-noz-crkt-seis-7123\/"},"modified":"2025-05-07T11:09:24","modified_gmt":"2025-05-07T10:09:24","slug":"zatvaraci-noz-crkt-seis-7123","status":"publish","type":"product","link":"https:\/\/www.moskito.cz\/sk\/produkt\/zatvaraci-noz-crkt-seis-7123\/","title":{"rendered":"Zatv\u00e1rac\u00ed N\u00f4\u017e CRKT SEIS 7123"},"content":{"rendered":"<p>Zatv\u00e1rac\u00ed N\u00f4\u017e <strong>CRKT<\/strong> SEIS 7123.<\/p>\n<p>Znamen\u00e1 \u0161es\u0165, ale rob\u00ed v\u0161etky triky. V\u00fdrobca no\u017eov Richard Rogers navrhuje no\u017ee u\u017e viac ako dve desa\u0165ro\u010dia a prin\u00e1\u0161a fan\u00fa\u0161ikom svoje ob\u013e\u00faben\u00e9 n\u00e1vrhy Cuatro\u2122 a Cinco\u2122. Po\u010d\u00edta a predstavuje Seis\u2122, ka\u017edodenn\u00fd zatv\u00e1rac\u00ed vreckov\u00fd n\u00f4\u017e, ktor\u00fd je dostato\u010dne ve\u013ek\u00fd, aby robil seri\u00f3znu pr\u00e1cu, a dostato\u010dne kompaktn\u00fd na ka\u017edodenn\u00e9 pou\u017eitie. V\u010faka IKBS\u2122 pre super hladk\u00e9 nasadenie nebudete musie\u0165 po\u010d\u00edta\u0165 do \u0161iestich, aby ste ho mohli pou\u017ei\u0165.<\/p>\n<p>Ke\u010f n\u00e1vrh\u00e1r no\u017eov Richard Rogers nazval Cinco\u2122 na po\u010des\u0165 prez\u00fdvky svojho otca, bolo prirodzen\u00e9 v sekvencii pokra\u010dova\u0165. A tak n\u00e1m prin\u00e1\u0161a Seis\u2122, v\u0161estrann\u00fd zatv\u00e1rac\u00ed n\u00f4\u017e s tenk\u00fdm profilom, ktor\u00fd je flexibiln\u00fd a m\u00e1 elegantn\u00fd dizajn. Vreckov\u00e1 spona je v\u0161estrann\u00e1 a je navrhnut\u00e1 tak, aby bola obojstrann\u00e1 a umo\u017enila \u00fachop pre \u013eav\u00fa alebo prav\u00fa ruku \u2013 m\u00f4\u017eete ju dokonca odskrutkova\u0165 na \u010fal\u0161ie prisp\u00f4sobenie. Vzh\u013eadom k obojstrann\u00e9mu dizajnu nie je \u0165a\u017ek\u00e9 n\u00e1js\u0165 pohodln\u00e9 uchopenie pozd\u013a\u017e sklom vystu\u017eenej nylonovej rukov\u00e4te s text\u00farou podobnou ko\u017ei.<\/p>\n<p>V\u010faka 3,32\u201d \u010depeli z nerezovej ocele sa Seis\u2122 nasadzuje r\u00fdchlo a super hladko v\u010faka technol\u00f3gii IKBS\u2122. Skuto\u010dn\u00e9 ka\u017edodenn\u00e9 nosenie, tento n\u00f4\u017e neobstoj\u00ed len v sk\u00fa\u0161ke tvrdej pr\u00e1ce, \u0161pi\u010dka \u010depele je dostato\u010dne jemn\u00e1 na presnej\u0161ie rezanie. A v\u010faka u\u017e\u00edvate\u013esky pr\u00edvetiv\u00e9mu dizajnu a skromn\u00fdm rozmerom no\u017ea bude ob\u013e\u00faben\u00fdm n\u00e1strojom na ulo\u017eenie hlboko do vrecka.<\/p>\n<p>Znamen\u00e1 \u0161es\u0165, ale Seis\u2122 rob\u00ed v\u0161etky triky.<\/p>\n<p>\u0160PECIFIK\u00c1CIA<br \/>\nD\u013a\u017eka \u010depele 3,32&#8243; (84,38 mm)<br \/>\nOstrie \u010depele Prost\u00fd<br \/>\n\u010cepe\u013e oce\u013e 1,4116<br \/>\nPovrchov\u00e1 \u00faprava \u010depele Odstrel kor\u00e1likov<br \/>\nHr\u00fabka \u010depele 0,09&#8243; (2,36 mm)<br \/>\nCelkov\u00e1 d\u013a\u017eka 7,81&#8243; (198,45 mm)<br \/>\nUzavret\u00e1 d\u013a\u017eka 4,47&#8243; (113,44 mm)<br \/>\nHmotnos\u0165 2,00 oz (56,70 g)<br \/>\nRukov\u00e4\u0165 Nylon vystu\u017een\u00fd sklom<br \/>\n\u0160t\u00fdl Skladac\u00ed n\u00f4\u017e so z\u00e1mkom Liner<\/p>\n<p><iframe title=\"CRKT SEIS\u2122 | Richard Rogers Design\" width=\"800\" height=\"450\" src=\"https:\/\/www.youtube.com\/embed\/J_t8G1t971Q?feature=oembed\" frameborder=\"0\" allow=\"accelerometer; autoplay; clipboard-write; encrypted-media; gyroscope; picture-in-picture; web-share\" referrerpolicy=\"strict-origin-when-cross-origin\" allowfullscreen><\/iframe><\/p>\n<p>&nbsp;<\/p>\n","protected":false},"excerpt":{"rendered":"<p>Navrhol Richard Rogers v Magdalene v Novom Mexiku.<\/p>\n","protected":false},"featured_media":223739,"comment_status":"open","ping_status":"closed","template":"","meta":[],"pwb-brand":[3249],"product_brand":[],"product_cat":[3233,3186],"product_tag":[3668],"class_list":{"0":"post-328077","1":"product","2":"type-product","3":"status-publish","4":"has-post-thumbnail","6":"pwb-brand-zatvaraci-noz-crkt-delilahs-p-e-c-k-5520","7":"product_cat-zatvaracie-noze","8":"product_cat-noze-sk","9":"product_tag-b2b-sk","11":"first","12":"outofstock","13":"sale","14":"taxable","15":"shipping-taxable","16":"purchasable","17":"product-type-simple"},"brands":[{"id":3249,"name":"Zatv\u00e1rac\u00ed N\u00f4\u017e CRKT DELILAH'S P.E.C.K. 5520","slug":"zatvaraci-noz-crkt-delilahs-p-e-c-k-5520"}],"_links":{"self":[{"href":"https:\/\/www.moskito.cz\/sk\/wp-json\/wp\/v2\/product\/328077","targetHints":{"allow":["GET"]}}],"collection":[{"href":"https:\/\/www.moskito.cz\/sk\/wp-json\/wp\/v2\/product"}],"about":[{"href":"https:\/\/www.moskito.cz\/sk\/wp-json\/wp\/v2\/types\/product"}],"replies":[{"embeddable":true,"href":"https:\/\/www.moskito.cz\/sk\/wp-json\/wp\/v2\/comments?post=328077"}],"wp:featuredmedia":[{"embeddable":true,"href":"https:\/\/www.moskito.cz\/sk\/wp-json\/wp\/v2\/media\/223739"}],"wp:attachment":[{"href":"https:\/\/www.moskito.cz\/sk\/wp-json\/wp\/v2\/media?parent=328077"}],"wp:term":[{"taxonomy":"pwb-brand","embeddable":true,"href":"https:\/\/www.moskito.cz\/sk\/wp-json\/wp\/v2\/pwb-brand?post=328077"},{"taxonomy":"product_brand","embeddable":true,"href":"https:\/\/www.moskito.cz\/sk\/wp-json\/wp\/v2\/product_brand?post=328077"},{"taxonomy":"product_cat","embeddable":true,"href":"https:\/\/www.moskito.cz\/sk\/wp-json\/wp\/v2\/product_cat?post=328077"},{"taxonomy":"product_tag","embeddable":true,"href":"https:\/\/www.moskito.cz\/sk\/wp-json\/wp\/v2\/product_tag?post=328077"}],"curies":[{"name":"wp","href":"https:\/\/api.w.org\/{rel}","templated":true}]}}