{"id":328282,"date":"2023-09-28T09:49:45","date_gmt":"2024-04-08T14:55:07","guid":{"rendered":"https:\/\/www.moskito.cz\/produkt\/crkt-chogan-mattock-2738\/"},"modified":"2025-05-07T11:09:28","modified_gmt":"2025-05-07T10:09:28","slug":"crkt-chogan-mattock-2738","status":"publish","type":"product","link":"https:\/\/www.moskito.cz\/sk\/produkt\/crkt-chogan-mattock-2738\/","title":{"rendered":"CRKT Chogan Mattock 2738"},"content":{"rendered":"<p><strong>CRKT<\/strong> Chogan Mattock 2738<\/p>\n<p>Tento nad\u010dasov\u00fd n\u00e1stroj je pripraven\u00fd na nov\u00e9 dobrodru\u017estv\u00e1.<\/p>\n<p>Zo z\u00e1kopov prvej svetovej vojny prich\u00e1dza Chogan Mattock, n\u00e1stroj ur\u010den\u00fd pre prenosite\u013enos\u0165. Na z\u00e1klade be\u017en\u00e9ho kopacieho n\u00e1stroja pou\u017e\u00edvan\u00e9ho britskou pechotou je mo\u017en\u00e9 hlavu s\u0148a\u0165 z rukov\u00e4te pre kompaktn\u00e9 ulo\u017eenie vo va\u0161om vozidle, na batohu alebo vo va\u0161ej k\u00f4lni na n\u00e1radie. A \u010do viac, t\u00e1 ist\u00e1 rukov\u00e4\u0165 je kompatibiln\u00e1 s tomahawkovou hlavou z Chogan\u2122 T-Hawk, \u010do v\u00e1m d\u00e1va mo\u017enos\u0165 ovl\u00e1da\u0165 dva n\u00e1stroje s jednou rukov\u00e4\u0165ou pre v\u00e4\u010d\u0161iu v\u0161estrannos\u0165 alebo redundanciu.<\/p>\n<p>Kovan\u00e1 h\u00fa\u017eevnatos\u0165: uhl\u00edkov\u00e1 oce\u013e 1055 poskytuje odolnos\u0165 a zachovanie hr\u00e1n<br \/>\nVylep\u0161en\u00e1 ochrana: \u010cierny povlak zlep\u0161uje odolnos\u0165 proti kor\u00f3zii<\/p>\n<p>Podrobnosti o \u010depeli:<\/p>\n<p>\u010cepe\u013e z ocele 1055 uhl\u00edkov\u00e1 oce\u013e<br \/>\n\u010cepe\u013e ostrie Adze s hrotom<br \/>\nPovrchov\u00e1 \u00faprava \u010depele Antikor\u00f3zny n\u00e1ter<\/p>\n<p>D\u013a\u017eka \u010depele: 5.425 cm<br \/>\nHr\u00fabka \u010depele: 0.214 cm<br \/>\nCelkov\u00e1 d\u013a\u017eka: 48.26 cm<br \/>\nHmotnos\u0165 : 1,05 kg<\/p>\n<p>&nbsp;<\/p>\n","protected":false},"excerpt":{"rendered":"<p><strong>DesignerRyan JohnsonChattanooga, Tennessee.<\/strong><\/p>\n<p><strong>Pri krbe v dome Johnson nikdy nech\u00fdba drevo. Je to preto, \u017ee Ryan u\u017e roky v RMJ Tactical stavia jedny z najlep\u0161\u00edch vlastn\u00fdch tomahawkov, ak\u00e9 kedy t\u00e1to krajina videla. Aplikovan\u00edm modern\u00e9ho in\u017einierstva na st\u00e1ro\u010dn\u00e9 koncepty n\u00e1strojov a zbran\u00ed novo definoval rolu tomahavkov vo vojensk\u00fdch aplik\u00e1ci\u00e1ch pre vym\u00e1hanie pr\u00e1va a \u0161peci\u00e1lnych s\u00edl.<\/strong><\/p>\n<p>&nbsp;<\/p>\n","protected":false},"featured_media":257009,"comment_status":"open","ping_status":"closed","template":"","meta":[],"pwb-brand":[3249],"product_brand":[],"product_cat":[3190],"product_tag":[3668],"class_list":{"0":"post-328282","1":"product","2":"type-product","3":"status-publish","4":"has-post-thumbnail","6":"pwb-brand-zatvaraci-noz-crkt-delilahs-p-e-c-k-5520","7":"product_cat-sekery-sk","8":"product_tag-b2b-sk","10":"first","11":"outofstock","12":"taxable","13":"shipping-taxable","14":"purchasable","15":"product-type-simple"},"brands":[{"id":3249,"name":"Zatv\u00e1rac\u00ed N\u00f4\u017e CRKT DELILAH'S P.E.C.K. 5520","slug":"zatvaraci-noz-crkt-delilahs-p-e-c-k-5520"}],"_links":{"self":[{"href":"https:\/\/www.moskito.cz\/sk\/wp-json\/wp\/v2\/product\/328282","targetHints":{"allow":["GET"]}}],"collection":[{"href":"https:\/\/www.moskito.cz\/sk\/wp-json\/wp\/v2\/product"}],"about":[{"href":"https:\/\/www.moskito.cz\/sk\/wp-json\/wp\/v2\/types\/product"}],"replies":[{"embeddable":true,"href":"https:\/\/www.moskito.cz\/sk\/wp-json\/wp\/v2\/comments?post=328282"}],"wp:featuredmedia":[{"embeddable":true,"href":"https:\/\/www.moskito.cz\/sk\/wp-json\/wp\/v2\/media\/257009"}],"wp:attachment":[{"href":"https:\/\/www.moskito.cz\/sk\/wp-json\/wp\/v2\/media?parent=328282"}],"wp:term":[{"taxonomy":"pwb-brand","embeddable":true,"href":"https:\/\/www.moskito.cz\/sk\/wp-json\/wp\/v2\/pwb-brand?post=328282"},{"taxonomy":"product_brand","embeddable":true,"href":"https:\/\/www.moskito.cz\/sk\/wp-json\/wp\/v2\/product_brand?post=328282"},{"taxonomy":"product_cat","embeddable":true,"href":"https:\/\/www.moskito.cz\/sk\/wp-json\/wp\/v2\/product_cat?post=328282"},{"taxonomy":"product_tag","embeddable":true,"href":"https:\/\/www.moskito.cz\/sk\/wp-json\/wp\/v2\/product_tag?post=328282"}],"curies":[{"name":"wp","href":"https:\/\/api.w.org\/{rel}","templated":true}]}}