{"id":328419,"date":"2022-04-11T21:36:52","date_gmt":"2024-04-09T13:01:44","guid":{"rendered":"https:\/\/www.moskito.cz\/produkt\/zatvaraci-noz-boker-magnum-italian-classic-small-01ll110\/"},"modified":"2025-05-07T11:09:31","modified_gmt":"2025-05-07T10:09:31","slug":"zatvaraci-noz-boker-magnum-italian-classic-small-01ll110","status":"publish","type":"product","link":"https:\/\/www.moskito.cz\/sk\/produkt\/zatvaraci-noz-boker-magnum-italian-classic-small-01ll110\/","title":{"rendered":"Zatv\u00e1rac\u00ed N\u00f4\u017e B\u00f6ker Magnum Italian Classic Small 01LL110"},"content":{"rendered":"<p>Zatv\u00e1rac\u00ed N\u00f4\u017e <strong>B\u00f6ker<\/strong> Magnum Italian Classic Small 01LL110<\/p>\n<p>In\u0161pir\u00e1ciou pre Magnum Italian Classic Small bol zjavne klasick\u00fd taliansky \u0161t\u00fdl. Prv\u00e9 automatick\u00e9 no\u017ee v hist\u00f3rii boli \u00fadajne obzvl\u00e1\u0161\u0165 ob\u013e\u00faben\u00e9 u \u017eien, preto\u017ee in\u00e9 vreckov\u00e9 no\u017ee bolo \u0165a\u017ek\u00e9 otvori\u0165 s dobre upraven\u00fdmi nechtami. Men\u0161ia verzia \u00faspe\u0161n\u00e9ho modelu sa vyzna\u010duje le\u0161tenou \u010depe\u013eou z nerezovej ocele 440A s elegantn\u00fdm ricasso. Otv\u00e1ra sa odpru\u017eenou flipperom a spo\u013eahlivo aretuje na mieste stabiln\u00fdm linerlockom. \u010ce\u013euste z nerezovej ocele a rukov\u00e4\u0165 \u0161upiny z palisandra pod\u010diarkuj\u00fa tradi\u010dn\u00fd charakter no\u017ea. S klipom (vykl\u00e1pac\u00ed\/r).<\/p>\n<p>Typ polo\u017eky: vreckov\u00fd n\u00f4\u017e<br \/>\nCelkov\u00e1 d\u013a\u017eka: 19,30 cm<br \/>\nD\u013a\u017eka \u010depele: 8,40 cm<br \/>\nHr\u00fabka \u010depele: 2,90 mm<br \/>\nHmotnos\u0165: 119,00 g<br \/>\nMateri\u00e1l \u010depele: 440A<br \/>\nMateri\u00e1l rukov\u00e4te: nerezov\u00e1 oce\u013e , palisander<\/p>\n<p>In\u0161pir\u00e1cia pre Magnum Italian Classic Small bola unmistakably classic Italian stilletto. It is said that the first automatic knives in history were extremely popular, specially among women, as other pocket knives with well-groomed fingernails were difficult to open. Smaller verzia \u00faspe\u0161n\u00e9ho modelu je doplnen\u00e9 s vychladnutou \u010depe\u013eou vyrobenou z 440a nerezovej ocele s elegantn\u00fdm ricasso. Je to spring-assisted by a flipper a reliably locked by a stable linerlock. Bolstery vyroben\u00e9 z bezfarebnej ocele a rukov\u00e4\u0165ov\u00e9 v\u00e1hy vyroben\u00e9 z ru\u017eov\u00e9ho dreva pod tradi\u010dn\u00fdm charakterom n\u00f4\u017e. With clip (tip-up\/r)<\/p>\n<p>Type:<br \/>\nPocket Knife<br \/>\nOverall Length:<br \/>\n19,30 cm<br \/>\nBlade Length:<br \/>\n8,40 cm<br \/>\nBlade Thickness:<br \/>\n2,90 mm<br \/>\nWeight:<br \/>\n119,00 g<br \/>\nBlade Material:<br \/>\n440A<br \/>\nHandle Material:<br \/>\nRosewood, Stainless Steel<br \/>\nOpener:<br \/>\nFlipper<br \/>\nOpening:<br \/>\nSpring Assisted<br \/>\nLock Type:<br \/>\nLinerlock<br \/>\nMade in:<br \/>\n\u00c1zia<br \/>\nColor:<br \/>\nBrown<br \/>\nBlade Color:<br \/>\nUncoated<br \/>\nItem Number:<br \/>\n01LL110<\/p>\n<p>&nbsp;<\/p>\n","protected":false},"excerpt":{"rendered":"<p>No\u017eiarska manufakt\u00fara <strong>B\u00f6ker<\/strong> sa postupom \u010dasu vypracovala na glob\u00e1lneho inova\u010dn\u00e9ho l\u00eddra a najv\u00e4\u010d\u0161ieho v\u00fdrobcu \u0161portov\u00fdch no\u017eov, taktick\u00fdch no\u017eov a zberate\u013esk\u00fdch no\u017eov v Eur\u00f3pe.<\/p>\n","protected":false},"featured_media":214201,"comment_status":"open","ping_status":"closed","template":"","meta":[],"pwb-brand":[3419],"product_brand":[],"product_cat":[3186,3233],"product_tag":[3668],"class_list":{"0":"post-328419","1":"product","2":"type-product","3":"status-publish","4":"has-post-thumbnail","6":"pwb-brand-boker-sk","7":"product_cat-noze-sk","8":"product_cat-zatvaracie-noze","9":"product_tag-b2b-sk","11":"first","12":"outofstock","13":"taxable","14":"shipping-taxable","15":"purchasable","16":"product-type-simple"},"brands":[{"id":3419,"name":"Boker","slug":"boker-sk"}],"_links":{"self":[{"href":"https:\/\/www.moskito.cz\/sk\/wp-json\/wp\/v2\/product\/328419","targetHints":{"allow":["GET"]}}],"collection":[{"href":"https:\/\/www.moskito.cz\/sk\/wp-json\/wp\/v2\/product"}],"about":[{"href":"https:\/\/www.moskito.cz\/sk\/wp-json\/wp\/v2\/types\/product"}],"replies":[{"embeddable":true,"href":"https:\/\/www.moskito.cz\/sk\/wp-json\/wp\/v2\/comments?post=328419"}],"wp:featuredmedia":[{"embeddable":true,"href":"https:\/\/www.moskito.cz\/sk\/wp-json\/wp\/v2\/media\/214201"}],"wp:attachment":[{"href":"https:\/\/www.moskito.cz\/sk\/wp-json\/wp\/v2\/media?parent=328419"}],"wp:term":[{"taxonomy":"pwb-brand","embeddable":true,"href":"https:\/\/www.moskito.cz\/sk\/wp-json\/wp\/v2\/pwb-brand?post=328419"},{"taxonomy":"product_brand","embeddable":true,"href":"https:\/\/www.moskito.cz\/sk\/wp-json\/wp\/v2\/product_brand?post=328419"},{"taxonomy":"product_cat","embeddable":true,"href":"https:\/\/www.moskito.cz\/sk\/wp-json\/wp\/v2\/product_cat?post=328419"},{"taxonomy":"product_tag","embeddable":true,"href":"https:\/\/www.moskito.cz\/sk\/wp-json\/wp\/v2\/product_tag?post=328419"}],"curies":[{"name":"wp","href":"https:\/\/api.w.org\/{rel}","templated":true}]}}