{"id":328677,"date":"2022-09-07T20:30:14","date_gmt":"2024-04-11T14:49:28","guid":{"rendered":"https:\/\/www.moskito.cz\/produkt\/zatvaraci-noz-crkt-crossbones-7530\/"},"modified":"2025-05-07T11:09:36","modified_gmt":"2025-05-07T10:09:36","slug":"zatvaraci-noz-crkt-crossbones-7530","status":"publish","type":"product","link":"https:\/\/www.moskito.cz\/sk\/produkt\/zatvaraci-noz-crkt-crossbones-7530\/","title":{"rendered":"Zatv\u00e1rac\u00ed N\u00f4\u017e CRKT CROSSBONES 7530"},"content":{"rendered":"<p>Zatv\u00e1rac\u00ed N\u00f4\u017e <strong>CRKT<\/strong> CROSSBONES 7530.<\/p>\n<p>Ten\u0161ie, \u013eah\u0161ie, univerz\u00e1lne.<\/p>\n<p>Crossbones je extr\u00e9mne univerz\u00e1lny n\u00f4\u017e na ka\u017edodenn\u00e9 nosenie na kr\u00e1janie m\u00e4sa, otv\u00e1ranie ob\u00e1lok a v\u0161etko medzi t\u00fdm. Navrhnut\u00e9 pod veden\u00edm majstra dizajn\u00e9ra Kena Oniona, dr\u017e\u00ed vysok\u00e9 \u0161tandardy a z\u00e1rove\u0148 odr\u00e1\u017ea svie\u017ei, nov\u00fd dizajn a funkciu. Skr\u00ed\u017een\u00e9 kosti prakticky zmizn\u00fa, ke\u010f ich vlo\u017e\u00edte do vrecka, ale bud\u00fa pripraven\u00e9 \u010deli\u0165 akejko\u013evek \u00falohe.<\/p>\n<p>Crossbones je modelovan\u00fd pod\u013ea prv\u00e9ho z\u00e1kazkov\u00e9ho vydania n\u00e1vrh\u00e1ra Jeffa Parka z Mililani na Havaji. Jeff je u\u017e viac ako desa\u0165 rokov pravou rukou Kena Oniona a po dlhom \u0161\u0165uchan\u00ed kone\u010dne vydal vlastn\u00fd dizajn.<\/p>\n<p>Tenk\u00e1 \u010depe\u013e sa vyzna\u010duje plne ploch\u00fdm br\u00fasen\u00edm a je nasaden\u00e1 r\u00fdchlo a hladko pomocou syst\u00e9mu IKBS\u2122 Ball Bearing Pivot System. Dvojfarebn\u00e1 rukov\u00e4\u0165 z br\u00fasen\u00e9ho hlin\u00edka v zatvorenom stave pripom\u00edna tvar psej kosti a d\u00e1va Crossbone meno.<\/p>\n<p>Crossbone bez p\u00e1peria a vol\u00e1nikov, napriek tomu spo\u013eahliv\u00fd a univerz\u00e1lny, je najlep\u0161\u00edm priate\u013eom mu\u017ea.<\/p>\n<p>\u0160PECIFIK\u00c1CIA<br \/>\nD\u013a\u017eka \u010depele 3,54&#8243; (89,81 mm)<br \/>\nOstrie \u010depele Prost\u00fd<br \/>\n\u010cepe\u013e oce\u013e AUS 8<br \/>\nPovrchov\u00e1 \u00faprava \u010depele Sat\u00e9n<br \/>\nHr\u00fabka \u010depele 0,12&#8243; (3,15 mm)<br \/>\nCelkov\u00e1 d\u013a\u017eka 8,06&#8243; (204,80 mm)<br \/>\nUzavret\u00e1 d\u013a\u017eka 4,50&#8243; (114,38 mm)<br \/>\nHmotnos\u0165 2,40 unca (68,04 g)<br \/>\nRukov\u00e4\u0165 Hlin\u00edk<br \/>\n\u0160t\u00fdl Skladac\u00ed n\u00f4\u017e so z\u00e1mkom Liner<\/p>\n<p><iframe title=\"CRKT Crossbones Knife | Designer Vision From Jeff Park\" width=\"800\" height=\"450\" src=\"https:\/\/www.youtube.com\/embed\/OED9M2VELFw?feature=oembed\" frameborder=\"0\" allow=\"accelerometer; autoplay; clipboard-write; encrypted-media; gyroscope; picture-in-picture; web-share\" referrerpolicy=\"strict-origin-when-cross-origin\" allowfullscreen><\/iframe><\/p>\n<p>&nbsp;<\/p>\n","protected":false},"excerpt":{"rendered":"<p>Navrhol Jeff Park v Mililani na Havaji.<\/p>\n","protected":false},"featured_media":223859,"comment_status":"open","ping_status":"closed","template":"","meta":[],"pwb-brand":[3249],"product_brand":[],"product_cat":[3233,3186],"product_tag":[3668],"class_list":{"0":"post-328677","1":"product","2":"type-product","3":"status-publish","4":"has-post-thumbnail","6":"pwb-brand-zatvaraci-noz-crkt-delilahs-p-e-c-k-5520","7":"product_cat-zatvaracie-noze","8":"product_cat-noze-sk","9":"product_tag-b2b-sk","11":"first","12":"outofstock","13":"sale","14":"taxable","15":"shipping-taxable","16":"purchasable","17":"product-type-simple"},"brands":[{"id":3249,"name":"Zatv\u00e1rac\u00ed N\u00f4\u017e CRKT DELILAH'S P.E.C.K. 5520","slug":"zatvaraci-noz-crkt-delilahs-p-e-c-k-5520"}],"_links":{"self":[{"href":"https:\/\/www.moskito.cz\/sk\/wp-json\/wp\/v2\/product\/328677","targetHints":{"allow":["GET"]}}],"collection":[{"href":"https:\/\/www.moskito.cz\/sk\/wp-json\/wp\/v2\/product"}],"about":[{"href":"https:\/\/www.moskito.cz\/sk\/wp-json\/wp\/v2\/types\/product"}],"replies":[{"embeddable":true,"href":"https:\/\/www.moskito.cz\/sk\/wp-json\/wp\/v2\/comments?post=328677"}],"wp:featuredmedia":[{"embeddable":true,"href":"https:\/\/www.moskito.cz\/sk\/wp-json\/wp\/v2\/media\/223859"}],"wp:attachment":[{"href":"https:\/\/www.moskito.cz\/sk\/wp-json\/wp\/v2\/media?parent=328677"}],"wp:term":[{"taxonomy":"pwb-brand","embeddable":true,"href":"https:\/\/www.moskito.cz\/sk\/wp-json\/wp\/v2\/pwb-brand?post=328677"},{"taxonomy":"product_brand","embeddable":true,"href":"https:\/\/www.moskito.cz\/sk\/wp-json\/wp\/v2\/product_brand?post=328677"},{"taxonomy":"product_cat","embeddable":true,"href":"https:\/\/www.moskito.cz\/sk\/wp-json\/wp\/v2\/product_cat?post=328677"},{"taxonomy":"product_tag","embeddable":true,"href":"https:\/\/www.moskito.cz\/sk\/wp-json\/wp\/v2\/product_tag?post=328677"}],"curies":[{"name":"wp","href":"https:\/\/api.w.org\/{rel}","templated":true}]}}