{"id":328836,"date":"2023-10-03T14:30:13","date_gmt":"2024-04-11T15:08:41","guid":{"rendered":"https:\/\/www.moskito.cz\/produkt\/zatvaraci-noz-crkt-dextro-6295\/"},"modified":"2025-05-07T11:09:40","modified_gmt":"2025-05-07T10:09:40","slug":"zatvaraci-noz-crkt-dextro-6295","status":"publish","type":"product","link":"https:\/\/www.moskito.cz\/sk\/produkt\/zatvaraci-noz-crkt-dextro-6295\/","title":{"rendered":"Zatv\u00e1rac\u00ed N\u00f4\u017e CRKT Dextro 6295"},"content":{"rendered":"<p>Zatv\u00e1rac\u00ed N\u00f4\u017e <strong>CRKT<\/strong> Dextro 6295<\/p>\n<p>Takmer cel\u00e9 \u010dierne Dextro je ka\u017edodenn\u00e9 nosenie vyroben\u00e9 tak, aby lietalo pod radarom, ale mal\u00fd zelen\u00fd akcent na \u010dape nazna\u010duje nie\u010do zvl\u00e1\u0161tne pod kapotou. Zatla\u010dte na plutvu a agres\u00edvne uhlov\u00e1 \u010depe\u013e so sklopn\u00fdm hrotom sa hladko spust\u00ed na lo\u017eisk\u00e1ch IKBS\u2122 a je pripraven\u00e1 prerazi\u0165, prereza\u0165 alebo prereza\u0165, \u010doko\u013evek na \u0148u de\u0148 postav\u00ed.<\/p>\n<p>Vynikaj\u00faci v\u00fdkon: Oce\u013e \u010depele D2 pre vynikaj\u00face dr\u017eanie ostria<br \/>\nHladk\u00e9 otv\u00e1ranie: \u010cap guli\u010dkov\u00e9ho lo\u017eiska IKBS\u2122 plynulo rozmiestni \u010depe\u013e<br \/>\nR\u00fdchle otv\u00e1ranie: Flipper r\u00fdchlo rozvinie \u010depe\u013e<br \/>\nVylep\u0161en\u00e1 ochrana: \u010cierny povlak zlep\u0161uje odolnos\u0165 proti kor\u00f3zii<br \/>\nPevn\u00e1 a \u013eahk\u00e1: Hlin\u00edkov\u00e1 rukov\u00e4\u0165 kombinuje pevnos\u0165 s minim\u00e1lnou hmotnos\u0165ou<br \/>\nJednoduch\u00e9 zatv\u00e1ranie: Z\u00e1mok vlo\u017eky je mo\u017en\u00e9 \u013eahko zavrie\u0165 jednou rukou<\/p>\n<p>\u010cepe\u013e z ocele D2<br \/>\nBlade Edge Plain<br \/>\nPovrchov\u00e1 \u00faprava \u010depele nitrid tit\u00e1nu<\/p>\n<p>D\u013a\u017eka \u010depele: 80,85 cm)<\/p>\n<p>Hr\u00fabka \u010depele: 0.37 cm<br \/>\nCelkov\u00e1 d\u013a\u017eka: 19.82 cm<br \/>\nD\u013a\u017eka v zatvorenom stave: 11.70 cm<br \/>\nHmotnos\u0165 : 136,08 g<\/p>\n<p>Materi\u00e1l rukov\u00e4te hlin\u00edk<br \/>\n\u0160t\u00fdlov\u00fd zatv\u00e1rac\u00ed n\u00f4\u017e s Liner Lock<\/p>\n<p>&nbsp;<\/p>\n","protected":false},"excerpt":{"rendered":"<p><strong>DesignerT.J. SchwarzBoise, Idaho<\/strong><\/p>\n<p><strong>TJ bol predur\u010den\u00fd sta\u0165 sa automobilov\u00fdm kon\u0161trukt\u00e9rom. Na strednej \u0161kole objavil svoju zvl\u00e1\u0161tnu schopnos\u0165 kresli\u0165 aut\u00e1 \u2013 v skuto\u010dnosti v tom bol tak\u00fd dobr\u00fd, \u017ee v \u010dase, ke\u010f bol na vysokej \u0161kole, prij\u00edmal prov\u00edzie od majite\u013eov klasick\u00fdch \u00e1ut. Pr\u00e1ve ke\u010f jeho kari\u00e9ra za\u010d\u00ednala na automobilovej ceste, zasiahol jeho dobr\u00fd priate\u013e Bill Koenig z Koenig Knives a v\u0161etko sa posunulo. Akon\u00e1hle ok\u00fasil design no\u017eov, u\u017e sa neobzrel. Tak\u017ee ke\u010f hovor\u00ed \u201evyroben\u00e9 na v\u00fdkon\u201c, mysl\u00ed to v\u00e1\u017ene.<\/strong><\/p>\n<p>&nbsp;<\/p>\n","protected":false},"featured_media":257180,"comment_status":"open","ping_status":"closed","template":"","meta":[],"pwb-brand":[3249],"product_brand":[],"product_cat":[3233,3186],"product_tag":[3668],"class_list":{"0":"post-328836","1":"product","2":"type-product","3":"status-publish","4":"has-post-thumbnail","6":"pwb-brand-zatvaraci-noz-crkt-delilahs-p-e-c-k-5520","7":"product_cat-zatvaracie-noze","8":"product_cat-noze-sk","9":"product_tag-b2b-sk","11":"first","12":"instock","13":"sale","14":"taxable","15":"shipping-taxable","16":"purchasable","17":"product-type-simple"},"brands":[{"id":3249,"name":"Zatv\u00e1rac\u00ed N\u00f4\u017e CRKT DELILAH'S P.E.C.K. 5520","slug":"zatvaraci-noz-crkt-delilahs-p-e-c-k-5520"}],"_links":{"self":[{"href":"https:\/\/www.moskito.cz\/sk\/wp-json\/wp\/v2\/product\/328836","targetHints":{"allow":["GET"]}}],"collection":[{"href":"https:\/\/www.moskito.cz\/sk\/wp-json\/wp\/v2\/product"}],"about":[{"href":"https:\/\/www.moskito.cz\/sk\/wp-json\/wp\/v2\/types\/product"}],"replies":[{"embeddable":true,"href":"https:\/\/www.moskito.cz\/sk\/wp-json\/wp\/v2\/comments?post=328836"}],"wp:featuredmedia":[{"embeddable":true,"href":"https:\/\/www.moskito.cz\/sk\/wp-json\/wp\/v2\/media\/257180"}],"wp:attachment":[{"href":"https:\/\/www.moskito.cz\/sk\/wp-json\/wp\/v2\/media?parent=328836"}],"wp:term":[{"taxonomy":"pwb-brand","embeddable":true,"href":"https:\/\/www.moskito.cz\/sk\/wp-json\/wp\/v2\/pwb-brand?post=328836"},{"taxonomy":"product_brand","embeddable":true,"href":"https:\/\/www.moskito.cz\/sk\/wp-json\/wp\/v2\/product_brand?post=328836"},{"taxonomy":"product_cat","embeddable":true,"href":"https:\/\/www.moskito.cz\/sk\/wp-json\/wp\/v2\/product_cat?post=328836"},{"taxonomy":"product_tag","embeddable":true,"href":"https:\/\/www.moskito.cz\/sk\/wp-json\/wp\/v2\/product_tag?post=328836"}],"curies":[{"name":"wp","href":"https:\/\/api.w.org\/{rel}","templated":true}]}}