{"id":328907,"date":"2024-04-11T17:52:37","date_gmt":"2024-04-11T16:56:03","guid":{"rendered":"https:\/\/www.moskito.cz\/produkt\/zatvaraci-noz-crkt-provoke-grivory-4041b\/"},"modified":"2025-05-07T11:09:41","modified_gmt":"2025-05-07T10:09:41","slug":"zatvaraci-noz-crkt-provoke-grivory-4041b","status":"publish","type":"product","link":"https:\/\/www.moskito.cz\/sk\/produkt\/zatvaraci-noz-crkt-provoke-grivory-4041b\/","title":{"rendered":"Zatv\u00e1rac\u00ed N\u00f4\u017e CRKT Provoke Grivory 4041B"},"content":{"rendered":"<p>Zatv\u00e1rac\u00ed N\u00f4\u017e <strong>CRKT<\/strong> Provoke Grivory 4041B.<\/p>\n<p>Sl\u00fa\u017ei\u0165. a chr\u00e1ni\u0165. Morfovac\u00ed karambitov\u00fd n\u00f4\u017e Provoke\u00ae Blue Metallic \u010derp\u00e1 zo starobyl\u00e9ho designu, ale skr\u00fdva futuristick\u00e9 tajomstvo. V\u00f4bec prv\u00fd n\u00f4\u017e s technol\u00f3giou Kinematic\u00ae, pri preprave zost\u00e1va \u00fah\u013eadne schovan\u00fd a o\u017e\u00edva, ke\u010f nastan\u00fa probl\u00e9my. Teraz je vyroben\u00e9 z Grivory\u00ae \u2013 pevn\u00e9ho, \u200b\u200b\u013eahk\u00e9ho, skon\u0161truovan\u00e9ho termoplastu \u2013 je \u013eah\u0161\u00ed a obratnej\u0161\u00ed.<\/p>\n<p>V CRKT pova\u017euj\u00fa dizajn\u00e9ra Joe Caswella za trochu \u0161ialen\u00e9ho vedca. Ke\u010f si prezreli skice, ktor\u00e9 sa mali sta\u0165 Provokom \u2013 navrhnut\u00fdm v Newbury Park v Kalifornii \u2013 vedeli, \u017ee je predur\u010den\u00fd sta\u0165 sa jedn\u00fdm z najinovat\u00edvnej\u0161\u00edch n\u00e1vrh\u00e1rov, ak\u00e9 kedy svet no\u017eov videl. \u010cierna \u010depe\u013e v \u0161t\u00fdle jastraba, vytvoren\u00e1 pod\u013ea tradi\u010dn\u00e9ho karambitu, je vyroben\u00e1 z kamennej nerezovej ocele.<\/p>\n<p>Otv\u00e1rac\u00ed mechanizmus \u0165ah\u00e1 zlo\u017eku do bud\u00facnosti, \u010di u\u017e je pripraven\u00e1 alebo nie. Tlak palca na horn\u00fa prie\u010dku uvedie do pohybu re\u0165azov\u00fa reakciu, \u010do sp\u00f4sob\u00ed, \u017ee sa \u010depe\u013e vrhne do akcie, zatia\u013e \u010do vy pevne dr\u017e\u00edte rukov\u00e4\u0165. Je vyroben\u00e9 z kovovo modr\u00e9ho Grivory, super odoln\u00e9ho, \u200b\u200b\u013eahk\u00e9ho termoplastu pre \u013eahk\u00fa prepravu a bezprobl\u00e9mov\u00fd prechod na ka\u017edodenn\u00e9 nosenie. V skuto\u010dnom \u0161t\u00fdle Joe je vreckov\u00e1 spona tie\u017e svetovo prv\u00e1, sed\u00ed takmer \u00faplne v jednej rovine s rukov\u00e4\u0165ou a aktivuje sa aj \u013eahk\u00fdm tlakom palca.<\/p>\n<p>Provoke je siln\u00fd, ke\u010f je povolan\u00fd do slu\u017eby.<\/p>\n<p>Ako funguje kinematika<\/p>\n<p>Zatla\u010dte palcom do hornej prie\u010dky \u2013 zatia\u013e \u010do ostatn\u00e9 prsty pevne uchopte rukov\u00e4\u0165 \u2013 a \u010depe\u013e sa o\u017eiv\u00ed a zapadne na miesto. Posu\u0148te diskr\u00e9tnu p\u00e1ku na z\u00e1kladni slu\u010dky pre prsty a \u010depe\u013e sa stiahne do svojej zatvorenej polohy.<\/p>\n<p>Jedine\u010dn\u00e1 inov\u00e1cia : Kinematic\u00ae rozvinie \u010depe\u013e stla\u010den\u00edm palca<br \/>\nJednoduch\u00e9 ostrenie: \u010cepe\u013e z vysoko uhl\u00edkovej nerezovej ocele dobre zaber\u00e1 ostrie<br \/>\nVylep\u0161en\u00e1 ochrana: Black stonewash je odoln\u00fd a dobre starne<br \/>\nJednoduch\u00e9 a odoln\u00e9: Vstrekovan\u00e1 rukov\u00e4\u0165 je odoln\u00e1 proti n\u00e1razu<br \/>\nN\u00edzky profil: Vreckov\u00fd klip zais\u0165uje bezpe\u010dn\u00e9 nosenie<\/p>\n<p>\u0160pecifik\u00e1cia:<br \/>\nD\u013a\u017eka \u010depele: 6.2 cm<br \/>\nD\u013a\u017eka v zatvorenom stave: 12.58 cm<br \/>\nCelkov\u00e1 d\u013a\u017eka: 18.25 cm<br \/>\nMateri\u00e1l \u010depele: 1.4116 Nerezov\u00e1 oce\u013e<br \/>\nHr\u00fabka \u010depele: 0.538 cm<br \/>\n\u0160t\u00fdl \u010depele: Hawkbill<br \/>\nBr\u00fasenie \u010depele: Dl\u00e1to<br \/>\nPovrchov\u00e1 \u00faprava \u010depele: Black Stonewash<br \/>\nMateri\u00e1l rukov\u00e4te: Grivory<br \/>\nUzamykac\u00ed mechanizmus: Kinematick\u00fd<br \/>\nVreckov\u00fd klip: Vykl\u00e1pacie, prav\u00e9 nosenie<br \/>\nHmotnos\u0165: 4,70 oz. (133,24 g)<br \/>\nDizajn\u00e9r: Joe Caswell<\/p>\n<p><iframe title=\"CRKT Kinematic | How It Works\" width=\"800\" height=\"450\" src=\"https:\/\/www.youtube.com\/embed\/birKtIe7HRY?feature=oembed\" frameborder=\"0\" allow=\"accelerometer; autoplay; clipboard-write; encrypted-media; gyroscope; picture-in-picture; web-share\" referrerpolicy=\"strict-origin-when-cross-origin\" allowfullscreen><\/iframe><\/p>\n<p>&nbsp;<\/p>\n<p>&nbsp;<\/p>\n","protected":false},"excerpt":{"rendered":"<p><strong>Joe Caswell<\/strong><br \/>\nNewbury Park, Kalifornia<br \/>\nMoto novin\u00e1r. Zv\u00e1ra\u010d vzorov vikingsk\u00fdch me\u010dov. Vyn\u00e1lezca. Vlastn\u00fd n\u00e1vrh\u00e1r no\u017eov. D\u00e1 sa s istotou poveda\u0165, \u017ee Joe je vystrihnut\u00fd zo \u0161peci\u00e1lnej l\u00e1tky. A teraz m\u00f4\u017ee do svojho \u017eivotopisu prida\u0165 \u201enaru\u0161ova\u010d priemyslu\u201c. S vydan\u00edm Kinematicu si neust\u00e1le zais\u0165uje poz\u00edciu medzi najv\u00e4\u010d\u0161\u00edmi svetov\u00fdmi no\u017emi. Od skromn\u00fdch za\u010diatkov vo svojej podom\u00e1cky vyrobenej kov\u00e1\u010dskej dielni v gar\u00e1\u017ei svojho prenajat\u00e9ho bytu si raz tvrdo pracuj\u00faci neskor\u00fa noc vybudoval meno a my sa nem\u00f4\u017eeme do\u010dka\u0165, a\u017e uvid\u00edme, \u010do z jeho in\u0161pirovanej kreativity vz\u00edde nabud\u00face.<\/p>\n","protected":false},"featured_media":328859,"comment_status":"open","ping_status":"closed","template":"","meta":[],"pwb-brand":[3249],"product_brand":[],"product_cat":[3233,3186],"product_tag":[3668],"class_list":{"0":"post-328907","1":"product","2":"type-product","3":"status-publish","4":"has-post-thumbnail","6":"pwb-brand-zatvaraci-noz-crkt-delilahs-p-e-c-k-5520","7":"product_cat-zatvaracie-noze","8":"product_cat-noze-sk","9":"product_tag-b2b-sk","11":"first","12":"instock","13":"sale","14":"taxable","15":"shipping-taxable","16":"purchasable","17":"product-type-simple"},"brands":[{"id":3249,"name":"Zatv\u00e1rac\u00ed N\u00f4\u017e CRKT DELILAH'S P.E.C.K. 5520","slug":"zatvaraci-noz-crkt-delilahs-p-e-c-k-5520"}],"_links":{"self":[{"href":"https:\/\/www.moskito.cz\/sk\/wp-json\/wp\/v2\/product\/328907","targetHints":{"allow":["GET"]}}],"collection":[{"href":"https:\/\/www.moskito.cz\/sk\/wp-json\/wp\/v2\/product"}],"about":[{"href":"https:\/\/www.moskito.cz\/sk\/wp-json\/wp\/v2\/types\/product"}],"replies":[{"embeddable":true,"href":"https:\/\/www.moskito.cz\/sk\/wp-json\/wp\/v2\/comments?post=328907"}],"wp:featuredmedia":[{"embeddable":true,"href":"https:\/\/www.moskito.cz\/sk\/wp-json\/wp\/v2\/media\/328859"}],"wp:attachment":[{"href":"https:\/\/www.moskito.cz\/sk\/wp-json\/wp\/v2\/media?parent=328907"}],"wp:term":[{"taxonomy":"pwb-brand","embeddable":true,"href":"https:\/\/www.moskito.cz\/sk\/wp-json\/wp\/v2\/pwb-brand?post=328907"},{"taxonomy":"product_brand","embeddable":true,"href":"https:\/\/www.moskito.cz\/sk\/wp-json\/wp\/v2\/product_brand?post=328907"},{"taxonomy":"product_cat","embeddable":true,"href":"https:\/\/www.moskito.cz\/sk\/wp-json\/wp\/v2\/product_cat?post=328907"},{"taxonomy":"product_tag","embeddable":true,"href":"https:\/\/www.moskito.cz\/sk\/wp-json\/wp\/v2\/product_tag?post=328907"}],"curies":[{"name":"wp","href":"https:\/\/api.w.org\/{rel}","templated":true}]}}