{"id":329023,"date":"2024-04-11T18:57:05","date_gmt":"2024-04-11T17:58:29","guid":{"rendered":"https:\/\/www.moskito.cz\/produkt\/zatvaraci-noz-crkt-squid-stonewashed-2486\/"},"modified":"2025-05-07T11:09:43","modified_gmt":"2025-05-07T10:09:43","slug":"zatvaraci-noz-crkt-squid-stonewashed-2486","status":"publish","type":"product","link":"https:\/\/www.moskito.cz\/sk\/produkt\/zatvaraci-noz-crkt-squid-stonewashed-2486\/","title":{"rendered":"Zatv\u00e1rac\u00ed N\u00f4\u017e CRKT Squid Stonewashed 2486"},"content":{"rendered":"<p>Zatv\u00e1rac\u00ed N\u00f4\u017e <strong>CRKT<\/strong> Squid Stonewashed 2486<\/p>\n<p>Tento n\u00f4\u017e na ka\u017edodenn\u00e9 nosenie navrhnut\u00fd Lucasom Burnleyom je kompaktn\u00e9ho vzrastu, ale v oddelen\u00ed funkci\u00ed zahreje. Dod\u00e1va sa s r\u00e1mov\u00fdm z\u00e1mkom pre bezpe\u010dnos\u0165 a asistovan\u00fdm otv\u00e1ran\u00edm pre super r\u00fdchle nasadenie. D\u00e1vajte pozor, kam to namierite.<\/p>\n<p>Squid Compact je zatv\u00e1rac\u00ed n\u00f4\u017e na ka\u017edodenn\u00e9 nosenie od dizajn\u00e9ra Lucasa Burnleyho z Bendu v Oregone. Vych\u00e1dza z konceptu kompaktnej pi\u0161tole, m\u00e1 mal\u00e9 rozmery a ve\u013ek\u00e9 schopnosti. Nenechajte sa zmias\u0165 1,75&#8243; \u010depe\u013eou; jedn\u00e1 sa o plnohodnotn\u00fd, takticky in\u0161pirovan\u00fd n\u00f4\u017e, ktor\u00fd je pripraven\u00fd \u010deli\u0165 va\u0161im najv\u00e4\u010d\u0161\u00edm v\u00fdzvam pri rezan\u00ed. V\u010faka tomu, \u017ee bol navrhnut\u00fd v \u0161t\u00fdle drop-point, Burnley dok\u00e1zal da\u0165 \u010depeli dobr\u00fa rovnov\u00e1ha medzi silou hrotu a geometriou hrotu pre \u00fa\u017eitkov\u00e9 \u00falohy, v sebe sp\u00e1ja v\u0161etky funkcie taktickej zlo\u017eky plnej ve\u013ekosti do \u013eahko prenosn\u00e9ho a kompaktn\u00e9ho designu.<\/p>\n<p>Ako ka\u017ed\u00e1 dobr\u00e1 zbra\u0148 chcete nie\u010do, \u010do v\u00e1s udr\u017e\u00ed v bezpe\u010d\u00ed. To je d\u00f4vod, pre\u010do je Squid Compact postaven\u00fd s inov\u00e1ciou Assisted Opening. Posunut\u00edm \u010depele \u010diasto\u010dne otvor\u00edte a aktivuje sa asistovan\u00e9 otv\u00e1ranie, zaklapnut\u00edm ju otvor\u00edte super vysokou r\u00fdchlos\u0165ou a z\u00e1mok r\u00e1mu ju pevne dr\u017e\u00ed na mieste.<\/p>\n<p>Tak\u017ee pokra\u010dujte a vezmite si t\u00fato zbra\u0148 so sebou, nech ste kdeko\u013evek. Len pam\u00e4tajte, je nabit\u00e1.<\/p>\n<p>Ako funguje asistovan\u00e9 otv\u00e1ranie<\/p>\n<p>Je dr\u017ean\u00fd bezpe\u010dne zatvoren\u00fd vo vrecku, ale za\u010dnite rozmiestnenie av \u010dasti rot\u00e1cie sa \u010depe\u013e otvor\u00ed p\u00f4sobivou r\u00fdchlos\u0165ou pre jednoduch\u00e9, v\u00fdkonn\u00e9 otvorenie jednou rukou.<\/p>\n<p>Assisted Opening Flipper r\u00fdchlo rozvinie \u010depe\u013e<br \/>\n\u010cepe\u013e z vysoko uhl\u00edkovej nerezovej ocele dobre zaber\u00e1 ostrie<br \/>\nNa \u010depeli trecej dr\u00e1\u017eky na uchopenie<br \/>\nG10 a rukov\u00e4\u0165 z nerezovej ocele vydr\u017eia n\u00e1ro\u010dn\u00e9 pou\u017eitie<br \/>\nVreckov\u00fd klip zais\u0165uje bezpe\u010dn\u00e9 nosenie<br \/>\nOtvor na \u0161n\u00farku pre k\u013e\u00fa\u010denku alebo pr\u00edvesok<\/p>\n<p>\u0160pecifik\u00e1cia:<br \/>\nD\u013a\u017eka \u010depele: 4.44 cm<br \/>\nD\u013a\u017eka rukov\u00e4te: 7.44 cm<br \/>\nCelkov\u00e1 d\u013a\u017eka: 11.8 cm<br \/>\nMateri\u00e1l \u010depele: N\u00e1strojov\u00e1 oce\u013e D2<br \/>\nHr\u00fabka \u010depele: 0,11&#8243; (2,69 mm)<br \/>\n\u0160t\u00fdl \u010depele: Drop Point<br \/>\nPovrchov\u00e1 \u00faprava \u010depele: Black Stonewash<br \/>\nMateri\u00e1l rukov\u00e4te: Oran\u017eov\u00e1 G10 a nerezov\u00e1 oce\u013e<br \/>\nUzamykac\u00ed mechanizmus: Frame Lock<br \/>\nVreckov\u00fd klip: Vykl\u00e1pacie, prav\u00e9 nosenie<br \/>\nHmotnos\u0165: 2,20 oz. (62,37 g)<br \/>\nDizajn\u00e9r: Lucas Burnley<br \/>\nAsistencia IKBS Pivot<\/p>\n<p><iframe title=\"CRKT Squid\u2122 Compact | Lucas Burnley Design\" width=\"800\" height=\"450\" src=\"https:\/\/www.youtube.com\/embed\/vNJRbbbCrik?feature=oembed\" frameborder=\"0\" allow=\"accelerometer; autoplay; clipboard-write; encrypted-media; gyroscope; picture-in-picture; web-share\" referrerpolicy=\"strict-origin-when-cross-origin\" allowfullscreen><\/iframe><\/p>\n<p>&nbsp;<\/p>\n","protected":false},"excerpt":{"rendered":"<p>Lucas Burnley<br \/>\nBend, Oregon<br \/>\nKe\u010f sa Lucasa sp\u00fdtate, \u010do ho ako teenagera priviedlo do sveta no\u017eov, povie v\u00e1m, \u017ee to boli pr\u00edbehy o pre\u017eit\u00ed, dobrodru\u017estvo s otcom mimo cesty a poriadna d\u00e1vka ak\u010dn\u00fdch filmov. V priebehu rokov experimentoval so \u0161irokou \u0161k\u00e1lou \u0161t\u00fdlov, aby umne kombinoval klasick\u00e9 pr\u00edklady s modern\u00fdmi materi\u00e1lmi a technikami, ako je napr\u00edklad n\u00f4\u017e Obake\u2122. Lucas ver\u00ed, \u017ee no\u017ee s\u00fa osobn\u00fdm vyjadren\u00edm nez\u00e1vislosti. Viac sme sa zhodn\u00fa\u0165 nemohli.<\/p>\n","protected":false},"featured_media":328978,"comment_status":"open","ping_status":"closed","template":"","meta":[],"pwb-brand":[3249],"product_brand":[],"product_cat":[3233,3186],"product_tag":[3668],"class_list":{"0":"post-329023","1":"product","2":"type-product","3":"status-publish","4":"has-post-thumbnail","6":"pwb-brand-zatvaraci-noz-crkt-delilahs-p-e-c-k-5520","7":"product_cat-zatvaracie-noze","8":"product_cat-noze-sk","9":"product_tag-b2b-sk","11":"first","12":"instock","13":"sale","14":"taxable","15":"shipping-taxable","16":"purchasable","17":"product-type-simple"},"brands":[{"id":3249,"name":"Zatv\u00e1rac\u00ed N\u00f4\u017e CRKT DELILAH'S P.E.C.K. 5520","slug":"zatvaraci-noz-crkt-delilahs-p-e-c-k-5520"}],"_links":{"self":[{"href":"https:\/\/www.moskito.cz\/sk\/wp-json\/wp\/v2\/product\/329023","targetHints":{"allow":["GET"]}}],"collection":[{"href":"https:\/\/www.moskito.cz\/sk\/wp-json\/wp\/v2\/product"}],"about":[{"href":"https:\/\/www.moskito.cz\/sk\/wp-json\/wp\/v2\/types\/product"}],"replies":[{"embeddable":true,"href":"https:\/\/www.moskito.cz\/sk\/wp-json\/wp\/v2\/comments?post=329023"}],"wp:featuredmedia":[{"embeddable":true,"href":"https:\/\/www.moskito.cz\/sk\/wp-json\/wp\/v2\/media\/328978"}],"wp:attachment":[{"href":"https:\/\/www.moskito.cz\/sk\/wp-json\/wp\/v2\/media?parent=329023"}],"wp:term":[{"taxonomy":"pwb-brand","embeddable":true,"href":"https:\/\/www.moskito.cz\/sk\/wp-json\/wp\/v2\/pwb-brand?post=329023"},{"taxonomy":"product_brand","embeddable":true,"href":"https:\/\/www.moskito.cz\/sk\/wp-json\/wp\/v2\/product_brand?post=329023"},{"taxonomy":"product_cat","embeddable":true,"href":"https:\/\/www.moskito.cz\/sk\/wp-json\/wp\/v2\/product_cat?post=329023"},{"taxonomy":"product_tag","embeddable":true,"href":"https:\/\/www.moskito.cz\/sk\/wp-json\/wp\/v2\/product_tag?post=329023"}],"curies":[{"name":"wp","href":"https:\/\/api.w.org\/{rel}","templated":true}]}}