{"id":329144,"date":"2024-04-11T19:44:57","date_gmt":"2024-04-11T18:47:37","guid":{"rendered":"https:\/\/www.moskito.cz\/produkt\/zatvaraci-noz-crkt-ceo-microflipper-7083\/"},"modified":"2025-05-07T11:09:46","modified_gmt":"2025-05-07T10:09:46","slug":"zatvaraci-noz-crkt-ceo-microflipper-7083","status":"publish","type":"product","link":"https:\/\/www.moskito.cz\/sk\/produkt\/zatvaraci-noz-crkt-ceo-microflipper-7083\/","title":{"rendered":"Zatv\u00e1rac\u00ed N\u00f4\u017e CRKT CEO Microflipper 7083"},"content":{"rendered":"<p>Zatv\u00e1rac\u00ed N\u00f4\u017e <strong>CRKT<\/strong> CEO Microflipper 7083.<\/p>\n<p><strong>CEO<\/strong> Microflipper je n\u00f4\u017e, ktor\u00fd je oble\u010den\u00fd pre \u00faspech. Na prv\u00fd poh\u013ead by sa dal pom\u00fdli\u0165 s perom zastr\u010den\u00fdm vo vrecku ko\u0161ele. A presne tak bol navrhnut\u00fd zatv\u00e1rac\u00ed n\u00f4\u017e CEO Microflipper. S mimoriadne n\u00edzkym profilom a \u017eiadnymi rohmi na \u00fakor pou\u017eite\u013enosti a ergon\u00f3mie steles\u0148uje pracovn\u00e9ho ducha ka\u017edodenn\u00e9ho nosenia. Farba je fantastick\u00e1 &#8211; s\u00fdto modr\u00e1 d\u00e1va no\u017eu naozaj vynikn\u00fa\u0165.<\/p>\n<p>Richard Rogers, zn\u00e1my svojim \u010dist\u00fdm, jednoduch\u00fdm a vysoko pou\u017eite\u013en\u00fdm dizajnom, vyd\u00e1va \u010fal\u0161\u00ed impozantn\u00fd n\u00f4\u017e zo svojho obchodu v krovinat\u00fdch kopcoch Magdal\u00e9ny v Novom Mexiku. \u0160t\u00edhly, n\u00edzkoprofilov\u00fd CEO Microflipper, vytvoren\u00fd s oh\u013eadom na vreck\u00e1 na ko\u0161eli a v\u00fdstrih do V, predstavuje pero, k\u00fdm nie je potrebn\u00e9 otvori\u0165 zape\u010daten\u00fd list alebo k\u00fdm oblek potrebuje kone\u010dn\u00fa \u00fapravu. S namazan\u00fdmi guli\u010dkov\u00fdmi lo\u017eiskami v \u010dape pre zn\u00ed\u017eenie trenia uvedie IKBS do pohybu tenk\u00fd kol\u00edk pre palec a r\u00fdchlo vysunie sat\u00e9novo upraven\u00fa \u010depe\u013e z nerezovej ocele. Zamykacia vlo\u017eka ho bezpe\u010dne dr\u017e\u00ed na mieste medzi elegantnou a \u013eahkou modrou hlin\u00edkovou rukov\u00e4\u0165ou s vlo\u017ekami z nerezovej ocele a klipom.<\/p>\n<p>CEO Microflipper: najlep\u0161ie sa hod\u00ed s extra tmav\u00fdm pe\u010divom a dlh\u00fdm zoznamom \u00faloh.<\/p>\n<p>\u0160pecifik\u00e1cia<br \/>\nD\u013a\u017eka \u010depele: 5.52 cm<br \/>\nD\u013a\u017eka v zatvorenom stave: 8.12 cm<br \/>\nCelkov\u00e1 d\u013a\u017eka: 13.7 cm<br \/>\nMateri\u00e1l \u010depele: Sandvik 12C27 Nerezov\u00e1 oce\u013e<br \/>\n\u0160t\u00fdl \u010depele: Sheepfoot<br \/>\nPovrchov\u00e1 \u00faprava \u010depele: sat\u00e9n<br \/>\nMateri\u00e1l rukov\u00e4te: text\u00farovan\u00fd modr\u00fd hlin\u00edk s vlo\u017ekami z nerezovej ocele<br \/>\nUzamykac\u00ed mechanizmus: Liner Lock<br \/>\nVreckov\u00fd klip: Deep Carry Tip-Down, Right\/Left Carry<br \/>\nHmotnos\u0165: 1,7 oz.<br \/>\nDizajn\u00e9r: Richard Rogers<\/p>\n<p><iframe title=\"CRKT CEO Microflipper | Richard Rogers Design\" width=\"800\" height=\"450\" src=\"https:\/\/www.youtube.com\/embed\/foLCcQjXDCM?feature=oembed\" frameborder=\"0\" allow=\"accelerometer; autoplay; clipboard-write; encrypted-media; gyroscope; picture-in-picture; web-share\" referrerpolicy=\"strict-origin-when-cross-origin\" allowfullscreen><\/iframe><\/p>\n<p>&nbsp;<\/p>\n","protected":false},"excerpt":{"rendered":"<p>N\u00c1VRH\u00c1R<br \/>\nRichard Rogers<br \/>\nMagdalena, Nov\u00e9 Mexiko<br \/>\nJednoduch\u00e9, praktick\u00e9 zlo\u017eky na ka\u017edodenn\u00e9 nosenie s\u00fa mojou v\u00e1\u0161\u0148ou. Pri ka\u017edom n\u00e1vrhu som cie\u013eavedom\u00fd, \u010do m\u00f4\u017ee urobi\u0165, aby \u010dloveku, ktor\u00fd ho dr\u017e\u00ed, u\u013eah\u010dil \u017eivot.<\/p>\n","protected":false},"featured_media":329096,"comment_status":"open","ping_status":"closed","template":"","meta":[],"pwb-brand":[3249],"product_brand":[],"product_cat":[3233,3186],"product_tag":[3668],"class_list":{"0":"post-329144","1":"product","2":"type-product","3":"status-publish","4":"has-post-thumbnail","6":"pwb-brand-zatvaraci-noz-crkt-delilahs-p-e-c-k-5520","7":"product_cat-zatvaracie-noze","8":"product_cat-noze-sk","9":"product_tag-b2b-sk","11":"first","12":"outofstock","13":"taxable","14":"shipping-taxable","15":"purchasable","16":"product-type-simple"},"brands":[{"id":3249,"name":"Zatv\u00e1rac\u00ed N\u00f4\u017e CRKT DELILAH'S P.E.C.K. 5520","slug":"zatvaraci-noz-crkt-delilahs-p-e-c-k-5520"}],"_links":{"self":[{"href":"https:\/\/www.moskito.cz\/sk\/wp-json\/wp\/v2\/product\/329144","targetHints":{"allow":["GET"]}}],"collection":[{"href":"https:\/\/www.moskito.cz\/sk\/wp-json\/wp\/v2\/product"}],"about":[{"href":"https:\/\/www.moskito.cz\/sk\/wp-json\/wp\/v2\/types\/product"}],"replies":[{"embeddable":true,"href":"https:\/\/www.moskito.cz\/sk\/wp-json\/wp\/v2\/comments?post=329144"}],"wp:featuredmedia":[{"embeddable":true,"href":"https:\/\/www.moskito.cz\/sk\/wp-json\/wp\/v2\/media\/329096"}],"wp:attachment":[{"href":"https:\/\/www.moskito.cz\/sk\/wp-json\/wp\/v2\/media?parent=329144"}],"wp:term":[{"taxonomy":"pwb-brand","embeddable":true,"href":"https:\/\/www.moskito.cz\/sk\/wp-json\/wp\/v2\/pwb-brand?post=329144"},{"taxonomy":"product_brand","embeddable":true,"href":"https:\/\/www.moskito.cz\/sk\/wp-json\/wp\/v2\/product_brand?post=329144"},{"taxonomy":"product_cat","embeddable":true,"href":"https:\/\/www.moskito.cz\/sk\/wp-json\/wp\/v2\/product_cat?post=329144"},{"taxonomy":"product_tag","embeddable":true,"href":"https:\/\/www.moskito.cz\/sk\/wp-json\/wp\/v2\/product_tag?post=329144"}],"curies":[{"name":"wp","href":"https:\/\/api.w.org\/{rel}","templated":true}]}}