{"id":329201,"date":"2024-04-11T20:00:51","date_gmt":"2024-04-11T19:34:20","guid":{"rendered":"https:\/\/www.moskito.cz\/produkt\/zatvaraci-noz-crkt-ceo-microflipper-7081\/"},"modified":"2026-01-30T08:27:00","modified_gmt":"2026-01-30T07:27:00","slug":"zatvaraci-noz-crkt-ceo-microflipper-7081","status":"publish","type":"product","link":"https:\/\/www.moskito.cz\/sk\/produkt\/zatvaraci-noz-crkt-ceo-microflipper-7081\/","title":{"rendered":"Zatv\u00e1rac\u00ed N\u00f4\u017e CRKT CEO Microflipper 7081"},"content":{"rendered":"<p>Zatv\u00e1rac\u00ed N\u00f4\u017e <strong>CRKT<\/strong> CEO Microflipper 7081<\/p>\n<p>Najmen\u0161ia verzia renomovanej rodiny zatv\u00e1rac\u00edch no\u017eov CEO, Microflipper, kombinuje vycibren\u00fd \u0161t\u00fdl a maxim\u00e1lne pohodlie. M\u00f4\u017ee by\u0165 mal\u00fd, ale v\u010faka \u013eahkej hlin\u00edkovej rukov\u00e4ti a tvrdej \u010depeli z ocele D2 je v\u00e1\u017enym uch\u00e1dza\u010dom o ak\u00fako\u013evek pr\u00e1cu.<\/p>\n<p>Tento elegantn\u00fd mal\u00fd vreckov\u00fd n\u00f4\u017e je dod\u00e1van\u00fd s \u010depe\u013eou s hrotom a hlin\u00edkovou rukov\u00e4\u0165ou v celo\u010diernom preveden\u00ed &#8211; oble\u010den\u00fd tak, aby zap\u00f4sobil v kancel\u00e1rii aj mimo nej.<\/p>\n<p>\u0160pecifik\u00e1cia:<br \/>\nD\u013a\u017eka \u010depele: 6 cm<br \/>\nD\u013a\u017eka v zatvorenom stave: 8.55 cm<br \/>\nCelkov\u00e1 d\u013a\u017eka: 14.28 cm<br \/>\nMateri\u00e1l \u010depele: N\u00e1strojov\u00e1 oce\u013e D2<br \/>\nHr\u00fabka \u010depele: 021 cm<br \/>\n\u0160t\u00fdl \u010depele: Drop Point<br \/>\nPovrchov\u00e1 \u00faprava \u010depele: \u010dierny nitrid tit\u00e1nu<br \/>\nMateri\u00e1l rukov\u00e4te: \u010dierny text\u00farovan\u00fd hlin\u00edk<br \/>\nUzamykac\u00ed mechanizmus: Liner Lock<br \/>\nVreckov\u00fd klip: Deep Carry Tip-Down, Right\/Left Carry<br \/>\nHmotnos\u0165: 1,70 oz. (48,19 g)<br \/>\nDizajn\u00e9r: Richard Rogers<\/p>\n<p><iframe title=\"CRKT CEO Microflipper | Richard Rogers Design\" width=\"800\" height=\"450\" src=\"https:\/\/www.youtube.com\/embed\/pZ2QIeUSL-Q?feature=oembed\" frameborder=\"0\" allow=\"accelerometer; autoplay; clipboard-write; encrypted-media; gyroscope; picture-in-picture; web-share\" referrerpolicy=\"strict-origin-when-cross-origin\" allowfullscreen><\/iframe><\/p>\n<p>&nbsp;<\/p>\n","protected":false},"excerpt":{"rendered":"<p>Richard Rogers<br \/>\nMagdalena, Nov\u00e9 Mexiko<br \/>\nJednoduch\u00e9, praktick\u00e9 zlo\u017eky na ka\u017edodenn\u00e9 nosenie s\u00fa mojou v\u00e1\u0161\u0148ou. Pri ka\u017edom n\u00e1vrhu som cie\u013eavedom\u00fd, \u010do m\u00f4\u017ee urobi\u0165, aby \u010dloveku, ktor\u00fd ho dr\u017e\u00ed, u\u013eah\u010dil \u017eivot.<\/p>\n","protected":false},"featured_media":333537,"comment_status":"open","ping_status":"closed","template":"","meta":[],"pwb-brand":[3249],"product_brand":[],"product_cat":[3233,3186],"product_tag":[3668],"class_list":{"0":"post-329201","1":"product","2":"type-product","3":"status-publish","4":"has-post-thumbnail","6":"pwb-brand-zatvaraci-noz-crkt-delilahs-p-e-c-k-5520","7":"product_cat-zatvaracie-noze","8":"product_cat-noze-sk","9":"product_tag-b2b-sk","11":"first","12":"outofstock","13":"taxable","14":"shipping-taxable","15":"purchasable","16":"product-type-simple"},"brands":[{"id":3249,"name":"Zatv\u00e1rac\u00ed N\u00f4\u017e CRKT DELILAH'S P.E.C.K. 5520","slug":"zatvaraci-noz-crkt-delilahs-p-e-c-k-5520"}],"_links":{"self":[{"href":"https:\/\/www.moskito.cz\/sk\/wp-json\/wp\/v2\/product\/329201","targetHints":{"allow":["GET"]}}],"collection":[{"href":"https:\/\/www.moskito.cz\/sk\/wp-json\/wp\/v2\/product"}],"about":[{"href":"https:\/\/www.moskito.cz\/sk\/wp-json\/wp\/v2\/types\/product"}],"replies":[{"embeddable":true,"href":"https:\/\/www.moskito.cz\/sk\/wp-json\/wp\/v2\/comments?post=329201"}],"wp:featuredmedia":[{"embeddable":true,"href":"https:\/\/www.moskito.cz\/sk\/wp-json\/wp\/v2\/media\/333537"}],"wp:attachment":[{"href":"https:\/\/www.moskito.cz\/sk\/wp-json\/wp\/v2\/media?parent=329201"}],"wp:term":[{"taxonomy":"pwb-brand","embeddable":true,"href":"https:\/\/www.moskito.cz\/sk\/wp-json\/wp\/v2\/pwb-brand?post=329201"},{"taxonomy":"product_brand","embeddable":true,"href":"https:\/\/www.moskito.cz\/sk\/wp-json\/wp\/v2\/product_brand?post=329201"},{"taxonomy":"product_cat","embeddable":true,"href":"https:\/\/www.moskito.cz\/sk\/wp-json\/wp\/v2\/product_cat?post=329201"},{"taxonomy":"product_tag","embeddable":true,"href":"https:\/\/www.moskito.cz\/sk\/wp-json\/wp\/v2\/product_tag?post=329201"}],"curies":[{"name":"wp","href":"https:\/\/api.w.org\/{rel}","templated":true}]}}